{"id":9746,"date":"2025-11-24T13:56:43","date_gmt":"2025-11-24T12:56:43","guid":{"rendered":"https:\/\/sylluna.com\/product\/raben-traumfaenger-wandkreis-wandhexagon\/"},"modified":"2025-11-24T13:56:43","modified_gmt":"2025-11-24T12:56:43","slug":"raben-traumfaenger-wandkreis-wandhexagon","status":"publish","type":"product","link":"https:\/\/syllunanew.sitework.link\/de\/produkt\/raben-traumfaenger-wandkreis-wandhexagon\/","title":{"rendered":"Raben-Traumf\u00e4nger \u2013 Wandkreis | Wandhexagon"},"content":{"rendered":"<p><strong>Erwecke deine Wand mit einer handgezeichneten Illustration zum Leben!<\/strong><\/p>\n<p>Die Wandpaneele werden auf robustem Hartfaserplattenmaterial oder Forex gedruckt. Sie verbiegen sich nicht, und die Farben sind klar und gestochen scharf. Ein Haus oder Zimmer ist nur ein Raum mit W\u00e4nden und einem Dach. Es liegt an dir, daraus ein wirkliches Zuhause zu machen. Und wie sch\u00f6n ist es, das mit einzigartigen magischen Produkten zu tun? Kombiniere Designs und Formen und kreiere eine magische, stilvolle Wand im Wohnzimmer, Schlafzimmer oder Arbeitsbereich. Jedes Paneel wird mit Sorgfalt in den Niederlanden hergestellt und ist ein wundersch\u00f6nes Statement f\u00fcr jedes Interieur.     <\/p>\n<h3>Warum solltest du unsere Wandpaneele w\u00e4hlen?<\/h3>\n<ul>\n<li>Jedes Design ist ein Druck einer einzigartigen handgezeichneten Illustration.<\/li>\n<li>Seidenglanz Oberfl\u00e4che (Standard) oder gl\u00e4nzende Oberfl\u00e4che (Premium) f\u00fcr einen stilvollen Look.<\/li>\n<li>Einfach aufzuh\u00e4ngen, ganz ohne Kleber oder Schrauben.<\/li>\n<li>Perfekt zu kombinieren. Mixe und kombiniere verschiedene Designs und Formen f\u00fcr eine magische und verspielte Wanddekoration.<\/li>\n<\/ul>\n<h3><strong>\u00dcBER DAS DESIGN<\/strong><\/h3>\n<p>Alle Illustrationen von Sylluna sind handgezeichnet und von Fantasy, Natur und Magie inspiriert. Die Illustration wurde zun\u00e4chst skizziert und anschlie\u00dfend digital koloriert. Dabei wurden analoge Texturen verwendet, darunter handgefertigtes Marmorpapier  <\/p>\n<p><strong><img decoding=\"async\" class=\"alignnone wp-image-2870\" src=\"https:\/\/sylluna.com\/wp-content\/uploads\/2025\/08\/Zoek-op-Illustratie-Fantasy-Witchy-Art-SBDC-shop-copy-300x298.png\" sizes=\"auto, (max-width: 100px) 100vw, 100px\" srcset=\"https:\/\/sylluna.com\/wp-content\/uploads\/2025\/08\/Zoek-op-Illustratie-Fantasy-Witchy-Art-SBDC-shop-copy-300x298.png 300w, https:\/\/sylluna.com\/wp-content\/uploads\/2025\/08\/Zoek-op-Illustratie-Fantasy-Witchy-Art-SBDC-shop-copy-100x100.png 100w, https:\/\/sylluna.com\/wp-content\/uploads\/2025\/08\/Zoek-op-Illustratie-Fantasy-Witchy-Art-SBDC-shop-copy-150x150.png 150w, https:\/\/sylluna.com\/wp-content\/uploads\/2025\/08\/Zoek-op-Illustratie-Fantasy-Witchy-Art-SBDC-shop-copy.png 434w\" alt=\"\" width=\"100\" height=\"99\" loading=\"lazy\"><a href=\"https:\/\/sylluna.com\/de\/produkt-schlagwort\/raben-traumfaenger-illustration\/\">\u2726 Entdecke weitere magische Produkte mit dieser Illustration<\/a><\/strong><\/p>\n<p><em>Sylluna\u00ae.<\/em><\/p>\n","protected":false},"excerpt":{"rendered":"<p>Hole einen Hauch Magie in dein Zuhause mit unseren handgezeichneten Illustrationen, gedruckt auf robustem Hartfaserplattenmaterial oder wei\u00dfem Forex. Erh\u00e4ltlich als Wandkreis oder Wandhexagon. Inklusive Klebestreifen, sofort zum Aufh\u00e4ngen bereit.  <\/p>\n<h4><img decoding=\"async\" class=\"alignnone wp-image-2867\" src=\"https:\/\/sylluna.com\/wp-content\/uploads\/2025\/08\/Shipping-General-Webshop-SBDC-300x233.png\" alt=\"\" width=\"100\" height=\"78\" srcset=\"https:\/\/syllunanew.sitework.link\/wp-content\/uploads\/2025\/08\/Shipping-General-Webshop-SBDC-300x233.png 300w, https:\/\/syllunanew.sitework.link\/wp-content\/uploads\/2025\/08\/Shipping-General-Webshop-SBDC.png 757w\" sizes=\"(max-width: 100px) 100vw, 100px\" \/>VERSAND: 3\u20135 Werktage<\/h4>\n<p>&nbsp;<\/p>\n<h4><strong>SPEZIFIKATIONEN:<\/strong><\/h4>\n<ul>\n<li>Marke: Sylluna\u00ae.<\/li>\n<li>Druck einer handgezeichneten Illustration.<\/li>\n<li>Form: Wandkreis oder Wandhexagon.<\/li>\n<li>Druck: vollfarbig und gestochen scharf.<\/li>\n<li>Dieses Produkt wird in den Niederlanden hergestellt.<\/li>\n<\/ul>\n<h4><strong>Premium:<\/strong><\/h4>\n<ul>\n<li>Material: robustes Hartfaserplattenmaterial.<\/li>\n<li>Oberfl\u00e4che: gl\u00e4nzende Beschichtung.<\/li>\n<li>Durchmesser Kreis: 20 cm.<\/li>\n<li>Gr\u00f6\u00dfe Hexagon: 20 x 23 cm.<\/li>\n<li>Inklusive Klebestreifen.<\/li>\n<\/ul>\n<h4><strong>Standard:<\/strong><\/h4>\n<ul>\n<li>Material: wei\u00dfes Forex (robuster, leichter Kunststoff aus gesch\u00e4umtem PVC).<\/li>\n<li>Oberfl\u00e4che: seidenglanz.<\/li>\n<li>Durchmesser Kreis: 18 cm.<\/li>\n<li>Gr\u00f6\u00dfe Hexagon: 18 x 21 cm.<\/li>\n<li>Inklusive magnetischem Aufh\u00e4ngesystem (mittels Klebestreifen).<\/li>\n<\/ul>\n<p>&nbsp;<\/p>\n","protected":false},"featured_media":9629,"comment_status":"open","ping_status":"closed","template":"","meta":{"_acf_changed":false,"_glsr_average":0,"_glsr_ranking":0,"_glsr_reviews":0},"thema":[258,235,433],"product_brand":[156],"product_cat":[770],"product_tag":[159],"class_list":{"0":"post-9746","1":"product","2":"type-product","3":"status-publish","4":"has-post-thumbnail","6":"thema-krafttiere-totemtiere","7":"thema-rabe","8":"thema-traumfanger-symbole-themen","9":"product_brand-sylluna","10":"product_cat-wandkreise-wandhexagone","11":"product_tag-raben-traumfaenger-illustration","12":"product_shipping_class-mailbox-package","14":"first","15":"onbackorder","16":"shipping-taxable","17":"purchasable","18":"product-type-variable"},"acf":[],"yoast_head":"<!-- This site is optimized with the Yoast SEO plugin v27.4 - https:\/\/yoast.com\/product\/yoast-seo-wordpress\/ -->\n<title>Raben-Traumf\u00e4nger \u2013 Wandkreis | Wandhexagon | Sylluna<\/title>\n<meta name=\"description\" content=\"Wanddekoration. Einzigartige handgezeichnete Illustration, gedruckt auf Hartfaserplattenmaterial mit gl\u00e4nzender Oberfl\u00e4che. Erh\u00e4ltlich als Wandkreis oder Wandhexagon.\" \/>\n<meta name=\"robots\" content=\"index, follow, max-snippet:-1, max-image-preview:large, max-video-preview:-1\" \/>\n<link rel=\"canonical\" href=\"https:\/\/syllunanew.sitework.link\/de\/produkt\/raben-traumfaenger-wandkreis-wandhexagon\/\" \/>\n<meta property=\"og:locale\" content=\"nl_NL\" \/>\n<meta property=\"og:type\" content=\"article\" \/>\n<meta property=\"og:title\" content=\"Raben-Traumf\u00e4nger \u2013 Wandkreis | Wandhexagon | Sylluna\" \/>\n<meta property=\"og:description\" content=\"Wanddekoration. Einzigartige handgezeichnete Illustration, gedruckt auf Hartfaserplattenmaterial mit gl\u00e4nzender Oberfl\u00e4che. Erh\u00e4ltlich als Wandkreis oder Wandhexagon.\" \/>\n<meta property=\"og:url\" content=\"https:\/\/syllunanew.sitework.link\/de\/produkt\/raben-traumfaenger-wandkreis-wandhexagon\/\" \/>\n<meta property=\"og:site_name\" content=\"Sylluna\" \/>\n<meta property=\"og:image\" content=\"https:\/\/syllunanew.sitework.link\/wp-content\/uploads\/2025\/11\/Wandtegel-Forex-Hexagon-Raaf-Dromenvanger-Illustratie.jpg\" \/>\n\t<meta property=\"og:image:width\" content=\"1000\" \/>\n\t<meta property=\"og:image:height\" content=\"1000\" \/>\n\t<meta property=\"og:image:type\" content=\"image\/jpeg\" \/>\n<meta name=\"twitter:card\" content=\"summary_large_image\" \/>\n<meta name=\"twitter:label1\" content=\"Geschatte leestijd\" \/>\n\t<meta name=\"twitter:data1\" content=\"1 minuut\" \/>\n<script type=\"application\/ld+json\" class=\"yoast-schema-graph\">{\"@context\":\"https:\\\/\\\/schema.org\",\"@graph\":[{\"@type\":\"WebPage\",\"@id\":\"https:\\\/\\\/syllunanew.sitework.link\\\/de\\\/produkt\\\/raben-traumfaenger-wandkreis-wandhexagon\\\/\",\"url\":\"https:\\\/\\\/syllunanew.sitework.link\\\/de\\\/produkt\\\/raben-traumfaenger-wandkreis-wandhexagon\\\/\",\"name\":\"Raben-Traumf\u00e4nger \u2013 Wandkreis | Wandhexagon | Sylluna\",\"isPartOf\":{\"@id\":\"https:\\\/\\\/syllunanew.sitework.link\\\/de\\\/#website\"},\"primaryImageOfPage\":{\"@id\":\"https:\\\/\\\/syllunanew.sitework.link\\\/de\\\/produkt\\\/raben-traumfaenger-wandkreis-wandhexagon\\\/#primaryimage\"},\"image\":{\"@id\":\"https:\\\/\\\/syllunanew.sitework.link\\\/de\\\/produkt\\\/raben-traumfaenger-wandkreis-wandhexagon\\\/#primaryimage\"},\"thumbnailUrl\":\"https:\\\/\\\/syllunanew.sitework.link\\\/wp-content\\\/uploads\\\/2025\\\/11\\\/Wandtegel-Forex-Hexagon-Raaf-Dromenvanger-Illustratie.jpg\",\"datePublished\":\"2025-11-24T12:56:43+00:00\",\"description\":\"Wanddekoration. Einzigartige handgezeichnete Illustration, gedruckt auf Hartfaserplattenmaterial mit gl\u00e4nzender Oberfl\u00e4che. Erh\u00e4ltlich als Wandkreis oder Wandhexagon.\",\"breadcrumb\":{\"@id\":\"https:\\\/\\\/syllunanew.sitework.link\\\/de\\\/produkt\\\/raben-traumfaenger-wandkreis-wandhexagon\\\/#breadcrumb\"},\"inLanguage\":\"nl-NL\",\"potentialAction\":[{\"@type\":\"ReadAction\",\"target\":[\"https:\\\/\\\/syllunanew.sitework.link\\\/de\\\/produkt\\\/raben-traumfaenger-wandkreis-wandhexagon\\\/\"]}]},{\"@type\":\"ImageObject\",\"inLanguage\":\"nl-NL\",\"@id\":\"https:\\\/\\\/syllunanew.sitework.link\\\/de\\\/produkt\\\/raben-traumfaenger-wandkreis-wandhexagon\\\/#primaryimage\",\"url\":\"https:\\\/\\\/syllunanew.sitework.link\\\/wp-content\\\/uploads\\\/2025\\\/11\\\/Wandtegel-Forex-Hexagon-Raaf-Dromenvanger-Illustratie.jpg\",\"contentUrl\":\"https:\\\/\\\/syllunanew.sitework.link\\\/wp-content\\\/uploads\\\/2025\\\/11\\\/Wandtegel-Forex-Hexagon-Raaf-Dromenvanger-Illustratie.jpg\",\"width\":1000,\"height\":1000,\"caption\":\"Wandkachel Forex Hexagon Rabe Traumf\u00e4nger Illustration\"},{\"@type\":\"BreadcrumbList\",\"@id\":\"https:\\\/\\\/syllunanew.sitework.link\\\/de\\\/produkt\\\/raben-traumfaenger-wandkreis-wandhexagon\\\/#breadcrumb\",\"itemListElement\":[{\"@type\":\"ListItem\",\"position\":1,\"name\":\"Home\",\"item\":\"https:\\\/\\\/syllunanew.sitework.link\\\/de\\\/\"},{\"@type\":\"ListItem\",\"position\":2,\"name\":\"Shop\",\"item\":\"https:\\\/\\\/syllunanew.sitework.link\\\/de\\\/shop\\\/\"},{\"@type\":\"ListItem\",\"position\":3,\"name\":\"Raben-Traumf\u00e4nger \u2013 Wandkreis | Wandhexagon\"}]},{\"@type\":\"WebSite\",\"@id\":\"https:\\\/\\\/syllunanew.sitework.link\\\/de\\\/#website\",\"url\":\"https:\\\/\\\/syllunanew.sitework.link\\\/de\\\/\",\"name\":\"Sylluna | Magische Producten van Eigen Ontwerp\",\"description\":\"Uniek. Magisch. Met betekenis.\",\"publisher\":{\"@id\":\"https:\\\/\\\/syllunanew.sitework.link\\\/de\\\/#organization\"},\"alternateName\":\"Sylluna\",\"potentialAction\":[{\"@type\":\"SearchAction\",\"target\":{\"@type\":\"EntryPoint\",\"urlTemplate\":\"https:\\\/\\\/syllunanew.sitework.link\\\/de\\\/?s={search_term_string}\"},\"query-input\":{\"@type\":\"PropertyValueSpecification\",\"valueRequired\":true,\"valueName\":\"search_term_string\"}}],\"inLanguage\":\"nl-NL\"},{\"@type\":\"Organization\",\"@id\":\"https:\\\/\\\/syllunanew.sitework.link\\\/de\\\/#organization\",\"name\":\"Sylluna | Magische Producten van Eigen Ontwerp\",\"url\":\"https:\\\/\\\/syllunanew.sitework.link\\\/de\\\/\",\"logo\":{\"@type\":\"ImageObject\",\"inLanguage\":\"nl-NL\",\"@id\":\"https:\\\/\\\/syllunanew.sitework.link\\\/de\\\/#\\\/schema\\\/logo\\\/image\\\/\",\"url\":\"https:\\\/\\\/sylluna.com\\\/wp-content\\\/uploads\\\/2025\\\/11\\\/Sylluna_dark-scaled.png\",\"contentUrl\":\"https:\\\/\\\/sylluna.com\\\/wp-content\\\/uploads\\\/2025\\\/11\\\/Sylluna_dark-scaled.png\",\"width\":2500,\"height\":1221,\"caption\":\"Sylluna | Magische Producten van Eigen Ontwerp\"},\"image\":{\"@id\":\"https:\\\/\\\/syllunanew.sitework.link\\\/de\\\/#\\\/schema\\\/logo\\\/image\\\/\"}}]}<\/script>\n<!-- \/ Yoast SEO plugin. -->","yoast_head_json":{"title":"Raben-Traumf\u00e4nger \u2013 Wandkreis | Wandhexagon | Sylluna","description":"Wanddekoration. Einzigartige handgezeichnete Illustration, gedruckt auf Hartfaserplattenmaterial mit gl\u00e4nzender Oberfl\u00e4che. Erh\u00e4ltlich als Wandkreis oder Wandhexagon.","robots":{"index":"index","follow":"follow","max-snippet":"max-snippet:-1","max-image-preview":"max-image-preview:large","max-video-preview":"max-video-preview:-1"},"canonical":"https:\/\/syllunanew.sitework.link\/de\/produkt\/raben-traumfaenger-wandkreis-wandhexagon\/","og_locale":"nl_NL","og_type":"article","og_title":"Raben-Traumf\u00e4nger \u2013 Wandkreis | Wandhexagon | Sylluna","og_description":"Wanddekoration. Einzigartige handgezeichnete Illustration, gedruckt auf Hartfaserplattenmaterial mit gl\u00e4nzender Oberfl\u00e4che. Erh\u00e4ltlich als Wandkreis oder Wandhexagon.","og_url":"https:\/\/syllunanew.sitework.link\/de\/produkt\/raben-traumfaenger-wandkreis-wandhexagon\/","og_site_name":"Sylluna","og_image":[{"width":1000,"height":1000,"url":"https:\/\/syllunanew.sitework.link\/wp-content\/uploads\/2025\/11\/Wandtegel-Forex-Hexagon-Raaf-Dromenvanger-Illustratie.jpg","type":"image\/jpeg"}],"twitter_card":"summary_large_image","twitter_misc":{"Geschatte leestijd":"1 minuut"},"schema":{"@context":"https:\/\/schema.org","@graph":[{"@type":"WebPage","@id":"https:\/\/syllunanew.sitework.link\/de\/produkt\/raben-traumfaenger-wandkreis-wandhexagon\/","url":"https:\/\/syllunanew.sitework.link\/de\/produkt\/raben-traumfaenger-wandkreis-wandhexagon\/","name":"Raben-Traumf\u00e4nger \u2013 Wandkreis | Wandhexagon | Sylluna","isPartOf":{"@id":"https:\/\/syllunanew.sitework.link\/de\/#website"},"primaryImageOfPage":{"@id":"https:\/\/syllunanew.sitework.link\/de\/produkt\/raben-traumfaenger-wandkreis-wandhexagon\/#primaryimage"},"image":{"@id":"https:\/\/syllunanew.sitework.link\/de\/produkt\/raben-traumfaenger-wandkreis-wandhexagon\/#primaryimage"},"thumbnailUrl":"https:\/\/syllunanew.sitework.link\/wp-content\/uploads\/2025\/11\/Wandtegel-Forex-Hexagon-Raaf-Dromenvanger-Illustratie.jpg","datePublished":"2025-11-24T12:56:43+00:00","description":"Wanddekoration. Einzigartige handgezeichnete Illustration, gedruckt auf Hartfaserplattenmaterial mit gl\u00e4nzender Oberfl\u00e4che. Erh\u00e4ltlich als Wandkreis oder Wandhexagon.","breadcrumb":{"@id":"https:\/\/syllunanew.sitework.link\/de\/produkt\/raben-traumfaenger-wandkreis-wandhexagon\/#breadcrumb"},"inLanguage":"nl-NL","potentialAction":[{"@type":"ReadAction","target":["https:\/\/syllunanew.sitework.link\/de\/produkt\/raben-traumfaenger-wandkreis-wandhexagon\/"]}]},{"@type":"ImageObject","inLanguage":"nl-NL","@id":"https:\/\/syllunanew.sitework.link\/de\/produkt\/raben-traumfaenger-wandkreis-wandhexagon\/#primaryimage","url":"https:\/\/syllunanew.sitework.link\/wp-content\/uploads\/2025\/11\/Wandtegel-Forex-Hexagon-Raaf-Dromenvanger-Illustratie.jpg","contentUrl":"https:\/\/syllunanew.sitework.link\/wp-content\/uploads\/2025\/11\/Wandtegel-Forex-Hexagon-Raaf-Dromenvanger-Illustratie.jpg","width":1000,"height":1000,"caption":"Wandkachel Forex Hexagon Rabe Traumf\u00e4nger Illustration"},{"@type":"BreadcrumbList","@id":"https:\/\/syllunanew.sitework.link\/de\/produkt\/raben-traumfaenger-wandkreis-wandhexagon\/#breadcrumb","itemListElement":[{"@type":"ListItem","position":1,"name":"Home","item":"https:\/\/syllunanew.sitework.link\/de\/"},{"@type":"ListItem","position":2,"name":"Shop","item":"https:\/\/syllunanew.sitework.link\/de\/shop\/"},{"@type":"ListItem","position":3,"name":"Raben-Traumf\u00e4nger \u2013 Wandkreis | Wandhexagon"}]},{"@type":"WebSite","@id":"https:\/\/syllunanew.sitework.link\/de\/#website","url":"https:\/\/syllunanew.sitework.link\/de\/","name":"Sylluna | Magische Producten van Eigen Ontwerp","description":"Uniek. Magisch. Met betekenis.","publisher":{"@id":"https:\/\/syllunanew.sitework.link\/de\/#organization"},"alternateName":"Sylluna","potentialAction":[{"@type":"SearchAction","target":{"@type":"EntryPoint","urlTemplate":"https:\/\/syllunanew.sitework.link\/de\/?s={search_term_string}"},"query-input":{"@type":"PropertyValueSpecification","valueRequired":true,"valueName":"search_term_string"}}],"inLanguage":"nl-NL"},{"@type":"Organization","@id":"https:\/\/syllunanew.sitework.link\/de\/#organization","name":"Sylluna | Magische Producten van Eigen Ontwerp","url":"https:\/\/syllunanew.sitework.link\/de\/","logo":{"@type":"ImageObject","inLanguage":"nl-NL","@id":"https:\/\/syllunanew.sitework.link\/de\/#\/schema\/logo\/image\/","url":"https:\/\/sylluna.com\/wp-content\/uploads\/2025\/11\/Sylluna_dark-scaled.png","contentUrl":"https:\/\/sylluna.com\/wp-content\/uploads\/2025\/11\/Sylluna_dark-scaled.png","width":2500,"height":1221,"caption":"Sylluna | Magische Producten van Eigen Ontwerp"},"image":{"@id":"https:\/\/syllunanew.sitework.link\/de\/#\/schema\/logo\/image\/"}}]}},"_links":{"self":[{"href":"https:\/\/syllunanew.sitework.link\/de\/wp-json\/wp\/v2\/product\/9746","targetHints":{"allow":["GET"]}}],"collection":[{"href":"https:\/\/syllunanew.sitework.link\/de\/wp-json\/wp\/v2\/product"}],"about":[{"href":"https:\/\/syllunanew.sitework.link\/de\/wp-json\/wp\/v2\/types\/product"}],"replies":[{"embeddable":true,"href":"https:\/\/syllunanew.sitework.link\/de\/wp-json\/wp\/v2\/comments?post=9746"}],"wp:featuredmedia":[{"embeddable":true,"href":"https:\/\/syllunanew.sitework.link\/de\/wp-json\/wp\/v2\/media\/9629"}],"wp:attachment":[{"href":"https:\/\/syllunanew.sitework.link\/de\/wp-json\/wp\/v2\/media?parent=9746"}],"wp:term":[{"taxonomy":"thema","embeddable":true,"href":"https:\/\/syllunanew.sitework.link\/de\/wp-json\/wp\/v2\/thema?post=9746"},{"taxonomy":"product_brand","embeddable":true,"href":"https:\/\/syllunanew.sitework.link\/de\/wp-json\/wp\/v2\/product_brand?post=9746"},{"taxonomy":"product_cat","embeddable":true,"href":"https:\/\/syllunanew.sitework.link\/de\/wp-json\/wp\/v2\/product_cat?post=9746"},{"taxonomy":"product_tag","embeddable":true,"href":"https:\/\/syllunanew.sitework.link\/de\/wp-json\/wp\/v2\/product_tag?post=9746"}],"curies":[{"name":"wp","href":"https:\/\/api.w.org\/{rel}","templated":true}]}}