{"id":9537,"date":"2025-11-21T15:11:40","date_gmt":"2025-11-21T14:11:40","guid":{"rendered":"https:\/\/sylluna.com\/?post_type=product&#038;p=9537"},"modified":"2026-03-07T11:46:45","modified_gmt":"2026-03-07T10:46:45","slug":"magie-des-orcas-rucksack","status":"publish","type":"product","link":"https:\/\/syllunanew.sitework.link\/de\/produkt\/magie-des-orcas-rucksack\/","title":{"rendered":"Magie des Orcas Rucksack"},"content":{"rendered":"<h4><strong>F\u00e4cheraufteilung<\/strong><\/h4>\n<p>Dieser robuste Rucksack ist ideal f\u00fcr den t\u00e4glichen Gebrauch. Er ist ein komfortabler und praktischer Begleiter, in dem Sie Ihre Sachen sicher verstauen und transportieren k\u00f6nnen. Der Rucksack bietet ausreichend Platz f\u00fcr Ihre t\u00e4glichen Utensilien, wie Laptop und ein A4-Notizbuch.<\/p>\n<p>Der Rucksack verf\u00fcgt \u00fcber drei Hauptf\u00e4cher mit Rei\u00dfverschluss: zwei gro\u00dfe F\u00e4cher (wobei das hintere Fach ein zus\u00e4tzliches Innenfach mit Rei\u00dfverschluss hat) und ein kleineres Hauptfach (Vorderfach), das sich unter der mit einer Illustration bedruckten Klappe befindet. Einer der Schulterriemen enth\u00e4lt ebenfalls ein kleines Fach mit Klettverschluss, und an der rechten Seite des Rucksacks befindet sich ein offenes Fach f\u00fcr eine Trinkflasche.<\/p>\n<h4><strong>Materialien &amp; Qualit\u00e4t<\/strong><\/h4>\n<p>Der Rucksack besteht aus hochwertigen Materialien und ist ein robuster Polyester-Rucksack. Die Illustration ist scharf gedruckt. Da die Illustration tief in den Stoff eingedruckt ist, kann der Print nicht abbl\u00e4ttern. Der Rucksack ist wasserabweisend und der Print ist wasserfest.<\/p>\n<h4><strong>Schultergurte &amp; Polsterung<\/strong><\/h4>\n<p>Die L\u00e4nge der Schulterriemen ist verstellbar, sodass Sie den Rucksack auf eine f\u00fcr Ihre K\u00f6rpergr\u00f6\u00dfe angenehme Trageh\u00f6he einstellen k\u00f6nnen. Sowohl die R\u00fcckseite des Rucksacks als auch die Schulterriemen sind gepolstert, um Tragekomfort zu bieten und das Material atmungsaktiv zu halten.<\/p>\n<h3><strong>\u00dcBER DAS DESIGN<\/strong><\/h3>\n<p>Alle Illustrationen von Sylluna sind handgezeichnet und von Fantasy, Natur und Magie inspiriert. Die Illustration wurde zun\u00e4chst skizziert und anschlie\u00dfend digital koloriert. Dabei wurden analoge Texturen verwendet, darunter handgefertigtes Marmorpapier<\/p>\n<p><strong><img decoding=\"async\" class=\"alignnone wp-image-2870\" src=\"https:\/\/sylluna.com\/wp-content\/uploads\/2025\/08\/Zoek-op-Illustratie-Fantasy-Witchy-Art-SBDC-shop-copy-300x298.png\" sizes=\"auto, (max-width: 100px) 100vw, 100px\" srcset=\"https:\/\/sylluna.com\/wp-content\/uploads\/2025\/08\/Zoek-op-Illustratie-Fantasy-Witchy-Art-SBDC-shop-copy-300x298.png 300w, https:\/\/sylluna.com\/wp-content\/uploads\/2025\/08\/Zoek-op-Illustratie-Fantasy-Witchy-Art-SBDC-shop-copy-100x100.png 100w, https:\/\/sylluna.com\/wp-content\/uploads\/2025\/08\/Zoek-op-Illustratie-Fantasy-Witchy-Art-SBDC-shop-copy-150x150.png 150w, https:\/\/sylluna.com\/wp-content\/uploads\/2025\/08\/Zoek-op-Illustratie-Fantasy-Witchy-Art-SBDC-shop-copy.png 434w\" alt=\"\" width=\"100\" height=\"99\" \/ loading=\"lazy\"><a href=\"https:\/\/sylluna.com\/de\/produkt-schlagwort\/magie-des-orcas-illustration\/\">\u2726 Entdecke weitere magische Produkte mit dieser Illustration<\/a><\/strong><\/p>\n<p><em>Die tats\u00e4chlichen Farben k\u00f6nnen aufgrund unterschiedlicher Bildschirmeinstellungen leicht abweichen.<\/em><\/p>\n<p>Sylluna\u00ae<\/p>\n","protected":false},"excerpt":{"rendered":"<p>Mach deine t\u00e4glichen Abenteuer mit dem Sylluna-Rucksack ein kleines St\u00fcck magischer. Der Print zeigt eine handgezeichnete Illustration. Perfekt f\u00fcr Schule, Arbeit oder einen Spaziergang in der Natur. Nimm all deine Essentials mit \u2013 vom A4-Notizbuch \u00fcber die Wasserflasche bis zum (kleinen) Laptop. Mit mehreren F\u00e4chern und gepolsterten Schulterriemen bietet der Rucksack sowohl Stabilit\u00e4t als auch optimalen Tragekomfort.<\/p>\n<h4><strong><img decoding=\"async\" class=\"alignnone wp-image-2867\" src=\"https:\/\/sylluna.com\/wp-content\/uploads\/2025\/08\/Shipping-General-Webshop-SBDC-300x233.png\" alt=\"\" width=\"100\" height=\"78\" srcset=\"https:\/\/syllunanew.sitework.link\/wp-content\/uploads\/2025\/08\/Shipping-General-Webshop-SBDC-300x233.png 300w, https:\/\/syllunanew.sitework.link\/wp-content\/uploads\/2025\/08\/Shipping-General-Webshop-SBDC.png 757w\" sizes=\"(max-width: 100px) 100vw, 100px\" \/>VERSAND:<\/strong> 3\u20135 Werktage.<\/h4>\n<p>&nbsp;<\/p>\n<h4><strong>SPEZIFIKATIONEN:<\/strong><\/h4>\n<ul>\n<li>Marke: Sylluna\u00ae.<\/li>\n<li>Basis-Rucksack<\/li>\n<li>Taschenklappe mit Druck einer handgezeichneten Illustration.<\/li>\n<li>Gr\u00f6\u00dfe: 40 x 30 cm (ohne Griff), 15,8 x 11,8 Zoll.<\/li>\n<li>Professioneller Druck mit hochwertigen Drucktechniken.<\/li>\n<li>Die illustrierte Klappe ist befestigt und mit Klettverschluss verschlie\u00dfbar.<\/li>\n<li>Mehrere Hauptf\u00e4cher mit Rei\u00dfverschluss.<\/li>\n<li>Die Tasche ist aus robustem Polyester gefertigt.<\/li>\n<li>Die Schulterriemen sind gepolstert und in der L\u00e4nge verstellbar.<\/li>\n<li>Gepolsterte R\u00fcckseite.<\/li>\n<li>Die Tasche ist wasserabweisend.<\/li>\n<li>Der Druck ist wasserfest.<\/li>\n<li>Die Tasche wird in den Niederlanden hergestellt.<\/li>\n<\/ul>\n","protected":false},"featured_media":9558,"comment_status":"open","ping_status":"closed","template":"","meta":{"_acf_changed":false,"_glsr_average":0,"_glsr_ranking":0,"_glsr_reviews":0},"thema":[258,229,254],"product_brand":[156],"product_cat":[421,353],"product_tag":[886],"class_list":{"0":"post-9537","1":"product","2":"type-product","3":"status-publish","4":"has-post-thumbnail","6":"thema-krafttiere-totemtiere","7":"thema-orca-de","8":"thema-wasser-elemente-themen","9":"product_brand-sylluna","10":"product_cat-rucksack","11":"product_cat-taschen","12":"product_tag-magie-des-orcas-illustration","13":"product_shipping_class-standardpaket","15":"first","16":"instock","17":"shipping-taxable","18":"purchasable","19":"product-type-yith_bundle"},"acf":[],"yoast_head":"<!-- This site is optimized with the Yoast SEO plugin v27.4 - https:\/\/yoast.com\/product\/yoast-seo-wordpress\/ -->\n<title>Magie des Orcas Rucksack | Sylluna<\/title>\n<meta name=\"description\" content=\"Magie des Orcas Rucksack biedt alle informatie en specificaties overzichtelijk. Bestel direct online en profiteer van snelle verzending\" \/>\n<meta name=\"robots\" content=\"index, follow, max-snippet:-1, max-image-preview:large, max-video-preview:-1\" \/>\n<link rel=\"canonical\" href=\"https:\/\/syllunanew.sitework.link\/de\/produkt\/magie-des-orcas-rucksack\/\" \/>\n<meta property=\"og:locale\" content=\"nl_NL\" \/>\n<meta property=\"og:type\" content=\"article\" \/>\n<meta property=\"og:title\" content=\"Magie des Orcas Rucksack | Sylluna\" \/>\n<meta property=\"og:description\" content=\"Magie des Orcas Rucksack biedt alle informatie en specificaties overzichtelijk. Bestel direct online en profiteer van snelle verzending\" \/>\n<meta property=\"og:url\" content=\"https:\/\/syllunanew.sitework.link\/de\/produkt\/magie-des-orcas-rucksack\/\" \/>\n<meta property=\"og:site_name\" content=\"Sylluna\" \/>\n<meta property=\"article:modified_time\" content=\"2026-03-07T10:46:45+00:00\" \/>\n<meta property=\"og:image\" content=\"https:\/\/syllunanew.sitework.link\/wp-content\/uploads\/2025\/11\/Magie-van-de-Orka-Rugtas-Sylluna.jpg\" \/>\n\t<meta property=\"og:image:width\" content=\"1000\" \/>\n\t<meta property=\"og:image:height\" content=\"1000\" \/>\n\t<meta property=\"og:image:type\" content=\"image\/jpeg\" \/>\n<meta name=\"twitter:card\" content=\"summary_large_image\" \/>\n<meta name=\"twitter:label1\" content=\"Geschatte leestijd\" \/>\n\t<meta name=\"twitter:data1\" content=\"2 minuten\" \/>\n<script type=\"application\/ld+json\" class=\"yoast-schema-graph\">{\"@context\":\"https:\\\/\\\/schema.org\",\"@graph\":[{\"@type\":\"WebPage\",\"@id\":\"https:\\\/\\\/syllunanew.sitework.link\\\/de\\\/produkt\\\/magie-des-orcas-rucksack\\\/\",\"url\":\"https:\\\/\\\/syllunanew.sitework.link\\\/de\\\/produkt\\\/magie-des-orcas-rucksack\\\/\",\"name\":\"Magie des Orcas Rucksack | Sylluna\",\"isPartOf\":{\"@id\":\"https:\\\/\\\/syllunanew.sitework.link\\\/de\\\/#website\"},\"primaryImageOfPage\":{\"@id\":\"https:\\\/\\\/syllunanew.sitework.link\\\/de\\\/produkt\\\/magie-des-orcas-rucksack\\\/#primaryimage\"},\"image\":{\"@id\":\"https:\\\/\\\/syllunanew.sitework.link\\\/de\\\/produkt\\\/magie-des-orcas-rucksack\\\/#primaryimage\"},\"thumbnailUrl\":\"https:\\\/\\\/syllunanew.sitework.link\\\/wp-content\\\/uploads\\\/2025\\\/11\\\/Magie-van-de-Orka-Rugtas-Sylluna.jpg\",\"datePublished\":\"2025-11-21T14:11:40+00:00\",\"dateModified\":\"2026-03-07T10:46:45+00:00\",\"description\":\"Magie des Orcas Rucksack biedt alle informatie en specificaties overzichtelijk. Bestel direct online en profiteer van snelle verzending\",\"breadcrumb\":{\"@id\":\"https:\\\/\\\/syllunanew.sitework.link\\\/de\\\/produkt\\\/magie-des-orcas-rucksack\\\/#breadcrumb\"},\"inLanguage\":\"nl-NL\",\"potentialAction\":[{\"@type\":\"ReadAction\",\"target\":[\"https:\\\/\\\/syllunanew.sitework.link\\\/de\\\/produkt\\\/magie-des-orcas-rucksack\\\/\"]}]},{\"@type\":\"ImageObject\",\"inLanguage\":\"nl-NL\",\"@id\":\"https:\\\/\\\/syllunanew.sitework.link\\\/de\\\/produkt\\\/magie-des-orcas-rucksack\\\/#primaryimage\",\"url\":\"https:\\\/\\\/syllunanew.sitework.link\\\/wp-content\\\/uploads\\\/2025\\\/11\\\/Magie-van-de-Orka-Rugtas-Sylluna.jpg\",\"contentUrl\":\"https:\\\/\\\/syllunanew.sitework.link\\\/wp-content\\\/uploads\\\/2025\\\/11\\\/Magie-van-de-Orka-Rugtas-Sylluna.jpg\",\"width\":1000,\"height\":1000,\"caption\":\"Magie des Orcas \u2013 Rucksack Sylluna\"},{\"@type\":\"BreadcrumbList\",\"@id\":\"https:\\\/\\\/syllunanew.sitework.link\\\/de\\\/produkt\\\/magie-des-orcas-rucksack\\\/#breadcrumb\",\"itemListElement\":[{\"@type\":\"ListItem\",\"position\":1,\"name\":\"Home\",\"item\":\"https:\\\/\\\/syllunanew.sitework.link\\\/de\\\/\"},{\"@type\":\"ListItem\",\"position\":2,\"name\":\"Shop\",\"item\":\"https:\\\/\\\/syllunanew.sitework.link\\\/de\\\/shop\\\/\"},{\"@type\":\"ListItem\",\"position\":3,\"name\":\"Magie des Orcas Rucksack\"}]},{\"@type\":\"WebSite\",\"@id\":\"https:\\\/\\\/syllunanew.sitework.link\\\/de\\\/#website\",\"url\":\"https:\\\/\\\/syllunanew.sitework.link\\\/de\\\/\",\"name\":\"Sylluna | Magische Producten van Eigen Ontwerp\",\"description\":\"Uniek. Magisch. Met betekenis.\",\"publisher\":{\"@id\":\"https:\\\/\\\/syllunanew.sitework.link\\\/de\\\/#organization\"},\"alternateName\":\"Sylluna\",\"potentialAction\":[{\"@type\":\"SearchAction\",\"target\":{\"@type\":\"EntryPoint\",\"urlTemplate\":\"https:\\\/\\\/syllunanew.sitework.link\\\/de\\\/?s={search_term_string}\"},\"query-input\":{\"@type\":\"PropertyValueSpecification\",\"valueRequired\":true,\"valueName\":\"search_term_string\"}}],\"inLanguage\":\"nl-NL\"},{\"@type\":\"Organization\",\"@id\":\"https:\\\/\\\/syllunanew.sitework.link\\\/de\\\/#organization\",\"name\":\"Sylluna | Magische Producten van Eigen Ontwerp\",\"url\":\"https:\\\/\\\/syllunanew.sitework.link\\\/de\\\/\",\"logo\":{\"@type\":\"ImageObject\",\"inLanguage\":\"nl-NL\",\"@id\":\"https:\\\/\\\/syllunanew.sitework.link\\\/de\\\/#\\\/schema\\\/logo\\\/image\\\/\",\"url\":\"https:\\\/\\\/sylluna.com\\\/wp-content\\\/uploads\\\/2025\\\/11\\\/Sylluna_dark-scaled.png\",\"contentUrl\":\"https:\\\/\\\/sylluna.com\\\/wp-content\\\/uploads\\\/2025\\\/11\\\/Sylluna_dark-scaled.png\",\"width\":2500,\"height\":1221,\"caption\":\"Sylluna | Magische Producten van Eigen Ontwerp\"},\"image\":{\"@id\":\"https:\\\/\\\/syllunanew.sitework.link\\\/de\\\/#\\\/schema\\\/logo\\\/image\\\/\"}}]}<\/script>\n<!-- \/ Yoast SEO plugin. -->","yoast_head_json":{"title":"Magie des Orcas Rucksack | Sylluna","description":"Magie des Orcas Rucksack biedt alle informatie en specificaties overzichtelijk. Bestel direct online en profiteer van snelle verzending","robots":{"index":"index","follow":"follow","max-snippet":"max-snippet:-1","max-image-preview":"max-image-preview:large","max-video-preview":"max-video-preview:-1"},"canonical":"https:\/\/syllunanew.sitework.link\/de\/produkt\/magie-des-orcas-rucksack\/","og_locale":"nl_NL","og_type":"article","og_title":"Magie des Orcas Rucksack | Sylluna","og_description":"Magie des Orcas Rucksack biedt alle informatie en specificaties overzichtelijk. Bestel direct online en profiteer van snelle verzending","og_url":"https:\/\/syllunanew.sitework.link\/de\/produkt\/magie-des-orcas-rucksack\/","og_site_name":"Sylluna","article_modified_time":"2026-03-07T10:46:45+00:00","og_image":[{"width":1000,"height":1000,"url":"https:\/\/syllunanew.sitework.link\/wp-content\/uploads\/2025\/11\/Magie-van-de-Orka-Rugtas-Sylluna.jpg","type":"image\/jpeg"}],"twitter_card":"summary_large_image","twitter_misc":{"Geschatte leestijd":"2 minuten"},"schema":{"@context":"https:\/\/schema.org","@graph":[{"@type":"WebPage","@id":"https:\/\/syllunanew.sitework.link\/de\/produkt\/magie-des-orcas-rucksack\/","url":"https:\/\/syllunanew.sitework.link\/de\/produkt\/magie-des-orcas-rucksack\/","name":"Magie des Orcas Rucksack | Sylluna","isPartOf":{"@id":"https:\/\/syllunanew.sitework.link\/de\/#website"},"primaryImageOfPage":{"@id":"https:\/\/syllunanew.sitework.link\/de\/produkt\/magie-des-orcas-rucksack\/#primaryimage"},"image":{"@id":"https:\/\/syllunanew.sitework.link\/de\/produkt\/magie-des-orcas-rucksack\/#primaryimage"},"thumbnailUrl":"https:\/\/syllunanew.sitework.link\/wp-content\/uploads\/2025\/11\/Magie-van-de-Orka-Rugtas-Sylluna.jpg","datePublished":"2025-11-21T14:11:40+00:00","dateModified":"2026-03-07T10:46:45+00:00","description":"Magie des Orcas Rucksack biedt alle informatie en specificaties overzichtelijk. Bestel direct online en profiteer van snelle verzending","breadcrumb":{"@id":"https:\/\/syllunanew.sitework.link\/de\/produkt\/magie-des-orcas-rucksack\/#breadcrumb"},"inLanguage":"nl-NL","potentialAction":[{"@type":"ReadAction","target":["https:\/\/syllunanew.sitework.link\/de\/produkt\/magie-des-orcas-rucksack\/"]}]},{"@type":"ImageObject","inLanguage":"nl-NL","@id":"https:\/\/syllunanew.sitework.link\/de\/produkt\/magie-des-orcas-rucksack\/#primaryimage","url":"https:\/\/syllunanew.sitework.link\/wp-content\/uploads\/2025\/11\/Magie-van-de-Orka-Rugtas-Sylluna.jpg","contentUrl":"https:\/\/syllunanew.sitework.link\/wp-content\/uploads\/2025\/11\/Magie-van-de-Orka-Rugtas-Sylluna.jpg","width":1000,"height":1000,"caption":"Magie des Orcas \u2013 Rucksack Sylluna"},{"@type":"BreadcrumbList","@id":"https:\/\/syllunanew.sitework.link\/de\/produkt\/magie-des-orcas-rucksack\/#breadcrumb","itemListElement":[{"@type":"ListItem","position":1,"name":"Home","item":"https:\/\/syllunanew.sitework.link\/de\/"},{"@type":"ListItem","position":2,"name":"Shop","item":"https:\/\/syllunanew.sitework.link\/de\/shop\/"},{"@type":"ListItem","position":3,"name":"Magie des Orcas Rucksack"}]},{"@type":"WebSite","@id":"https:\/\/syllunanew.sitework.link\/de\/#website","url":"https:\/\/syllunanew.sitework.link\/de\/","name":"Sylluna | Magische Producten van Eigen Ontwerp","description":"Uniek. Magisch. Met betekenis.","publisher":{"@id":"https:\/\/syllunanew.sitework.link\/de\/#organization"},"alternateName":"Sylluna","potentialAction":[{"@type":"SearchAction","target":{"@type":"EntryPoint","urlTemplate":"https:\/\/syllunanew.sitework.link\/de\/?s={search_term_string}"},"query-input":{"@type":"PropertyValueSpecification","valueRequired":true,"valueName":"search_term_string"}}],"inLanguage":"nl-NL"},{"@type":"Organization","@id":"https:\/\/syllunanew.sitework.link\/de\/#organization","name":"Sylluna | Magische Producten van Eigen Ontwerp","url":"https:\/\/syllunanew.sitework.link\/de\/","logo":{"@type":"ImageObject","inLanguage":"nl-NL","@id":"https:\/\/syllunanew.sitework.link\/de\/#\/schema\/logo\/image\/","url":"https:\/\/sylluna.com\/wp-content\/uploads\/2025\/11\/Sylluna_dark-scaled.png","contentUrl":"https:\/\/sylluna.com\/wp-content\/uploads\/2025\/11\/Sylluna_dark-scaled.png","width":2500,"height":1221,"caption":"Sylluna | Magische Producten van Eigen Ontwerp"},"image":{"@id":"https:\/\/syllunanew.sitework.link\/de\/#\/schema\/logo\/image\/"}}]}},"_links":{"self":[{"href":"https:\/\/syllunanew.sitework.link\/de\/wp-json\/wp\/v2\/product\/9537","targetHints":{"allow":["GET"]}}],"collection":[{"href":"https:\/\/syllunanew.sitework.link\/de\/wp-json\/wp\/v2\/product"}],"about":[{"href":"https:\/\/syllunanew.sitework.link\/de\/wp-json\/wp\/v2\/types\/product"}],"replies":[{"embeddable":true,"href":"https:\/\/syllunanew.sitework.link\/de\/wp-json\/wp\/v2\/comments?post=9537"}],"wp:featuredmedia":[{"embeddable":true,"href":"https:\/\/syllunanew.sitework.link\/de\/wp-json\/wp\/v2\/media\/9558"}],"wp:attachment":[{"href":"https:\/\/syllunanew.sitework.link\/de\/wp-json\/wp\/v2\/media?parent=9537"}],"wp:term":[{"taxonomy":"thema","embeddable":true,"href":"https:\/\/syllunanew.sitework.link\/de\/wp-json\/wp\/v2\/thema?post=9537"},{"taxonomy":"product_brand","embeddable":true,"href":"https:\/\/syllunanew.sitework.link\/de\/wp-json\/wp\/v2\/product_brand?post=9537"},{"taxonomy":"product_cat","embeddable":true,"href":"https:\/\/syllunanew.sitework.link\/de\/wp-json\/wp\/v2\/product_cat?post=9537"},{"taxonomy":"product_tag","embeddable":true,"href":"https:\/\/syllunanew.sitework.link\/de\/wp-json\/wp\/v2\/product_tag?post=9537"}],"curies":[{"name":"wp","href":"https:\/\/api.w.org\/{rel}","templated":true}]}}