{"id":8774,"date":"2025-11-14T14:56:17","date_gmt":"2025-11-14T13:56:17","guid":{"rendered":"https:\/\/sylluna.com\/product\/baumelf-wesen-postkarte-a6-kunstdruck\/"},"modified":"2025-11-14T14:56:17","modified_gmt":"2025-11-14T13:56:17","slug":"baumelf-wesen-postkarte-a6-kunstdruck","status":"publish","type":"product","link":"https:\/\/syllunanew.sitework.link\/de\/produkt\/baumelf-wesen-postkarte-a6-kunstdruck\/","title":{"rendered":"Baumelf-Wesen Postkarte \/ A6 Kunstdruck"},"content":{"rendered":"<p>Die A6-Postkarten und Drucke von Sylluna\u00ae werden in den Niederlanden mit gro\u00dfer Liebe zum Detail und hoher Qualit\u00e4t hergestellt. Unsere Marke steht f\u00fcr originale, handgezeichnete Illustrationen, die f\u00fcr jeden zug\u00e4nglich sind. Mit diesen kleinen Drucken holst du auf erschwingliche Weise einen Hauch von Magie und Fantasy ins Haus und f\u00fcgst deinem Tag ein bisschen Magie und Staunen hinzu.<\/p>\n<p><em>Die tats\u00e4chlichen Farben k\u00f6nnen aufgrund unterschiedlicher Bildschirm- und Druckereinstellungen leicht abweichen.<\/em><\/p>\n<p data-start=\"207\" data-end=\"211\">Sylluna\u00ae<\/p>\n","protected":false},"excerpt":{"rendered":"<p>Diese A6-Postkarte zeigt eine magische Illustration von Sylluna und ist perfekt, um liebe Gr\u00fc\u00dfe an Familie, Freunde oder andere geliebte Menschen zu senden. Sie eignet sich auch hervorragend f\u00fcr Postcrossing, um jemandem irgendwo auf der Welt eine \u00dcberraschung zu bereiten. Dar\u00fcber hinaus kannst du die Karte als kleinen Kunstdruck verwenden. Platziere sie auf deinem Altar, in deiner Inspirationsecke oder an der Wand und lasse so einen Hauch von Magie und Fantasy in dein Zuhause flie\u00dfen.   <\/p>\n<h4><img decoding=\"async\" class=\"alignnone wp-image-2867\" src=\"https:\/\/sylluna.com\/wp-content\/uploads\/2025\/08\/Shipping-General-Webshop-SBDC-300x233.png\" alt=\"\" width=\"100\" height=\"78\" srcset=\"https:\/\/syllunanew.sitework.link\/wp-content\/uploads\/2025\/08\/Shipping-General-Webshop-SBDC-300x233.png 300w, https:\/\/syllunanew.sitework.link\/wp-content\/uploads\/2025\/08\/Shipping-General-Webshop-SBDC.png 757w\" sizes=\"(max-width: 100px) 100vw, 100px\" \/><strong>VERSAND:<\/strong> 3\u20135 Werktage.<\/h4>\n<p>&nbsp;<\/p>\n<h4><strong>SPEZIFIKATIONEN:<\/strong><\/h4>\n<ul>\n<li>A6-Format: 10,5 \u00d7 14,8 cm (4,1 \u00d7 5,8 Zoll).<\/li>\n<li>Abgerundete Ecken.<\/li>\n<li>Gedruckt auf hochwertigem 300 g\/m\u00b2 Karton.<\/li>\n<li>Seidenmatt-Beschichtung.<\/li>\n<li>R\u00fcckseite mit Platz f\u00fcr Nachricht, Adresse und Briefmarke.<\/li>\n<li>Druck einer original handgezeichneten Illustration von Sylluna\u00ae.<\/li>\n<\/ul>\n","protected":false},"featured_media":8753,"comment_status":"open","ping_status":"closed","template":"","meta":{"_acf_changed":false,"_glsr_average":0,"_glsr_ranking":0,"_glsr_reviews":0},"thema":[246,266],"product_brand":[156],"product_cat":[571,352,622],"product_tag":[870],"class_list":{"0":"post-8774","1":"product","2":"type-product","3":"status-publish","4":"has-post-thumbnail","6":"thema-erde-elemente-themen","7":"thema-magische-wesen","8":"product_brand-sylluna","9":"product_cat-altar-heiliger-raum","10":"product_cat-papeterie","11":"product_cat-postkarten-a6-drucke-briefpapier-produkttyp","12":"product_tag-baumelf-illustration","13":"product_shipping_class-mailbox-package","15":"first","16":"instock","17":"shipping-taxable","18":"purchasable","19":"product-type-simple"},"acf":[],"yoast_head":"<!-- This site is optimized with the Yoast SEO plugin v27.4 - https:\/\/yoast.com\/product\/yoast-seo-wordpress\/ -->\n<title>Baumelf-Wesen Postkarte \/ A6 Kunstdruck | Sylluna<\/title>\n<meta name=\"description\" content=\"Baumelf-Wesen Postkarte \/ A6 Kunstdruck biedt alle informatie en specificaties overzichtelijk. Bestel direct online en profiteer van snelle verzending\" \/>\n<meta name=\"robots\" content=\"index, follow, max-snippet:-1, max-image-preview:large, max-video-preview:-1\" \/>\n<link rel=\"canonical\" href=\"https:\/\/syllunanew.sitework.link\/de\/produkt\/baumelf-wesen-postkarte-a6-kunstdruck\/\" \/>\n<meta property=\"og:locale\" content=\"nl_NL\" \/>\n<meta property=\"og:type\" content=\"article\" \/>\n<meta property=\"og:title\" content=\"Baumelf-Wesen Postkarte \/ A6 Kunstdruck | Sylluna\" \/>\n<meta property=\"og:description\" content=\"Baumelf-Wesen Postkarte \/ A6 Kunstdruck biedt alle informatie en specificaties overzichtelijk. Bestel direct online en profiteer van snelle verzending\" \/>\n<meta property=\"og:url\" content=\"https:\/\/syllunanew.sitework.link\/de\/produkt\/baumelf-wesen-postkarte-a6-kunstdruck\/\" \/>\n<meta property=\"og:site_name\" content=\"Sylluna\" \/>\n<meta property=\"og:image\" content=\"https:\/\/syllunanew.sitework.link\/wp-content\/uploads\/2025\/11\/Ansichtkaart-A6-Print-Boom-Elf-Wezen-Sylluna.jpg\" \/>\n\t<meta property=\"og:image:width\" content=\"1000\" \/>\n\t<meta property=\"og:image:height\" content=\"1000\" \/>\n\t<meta property=\"og:image:type\" content=\"image\/jpeg\" \/>\n<meta name=\"twitter:card\" content=\"summary_large_image\" \/>\n<script type=\"application\/ld+json\" class=\"yoast-schema-graph\">{\"@context\":\"https:\\\/\\\/schema.org\",\"@graph\":[{\"@type\":\"WebPage\",\"@id\":\"https:\\\/\\\/syllunanew.sitework.link\\\/de\\\/produkt\\\/baumelf-wesen-postkarte-a6-kunstdruck\\\/\",\"url\":\"https:\\\/\\\/syllunanew.sitework.link\\\/de\\\/produkt\\\/baumelf-wesen-postkarte-a6-kunstdruck\\\/\",\"name\":\"Baumelf-Wesen Postkarte \\\/ A6 Kunstdruck | Sylluna\",\"isPartOf\":{\"@id\":\"https:\\\/\\\/syllunanew.sitework.link\\\/de\\\/#website\"},\"primaryImageOfPage\":{\"@id\":\"https:\\\/\\\/syllunanew.sitework.link\\\/de\\\/produkt\\\/baumelf-wesen-postkarte-a6-kunstdruck\\\/#primaryimage\"},\"image\":{\"@id\":\"https:\\\/\\\/syllunanew.sitework.link\\\/de\\\/produkt\\\/baumelf-wesen-postkarte-a6-kunstdruck\\\/#primaryimage\"},\"thumbnailUrl\":\"https:\\\/\\\/syllunanew.sitework.link\\\/wp-content\\\/uploads\\\/2025\\\/11\\\/Ansichtkaart-A6-Print-Boom-Elf-Wezen-Sylluna.jpg\",\"datePublished\":\"2025-11-14T13:56:17+00:00\",\"description\":\"Baumelf-Wesen Postkarte \\\/ A6 Kunstdruck biedt alle informatie en specificaties overzichtelijk. Bestel direct online en profiteer van snelle verzending\",\"breadcrumb\":{\"@id\":\"https:\\\/\\\/syllunanew.sitework.link\\\/de\\\/produkt\\\/baumelf-wesen-postkarte-a6-kunstdruck\\\/#breadcrumb\"},\"inLanguage\":\"nl-NL\",\"potentialAction\":[{\"@type\":\"ReadAction\",\"target\":[\"https:\\\/\\\/syllunanew.sitework.link\\\/de\\\/produkt\\\/baumelf-wesen-postkarte-a6-kunstdruck\\\/\"]}]},{\"@type\":\"ImageObject\",\"inLanguage\":\"nl-NL\",\"@id\":\"https:\\\/\\\/syllunanew.sitework.link\\\/de\\\/produkt\\\/baumelf-wesen-postkarte-a6-kunstdruck\\\/#primaryimage\",\"url\":\"https:\\\/\\\/syllunanew.sitework.link\\\/wp-content\\\/uploads\\\/2025\\\/11\\\/Ansichtkaart-A6-Print-Boom-Elf-Wezen-Sylluna.jpg\",\"contentUrl\":\"https:\\\/\\\/syllunanew.sitework.link\\\/wp-content\\\/uploads\\\/2025\\\/11\\\/Ansichtkaart-A6-Print-Boom-Elf-Wezen-Sylluna.jpg\",\"width\":1000,\"height\":1000,\"caption\":\"Postkarte \u2013 A6 Druck \u2013 Baumelf-Wesen \u2013 Sylluna\"},{\"@type\":\"BreadcrumbList\",\"@id\":\"https:\\\/\\\/syllunanew.sitework.link\\\/de\\\/produkt\\\/baumelf-wesen-postkarte-a6-kunstdruck\\\/#breadcrumb\",\"itemListElement\":[{\"@type\":\"ListItem\",\"position\":1,\"name\":\"Home\",\"item\":\"https:\\\/\\\/syllunanew.sitework.link\\\/de\\\/\"},{\"@type\":\"ListItem\",\"position\":2,\"name\":\"Shop\",\"item\":\"https:\\\/\\\/syllunanew.sitework.link\\\/de\\\/shop\\\/\"},{\"@type\":\"ListItem\",\"position\":3,\"name\":\"Baumelf-Wesen Postkarte \\\/ A6 Kunstdruck\"}]},{\"@type\":\"WebSite\",\"@id\":\"https:\\\/\\\/syllunanew.sitework.link\\\/de\\\/#website\",\"url\":\"https:\\\/\\\/syllunanew.sitework.link\\\/de\\\/\",\"name\":\"Sylluna | Magische Producten van Eigen Ontwerp\",\"description\":\"Uniek. Magisch. Met betekenis.\",\"publisher\":{\"@id\":\"https:\\\/\\\/syllunanew.sitework.link\\\/de\\\/#organization\"},\"alternateName\":\"Sylluna\",\"potentialAction\":[{\"@type\":\"SearchAction\",\"target\":{\"@type\":\"EntryPoint\",\"urlTemplate\":\"https:\\\/\\\/syllunanew.sitework.link\\\/de\\\/?s={search_term_string}\"},\"query-input\":{\"@type\":\"PropertyValueSpecification\",\"valueRequired\":true,\"valueName\":\"search_term_string\"}}],\"inLanguage\":\"nl-NL\"},{\"@type\":\"Organization\",\"@id\":\"https:\\\/\\\/syllunanew.sitework.link\\\/de\\\/#organization\",\"name\":\"Sylluna | Magische Producten van Eigen Ontwerp\",\"url\":\"https:\\\/\\\/syllunanew.sitework.link\\\/de\\\/\",\"logo\":{\"@type\":\"ImageObject\",\"inLanguage\":\"nl-NL\",\"@id\":\"https:\\\/\\\/syllunanew.sitework.link\\\/de\\\/#\\\/schema\\\/logo\\\/image\\\/\",\"url\":\"https:\\\/\\\/sylluna.com\\\/wp-content\\\/uploads\\\/2025\\\/11\\\/Sylluna_dark-scaled.png\",\"contentUrl\":\"https:\\\/\\\/sylluna.com\\\/wp-content\\\/uploads\\\/2025\\\/11\\\/Sylluna_dark-scaled.png\",\"width\":2500,\"height\":1221,\"caption\":\"Sylluna | Magische Producten van Eigen Ontwerp\"},\"image\":{\"@id\":\"https:\\\/\\\/syllunanew.sitework.link\\\/de\\\/#\\\/schema\\\/logo\\\/image\\\/\"}}]}<\/script>\n<!-- \/ Yoast SEO plugin. -->","yoast_head_json":{"title":"Baumelf-Wesen Postkarte \/ A6 Kunstdruck | Sylluna","description":"Baumelf-Wesen Postkarte \/ A6 Kunstdruck biedt alle informatie en specificaties overzichtelijk. Bestel direct online en profiteer van snelle verzending","robots":{"index":"index","follow":"follow","max-snippet":"max-snippet:-1","max-image-preview":"max-image-preview:large","max-video-preview":"max-video-preview:-1"},"canonical":"https:\/\/syllunanew.sitework.link\/de\/produkt\/baumelf-wesen-postkarte-a6-kunstdruck\/","og_locale":"nl_NL","og_type":"article","og_title":"Baumelf-Wesen Postkarte \/ A6 Kunstdruck | Sylluna","og_description":"Baumelf-Wesen Postkarte \/ A6 Kunstdruck biedt alle informatie en specificaties overzichtelijk. Bestel direct online en profiteer van snelle verzending","og_url":"https:\/\/syllunanew.sitework.link\/de\/produkt\/baumelf-wesen-postkarte-a6-kunstdruck\/","og_site_name":"Sylluna","og_image":[{"width":1000,"height":1000,"url":"https:\/\/syllunanew.sitework.link\/wp-content\/uploads\/2025\/11\/Ansichtkaart-A6-Print-Boom-Elf-Wezen-Sylluna.jpg","type":"image\/jpeg"}],"twitter_card":"summary_large_image","schema":{"@context":"https:\/\/schema.org","@graph":[{"@type":"WebPage","@id":"https:\/\/syllunanew.sitework.link\/de\/produkt\/baumelf-wesen-postkarte-a6-kunstdruck\/","url":"https:\/\/syllunanew.sitework.link\/de\/produkt\/baumelf-wesen-postkarte-a6-kunstdruck\/","name":"Baumelf-Wesen Postkarte \/ A6 Kunstdruck | Sylluna","isPartOf":{"@id":"https:\/\/syllunanew.sitework.link\/de\/#website"},"primaryImageOfPage":{"@id":"https:\/\/syllunanew.sitework.link\/de\/produkt\/baumelf-wesen-postkarte-a6-kunstdruck\/#primaryimage"},"image":{"@id":"https:\/\/syllunanew.sitework.link\/de\/produkt\/baumelf-wesen-postkarte-a6-kunstdruck\/#primaryimage"},"thumbnailUrl":"https:\/\/syllunanew.sitework.link\/wp-content\/uploads\/2025\/11\/Ansichtkaart-A6-Print-Boom-Elf-Wezen-Sylluna.jpg","datePublished":"2025-11-14T13:56:17+00:00","description":"Baumelf-Wesen Postkarte \/ A6 Kunstdruck biedt alle informatie en specificaties overzichtelijk. Bestel direct online en profiteer van snelle verzending","breadcrumb":{"@id":"https:\/\/syllunanew.sitework.link\/de\/produkt\/baumelf-wesen-postkarte-a6-kunstdruck\/#breadcrumb"},"inLanguage":"nl-NL","potentialAction":[{"@type":"ReadAction","target":["https:\/\/syllunanew.sitework.link\/de\/produkt\/baumelf-wesen-postkarte-a6-kunstdruck\/"]}]},{"@type":"ImageObject","inLanguage":"nl-NL","@id":"https:\/\/syllunanew.sitework.link\/de\/produkt\/baumelf-wesen-postkarte-a6-kunstdruck\/#primaryimage","url":"https:\/\/syllunanew.sitework.link\/wp-content\/uploads\/2025\/11\/Ansichtkaart-A6-Print-Boom-Elf-Wezen-Sylluna.jpg","contentUrl":"https:\/\/syllunanew.sitework.link\/wp-content\/uploads\/2025\/11\/Ansichtkaart-A6-Print-Boom-Elf-Wezen-Sylluna.jpg","width":1000,"height":1000,"caption":"Postkarte \u2013 A6 Druck \u2013 Baumelf-Wesen \u2013 Sylluna"},{"@type":"BreadcrumbList","@id":"https:\/\/syllunanew.sitework.link\/de\/produkt\/baumelf-wesen-postkarte-a6-kunstdruck\/#breadcrumb","itemListElement":[{"@type":"ListItem","position":1,"name":"Home","item":"https:\/\/syllunanew.sitework.link\/de\/"},{"@type":"ListItem","position":2,"name":"Shop","item":"https:\/\/syllunanew.sitework.link\/de\/shop\/"},{"@type":"ListItem","position":3,"name":"Baumelf-Wesen Postkarte \/ A6 Kunstdruck"}]},{"@type":"WebSite","@id":"https:\/\/syllunanew.sitework.link\/de\/#website","url":"https:\/\/syllunanew.sitework.link\/de\/","name":"Sylluna | Magische Producten van Eigen Ontwerp","description":"Uniek. Magisch. Met betekenis.","publisher":{"@id":"https:\/\/syllunanew.sitework.link\/de\/#organization"},"alternateName":"Sylluna","potentialAction":[{"@type":"SearchAction","target":{"@type":"EntryPoint","urlTemplate":"https:\/\/syllunanew.sitework.link\/de\/?s={search_term_string}"},"query-input":{"@type":"PropertyValueSpecification","valueRequired":true,"valueName":"search_term_string"}}],"inLanguage":"nl-NL"},{"@type":"Organization","@id":"https:\/\/syllunanew.sitework.link\/de\/#organization","name":"Sylluna | Magische Producten van Eigen Ontwerp","url":"https:\/\/syllunanew.sitework.link\/de\/","logo":{"@type":"ImageObject","inLanguage":"nl-NL","@id":"https:\/\/syllunanew.sitework.link\/de\/#\/schema\/logo\/image\/","url":"https:\/\/sylluna.com\/wp-content\/uploads\/2025\/11\/Sylluna_dark-scaled.png","contentUrl":"https:\/\/sylluna.com\/wp-content\/uploads\/2025\/11\/Sylluna_dark-scaled.png","width":2500,"height":1221,"caption":"Sylluna | Magische Producten van Eigen Ontwerp"},"image":{"@id":"https:\/\/syllunanew.sitework.link\/de\/#\/schema\/logo\/image\/"}}]}},"_links":{"self":[{"href":"https:\/\/syllunanew.sitework.link\/de\/wp-json\/wp\/v2\/product\/8774","targetHints":{"allow":["GET"]}}],"collection":[{"href":"https:\/\/syllunanew.sitework.link\/de\/wp-json\/wp\/v2\/product"}],"about":[{"href":"https:\/\/syllunanew.sitework.link\/de\/wp-json\/wp\/v2\/types\/product"}],"replies":[{"embeddable":true,"href":"https:\/\/syllunanew.sitework.link\/de\/wp-json\/wp\/v2\/comments?post=8774"}],"wp:featuredmedia":[{"embeddable":true,"href":"https:\/\/syllunanew.sitework.link\/de\/wp-json\/wp\/v2\/media\/8753"}],"wp:attachment":[{"href":"https:\/\/syllunanew.sitework.link\/de\/wp-json\/wp\/v2\/media?parent=8774"}],"wp:term":[{"taxonomy":"thema","embeddable":true,"href":"https:\/\/syllunanew.sitework.link\/de\/wp-json\/wp\/v2\/thema?post=8774"},{"taxonomy":"product_brand","embeddable":true,"href":"https:\/\/syllunanew.sitework.link\/de\/wp-json\/wp\/v2\/product_brand?post=8774"},{"taxonomy":"product_cat","embeddable":true,"href":"https:\/\/syllunanew.sitework.link\/de\/wp-json\/wp\/v2\/product_cat?post=8774"},{"taxonomy":"product_tag","embeddable":true,"href":"https:\/\/syllunanew.sitework.link\/de\/wp-json\/wp\/v2\/product_tag?post=8774"}],"curies":[{"name":"wp","href":"https:\/\/api.w.org\/{rel}","templated":true}]}}