{"id":7617,"date":"2025-11-04T16:55:34","date_gmt":"2025-11-04T15:55:34","guid":{"rendered":"https:\/\/sylluna.com\/?post_type=product&#038;p=7617"},"modified":"2026-04-06T20:56:12","modified_gmt":"2026-04-06T18:56:12","slug":"mondschmetterling-luna-motte-krafttier-quadratische-grosse-umhaengetasche","status":"publish","type":"product","link":"https:\/\/syllunanew.sitework.link\/de\/produkt\/mondschmetterling-luna-motte-krafttier-quadratische-grosse-umhaengetasche\/","title":{"rendered":"Mondschmetterling \u2013 Luna-Motte Krafttier \u2013 Quadratische Gro\u00dfe Umh\u00e4ngetasche"},"content":{"rendered":"<div class=\"product-mini-faq\" style=\"margin-top: 40px;\">\n<h3>H\u00c4UFIG GESTELLTE FRAGEN<\/h3>\n<details style=\"margin-bottom: 14px;\">\n<summary><strong>Kann ich die H\u00f6he der Tasche einstellen?<\/strong><\/summary>\n<p>Ja. Der Schulterriemen ist verstellbar, sodass du die Tasche h\u00f6her oder tiefer tragen kannst. So kannst du sie bequem als Schultertasche oder Crossbody tragen.  <\/p>\n<\/details>\n<details style=\"margin-bottom: 14px;\">\n<summary><strong>Ist die Klettverschluss Befestigung der Klappe stabil genug?<\/strong><\/summary>\n<p>Ja. Die Klappe wird mit einem breiten, starken Klettverschluss befestigt, der beim t\u00e4glichen Gebrauch gut an seinem Platz bleibt. Die Klappe l\u00f6st sich nicht, wenn du gehst, Fahrrad f\u00e4hrst oder in einem vollen Zug stehst. Du kannst sie nur l\u00f6sen, indem du sie bewusst von der Tasche abziehst.   <\/p>\n<\/details>\n<details style=\"margin-bottom: 14px;\">\n<summary><strong>Bleibt der Druck sch\u00f6n, auch bei starkem Regen?<\/strong><\/summary>\n<p>Ja. Die Tasche besteht aus wasserabweisendem Material und der Druck ist professionell in den Stoff gedruckt (keine separate Druckschicht). Dadurch bleiben die Farben auch bei t\u00e4glichem Gebrauch und Regen sch\u00f6n.  <\/p>\n<\/details>\n<details style=\"margin-bottom: 14px;\">\n<summary><strong>Wie wechselst du eine Klappe?<\/strong><\/summary>\n<p>Du l\u00f6st die aktuelle Klappe vom Klettverschluss, platzierst eine andere Klappe an derselben Stelle und dr\u00fcckst sie fest an. Innerhalb weniger Sekunden kannst du so das Design deiner Tasche wechseln. <\/p>\n<\/details>\n<details style=\"margin-bottom: 14px;\">\n<summary><strong>Kann ich sp\u00e4ter auch andere Klappen kaufen?<\/strong><\/summary>\n<p>Ja. Diese Tasche ist Teil des Sylluna\u00ae wechselbaren Klappensystems. Du kannst sp\u00e4ter ganz einfach zus\u00e4tzliche Klappen kaufen und das Design deiner Tasche wechseln, wann immer du m\u00f6chtest.  <\/p>\n<\/details>\n<\/div>\n<h3><strong>SPEZIFIKATIONEN:<\/strong><\/h3>\n<ul>\n<li>Marke: Sylluna\u00ae.<\/li>\n<li>Basistasche Gro\u00dfe quadratische Schultertasche<\/li>\n<li>Taschenklappe mit Druck einer handgezeichneten Illustration.<\/li>\n<li>Ma\u00dfe: 25 \u00d7 26 \u00d7 6 cm (9,8 \u00d7 10,2 \u00d7 2,4 Zoll)<\/li>\n<li>Professioneller Druck mit hochwertigen Drucktechniken.<\/li>\n<li>Die illustrierte Klappe ist befestigt und mit Klettverschluss verschlie\u00dfbar.<\/li>\n<li>Die Tasche verf\u00fcgt \u00fcber 3 Hauptf\u00e4cher mit Rei\u00dfverschluss.<\/li>\n<li>Die Tasche ist aus robustem Polyester gefertigt.<\/li>\n<li>Der Schultergurt der Tasche ist in der L\u00e4nge verstellbar.<\/li>\n<li>Die Tasche ist wasserabweisend.<\/li>\n<li>Der Druck ist wasserfest.<\/li>\n<li>Sehr gut geeignete Tasche f\u00fcr den t\u00e4glichen Gebrauch.<\/li>\n<li>Die Tasche wird in den Niederlanden hergestellt.<\/li>\n<\/ul>\n<h4><strong>F\u00e4cheraufteilung<\/strong><\/h4>\n<p>Diese quadratische Tasche bietet gen\u00fcgend Platz f\u00fcr all Ihre t\u00e4glichen Sachen, wie z.\u202fB. Geldb\u00f6rse, Schl\u00fcssel, A5-Notizbuch, Terminplaner und\/oder Tablet und mehr. Die Tasche verf\u00fcgt \u00fcber drei Hauptf\u00e4cher (ein gro\u00dfes Hauptfach, ein kleines Zwischenfach und ein Vorderfach). Alle drei F\u00e4cher lassen sich mit einem Rei\u00dfverschluss schlie\u00dfen. Im gro\u00dfen Fach befindet sich zus\u00e4tzlich ein weiteres Unterfach (mit Rei\u00dfverschluss) sowie ein extra Fach ohne Rei\u00dfverschluss. Es ist eine sehr geeignete Tasche f\u00fcr den t\u00e4glichen Gebrauch. Mit dieser Tasche haben Sie Ihre Sachen sicher bei sich.     <\/p>\n<h4><strong>Materialien &amp; Qualit\u00e4t<\/strong><\/h4>\n<p>Die Tasche besteht aus hochwertigen Materialien (es handelt sich um eine robuste Stoff-\/Polyester-Tasche) und die Illustration ist scharf gedruckt. Die Illustration ist tief in den Stoff eingedruckt, wodurch kein Risiko besteht, dass sie sich vom Stoff abl\u00f6st.  <\/p>\n<h4><strong>Wechselbare Taschenklappen<\/strong><\/h4>\n<p>Die dekorativen Klappen lassen sich mithilfe von stabilem Klettverschluss befestigen und wieder abnehmen. So k\u00f6nnen Sie im Handumdrehen zwischen verschiedenen Designs wechseln. Dieses Bundle-Produkt enth\u00e4lt sowohl die Basistasche als auch die gezeigte Klappe, sodass Sie ein komplettes Produkt erhalten. Nach Wunsch k\u00f6nnen Sie einzelne Taschendeckel in der passenden Gr\u00f6\u00dfe nachbestellen, um das Design zu wechseln.    <\/p>\n<h4><strong>Schulterriemen<\/strong><\/h4>\n<p>Die L\u00e4nge des Schulterriemens ist verstellbar, sodass Sie die Tasche auf eine Tragh\u00f6he einstellen k\u00f6nnen, die zu Ihrer Gr\u00f6\u00dfe passt und f\u00fcr Sie bequem ist.<\/p>\n<p><em>Die tats\u00e4chlichen Farben k\u00f6nnen aufgrund unterschiedlicher Bildschirmeinstellungen leicht abweichen.<\/em><\/p>\n<p>Sylluna\u00ae<\/p>\n","protected":false},"excerpt":{"rendered":"<p><strong>Schultertasche mit wechselbarer Klappe.<\/strong><\/p>\n<p>F\u00fcr diejenigen die sich von der Mondmotte der Stille der Nacht und der Magie des Vollmonds angezogen f\u00fchlen.<\/p>\n<table style=\"border-collapse: collapse; margin: 0 0 1.2em 0.8em;\">\n<tbody>\n<tr>\n<td style=\"width: 18px; vertical-align: top;\">\u2726<\/td>\n<td style=\"vertical-align: top;\">Handgezeichnete Illustration, exklusiv entworfen f\u00fcr Sylluna<\/td>\n<\/tr>\n<tr>\n<td style=\"width: 18px; vertical-align: top;\">\u2726<\/td>\n<td style=\"vertical-align: top;\">Wechselbare Klappe, wechsle das Design ganz einfach, ohne eine neue Tasche zu kaufen<\/td>\n<\/tr>\n<tr>\n<td style=\"width: 18px; vertical-align: top;\">\u2726<\/td>\n<td style=\"vertical-align: top;\">Professionell in den Stoff gedruckt, keine separate Druckschicht<\/td>\n<\/tr>\n<tr>\n<td style=\"width: 18px; vertical-align: top;\">\u2726<\/td>\n<td style=\"vertical-align: top;\">Robust gefertigt und f\u00fcr den t\u00e4glichen Gebrauch geeignet<\/td>\n<\/tr>\n<tr>\n<td style=\"width: 18px; vertical-align: top;\">\u2726<\/td>\n<td style=\"vertical-align: top;\">Verstellbarer Schulterriemen<\/td>\n<\/tr>\n<tr>\n<td style=\"width: 18px; vertical-align: top;\">\u2726<\/td>\n<td style=\"vertical-align: top;\">Ger\u00e4umiges Format, geeignet f\u00fcr deine Essentials und ein A5 Journal<\/td>\n<\/tr>\n<\/tbody>\n<\/table>\n<h4><img decoding=\"async\" class=\"alignnone wp-image-2867\" src=\"https:\/\/sylluna.com\/wp-content\/uploads\/2025\/08\/Shipping-General-Webshop-SBDC-300x233.png\" alt=\"\" width=\"100\" height=\"78\" srcset=\"https:\/\/syllunanew.sitework.link\/wp-content\/uploads\/2025\/08\/Shipping-General-Webshop-SBDC-300x233.png 300w, https:\/\/syllunanew.sitework.link\/wp-content\/uploads\/2025\/08\/Shipping-General-Webshop-SBDC.png 757w\" sizes=\"(max-width: 100px) 100vw, 100px\" \/>VERSAND: 3\u20135 Werktage<\/h4>\n<p>&nbsp;<\/p>\n<p>Versandkosten werden beim Checkout berechnet<br data-start=\"482\" data-end=\"485\">Kostenloser Versand ab 150 (DE)<\/p>\n<p>\u2b50 Kundinnen und Kunden bewerten unsere Taschenkollektion mit 4,8+ Sternen<\/p>\n","protected":false},"featured_media":7621,"comment_status":"open","ping_status":"closed","template":"","meta":{"_acf_changed":false,"_glsr_average":0,"_glsr_ranking":0,"_glsr_reviews":0},"thema":[391,225,385],"product_brand":[156],"product_cat":[427,353],"product_tag":[511,1086],"class_list":{"0":"post-7617","1":"product","2":"type-product","3":"status-publish","4":"has-post-thumbnail","6":"thema-mondblumen","7":"thema-motte-krafttiere-totemtiere-themen","8":"thema-natur","9":"product_brand-sylluna","10":"product_cat-tasche-quadratisch-gross","11":"product_cat-taschen","12":"product_tag-krafttier-mondmotte-illustration","13":"product_tag-taschen-mit-tieren","14":"product_shipping_class-standardpaket","16":"first","17":"onbackorder","18":"shipping-taxable","19":"purchasable","20":"product-type-yith_bundle"},"acf":[],"yoast_head":"<!-- This site is optimized with the Yoast SEO plugin v27.4 - https:\/\/yoast.com\/product\/yoast-seo-wordpress\/ -->\n<title>Mondmotte Schultertasche \u2013 Tasche mit austauschbarer Klappe mit Nachtfalter<\/title>\n<meta name=\"description\" content=\"Schultertasche mit Mondmotte und Mondblumen in mystischem n\u00e4chtlichem Design. Austauschbare Klappe robust und praktisch f\u00fcr den t\u00e4glichen Gebrauch. Handgezeichnet und einzigartig.\" \/>\n<meta name=\"robots\" content=\"index, follow, max-snippet:-1, max-image-preview:large, max-video-preview:-1\" \/>\n<link rel=\"canonical\" href=\"https:\/\/syllunanew.sitework.link\/de\/produkt\/mondschmetterling-luna-motte-krafttier-quadratische-grosse-umhaengetasche\/\" \/>\n<meta property=\"og:locale\" content=\"nl_NL\" \/>\n<meta property=\"og:type\" content=\"article\" \/>\n<meta property=\"og:title\" content=\"Mondmotte Schultertasche \u2013 Tasche mit austauschbarer Klappe mit Nachtfalter\" \/>\n<meta property=\"og:description\" content=\"Schultertasche mit Mondmotte und Mondblumen in mystischem n\u00e4chtlichem Design. Austauschbare Klappe robust und praktisch f\u00fcr den t\u00e4glichen Gebrauch. Handgezeichnet und einzigartig.\" \/>\n<meta property=\"og:url\" content=\"https:\/\/syllunanew.sitework.link\/de\/produkt\/mondschmetterling-luna-motte-krafttier-quadratische-grosse-umhaengetasche\/\" \/>\n<meta property=\"og:site_name\" content=\"Sylluna\" \/>\n<meta property=\"article:modified_time\" content=\"2026-04-06T18:56:12+00:00\" \/>\n<meta property=\"og:image\" content=\"https:\/\/syllunanew.sitework.link\/wp-content\/uploads\/2025\/11\/Schoudertas-Vierkant-Maanvlinder-Luna-Moth-Maanmot-Dierenmagie-Tas.jpg\" \/>\n\t<meta property=\"og:image:width\" content=\"1000\" \/>\n\t<meta property=\"og:image:height\" content=\"1000\" \/>\n\t<meta property=\"og:image:type\" content=\"image\/jpeg\" \/>\n<meta name=\"twitter:card\" content=\"summary_large_image\" \/>\n<meta name=\"twitter:label1\" content=\"Geschatte leestijd\" \/>\n\t<meta name=\"twitter:data1\" content=\"2 minuten\" \/>\n<script type=\"application\/ld+json\" class=\"yoast-schema-graph\">{\"@context\":\"https:\\\/\\\/schema.org\",\"@graph\":[{\"@type\":\"WebPage\",\"@id\":\"https:\\\/\\\/syllunanew.sitework.link\\\/de\\\/produkt\\\/mondschmetterling-luna-motte-krafttier-quadratische-grosse-umhaengetasche\\\/\",\"url\":\"https:\\\/\\\/syllunanew.sitework.link\\\/de\\\/produkt\\\/mondschmetterling-luna-motte-krafttier-quadratische-grosse-umhaengetasche\\\/\",\"name\":\"Mondmotte Schultertasche \u2013 Tasche mit austauschbarer Klappe mit Nachtfalter\",\"isPartOf\":{\"@id\":\"https:\\\/\\\/syllunanew.sitework.link\\\/de\\\/#website\"},\"primaryImageOfPage\":{\"@id\":\"https:\\\/\\\/syllunanew.sitework.link\\\/de\\\/produkt\\\/mondschmetterling-luna-motte-krafttier-quadratische-grosse-umhaengetasche\\\/#primaryimage\"},\"image\":{\"@id\":\"https:\\\/\\\/syllunanew.sitework.link\\\/de\\\/produkt\\\/mondschmetterling-luna-motte-krafttier-quadratische-grosse-umhaengetasche\\\/#primaryimage\"},\"thumbnailUrl\":\"https:\\\/\\\/syllunanew.sitework.link\\\/wp-content\\\/uploads\\\/2025\\\/11\\\/Schoudertas-Vierkant-Maanvlinder-Luna-Moth-Maanmot-Dierenmagie-Tas.jpg\",\"datePublished\":\"2025-11-04T15:55:34+00:00\",\"dateModified\":\"2026-04-06T18:56:12+00:00\",\"description\":\"Schultertasche mit Mondmotte und Mondblumen in mystischem n\u00e4chtlichem Design. Austauschbare Klappe robust und praktisch f\u00fcr den t\u00e4glichen Gebrauch. Handgezeichnet und einzigartig.\",\"breadcrumb\":{\"@id\":\"https:\\\/\\\/syllunanew.sitework.link\\\/de\\\/produkt\\\/mondschmetterling-luna-motte-krafttier-quadratische-grosse-umhaengetasche\\\/#breadcrumb\"},\"inLanguage\":\"nl-NL\",\"potentialAction\":[{\"@type\":\"ReadAction\",\"target\":[\"https:\\\/\\\/syllunanew.sitework.link\\\/de\\\/produkt\\\/mondschmetterling-luna-motte-krafttier-quadratische-grosse-umhaengetasche\\\/\"]}]},{\"@type\":\"ImageObject\",\"inLanguage\":\"nl-NL\",\"@id\":\"https:\\\/\\\/syllunanew.sitework.link\\\/de\\\/produkt\\\/mondschmetterling-luna-motte-krafttier-quadratische-grosse-umhaengetasche\\\/#primaryimage\",\"url\":\"https:\\\/\\\/syllunanew.sitework.link\\\/wp-content\\\/uploads\\\/2025\\\/11\\\/Schoudertas-Vierkant-Maanvlinder-Luna-Moth-Maanmot-Dierenmagie-Tas.jpg\",\"contentUrl\":\"https:\\\/\\\/syllunanew.sitework.link\\\/wp-content\\\/uploads\\\/2025\\\/11\\\/Schoudertas-Vierkant-Maanvlinder-Luna-Moth-Maanmot-Dierenmagie-Tas.jpg\",\"width\":1000,\"height\":1000,\"caption\":\"Quadratische Umh\u00e4ngetasche \u2013 Mondschmetterling Luna-Motte Mondmotte Tiermagie Tasche\"},{\"@type\":\"BreadcrumbList\",\"@id\":\"https:\\\/\\\/syllunanew.sitework.link\\\/de\\\/produkt\\\/mondschmetterling-luna-motte-krafttier-quadratische-grosse-umhaengetasche\\\/#breadcrumb\",\"itemListElement\":[{\"@type\":\"ListItem\",\"position\":1,\"name\":\"Home\",\"item\":\"https:\\\/\\\/syllunanew.sitework.link\\\/de\\\/\"},{\"@type\":\"ListItem\",\"position\":2,\"name\":\"Shop\",\"item\":\"https:\\\/\\\/syllunanew.sitework.link\\\/de\\\/shop\\\/\"},{\"@type\":\"ListItem\",\"position\":3,\"name\":\"Mondschmetterling \u2013 Luna-Motte Krafttier \u2013 Quadratische Gro\u00dfe Umh\u00e4ngetasche\"}]},{\"@type\":\"WebSite\",\"@id\":\"https:\\\/\\\/syllunanew.sitework.link\\\/de\\\/#website\",\"url\":\"https:\\\/\\\/syllunanew.sitework.link\\\/de\\\/\",\"name\":\"Sylluna | Magische Producten van Eigen Ontwerp\",\"description\":\"Uniek. Magisch. Met betekenis.\",\"publisher\":{\"@id\":\"https:\\\/\\\/syllunanew.sitework.link\\\/de\\\/#organization\"},\"alternateName\":\"Sylluna\",\"potentialAction\":[{\"@type\":\"SearchAction\",\"target\":{\"@type\":\"EntryPoint\",\"urlTemplate\":\"https:\\\/\\\/syllunanew.sitework.link\\\/de\\\/?s={search_term_string}\"},\"query-input\":{\"@type\":\"PropertyValueSpecification\",\"valueRequired\":true,\"valueName\":\"search_term_string\"}}],\"inLanguage\":\"nl-NL\"},{\"@type\":\"Organization\",\"@id\":\"https:\\\/\\\/syllunanew.sitework.link\\\/de\\\/#organization\",\"name\":\"Sylluna | Magische Producten van Eigen Ontwerp\",\"url\":\"https:\\\/\\\/syllunanew.sitework.link\\\/de\\\/\",\"logo\":{\"@type\":\"ImageObject\",\"inLanguage\":\"nl-NL\",\"@id\":\"https:\\\/\\\/syllunanew.sitework.link\\\/de\\\/#\\\/schema\\\/logo\\\/image\\\/\",\"url\":\"https:\\\/\\\/sylluna.com\\\/wp-content\\\/uploads\\\/2025\\\/11\\\/Sylluna_dark-scaled.png\",\"contentUrl\":\"https:\\\/\\\/sylluna.com\\\/wp-content\\\/uploads\\\/2025\\\/11\\\/Sylluna_dark-scaled.png\",\"width\":2500,\"height\":1221,\"caption\":\"Sylluna | Magische Producten van Eigen Ontwerp\"},\"image\":{\"@id\":\"https:\\\/\\\/syllunanew.sitework.link\\\/de\\\/#\\\/schema\\\/logo\\\/image\\\/\"}}]}<\/script>\n<!-- \/ Yoast SEO plugin. -->","yoast_head_json":{"title":"Mondmotte Schultertasche \u2013 Tasche mit austauschbarer Klappe mit Nachtfalter","description":"Schultertasche mit Mondmotte und Mondblumen in mystischem n\u00e4chtlichem Design. Austauschbare Klappe robust und praktisch f\u00fcr den t\u00e4glichen Gebrauch. Handgezeichnet und einzigartig.","robots":{"index":"index","follow":"follow","max-snippet":"max-snippet:-1","max-image-preview":"max-image-preview:large","max-video-preview":"max-video-preview:-1"},"canonical":"https:\/\/syllunanew.sitework.link\/de\/produkt\/mondschmetterling-luna-motte-krafttier-quadratische-grosse-umhaengetasche\/","og_locale":"nl_NL","og_type":"article","og_title":"Mondmotte Schultertasche \u2013 Tasche mit austauschbarer Klappe mit Nachtfalter","og_description":"Schultertasche mit Mondmotte und Mondblumen in mystischem n\u00e4chtlichem Design. Austauschbare Klappe robust und praktisch f\u00fcr den t\u00e4glichen Gebrauch. Handgezeichnet und einzigartig.","og_url":"https:\/\/syllunanew.sitework.link\/de\/produkt\/mondschmetterling-luna-motte-krafttier-quadratische-grosse-umhaengetasche\/","og_site_name":"Sylluna","article_modified_time":"2026-04-06T18:56:12+00:00","og_image":[{"width":1000,"height":1000,"url":"https:\/\/syllunanew.sitework.link\/wp-content\/uploads\/2025\/11\/Schoudertas-Vierkant-Maanvlinder-Luna-Moth-Maanmot-Dierenmagie-Tas.jpg","type":"image\/jpeg"}],"twitter_card":"summary_large_image","twitter_misc":{"Geschatte leestijd":"2 minuten"},"schema":{"@context":"https:\/\/schema.org","@graph":[{"@type":"WebPage","@id":"https:\/\/syllunanew.sitework.link\/de\/produkt\/mondschmetterling-luna-motte-krafttier-quadratische-grosse-umhaengetasche\/","url":"https:\/\/syllunanew.sitework.link\/de\/produkt\/mondschmetterling-luna-motte-krafttier-quadratische-grosse-umhaengetasche\/","name":"Mondmotte Schultertasche \u2013 Tasche mit austauschbarer Klappe mit Nachtfalter","isPartOf":{"@id":"https:\/\/syllunanew.sitework.link\/de\/#website"},"primaryImageOfPage":{"@id":"https:\/\/syllunanew.sitework.link\/de\/produkt\/mondschmetterling-luna-motte-krafttier-quadratische-grosse-umhaengetasche\/#primaryimage"},"image":{"@id":"https:\/\/syllunanew.sitework.link\/de\/produkt\/mondschmetterling-luna-motte-krafttier-quadratische-grosse-umhaengetasche\/#primaryimage"},"thumbnailUrl":"https:\/\/syllunanew.sitework.link\/wp-content\/uploads\/2025\/11\/Schoudertas-Vierkant-Maanvlinder-Luna-Moth-Maanmot-Dierenmagie-Tas.jpg","datePublished":"2025-11-04T15:55:34+00:00","dateModified":"2026-04-06T18:56:12+00:00","description":"Schultertasche mit Mondmotte und Mondblumen in mystischem n\u00e4chtlichem Design. Austauschbare Klappe robust und praktisch f\u00fcr den t\u00e4glichen Gebrauch. Handgezeichnet und einzigartig.","breadcrumb":{"@id":"https:\/\/syllunanew.sitework.link\/de\/produkt\/mondschmetterling-luna-motte-krafttier-quadratische-grosse-umhaengetasche\/#breadcrumb"},"inLanguage":"nl-NL","potentialAction":[{"@type":"ReadAction","target":["https:\/\/syllunanew.sitework.link\/de\/produkt\/mondschmetterling-luna-motte-krafttier-quadratische-grosse-umhaengetasche\/"]}]},{"@type":"ImageObject","inLanguage":"nl-NL","@id":"https:\/\/syllunanew.sitework.link\/de\/produkt\/mondschmetterling-luna-motte-krafttier-quadratische-grosse-umhaengetasche\/#primaryimage","url":"https:\/\/syllunanew.sitework.link\/wp-content\/uploads\/2025\/11\/Schoudertas-Vierkant-Maanvlinder-Luna-Moth-Maanmot-Dierenmagie-Tas.jpg","contentUrl":"https:\/\/syllunanew.sitework.link\/wp-content\/uploads\/2025\/11\/Schoudertas-Vierkant-Maanvlinder-Luna-Moth-Maanmot-Dierenmagie-Tas.jpg","width":1000,"height":1000,"caption":"Quadratische Umh\u00e4ngetasche \u2013 Mondschmetterling Luna-Motte Mondmotte Tiermagie Tasche"},{"@type":"BreadcrumbList","@id":"https:\/\/syllunanew.sitework.link\/de\/produkt\/mondschmetterling-luna-motte-krafttier-quadratische-grosse-umhaengetasche\/#breadcrumb","itemListElement":[{"@type":"ListItem","position":1,"name":"Home","item":"https:\/\/syllunanew.sitework.link\/de\/"},{"@type":"ListItem","position":2,"name":"Shop","item":"https:\/\/syllunanew.sitework.link\/de\/shop\/"},{"@type":"ListItem","position":3,"name":"Mondschmetterling \u2013 Luna-Motte Krafttier \u2013 Quadratische Gro\u00dfe Umh\u00e4ngetasche"}]},{"@type":"WebSite","@id":"https:\/\/syllunanew.sitework.link\/de\/#website","url":"https:\/\/syllunanew.sitework.link\/de\/","name":"Sylluna | Magische Producten van Eigen Ontwerp","description":"Uniek. Magisch. Met betekenis.","publisher":{"@id":"https:\/\/syllunanew.sitework.link\/de\/#organization"},"alternateName":"Sylluna","potentialAction":[{"@type":"SearchAction","target":{"@type":"EntryPoint","urlTemplate":"https:\/\/syllunanew.sitework.link\/de\/?s={search_term_string}"},"query-input":{"@type":"PropertyValueSpecification","valueRequired":true,"valueName":"search_term_string"}}],"inLanguage":"nl-NL"},{"@type":"Organization","@id":"https:\/\/syllunanew.sitework.link\/de\/#organization","name":"Sylluna | Magische Producten van Eigen Ontwerp","url":"https:\/\/syllunanew.sitework.link\/de\/","logo":{"@type":"ImageObject","inLanguage":"nl-NL","@id":"https:\/\/syllunanew.sitework.link\/de\/#\/schema\/logo\/image\/","url":"https:\/\/sylluna.com\/wp-content\/uploads\/2025\/11\/Sylluna_dark-scaled.png","contentUrl":"https:\/\/sylluna.com\/wp-content\/uploads\/2025\/11\/Sylluna_dark-scaled.png","width":2500,"height":1221,"caption":"Sylluna | Magische Producten van Eigen Ontwerp"},"image":{"@id":"https:\/\/syllunanew.sitework.link\/de\/#\/schema\/logo\/image\/"}}]}},"_links":{"self":[{"href":"https:\/\/syllunanew.sitework.link\/de\/wp-json\/wp\/v2\/product\/7617","targetHints":{"allow":["GET"]}}],"collection":[{"href":"https:\/\/syllunanew.sitework.link\/de\/wp-json\/wp\/v2\/product"}],"about":[{"href":"https:\/\/syllunanew.sitework.link\/de\/wp-json\/wp\/v2\/types\/product"}],"replies":[{"embeddable":true,"href":"https:\/\/syllunanew.sitework.link\/de\/wp-json\/wp\/v2\/comments?post=7617"}],"wp:featuredmedia":[{"embeddable":true,"href":"https:\/\/syllunanew.sitework.link\/de\/wp-json\/wp\/v2\/media\/7621"}],"wp:attachment":[{"href":"https:\/\/syllunanew.sitework.link\/de\/wp-json\/wp\/v2\/media?parent=7617"}],"wp:term":[{"taxonomy":"thema","embeddable":true,"href":"https:\/\/syllunanew.sitework.link\/de\/wp-json\/wp\/v2\/thema?post=7617"},{"taxonomy":"product_brand","embeddable":true,"href":"https:\/\/syllunanew.sitework.link\/de\/wp-json\/wp\/v2\/product_brand?post=7617"},{"taxonomy":"product_cat","embeddable":true,"href":"https:\/\/syllunanew.sitework.link\/de\/wp-json\/wp\/v2\/product_cat?post=7617"},{"taxonomy":"product_tag","embeddable":true,"href":"https:\/\/syllunanew.sitework.link\/de\/wp-json\/wp\/v2\/product_tag?post=7617"}],"curies":[{"name":"wp","href":"https:\/\/api.w.org\/{rel}","templated":true}]}}