{"id":7610,"date":"2025-10-26T20:45:50","date_gmt":"2025-10-26T19:45:50","guid":{"rendered":"https:\/\/sylluna.com\/product\/briefpapier-set-bunte-dekorative-rahmen-druckbare-vorlage\/"},"modified":"2025-11-18T17:01:35","modified_gmt":"2025-11-18T16:01:35","slug":"briefpapier-set-bunte-dekorative-rahmen-druckbare-vorlage","status":"publish","type":"product","link":"https:\/\/syllunanew.sitework.link\/de\/produkt\/briefpapier-set-bunte-dekorative-rahmen-druckbare-vorlage\/","title":{"rendered":"Briefpapier-Set \u2013 Bunte Dekorative Rahmen Druckbare Vorlage"},"content":{"rendered":"<p><strong>NUTZUNGSBEDINGUNGEN:<\/strong><\/p>\n<ul>\n<li>Nur f\u00fcr den pers\u00f6nlichen Gebrauch.<\/li>\n<li>Nach dem Download unbegrenzt oft druckbar.<\/li>\n<li>Nicht f\u00fcr kommerzielle Nutzung oder Weiterverkauf bestimmt.<\/li>\n<li>Die Dateien d\u00fcrfen ohne schriftliche Erlaubnis von Sylluna nicht kopiert, ver\u00e4ndert, geteilt oder erneut ver\u00f6ffentlicht werden.<\/li>\n<\/ul>\n<p data-start=\"1628\" data-end=\"2112\">Warum dieses Printable perfekt f\u00fcr dich ist:<br data-start=\"1674\" data-end=\"1677\">Kennst du dieses Gef\u00fchl wenn du gerne schreiben oder dein Journal f\u00fcllen m\u00f6chtest aber einfach nicht das perfekte Papier finden kannst? Dieses Set l\u00f6st genau dieses Problem! Du erh\u00e4ltst sofort vier handgezeichnete Designs, die bereit sind zum Ausdrucken und zum Verwenden in Briefen, Journalen, Planern oder kreativen Projekten. Der helle Aquarellhintergrund und die dekorativen R\u00e4nder verleihen einen eleganten und fr\u00f6hlichen Ausdruck ohne deine Kreativit\u00e4t einzuschr\u00e4nken.<\/p>\n<p data-start=\"2114\" data-end=\"2362\">Egal, ob du pers\u00f6nliche Korrespondenz, Journaling, Scrapbooking oder Vision Boards gestaltest \u2013 mit diesem Printable hast du immer sch\u00f6nes Papier zur Hand. Drucke es auf A4 oder A5, nutze blanko oder linierte Seiten und lass deiner Kreativit\u00e4t freien Lauf. <\/p>\n<p data-start=\"2114\" data-end=\"2362\"><em>Die tats\u00e4chlichen Farben k\u00f6nnen aufgrund unterschiedlicher Bildschirm- und Druckereinstellungen leicht abweichen.<\/em><\/p>\n<p data-start=\"2114\" data-end=\"2362\">Sylluna\u00ae<\/p>\n","protected":false},"excerpt":{"rendered":"<p><strong>*LET OP: DIT ZIJN DIGITALE DOWNLOADS. ER WORDT GEEN FYSIEK PRODUCT VERZONDEN* <\/strong><\/p>\n<p>Vier handgezeichnete Briefpapier-Designs mit bunten dekorativen Rahmen auf einem sanften Aquarellhintergrund, perfekt f\u00fcr Briefe, Journaling oder kreative Projekte. Inklusive A4 und A5, liniert und blanko. <\/p>\n<p>Bringe Farbe in deine Briefe, dein Journal oder kreative Projekte mit diesen handgezeichneten Briefpapier-Designs. Die bunten dekorativen Rahmen auf sanften Aquarellhintergr\u00fcnden verleihen all deinen Texten und kreativen Seiten eine k\u00fcnstlerische Note. Nach der Bezahlung kannst du die Dateien direkt herunterladen und loslegen!  <\/p>\n<p><strong>SPEZIFIKATIONEN:<\/strong><\/p>\n<ul>\n<li>Marke: Sylluna<\/li>\n<li>4 Handgezeichnete &amp; Farbige Designs<\/li>\n<li>Formate: A4 &amp; A5<\/li>\n<li>Varianten: Blanko und Liniert<\/li>\n<li>Du erh\u00e4ltst 2 PDF-Dateien: eine mit allen A4-Seiten und eine mit allen A5-Seiten (jeweils in blanko- und linierten Versionen).<\/li>\n<li>Geeignet zum Drucken zu Hause auf Papier deiner Wahl<\/li>\n<\/ul>\n<p><strong>WICHTIG ZU WISSEN:<\/strong><\/p>\n<ul>\n<li>Dies ist ein digitaler Download; es wird nichts per Post versendet.<\/li>\n<li>Aufgrund des digitalen Charakters dieses Produkts sind R\u00fcckgaben oder Stornierungen leider nicht m\u00f6glich.<\/li>\n<li>Fragen oder Probleme? Kontaktiere uns gerne \u2014 wir helfen dir jederzeit weiter. <\/li>\n<\/ul>\n","protected":false},"featured_media":9054,"comment_status":"open","ping_status":"closed","template":"","meta":{"_acf_changed":false,"_glsr_average":0,"_glsr_ranking":0,"_glsr_reviews":0},"thema":[648],"product_brand":[156],"product_cat":[795],"product_tag":[796],"class_list":{"0":"post-7610","1":"product","2":"type-product","3":"status-publish","4":"has-post-thumbnail","6":"thema-journaling-de","7":"product_brand-sylluna","8":"product_cat-briefpapier-druckvorlagen","9":"product_tag-buch-der-schatten","11":"first","12":"instock","13":"downloadable","14":"virtual","15":"purchasable","16":"product-type-simple"},"acf":[],"yoast_head":"<!-- This site is optimized with the Yoast SEO plugin v27.4 - https:\/\/yoast.com\/product\/yoast-seo-wordpress\/ -->\n<title>Briefpapier-Set \u2013 Bunte Dekorative Rahmen Druckbare Vorlage | Sylluna<\/title>\n<meta name=\"description\" content=\"Briefpapier-Set \u2013 Bunte Dekorative Rahmen Druckbare Vorlage biedt alle informatie en specificaties overzichtelijk. Bestel direct online en profiteer van snelle verzending\" \/>\n<meta name=\"robots\" content=\"index, follow, max-snippet:-1, max-image-preview:large, max-video-preview:-1\" \/>\n<link rel=\"canonical\" href=\"https:\/\/syllunanew.sitework.link\/de\/produkt\/briefpapier-set-bunte-dekorative-rahmen-druckbare-vorlage\/\" \/>\n<meta property=\"og:locale\" content=\"nl_NL\" \/>\n<meta property=\"og:type\" content=\"article\" \/>\n<meta property=\"og:title\" content=\"Briefpapier-Set \u2013 Bunte Dekorative Rahmen Druckbare Vorlage | Sylluna\" \/>\n<meta property=\"og:description\" content=\"Briefpapier-Set \u2013 Bunte Dekorative Rahmen Druckbare Vorlage biedt alle informatie en specificaties overzichtelijk. Bestel direct online en profiteer van snelle verzending\" \/>\n<meta property=\"og:url\" content=\"https:\/\/syllunanew.sitework.link\/de\/produkt\/briefpapier-set-bunte-dekorative-rahmen-druckbare-vorlage\/\" \/>\n<meta property=\"og:site_name\" content=\"Sylluna\" \/>\n<meta property=\"article:modified_time\" content=\"2025-11-18T16:01:35+00:00\" \/>\n<meta property=\"og:image\" content=\"https:\/\/syllunanew.sitework.link\/wp-content\/uploads\/2025\/10\/Schrijfpapier-en-Journal-Papier-Set-Kleurrijke-Randen-1.jpg\" \/>\n\t<meta property=\"og:image:width\" content=\"1000\" \/>\n\t<meta property=\"og:image:height\" content=\"1000\" \/>\n\t<meta property=\"og:image:type\" content=\"image\/jpeg\" \/>\n<meta name=\"twitter:card\" content=\"summary_large_image\" \/>\n<meta name=\"twitter:label1\" content=\"Geschatte leestijd\" \/>\n\t<meta name=\"twitter:data1\" content=\"1 minuut\" \/>\n<script type=\"application\/ld+json\" class=\"yoast-schema-graph\">{\"@context\":\"https:\\\/\\\/schema.org\",\"@graph\":[{\"@type\":\"WebPage\",\"@id\":\"https:\\\/\\\/syllunanew.sitework.link\\\/de\\\/produkt\\\/briefpapier-set-bunte-dekorative-rahmen-druckbare-vorlage\\\/\",\"url\":\"https:\\\/\\\/syllunanew.sitework.link\\\/de\\\/produkt\\\/briefpapier-set-bunte-dekorative-rahmen-druckbare-vorlage\\\/\",\"name\":\"Briefpapier-Set \u2013 Bunte Dekorative Rahmen Druckbare Vorlage | Sylluna\",\"isPartOf\":{\"@id\":\"https:\\\/\\\/syllunanew.sitework.link\\\/de\\\/#website\"},\"primaryImageOfPage\":{\"@id\":\"https:\\\/\\\/syllunanew.sitework.link\\\/de\\\/produkt\\\/briefpapier-set-bunte-dekorative-rahmen-druckbare-vorlage\\\/#primaryimage\"},\"image\":{\"@id\":\"https:\\\/\\\/syllunanew.sitework.link\\\/de\\\/produkt\\\/briefpapier-set-bunte-dekorative-rahmen-druckbare-vorlage\\\/#primaryimage\"},\"thumbnailUrl\":\"https:\\\/\\\/syllunanew.sitework.link\\\/wp-content\\\/uploads\\\/2025\\\/10\\\/Schrijfpapier-en-Journal-Papier-Set-Kleurrijke-Randen-1.jpg\",\"datePublished\":\"2025-10-26T19:45:50+00:00\",\"dateModified\":\"2025-11-18T16:01:35+00:00\",\"description\":\"Briefpapier-Set \u2013 Bunte Dekorative Rahmen Druckbare Vorlage biedt alle informatie en specificaties overzichtelijk. Bestel direct online en profiteer van snelle verzending\",\"breadcrumb\":{\"@id\":\"https:\\\/\\\/syllunanew.sitework.link\\\/de\\\/produkt\\\/briefpapier-set-bunte-dekorative-rahmen-druckbare-vorlage\\\/#breadcrumb\"},\"inLanguage\":\"nl-NL\",\"potentialAction\":[{\"@type\":\"ReadAction\",\"target\":[\"https:\\\/\\\/syllunanew.sitework.link\\\/de\\\/produkt\\\/briefpapier-set-bunte-dekorative-rahmen-druckbare-vorlage\\\/\"]}]},{\"@type\":\"ImageObject\",\"inLanguage\":\"nl-NL\",\"@id\":\"https:\\\/\\\/syllunanew.sitework.link\\\/de\\\/produkt\\\/briefpapier-set-bunte-dekorative-rahmen-druckbare-vorlage\\\/#primaryimage\",\"url\":\"https:\\\/\\\/syllunanew.sitework.link\\\/wp-content\\\/uploads\\\/2025\\\/10\\\/Schrijfpapier-en-Journal-Papier-Set-Kleurrijke-Randen-1.jpg\",\"contentUrl\":\"https:\\\/\\\/syllunanew.sitework.link\\\/wp-content\\\/uploads\\\/2025\\\/10\\\/Schrijfpapier-en-Journal-Papier-Set-Kleurrijke-Randen-1.jpg\",\"width\":1000,\"height\":1000,\"caption\":\"Schreib- und Journalpapier-Set \u2013 Bunte R\u00e4nder\"},{\"@type\":\"BreadcrumbList\",\"@id\":\"https:\\\/\\\/syllunanew.sitework.link\\\/de\\\/produkt\\\/briefpapier-set-bunte-dekorative-rahmen-druckbare-vorlage\\\/#breadcrumb\",\"itemListElement\":[{\"@type\":\"ListItem\",\"position\":1,\"name\":\"Home\",\"item\":\"https:\\\/\\\/syllunanew.sitework.link\\\/de\\\/\"},{\"@type\":\"ListItem\",\"position\":2,\"name\":\"Shop\",\"item\":\"https:\\\/\\\/syllunanew.sitework.link\\\/de\\\/shop\\\/\"},{\"@type\":\"ListItem\",\"position\":3,\"name\":\"Briefpapier-Set \u2013 Bunte Dekorative Rahmen Druckbare Vorlage\"}]},{\"@type\":\"WebSite\",\"@id\":\"https:\\\/\\\/syllunanew.sitework.link\\\/de\\\/#website\",\"url\":\"https:\\\/\\\/syllunanew.sitework.link\\\/de\\\/\",\"name\":\"Sylluna | Magische Producten van Eigen Ontwerp\",\"description\":\"Uniek. Magisch. Met betekenis.\",\"publisher\":{\"@id\":\"https:\\\/\\\/syllunanew.sitework.link\\\/de\\\/#organization\"},\"alternateName\":\"Sylluna\",\"potentialAction\":[{\"@type\":\"SearchAction\",\"target\":{\"@type\":\"EntryPoint\",\"urlTemplate\":\"https:\\\/\\\/syllunanew.sitework.link\\\/de\\\/?s={search_term_string}\"},\"query-input\":{\"@type\":\"PropertyValueSpecification\",\"valueRequired\":true,\"valueName\":\"search_term_string\"}}],\"inLanguage\":\"nl-NL\"},{\"@type\":\"Organization\",\"@id\":\"https:\\\/\\\/syllunanew.sitework.link\\\/de\\\/#organization\",\"name\":\"Sylluna | Magische Producten van Eigen Ontwerp\",\"url\":\"https:\\\/\\\/syllunanew.sitework.link\\\/de\\\/\",\"logo\":{\"@type\":\"ImageObject\",\"inLanguage\":\"nl-NL\",\"@id\":\"https:\\\/\\\/syllunanew.sitework.link\\\/de\\\/#\\\/schema\\\/logo\\\/image\\\/\",\"url\":\"https:\\\/\\\/sylluna.com\\\/wp-content\\\/uploads\\\/2025\\\/11\\\/Sylluna_dark-scaled.png\",\"contentUrl\":\"https:\\\/\\\/sylluna.com\\\/wp-content\\\/uploads\\\/2025\\\/11\\\/Sylluna_dark-scaled.png\",\"width\":2500,\"height\":1221,\"caption\":\"Sylluna | Magische Producten van Eigen Ontwerp\"},\"image\":{\"@id\":\"https:\\\/\\\/syllunanew.sitework.link\\\/de\\\/#\\\/schema\\\/logo\\\/image\\\/\"}}]}<\/script>\n<!-- \/ Yoast SEO plugin. -->","yoast_head_json":{"title":"Briefpapier-Set \u2013 Bunte Dekorative Rahmen Druckbare Vorlage | Sylluna","description":"Briefpapier-Set \u2013 Bunte Dekorative Rahmen Druckbare Vorlage biedt alle informatie en specificaties overzichtelijk. Bestel direct online en profiteer van snelle verzending","robots":{"index":"index","follow":"follow","max-snippet":"max-snippet:-1","max-image-preview":"max-image-preview:large","max-video-preview":"max-video-preview:-1"},"canonical":"https:\/\/syllunanew.sitework.link\/de\/produkt\/briefpapier-set-bunte-dekorative-rahmen-druckbare-vorlage\/","og_locale":"nl_NL","og_type":"article","og_title":"Briefpapier-Set \u2013 Bunte Dekorative Rahmen Druckbare Vorlage | Sylluna","og_description":"Briefpapier-Set \u2013 Bunte Dekorative Rahmen Druckbare Vorlage biedt alle informatie en specificaties overzichtelijk. Bestel direct online en profiteer van snelle verzending","og_url":"https:\/\/syllunanew.sitework.link\/de\/produkt\/briefpapier-set-bunte-dekorative-rahmen-druckbare-vorlage\/","og_site_name":"Sylluna","article_modified_time":"2025-11-18T16:01:35+00:00","og_image":[{"width":1000,"height":1000,"url":"https:\/\/syllunanew.sitework.link\/wp-content\/uploads\/2025\/10\/Schrijfpapier-en-Journal-Papier-Set-Kleurrijke-Randen-1.jpg","type":"image\/jpeg"}],"twitter_card":"summary_large_image","twitter_misc":{"Geschatte leestijd":"1 minuut"},"schema":{"@context":"https:\/\/schema.org","@graph":[{"@type":"WebPage","@id":"https:\/\/syllunanew.sitework.link\/de\/produkt\/briefpapier-set-bunte-dekorative-rahmen-druckbare-vorlage\/","url":"https:\/\/syllunanew.sitework.link\/de\/produkt\/briefpapier-set-bunte-dekorative-rahmen-druckbare-vorlage\/","name":"Briefpapier-Set \u2013 Bunte Dekorative Rahmen Druckbare Vorlage | Sylluna","isPartOf":{"@id":"https:\/\/syllunanew.sitework.link\/de\/#website"},"primaryImageOfPage":{"@id":"https:\/\/syllunanew.sitework.link\/de\/produkt\/briefpapier-set-bunte-dekorative-rahmen-druckbare-vorlage\/#primaryimage"},"image":{"@id":"https:\/\/syllunanew.sitework.link\/de\/produkt\/briefpapier-set-bunte-dekorative-rahmen-druckbare-vorlage\/#primaryimage"},"thumbnailUrl":"https:\/\/syllunanew.sitework.link\/wp-content\/uploads\/2025\/10\/Schrijfpapier-en-Journal-Papier-Set-Kleurrijke-Randen-1.jpg","datePublished":"2025-10-26T19:45:50+00:00","dateModified":"2025-11-18T16:01:35+00:00","description":"Briefpapier-Set \u2013 Bunte Dekorative Rahmen Druckbare Vorlage biedt alle informatie en specificaties overzichtelijk. Bestel direct online en profiteer van snelle verzending","breadcrumb":{"@id":"https:\/\/syllunanew.sitework.link\/de\/produkt\/briefpapier-set-bunte-dekorative-rahmen-druckbare-vorlage\/#breadcrumb"},"inLanguage":"nl-NL","potentialAction":[{"@type":"ReadAction","target":["https:\/\/syllunanew.sitework.link\/de\/produkt\/briefpapier-set-bunte-dekorative-rahmen-druckbare-vorlage\/"]}]},{"@type":"ImageObject","inLanguage":"nl-NL","@id":"https:\/\/syllunanew.sitework.link\/de\/produkt\/briefpapier-set-bunte-dekorative-rahmen-druckbare-vorlage\/#primaryimage","url":"https:\/\/syllunanew.sitework.link\/wp-content\/uploads\/2025\/10\/Schrijfpapier-en-Journal-Papier-Set-Kleurrijke-Randen-1.jpg","contentUrl":"https:\/\/syllunanew.sitework.link\/wp-content\/uploads\/2025\/10\/Schrijfpapier-en-Journal-Papier-Set-Kleurrijke-Randen-1.jpg","width":1000,"height":1000,"caption":"Schreib- und Journalpapier-Set \u2013 Bunte R\u00e4nder"},{"@type":"BreadcrumbList","@id":"https:\/\/syllunanew.sitework.link\/de\/produkt\/briefpapier-set-bunte-dekorative-rahmen-druckbare-vorlage\/#breadcrumb","itemListElement":[{"@type":"ListItem","position":1,"name":"Home","item":"https:\/\/syllunanew.sitework.link\/de\/"},{"@type":"ListItem","position":2,"name":"Shop","item":"https:\/\/syllunanew.sitework.link\/de\/shop\/"},{"@type":"ListItem","position":3,"name":"Briefpapier-Set \u2013 Bunte Dekorative Rahmen Druckbare Vorlage"}]},{"@type":"WebSite","@id":"https:\/\/syllunanew.sitework.link\/de\/#website","url":"https:\/\/syllunanew.sitework.link\/de\/","name":"Sylluna | Magische Producten van Eigen Ontwerp","description":"Uniek. Magisch. Met betekenis.","publisher":{"@id":"https:\/\/syllunanew.sitework.link\/de\/#organization"},"alternateName":"Sylluna","potentialAction":[{"@type":"SearchAction","target":{"@type":"EntryPoint","urlTemplate":"https:\/\/syllunanew.sitework.link\/de\/?s={search_term_string}"},"query-input":{"@type":"PropertyValueSpecification","valueRequired":true,"valueName":"search_term_string"}}],"inLanguage":"nl-NL"},{"@type":"Organization","@id":"https:\/\/syllunanew.sitework.link\/de\/#organization","name":"Sylluna | Magische Producten van Eigen Ontwerp","url":"https:\/\/syllunanew.sitework.link\/de\/","logo":{"@type":"ImageObject","inLanguage":"nl-NL","@id":"https:\/\/syllunanew.sitework.link\/de\/#\/schema\/logo\/image\/","url":"https:\/\/sylluna.com\/wp-content\/uploads\/2025\/11\/Sylluna_dark-scaled.png","contentUrl":"https:\/\/sylluna.com\/wp-content\/uploads\/2025\/11\/Sylluna_dark-scaled.png","width":2500,"height":1221,"caption":"Sylluna | Magische Producten van Eigen Ontwerp"},"image":{"@id":"https:\/\/syllunanew.sitework.link\/de\/#\/schema\/logo\/image\/"}}]}},"_links":{"self":[{"href":"https:\/\/syllunanew.sitework.link\/de\/wp-json\/wp\/v2\/product\/7610","targetHints":{"allow":["GET"]}}],"collection":[{"href":"https:\/\/syllunanew.sitework.link\/de\/wp-json\/wp\/v2\/product"}],"about":[{"href":"https:\/\/syllunanew.sitework.link\/de\/wp-json\/wp\/v2\/types\/product"}],"replies":[{"embeddable":true,"href":"https:\/\/syllunanew.sitework.link\/de\/wp-json\/wp\/v2\/comments?post=7610"}],"wp:featuredmedia":[{"embeddable":true,"href":"https:\/\/syllunanew.sitework.link\/de\/wp-json\/wp\/v2\/media\/9054"}],"wp:attachment":[{"href":"https:\/\/syllunanew.sitework.link\/de\/wp-json\/wp\/v2\/media?parent=7610"}],"wp:term":[{"taxonomy":"thema","embeddable":true,"href":"https:\/\/syllunanew.sitework.link\/de\/wp-json\/wp\/v2\/thema?post=7610"},{"taxonomy":"product_brand","embeddable":true,"href":"https:\/\/syllunanew.sitework.link\/de\/wp-json\/wp\/v2\/product_brand?post=7610"},{"taxonomy":"product_cat","embeddable":true,"href":"https:\/\/syllunanew.sitework.link\/de\/wp-json\/wp\/v2\/product_cat?post=7610"},{"taxonomy":"product_tag","embeddable":true,"href":"https:\/\/syllunanew.sitework.link\/de\/wp-json\/wp\/v2\/product_tag?post=7610"}],"curies":[{"name":"wp","href":"https:\/\/api.w.org\/{rel}","templated":true}]}}