{"id":5990,"date":"2025-09-06T13:28:35","date_gmt":"2025-09-06T11:28:35","guid":{"rendered":"https:\/\/sylluna.com\/product\/amber-morning-star-raeucherwerk\/"},"modified":"2025-09-06T13:28:35","modified_gmt":"2025-09-06T11:28:35","slug":"amber-morning-star-raeucherwerk","status":"publish","type":"product","link":"https:\/\/syllunanew.sitework.link\/de\/produkt\/amber-morning-star-raeucherwerk\/","title":{"rendered":"Amber Morning Star R\u00e4ucherwerk"},"content":{"rendered":"<p>Morning Star R\u00e4ucherwerk geh\u00f6rt zu meinen pers\u00f6nlichen Favoriten. Es ist ein sanftes R\u00e4ucherwerk, das weniger dominant ist als viele andere Marken. Die D\u00fcfte sind subtiler. Nichts ist so pers\u00f6nlich wie Geruch. D\u00fcfte wecken oft bestimmte Gef\u00fchle und Erinnerungen und sind entscheidend f\u00fcr die Atmosph\u00e4re eines Raumes.    <\/p>\n<p>Auch der Duft von R\u00e4ucherwerk ist sehr pers\u00f6nlich. Morning Star R\u00e4ucherwerk k\u00f6nnte etwas f\u00fcr dich sein, wenn du nach sanfteren, subtileren D\u00fcften und St\u00e4bchen suchst, die weniger Rauch erzeugen. <\/p>\n<p>Dieses R\u00e4ucherwerk ist eine traditionelle japanische R\u00e4ucherware, die f\u00fcr ihre Reinheit bekannt ist. Die St\u00e4bchen enthalten keinen Bambuskern, wodurch weniger Rauch entsteht und kein verbrannter Holzgeruch wahrnehmbar ist. Dieses R\u00e4ucherwerk besteht aus reinen, gepressten R\u00e4ucherst\u00e4bchen.  <\/p>\n<p>Die Marke hat ihren Ursprung in Japan und wird vom Unternehmen Nippon Kodo hergestellt. Der urspr\u00fcngliche Gr\u00fcnder dieses Unternehmens, Jyuemon Takai, war ein geschickter R\u00e4uchermacher, der unter anderem das Privileg hatte, R\u00e4ucherwerk an den Kaiser von Japan zu liefern. Viele der von ihm entwickelten D\u00fcfte und Rezepturen wurden in die Morning Star R\u00e4ucherlinie \u00fcbernommen.  <\/p>\n<p>Dieses Unternehmen stellt seit \u00fcber 400 Jahren traditionelle japanische R\u00e4ucherware her, und das R\u00e4ucherwerk ist heute als perfektes Alltagsr\u00e4ucherwerk bekannt.<\/p>\n","protected":false},"excerpt":{"rendered":"<p>Amber-R\u00e4ucherwerk der japanischen Marke Morning Star.<\/p>\n<h4><strong>SPEZIFIKATIONEN:<\/strong><\/h4>\n<ul>\n<li>Traditionelles japanisches R\u00e4ucherwerk.<\/li>\n<li>St\u00e4bchen ohne Bambuskern (weniger Rauch \/ reine Verbrennung).<\/li>\n<li>Jede Schachtel enth\u00e4lt 50 R\u00e4ucherst\u00e4bchen.<\/li>\n<li>Brenndauer \u00b1 25 Minuten.<\/li>\n<li>Inklusive eines keramischen R\u00e4ucherst\u00e4bchenhalters.<\/li>\n<\/ul>\n<h4><strong>\u00dcBER DEN DUFT<\/strong><\/h4>\n<p>Amber-R\u00e4ucherwerk hat einen s\u00fc\u00dfen, vollen und reichen Duft. Es ist ein Duft zum Tr\u00e4umen und f\u00f6rdert Ruhe, W\u00e4rme und Freundlichkeit. Ein perfektes R\u00e4ucherwerk, wenn du eine entspannte Atmosph\u00e4re schaffen m\u00f6chtest. Es ist ein sehr angenehmer und aufmunternder Duft.   <\/p>\n<p>Der Ursprung von echtem Amber liegt bei Pottwalen. Aus ihren D\u00e4rmen kann ein wachsartiges Produkt gewonnen werden, aus dem Amberduftstoffe extrahiert werden k\u00f6nnen. Da dies ein sehr seltenes Produkt ist und ethisch nicht vertretbar, wird Amber auch pflanzlich hergestellt. Dieser Duft kommt dem Original sehr nahe. F\u00fcr dieses R\u00e4ucherwerk wurde die pflanzliche Methode verwendet. Die Duftstoffe k\u00f6nnen zum Beispiel aus dem Harz der Zistrose, aber auch aus Ambrettesamen und Engelwurzextrakten gewonnen werden.     <\/p>\n<p>Dieses R\u00e4ucherwerk ist vollkommen unbedenklich und steht in keinem Zusammenhang mit Pottwalen.<\/p>\n<h4><img decoding=\"async\" class=\"alignnone wp-image-2867\" src=\"https:\/\/sylluna.com\/wp-content\/uploads\/2025\/08\/Shipping-General-Webshop-SBDC-300x233.png\" alt=\"\" width=\"100\" height=\"78\" srcset=\"https:\/\/syllunanew.sitework.link\/wp-content\/uploads\/2025\/08\/Shipping-General-Webshop-SBDC-300x233.png 300w, https:\/\/syllunanew.sitework.link\/wp-content\/uploads\/2025\/08\/Shipping-General-Webshop-SBDC.png 757w\" sizes=\"(max-width: 100px) 100vw, 100px\" \/><strong>SHIPPING:<\/strong> 1-3 business days.<\/h4>\n","protected":false},"featured_media":3647,"comment_status":"open","ping_status":"closed","template":"","meta":{"_acf_changed":false,"_glsr_average":0,"_glsr_ranking":0,"_glsr_reviews":0},"thema":[251,250,349],"product_brand":[419],"product_cat":[581],"product_tag":[],"class_list":{"0":"post-5990","1":"product","2":"type-product","3":"status-publish","4":"has-post-thumbnail","6":"thema-feuer-elemente-themen","7":"thema-luft-elemente-themen","8":"thema-spiritualitat-produkttyp","9":"product_brand-morning-star","10":"product_cat-raucherwerk-haus-wohnen-produkttyp","11":"product_shipping_class-mailbox-package","13":"first","14":"instock","15":"shipping-taxable","16":"purchasable","17":"product-type-simple"},"acf":[],"yoast_head":"<!-- This site is optimized with the Yoast SEO plugin v27.4 - https:\/\/yoast.com\/product\/yoast-seo-wordpress\/ -->\n<title>Amber Morning Star R\u00e4ucherwerk | Sylluna<\/title>\n<meta name=\"description\" content=\"Amber Morning Star R\u00e4ucherwerk biedt alle informatie en specificaties overzichtelijk. Bestel direct online en profiteer van snelle verzending\" \/>\n<meta name=\"robots\" content=\"index, follow, max-snippet:-1, max-image-preview:large, max-video-preview:-1\" \/>\n<link rel=\"canonical\" href=\"https:\/\/syllunanew.sitework.link\/de\/produkt\/amber-morning-star-raeucherwerk\/\" \/>\n<meta property=\"og:locale\" content=\"nl_NL\" \/>\n<meta property=\"og:type\" content=\"article\" \/>\n<meta property=\"og:title\" content=\"Amber Morning Star R\u00e4ucherwerk | Sylluna\" \/>\n<meta property=\"og:description\" content=\"Amber Morning Star R\u00e4ucherwerk biedt alle informatie en specificaties overzichtelijk. Bestel direct online en profiteer van snelle verzending\" \/>\n<meta property=\"og:url\" content=\"https:\/\/syllunanew.sitework.link\/de\/produkt\/amber-morning-star-raeucherwerk\/\" \/>\n<meta property=\"og:site_name\" content=\"Sylluna\" \/>\n<meta property=\"og:image\" content=\"https:\/\/syllunanew.sitework.link\/wp-content\/uploads\/2025\/09\/Amber-Wierook-Japanse-Wierook-Spiritueel-Morning-Star-1.jpg\" \/>\n\t<meta property=\"og:image:width\" content=\"1000\" \/>\n\t<meta property=\"og:image:height\" content=\"1000\" \/>\n\t<meta property=\"og:image:type\" content=\"image\/jpeg\" \/>\n<meta name=\"twitter:card\" content=\"summary_large_image\" \/>\n<meta name=\"twitter:label1\" content=\"Geschatte leestijd\" \/>\n\t<meta name=\"twitter:data1\" content=\"1 minuut\" \/>\n<script type=\"application\/ld+json\" class=\"yoast-schema-graph\">{\"@context\":\"https:\\\/\\\/schema.org\",\"@graph\":[{\"@type\":\"WebPage\",\"@id\":\"https:\\\/\\\/syllunanew.sitework.link\\\/de\\\/produkt\\\/amber-morning-star-raeucherwerk\\\/\",\"url\":\"https:\\\/\\\/syllunanew.sitework.link\\\/de\\\/produkt\\\/amber-morning-star-raeucherwerk\\\/\",\"name\":\"Amber Morning Star R\u00e4ucherwerk | Sylluna\",\"isPartOf\":{\"@id\":\"https:\\\/\\\/syllunanew.sitework.link\\\/de\\\/#website\"},\"primaryImageOfPage\":{\"@id\":\"https:\\\/\\\/syllunanew.sitework.link\\\/de\\\/produkt\\\/amber-morning-star-raeucherwerk\\\/#primaryimage\"},\"image\":{\"@id\":\"https:\\\/\\\/syllunanew.sitework.link\\\/de\\\/produkt\\\/amber-morning-star-raeucherwerk\\\/#primaryimage\"},\"thumbnailUrl\":\"https:\\\/\\\/syllunanew.sitework.link\\\/wp-content\\\/uploads\\\/2025\\\/09\\\/Amber-Wierook-Japanse-Wierook-Spiritueel-Morning-Star-1.jpg\",\"datePublished\":\"2025-09-06T11:28:35+00:00\",\"description\":\"Amber Morning Star R\u00e4ucherwerk biedt alle informatie en specificaties overzichtelijk. Bestel direct online en profiteer van snelle verzending\",\"breadcrumb\":{\"@id\":\"https:\\\/\\\/syllunanew.sitework.link\\\/de\\\/produkt\\\/amber-morning-star-raeucherwerk\\\/#breadcrumb\"},\"inLanguage\":\"nl-NL\",\"potentialAction\":[{\"@type\":\"ReadAction\",\"target\":[\"https:\\\/\\\/syllunanew.sitework.link\\\/de\\\/produkt\\\/amber-morning-star-raeucherwerk\\\/\"]}]},{\"@type\":\"ImageObject\",\"inLanguage\":\"nl-NL\",\"@id\":\"https:\\\/\\\/syllunanew.sitework.link\\\/de\\\/produkt\\\/amber-morning-star-raeucherwerk\\\/#primaryimage\",\"url\":\"https:\\\/\\\/syllunanew.sitework.link\\\/wp-content\\\/uploads\\\/2025\\\/09\\\/Amber-Wierook-Japanse-Wierook-Spiritueel-Morning-Star-1.jpg\",\"contentUrl\":\"https:\\\/\\\/syllunanew.sitework.link\\\/wp-content\\\/uploads\\\/2025\\\/09\\\/Amber-Wierook-Japanse-Wierook-Spiritueel-Morning-Star-1.jpg\",\"width\":1000,\"height\":1000,\"caption\":\"Amber-R\u00e4ucherwerk Japanisches R\u00e4ucherwerk Spirituell Morning Star-1\"},{\"@type\":\"BreadcrumbList\",\"@id\":\"https:\\\/\\\/syllunanew.sitework.link\\\/de\\\/produkt\\\/amber-morning-star-raeucherwerk\\\/#breadcrumb\",\"itemListElement\":[{\"@type\":\"ListItem\",\"position\":1,\"name\":\"Home\",\"item\":\"https:\\\/\\\/syllunanew.sitework.link\\\/de\\\/\"},{\"@type\":\"ListItem\",\"position\":2,\"name\":\"Shop\",\"item\":\"https:\\\/\\\/syllunanew.sitework.link\\\/de\\\/shop\\\/\"},{\"@type\":\"ListItem\",\"position\":3,\"name\":\"Amber Morning Star R\u00e4ucherwerk\"}]},{\"@type\":\"WebSite\",\"@id\":\"https:\\\/\\\/syllunanew.sitework.link\\\/de\\\/#website\",\"url\":\"https:\\\/\\\/syllunanew.sitework.link\\\/de\\\/\",\"name\":\"Sylluna | Magische Producten van Eigen Ontwerp\",\"description\":\"Uniek. Magisch. Met betekenis.\",\"publisher\":{\"@id\":\"https:\\\/\\\/syllunanew.sitework.link\\\/de\\\/#organization\"},\"alternateName\":\"Sylluna\",\"potentialAction\":[{\"@type\":\"SearchAction\",\"target\":{\"@type\":\"EntryPoint\",\"urlTemplate\":\"https:\\\/\\\/syllunanew.sitework.link\\\/de\\\/?s={search_term_string}\"},\"query-input\":{\"@type\":\"PropertyValueSpecification\",\"valueRequired\":true,\"valueName\":\"search_term_string\"}}],\"inLanguage\":\"nl-NL\"},{\"@type\":\"Organization\",\"@id\":\"https:\\\/\\\/syllunanew.sitework.link\\\/de\\\/#organization\",\"name\":\"Sylluna | Magische Producten van Eigen Ontwerp\",\"url\":\"https:\\\/\\\/syllunanew.sitework.link\\\/de\\\/\",\"logo\":{\"@type\":\"ImageObject\",\"inLanguage\":\"nl-NL\",\"@id\":\"https:\\\/\\\/syllunanew.sitework.link\\\/de\\\/#\\\/schema\\\/logo\\\/image\\\/\",\"url\":\"https:\\\/\\\/sylluna.com\\\/wp-content\\\/uploads\\\/2025\\\/11\\\/Sylluna_dark-scaled.png\",\"contentUrl\":\"https:\\\/\\\/sylluna.com\\\/wp-content\\\/uploads\\\/2025\\\/11\\\/Sylluna_dark-scaled.png\",\"width\":2500,\"height\":1221,\"caption\":\"Sylluna | Magische Producten van Eigen Ontwerp\"},\"image\":{\"@id\":\"https:\\\/\\\/syllunanew.sitework.link\\\/de\\\/#\\\/schema\\\/logo\\\/image\\\/\"}}]}<\/script>\n<!-- \/ Yoast SEO plugin. -->","yoast_head_json":{"title":"Amber Morning Star R\u00e4ucherwerk | Sylluna","description":"Amber Morning Star R\u00e4ucherwerk biedt alle informatie en specificaties overzichtelijk. Bestel direct online en profiteer van snelle verzending","robots":{"index":"index","follow":"follow","max-snippet":"max-snippet:-1","max-image-preview":"max-image-preview:large","max-video-preview":"max-video-preview:-1"},"canonical":"https:\/\/syllunanew.sitework.link\/de\/produkt\/amber-morning-star-raeucherwerk\/","og_locale":"nl_NL","og_type":"article","og_title":"Amber Morning Star R\u00e4ucherwerk | Sylluna","og_description":"Amber Morning Star R\u00e4ucherwerk biedt alle informatie en specificaties overzichtelijk. Bestel direct online en profiteer van snelle verzending","og_url":"https:\/\/syllunanew.sitework.link\/de\/produkt\/amber-morning-star-raeucherwerk\/","og_site_name":"Sylluna","og_image":[{"width":1000,"height":1000,"url":"https:\/\/syllunanew.sitework.link\/wp-content\/uploads\/2025\/09\/Amber-Wierook-Japanse-Wierook-Spiritueel-Morning-Star-1.jpg","type":"image\/jpeg"}],"twitter_card":"summary_large_image","twitter_misc":{"Geschatte leestijd":"1 minuut"},"schema":{"@context":"https:\/\/schema.org","@graph":[{"@type":"WebPage","@id":"https:\/\/syllunanew.sitework.link\/de\/produkt\/amber-morning-star-raeucherwerk\/","url":"https:\/\/syllunanew.sitework.link\/de\/produkt\/amber-morning-star-raeucherwerk\/","name":"Amber Morning Star R\u00e4ucherwerk | Sylluna","isPartOf":{"@id":"https:\/\/syllunanew.sitework.link\/de\/#website"},"primaryImageOfPage":{"@id":"https:\/\/syllunanew.sitework.link\/de\/produkt\/amber-morning-star-raeucherwerk\/#primaryimage"},"image":{"@id":"https:\/\/syllunanew.sitework.link\/de\/produkt\/amber-morning-star-raeucherwerk\/#primaryimage"},"thumbnailUrl":"https:\/\/syllunanew.sitework.link\/wp-content\/uploads\/2025\/09\/Amber-Wierook-Japanse-Wierook-Spiritueel-Morning-Star-1.jpg","datePublished":"2025-09-06T11:28:35+00:00","description":"Amber Morning Star R\u00e4ucherwerk biedt alle informatie en specificaties overzichtelijk. Bestel direct online en profiteer van snelle verzending","breadcrumb":{"@id":"https:\/\/syllunanew.sitework.link\/de\/produkt\/amber-morning-star-raeucherwerk\/#breadcrumb"},"inLanguage":"nl-NL","potentialAction":[{"@type":"ReadAction","target":["https:\/\/syllunanew.sitework.link\/de\/produkt\/amber-morning-star-raeucherwerk\/"]}]},{"@type":"ImageObject","inLanguage":"nl-NL","@id":"https:\/\/syllunanew.sitework.link\/de\/produkt\/amber-morning-star-raeucherwerk\/#primaryimage","url":"https:\/\/syllunanew.sitework.link\/wp-content\/uploads\/2025\/09\/Amber-Wierook-Japanse-Wierook-Spiritueel-Morning-Star-1.jpg","contentUrl":"https:\/\/syllunanew.sitework.link\/wp-content\/uploads\/2025\/09\/Amber-Wierook-Japanse-Wierook-Spiritueel-Morning-Star-1.jpg","width":1000,"height":1000,"caption":"Amber-R\u00e4ucherwerk Japanisches R\u00e4ucherwerk Spirituell Morning Star-1"},{"@type":"BreadcrumbList","@id":"https:\/\/syllunanew.sitework.link\/de\/produkt\/amber-morning-star-raeucherwerk\/#breadcrumb","itemListElement":[{"@type":"ListItem","position":1,"name":"Home","item":"https:\/\/syllunanew.sitework.link\/de\/"},{"@type":"ListItem","position":2,"name":"Shop","item":"https:\/\/syllunanew.sitework.link\/de\/shop\/"},{"@type":"ListItem","position":3,"name":"Amber Morning Star R\u00e4ucherwerk"}]},{"@type":"WebSite","@id":"https:\/\/syllunanew.sitework.link\/de\/#website","url":"https:\/\/syllunanew.sitework.link\/de\/","name":"Sylluna | Magische Producten van Eigen Ontwerp","description":"Uniek. Magisch. Met betekenis.","publisher":{"@id":"https:\/\/syllunanew.sitework.link\/de\/#organization"},"alternateName":"Sylluna","potentialAction":[{"@type":"SearchAction","target":{"@type":"EntryPoint","urlTemplate":"https:\/\/syllunanew.sitework.link\/de\/?s={search_term_string}"},"query-input":{"@type":"PropertyValueSpecification","valueRequired":true,"valueName":"search_term_string"}}],"inLanguage":"nl-NL"},{"@type":"Organization","@id":"https:\/\/syllunanew.sitework.link\/de\/#organization","name":"Sylluna | Magische Producten van Eigen Ontwerp","url":"https:\/\/syllunanew.sitework.link\/de\/","logo":{"@type":"ImageObject","inLanguage":"nl-NL","@id":"https:\/\/syllunanew.sitework.link\/de\/#\/schema\/logo\/image\/","url":"https:\/\/sylluna.com\/wp-content\/uploads\/2025\/11\/Sylluna_dark-scaled.png","contentUrl":"https:\/\/sylluna.com\/wp-content\/uploads\/2025\/11\/Sylluna_dark-scaled.png","width":2500,"height":1221,"caption":"Sylluna | Magische Producten van Eigen Ontwerp"},"image":{"@id":"https:\/\/syllunanew.sitework.link\/de\/#\/schema\/logo\/image\/"}}]}},"_links":{"self":[{"href":"https:\/\/syllunanew.sitework.link\/de\/wp-json\/wp\/v2\/product\/5990","targetHints":{"allow":["GET"]}}],"collection":[{"href":"https:\/\/syllunanew.sitework.link\/de\/wp-json\/wp\/v2\/product"}],"about":[{"href":"https:\/\/syllunanew.sitework.link\/de\/wp-json\/wp\/v2\/types\/product"}],"replies":[{"embeddable":true,"href":"https:\/\/syllunanew.sitework.link\/de\/wp-json\/wp\/v2\/comments?post=5990"}],"wp:featuredmedia":[{"embeddable":true,"href":"https:\/\/syllunanew.sitework.link\/de\/wp-json\/wp\/v2\/media\/3647"}],"wp:attachment":[{"href":"https:\/\/syllunanew.sitework.link\/de\/wp-json\/wp\/v2\/media?parent=5990"}],"wp:term":[{"taxonomy":"thema","embeddable":true,"href":"https:\/\/syllunanew.sitework.link\/de\/wp-json\/wp\/v2\/thema?post=5990"},{"taxonomy":"product_brand","embeddable":true,"href":"https:\/\/syllunanew.sitework.link\/de\/wp-json\/wp\/v2\/product_brand?post=5990"},{"taxonomy":"product_cat","embeddable":true,"href":"https:\/\/syllunanew.sitework.link\/de\/wp-json\/wp\/v2\/product_cat?post=5990"},{"taxonomy":"product_tag","embeddable":true,"href":"https:\/\/syllunanew.sitework.link\/de\/wp-json\/wp\/v2\/product_tag?post=5990"}],"curies":[{"name":"wp","href":"https:\/\/api.w.org\/{rel}","templated":true}]}}