{"id":47493,"date":"2026-04-14T13:40:45","date_gmt":"2026-04-14T11:40:45","guid":{"rendered":"https:\/\/sylluna.com\/?post_type=product&#038;p=47493"},"modified":"2026-04-14T14:08:39","modified_gmt":"2026-04-14T12:08:39","slug":"auswechselbare-taschenklappe-magie-des-delfins","status":"publish","type":"product","link":"https:\/\/syllunanew.sitework.link\/de\/produkt\/auswechselbare-taschenklappe-magie-des-delfins\/","title":{"rendered":"Auswechselbare Taschenklappe | Magie des Delfins"},"content":{"rendered":"<h3><strong>SPEZIFIKATIONEN:<\/strong><\/h3>\n<ul>\n<li>Marke: Sylluna\u00ae.<\/li>\n<li>Taschenklappe mit Druck einer handgezeichneten Illustration.<\/li>\n<li>Die Taschenklappe ist in verschiedenen Gr\u00f6\u00dfen erh\u00e4ltlich.<\/li>\n<li>Anbringen, abnehmen und austauschen \u00fcber starkes Klettband.<\/li>\n<li>Professioneller Druck mit hochwertigen Drucktechniken.<\/li>\n<li>Der Druck ist wasserfest.<\/li>\n<li>Die Taschenklappe wird in den Niederlanden hergestellt.<\/li>\n<\/ul>\n<p>Mit den abnehmbaren Klappen kannst du die Taschendesigns von Sylluna endlos variieren. Aus R\u00fccksicht auf die Umwelt verstehen wir, dass es nicht sinnvoll ist, viele Taschen in derselben Gr\u00f6\u00dfe zu besitzen. Gleichzeitig wissen wir, wie sch\u00f6n es ist, deiner Tasche einen v\u00f6llig neuen Look zu verleihen. Deshalb bieten wir unsere Designs auch als separate Taschenklappen an \u2013 das reduziert den zus\u00e4tzlichen CO\u2082-Fu\u00dfabdruck. Au\u00dferdem sparst du dir den Aufwand, deine Sachen von einer Tasche in die andere umzur\u00e4umen.    <\/p>\n<h3>Welche Gr\u00f6\u00dfe brauche ich?<\/h3>\n<p><img decoding=\"async\" class=\"alignnone wp-image-3803 size-large\" src=\"https:\/\/sylluna.com\/wp-content\/uploads\/2025\/09\/Tassen-Schoudertassen-Fantasy-Art-SB-Designs-Creations-1024x315.jpg\" alt=\"Taschen-Schultertaschen-Fantasy-Art-SB Designs Creations\" width=\"1024\" height=\"315\" loading=\"lazy\" srcset=\"https:\/\/syllunanew.sitework.link\/wp-content\/uploads\/2025\/09\/Tassen-Schoudertassen-Fantasy-Art-SB-Designs-Creations-1024x315.jpg 1024w, https:\/\/syllunanew.sitework.link\/wp-content\/uploads\/2025\/09\/Tassen-Schoudertassen-Fantasy-Art-SB-Designs-Creations-300x92.jpg 300w, https:\/\/syllunanew.sitework.link\/wp-content\/uploads\/2025\/09\/Tassen-Schoudertassen-Fantasy-Art-SB-Designs-Creations-768x237.jpg 768w, https:\/\/syllunanew.sitework.link\/wp-content\/uploads\/2025\/09\/Tassen-Schoudertassen-Fantasy-Art-SB-Designs-Creations-1536x473.jpg 1536w, https:\/\/syllunanew.sitework.link\/wp-content\/uploads\/2025\/09\/Tassen-Schoudertassen-Fantasy-Art-SB-Designs-Creations.jpg 1552w\" sizes=\"auto, (max-width: 1024px) 100vw, 1024px\" \/><\/p>\n<ul>\n<li><strong>Quadrat Klein:<\/strong> 18 x 19 x 5 cm.<br \/>\nDiese Klappen passen zu den Schultertaschen \u201eQuadrat Klein\u201c.<\/li>\n<li><strong>Quadrat Gro\u00df: <\/strong>25 x 26 x 6 cm.<br \/>\nDiese Klappen passen zu den Schultertaschen \u201eQuadrat Gro\u00df\u201c.<\/li>\n<li><strong>Rechteck Klein:<\/strong> 34 x 20 x 8 cm.<br \/>\nDiese Klappen passen zu den Schultertaschen \u201eRechteck Klein\u201c.<\/li>\n<li><strong>Rechteck Gro\u00df: <\/strong>40 x 28 x 10 cm.<br \/>\nDiese Klappen passen zu den Schultertaschen \u201eRechteck Gro\u00df\u201c.<\/li>\n<li><strong>Rucksack: <\/strong>Die Klappen f\u00fcr die Rucks\u00e4cke haben eine Einheitsgr\u00f6\u00dfe und sind universell f\u00fcr alle Rucks\u00e4cke verwendbar.<\/li>\n<\/ul>\n<h3><strong>\u00dcBER DAS DESIGN<\/strong><\/h3>\n<p>Alle Illustrationen von Sylluna sind handgezeichnet und von Fantasy, Natur und Magie inspiriert. Die Illustration wurde zun\u00e4chst skizziert und anschlie\u00dfend digital koloriert. Dabei wurden analoge Texturen verwendet, darunter handgefertigtes Marmorpapier  <\/p>\n<p><strong><img decoding=\"async\" class=\"alignnone wp-image-2870\" src=\"https:\/\/sylluna.com\/wp-content\/uploads\/2025\/08\/Zoek-op-Illustratie-Fantasy-Witchy-Art-SBDC-shop-copy-300x298.png\" sizes=\"auto, (max-width: 100px) 100vw, 100px\" srcset=\"https:\/\/sylluna.com\/wp-content\/uploads\/2025\/08\/Zoek-op-Illustratie-Fantasy-Witchy-Art-SBDC-shop-copy-300x298.png 300w, https:\/\/sylluna.com\/wp-content\/uploads\/2025\/08\/Zoek-op-Illustratie-Fantasy-Witchy-Art-SBDC-shop-copy-100x100.png 100w, https:\/\/sylluna.com\/wp-content\/uploads\/2025\/08\/Zoek-op-Illustratie-Fantasy-Witchy-Art-SBDC-shop-copy-150x150.png 150w, https:\/\/sylluna.com\/wp-content\/uploads\/2025\/08\/Zoek-op-Illustratie-Fantasy-Witchy-Art-SBDC-shop-copy.png 434w\" alt=\"\" width=\"100\" height=\"99\" loading=\"lazy\"><a href=\"https:\/\/sylluna.com\/de\/produkt-schlagwort\/magie-des-delfins-illustration\/\">\u2726 Entdecke weitere magische Produkte mit dieser Illustration<\/a><\/strong><\/p>\n<p><em>Die tats\u00e4chlichen Farben k\u00f6nnen aufgrund unterschiedlicher Bildschirmeinstellungen leicht abweichen.<\/em><\/p>\n<p>Sylluna\u00ae<\/p>\n","protected":false},"excerpt":{"rendered":"<p><strong>Lose austauschbare Taschenklappe f\u00fcr deine Sylluna Tasche.<\/strong><br \/>\n<strong>W\u00e4hle die richtige Gr\u00f6\u00dfe f\u00fcr dein Taschenmodell.<\/strong><\/p>\n<p><strong>Noch keine Tasche? <a href=\"https:\/\/sylluna.com\/de\/Kollektion\/produkttyp\/taschen\/\">Dann w\u00e4hle zuerst eine komplette Tasche aus der Taschenkollektion.<\/a><\/strong><\/p>\n<p>Dank des starken Klettverschlusssystems lassen sich die Taschenklappen einfach befestigen und austauschen. So kannst du deiner Tasche im Handumdrehen ein komplett neues Aussehen verleihen. <\/p>\n<p>Mit diesen abnehmbaren Taschenklappen tr\u00e4gst du jedes Mal einen anderen Hauch von Magie bei dir. Sie sind in verschiedenen Gr\u00f6\u00dfen erh\u00e4ltlich und passen zu den Taschen von Sylluna. <\/p>\n<h4><img decoding=\"async\" class=\"alignnone wp-image-2867\" src=\"https:\/\/sylluna.com\/wp-content\/uploads\/2025\/08\/Shipping-General-Webshop-SBDC-300x233.png\" alt=\"\" width=\"100\" height=\"78\" srcset=\"https:\/\/syllunanew.sitework.link\/wp-content\/uploads\/2025\/08\/Shipping-General-Webshop-SBDC-300x233.png 300w, https:\/\/syllunanew.sitework.link\/wp-content\/uploads\/2025\/08\/Shipping-General-Webshop-SBDC.png 757w\" sizes=\"(max-width: 100px) 100vw, 100px\" \/>VERSAND: 3\u20135 Werktage<\/h4>\n<p>&nbsp;<\/p>\n<p>Versandkosten werden im Warenkorb berechnet.<\/p>\n<p>\u2b50 Kundinnen und Kunden bewerten unsere Taschenkollektion mit 4,8+ Sternen<\/p>\n","protected":false},"featured_media":47507,"comment_status":"open","ping_status":"closed","template":"","meta":{"_acf_changed":false,"_glsr_average":0,"_glsr_ranking":0,"_glsr_reviews":0},"thema":[],"product_brand":[156],"product_cat":[591],"product_tag":[1041],"class_list":{"0":"post-47493","1":"product","2":"type-product","3":"status-publish","4":"has-post-thumbnail","6":"product_brand-sylluna","7":"product_cat-wechselklappen-fur-taschen","8":"product_tag-magie-des-delfins-illustration","10":"first","11":"onbackorder","12":"shipping-taxable","13":"purchasable","14":"product-type-variable"},"acf":[],"yoast_head":"<!-- This site is optimized with the Yoast SEO plugin v27.4 - https:\/\/yoast.com\/product\/yoast-seo-wordpress\/ -->\n<title>Auswechselbare Taschenklappe | Magie des Delfins | Sylluna<\/title>\n<meta name=\"description\" content=\"Wechsle ganz einfach das Design mit den austauschbaren Taschenklappen von Sylluna\u00ae. So verleihst du deiner Tasche im Handumdrehen einen v\u00f6llig neuen Look.\" \/>\n<meta name=\"robots\" content=\"index, follow, max-snippet:-1, max-image-preview:large, max-video-preview:-1\" \/>\n<link rel=\"canonical\" href=\"https:\/\/syllunanew.sitework.link\/de\/produkt\/auswechselbare-taschenklappe-magie-des-delfins\/\" \/>\n<meta property=\"og:locale\" content=\"nl_NL\" \/>\n<meta property=\"og:type\" content=\"article\" \/>\n<meta property=\"og:title\" content=\"Auswechselbare Taschenklappe | Magie des Delfins | Sylluna\" \/>\n<meta property=\"og:description\" content=\"Wechsle ganz einfach das Design mit den austauschbaren Taschenklappen von Sylluna\u00ae. So verleihst du deiner Tasche im Handumdrehen einen v\u00f6llig neuen Look.\" \/>\n<meta property=\"og:url\" content=\"https:\/\/syllunanew.sitework.link\/de\/produkt\/auswechselbare-taschenklappe-magie-des-delfins\/\" \/>\n<meta property=\"og:site_name\" content=\"Sylluna\" \/>\n<meta property=\"article:modified_time\" content=\"2026-04-14T12:08:39+00:00\" \/>\n<meta property=\"og:image\" content=\"https:\/\/syllunanew.sitework.link\/wp-content\/uploads\/2026\/04\/Losse-Tas-Flap-Vierkant-Groot-Magie-van-de-Dolfijn.jpg\" \/>\n\t<meta property=\"og:image:width\" content=\"1000\" \/>\n\t<meta property=\"og:image:height\" content=\"1000\" \/>\n\t<meta property=\"og:image:type\" content=\"image\/jpeg\" \/>\n<meta name=\"twitter:card\" content=\"summary_large_image\" \/>\n<meta name=\"twitter:label1\" content=\"Geschatte leestijd\" \/>\n\t<meta name=\"twitter:data1\" content=\"2 minuten\" \/>\n<script type=\"application\/ld+json\" class=\"yoast-schema-graph\">{\"@context\":\"https:\\\/\\\/schema.org\",\"@graph\":[{\"@type\":\"WebPage\",\"@id\":\"https:\\\/\\\/syllunanew.sitework.link\\\/de\\\/produkt\\\/auswechselbare-taschenklappe-magie-des-delfins\\\/\",\"url\":\"https:\\\/\\\/syllunanew.sitework.link\\\/de\\\/produkt\\\/auswechselbare-taschenklappe-magie-des-delfins\\\/\",\"name\":\"Auswechselbare Taschenklappe | Magie des Delfins | Sylluna\",\"isPartOf\":{\"@id\":\"https:\\\/\\\/syllunanew.sitework.link\\\/de\\\/#website\"},\"primaryImageOfPage\":{\"@id\":\"https:\\\/\\\/syllunanew.sitework.link\\\/de\\\/produkt\\\/auswechselbare-taschenklappe-magie-des-delfins\\\/#primaryimage\"},\"image\":{\"@id\":\"https:\\\/\\\/syllunanew.sitework.link\\\/de\\\/produkt\\\/auswechselbare-taschenklappe-magie-des-delfins\\\/#primaryimage\"},\"thumbnailUrl\":\"https:\\\/\\\/syllunanew.sitework.link\\\/wp-content\\\/uploads\\\/2026\\\/04\\\/Losse-Tas-Flap-Vierkant-Groot-Magie-van-de-Dolfijn.jpg\",\"datePublished\":\"2026-04-14T11:40:45+00:00\",\"dateModified\":\"2026-04-14T12:08:39+00:00\",\"description\":\"Wechsle ganz einfach das Design mit den austauschbaren Taschenklappen von Sylluna\u00ae. So verleihst du deiner Tasche im Handumdrehen einen v\u00f6llig neuen Look.\",\"breadcrumb\":{\"@id\":\"https:\\\/\\\/syllunanew.sitework.link\\\/de\\\/produkt\\\/auswechselbare-taschenklappe-magie-des-delfins\\\/#breadcrumb\"},\"inLanguage\":\"nl-NL\",\"potentialAction\":[{\"@type\":\"ReadAction\",\"target\":[\"https:\\\/\\\/syllunanew.sitework.link\\\/de\\\/produkt\\\/auswechselbare-taschenklappe-magie-des-delfins\\\/\"]}]},{\"@type\":\"ImageObject\",\"inLanguage\":\"nl-NL\",\"@id\":\"https:\\\/\\\/syllunanew.sitework.link\\\/de\\\/produkt\\\/auswechselbare-taschenklappe-magie-des-delfins\\\/#primaryimage\",\"url\":\"https:\\\/\\\/syllunanew.sitework.link\\\/wp-content\\\/uploads\\\/2026\\\/04\\\/Losse-Tas-Flap-Vierkant-Groot-Magie-van-de-Dolfijn.jpg\",\"contentUrl\":\"https:\\\/\\\/syllunanew.sitework.link\\\/wp-content\\\/uploads\\\/2026\\\/04\\\/Losse-Tas-Flap-Vierkant-Groot-Magie-van-de-Dolfijn.jpg\",\"width\":1000,\"height\":1000,\"caption\":\"Auswechselbare Taschenklappe Quadrat Gro\u00df - Magie des Delfins\"},{\"@type\":\"BreadcrumbList\",\"@id\":\"https:\\\/\\\/syllunanew.sitework.link\\\/de\\\/produkt\\\/auswechselbare-taschenklappe-magie-des-delfins\\\/#breadcrumb\",\"itemListElement\":[{\"@type\":\"ListItem\",\"position\":1,\"name\":\"Home\",\"item\":\"https:\\\/\\\/syllunanew.sitework.link\\\/de\\\/\"},{\"@type\":\"ListItem\",\"position\":2,\"name\":\"Shop\",\"item\":\"https:\\\/\\\/syllunanew.sitework.link\\\/de\\\/shop\\\/\"},{\"@type\":\"ListItem\",\"position\":3,\"name\":\"Auswechselbare Taschenklappe | Magie des Delfins\"}]},{\"@type\":\"WebSite\",\"@id\":\"https:\\\/\\\/syllunanew.sitework.link\\\/de\\\/#website\",\"url\":\"https:\\\/\\\/syllunanew.sitework.link\\\/de\\\/\",\"name\":\"Sylluna | Magische Producten van Eigen Ontwerp\",\"description\":\"Uniek. Magisch. Met betekenis.\",\"publisher\":{\"@id\":\"https:\\\/\\\/syllunanew.sitework.link\\\/de\\\/#organization\"},\"alternateName\":\"Sylluna\",\"potentialAction\":[{\"@type\":\"SearchAction\",\"target\":{\"@type\":\"EntryPoint\",\"urlTemplate\":\"https:\\\/\\\/syllunanew.sitework.link\\\/de\\\/?s={search_term_string}\"},\"query-input\":{\"@type\":\"PropertyValueSpecification\",\"valueRequired\":true,\"valueName\":\"search_term_string\"}}],\"inLanguage\":\"nl-NL\"},{\"@type\":\"Organization\",\"@id\":\"https:\\\/\\\/syllunanew.sitework.link\\\/de\\\/#organization\",\"name\":\"Sylluna | Magische Producten van Eigen Ontwerp\",\"url\":\"https:\\\/\\\/syllunanew.sitework.link\\\/de\\\/\",\"logo\":{\"@type\":\"ImageObject\",\"inLanguage\":\"nl-NL\",\"@id\":\"https:\\\/\\\/syllunanew.sitework.link\\\/de\\\/#\\\/schema\\\/logo\\\/image\\\/\",\"url\":\"https:\\\/\\\/sylluna.com\\\/wp-content\\\/uploads\\\/2025\\\/11\\\/Sylluna_dark-scaled.png\",\"contentUrl\":\"https:\\\/\\\/sylluna.com\\\/wp-content\\\/uploads\\\/2025\\\/11\\\/Sylluna_dark-scaled.png\",\"width\":2500,\"height\":1221,\"caption\":\"Sylluna | Magische Producten van Eigen Ontwerp\"},\"image\":{\"@id\":\"https:\\\/\\\/syllunanew.sitework.link\\\/de\\\/#\\\/schema\\\/logo\\\/image\\\/\"}}]}<\/script>\n<!-- \/ Yoast SEO plugin. -->","yoast_head_json":{"title":"Auswechselbare Taschenklappe | Magie des Delfins | Sylluna","description":"Wechsle ganz einfach das Design mit den austauschbaren Taschenklappen von Sylluna\u00ae. So verleihst du deiner Tasche im Handumdrehen einen v\u00f6llig neuen Look.","robots":{"index":"index","follow":"follow","max-snippet":"max-snippet:-1","max-image-preview":"max-image-preview:large","max-video-preview":"max-video-preview:-1"},"canonical":"https:\/\/syllunanew.sitework.link\/de\/produkt\/auswechselbare-taschenklappe-magie-des-delfins\/","og_locale":"nl_NL","og_type":"article","og_title":"Auswechselbare Taschenklappe | Magie des Delfins | Sylluna","og_description":"Wechsle ganz einfach das Design mit den austauschbaren Taschenklappen von Sylluna\u00ae. So verleihst du deiner Tasche im Handumdrehen einen v\u00f6llig neuen Look.","og_url":"https:\/\/syllunanew.sitework.link\/de\/produkt\/auswechselbare-taschenklappe-magie-des-delfins\/","og_site_name":"Sylluna","article_modified_time":"2026-04-14T12:08:39+00:00","og_image":[{"width":1000,"height":1000,"url":"https:\/\/syllunanew.sitework.link\/wp-content\/uploads\/2026\/04\/Losse-Tas-Flap-Vierkant-Groot-Magie-van-de-Dolfijn.jpg","type":"image\/jpeg"}],"twitter_card":"summary_large_image","twitter_misc":{"Geschatte leestijd":"2 minuten"},"schema":{"@context":"https:\/\/schema.org","@graph":[{"@type":"WebPage","@id":"https:\/\/syllunanew.sitework.link\/de\/produkt\/auswechselbare-taschenklappe-magie-des-delfins\/","url":"https:\/\/syllunanew.sitework.link\/de\/produkt\/auswechselbare-taschenklappe-magie-des-delfins\/","name":"Auswechselbare Taschenklappe | Magie des Delfins | Sylluna","isPartOf":{"@id":"https:\/\/syllunanew.sitework.link\/de\/#website"},"primaryImageOfPage":{"@id":"https:\/\/syllunanew.sitework.link\/de\/produkt\/auswechselbare-taschenklappe-magie-des-delfins\/#primaryimage"},"image":{"@id":"https:\/\/syllunanew.sitework.link\/de\/produkt\/auswechselbare-taschenklappe-magie-des-delfins\/#primaryimage"},"thumbnailUrl":"https:\/\/syllunanew.sitework.link\/wp-content\/uploads\/2026\/04\/Losse-Tas-Flap-Vierkant-Groot-Magie-van-de-Dolfijn.jpg","datePublished":"2026-04-14T11:40:45+00:00","dateModified":"2026-04-14T12:08:39+00:00","description":"Wechsle ganz einfach das Design mit den austauschbaren Taschenklappen von Sylluna\u00ae. So verleihst du deiner Tasche im Handumdrehen einen v\u00f6llig neuen Look.","breadcrumb":{"@id":"https:\/\/syllunanew.sitework.link\/de\/produkt\/auswechselbare-taschenklappe-magie-des-delfins\/#breadcrumb"},"inLanguage":"nl-NL","potentialAction":[{"@type":"ReadAction","target":["https:\/\/syllunanew.sitework.link\/de\/produkt\/auswechselbare-taschenklappe-magie-des-delfins\/"]}]},{"@type":"ImageObject","inLanguage":"nl-NL","@id":"https:\/\/syllunanew.sitework.link\/de\/produkt\/auswechselbare-taschenklappe-magie-des-delfins\/#primaryimage","url":"https:\/\/syllunanew.sitework.link\/wp-content\/uploads\/2026\/04\/Losse-Tas-Flap-Vierkant-Groot-Magie-van-de-Dolfijn.jpg","contentUrl":"https:\/\/syllunanew.sitework.link\/wp-content\/uploads\/2026\/04\/Losse-Tas-Flap-Vierkant-Groot-Magie-van-de-Dolfijn.jpg","width":1000,"height":1000,"caption":"Auswechselbare Taschenklappe Quadrat Gro\u00df - Magie des Delfins"},{"@type":"BreadcrumbList","@id":"https:\/\/syllunanew.sitework.link\/de\/produkt\/auswechselbare-taschenklappe-magie-des-delfins\/#breadcrumb","itemListElement":[{"@type":"ListItem","position":1,"name":"Home","item":"https:\/\/syllunanew.sitework.link\/de\/"},{"@type":"ListItem","position":2,"name":"Shop","item":"https:\/\/syllunanew.sitework.link\/de\/shop\/"},{"@type":"ListItem","position":3,"name":"Auswechselbare Taschenklappe | Magie des Delfins"}]},{"@type":"WebSite","@id":"https:\/\/syllunanew.sitework.link\/de\/#website","url":"https:\/\/syllunanew.sitework.link\/de\/","name":"Sylluna | Magische Producten van Eigen Ontwerp","description":"Uniek. Magisch. Met betekenis.","publisher":{"@id":"https:\/\/syllunanew.sitework.link\/de\/#organization"},"alternateName":"Sylluna","potentialAction":[{"@type":"SearchAction","target":{"@type":"EntryPoint","urlTemplate":"https:\/\/syllunanew.sitework.link\/de\/?s={search_term_string}"},"query-input":{"@type":"PropertyValueSpecification","valueRequired":true,"valueName":"search_term_string"}}],"inLanguage":"nl-NL"},{"@type":"Organization","@id":"https:\/\/syllunanew.sitework.link\/de\/#organization","name":"Sylluna | Magische Producten van Eigen Ontwerp","url":"https:\/\/syllunanew.sitework.link\/de\/","logo":{"@type":"ImageObject","inLanguage":"nl-NL","@id":"https:\/\/syllunanew.sitework.link\/de\/#\/schema\/logo\/image\/","url":"https:\/\/sylluna.com\/wp-content\/uploads\/2025\/11\/Sylluna_dark-scaled.png","contentUrl":"https:\/\/sylluna.com\/wp-content\/uploads\/2025\/11\/Sylluna_dark-scaled.png","width":2500,"height":1221,"caption":"Sylluna | Magische Producten van Eigen Ontwerp"},"image":{"@id":"https:\/\/syllunanew.sitework.link\/de\/#\/schema\/logo\/image\/"}}]}},"_links":{"self":[{"href":"https:\/\/syllunanew.sitework.link\/de\/wp-json\/wp\/v2\/product\/47493","targetHints":{"allow":["GET"]}}],"collection":[{"href":"https:\/\/syllunanew.sitework.link\/de\/wp-json\/wp\/v2\/product"}],"about":[{"href":"https:\/\/syllunanew.sitework.link\/de\/wp-json\/wp\/v2\/types\/product"}],"replies":[{"embeddable":true,"href":"https:\/\/syllunanew.sitework.link\/de\/wp-json\/wp\/v2\/comments?post=47493"}],"wp:featuredmedia":[{"embeddable":true,"href":"https:\/\/syllunanew.sitework.link\/de\/wp-json\/wp\/v2\/media\/47507"}],"wp:attachment":[{"href":"https:\/\/syllunanew.sitework.link\/de\/wp-json\/wp\/v2\/media?parent=47493"}],"wp:term":[{"taxonomy":"thema","embeddable":true,"href":"https:\/\/syllunanew.sitework.link\/de\/wp-json\/wp\/v2\/thema?post=47493"},{"taxonomy":"product_brand","embeddable":true,"href":"https:\/\/syllunanew.sitework.link\/de\/wp-json\/wp\/v2\/product_brand?post=47493"},{"taxonomy":"product_cat","embeddable":true,"href":"https:\/\/syllunanew.sitework.link\/de\/wp-json\/wp\/v2\/product_cat?post=47493"},{"taxonomy":"product_tag","embeddable":true,"href":"https:\/\/syllunanew.sitework.link\/de\/wp-json\/wp\/v2\/product_tag?post=47493"}],"curies":[{"name":"wp","href":"https:\/\/api.w.org\/{rel}","templated":true}]}}