{"id":4606,"date":"2025-10-07T20:35:22","date_gmt":"2025-10-07T18:35:22","guid":{"rendered":"https:\/\/sylluna.com\/?post_type=product&#038;p=4606"},"modified":"2025-12-15T10:02:18","modified_gmt":"2025-12-15T09:02:18","slug":"austauschbare-taschenklappe-lebensbaum","status":"publish","type":"product","link":"https:\/\/syllunanew.sitework.link\/de\/produkt\/austauschbare-taschenklappe-lebensbaum\/","title":{"rendered":"Austauschbare Taschenklappe | Lebensbaum"},"content":{"rendered":"<p>Mit den abnehmbaren Klappen kannst du die Taschendesigns von Sylluna endlos variieren. Aus R\u00fccksicht auf die Umwelt verstehen wir, dass es nicht sinnvoll ist, viele Taschen in derselben Gr\u00f6\u00dfe zu besitzen. Gleichzeitig wissen wir, wie sch\u00f6n es ist, deiner Tasche einen v\u00f6llig neuen Look zu verleihen. Deshalb bieten wir unsere Designs auch als separate Taschenklappen an \u2013 das reduziert den zus\u00e4tzlichen CO\u2082-Fu\u00dfabdruck. Au\u00dferdem sparst du dir den Aufwand, deine Sachen von einer Tasche in die andere umzur\u00e4umen.<\/p>\n<h3>Welche Gr\u00f6\u00dfe brauche ich?<\/h3>\n<p><img decoding=\"async\" class=\"alignnone wp-image-3803 size-large\" src=\"https:\/\/sylluna.com\/wp-content\/uploads\/2025\/09\/Tassen-Schoudertassen-Fantasy-Art-SB-Designs-Creations-1024x315.jpg\" alt=\"Taschen-Schultertaschen-Fantasy-Art-SB Designs Creations\" width=\"1024\" height=\"315\" \/ loading=\"lazy\" srcset=\"https:\/\/syllunanew.sitework.link\/wp-content\/uploads\/2025\/09\/Tassen-Schoudertassen-Fantasy-Art-SB-Designs-Creations-1024x315.jpg 1024w, https:\/\/syllunanew.sitework.link\/wp-content\/uploads\/2025\/09\/Tassen-Schoudertassen-Fantasy-Art-SB-Designs-Creations-300x92.jpg 300w, https:\/\/syllunanew.sitework.link\/wp-content\/uploads\/2025\/09\/Tassen-Schoudertassen-Fantasy-Art-SB-Designs-Creations-768x237.jpg 768w, https:\/\/syllunanew.sitework.link\/wp-content\/uploads\/2025\/09\/Tassen-Schoudertassen-Fantasy-Art-SB-Designs-Creations-1536x473.jpg 1536w, https:\/\/syllunanew.sitework.link\/wp-content\/uploads\/2025\/09\/Tassen-Schoudertassen-Fantasy-Art-SB-Designs-Creations.jpg 1552w\" sizes=\"auto, (max-width: 1024px) 100vw, 1024px\" \/><\/p>\n<ul>\n<li><strong>Quadrat Klein:<\/strong> 18 x 19 x 5 cm.<br \/>\nDiese Klappen passen zu den Schultertaschen \u201eQuadrat Klein\u201c.<\/li>\n<li><strong>Quadrat Gro\u00df: <\/strong>25 x 26 x 6 cm.<br \/>\nDiese Klappen passen zu den Schultertaschen \u201eQuadrat Gro\u00df\u201c.<\/li>\n<li><strong>Rechteck Klein:<\/strong> 34 x 20 x 8 cm.<br \/>\nDiese Klappen passen zu den Schultertaschen \u201eRechteck Klein\u201c.<\/li>\n<li><strong>Rechteck Gro\u00df: <\/strong>40 x 28 x 10 cm.<br \/>\nDiese Klappen passen zu den Schultertaschen \u201eRechteck Gro\u00df\u201c.<\/li>\n<li><strong>Rucksack: <\/strong>Die Klappen f\u00fcr die Rucks\u00e4cke haben eine Einheitsgr\u00f6\u00dfe und sind universell f\u00fcr alle Rucks\u00e4cke verwendbar.<\/li>\n<\/ul>\n<p><em>Die tats\u00e4chlichen Farben k\u00f6nnen aufgrund unterschiedlicher Bildschirmeinstellungen leicht abweichen.<\/em><\/p>\n","protected":false},"excerpt":{"rendered":"<p>Besitzt du bereits eine Tasche von Sylluna?<br \/>\nDank des starken Klettbandsystems lassen sich die Klappen einfach anbringen und austauschen. So kannst du deiner Tasche im Handumdrehen ein v\u00f6llig neues Aussehen verleihen. Die Taschen sind f\u00fcr ihre Langlebigkeit bekannt und begleiten dich \u00fcber viele Jahre hinweg, sodass du endlos mit verschiedenen Designs aus der Kollektion variieren kannst.<\/p>\n<p data-start=\"514\" data-end=\"684\">Mit diesen abnehmbaren Taschenklappen tr\u00e4gst du jedes Mal einen anderen Hauch von Magie bei dir. Sie sind in verschiedenen Gr\u00f6\u00dfen erh\u00e4ltlich und passen zu den Taschen von Sylluna.<\/p>\n<h4 data-start=\"514\" data-end=\"684\"><strong data-start=\"688\" data-end=\"699\">ACHTUNG:<\/strong> Hierbei handelt es sich um eine separate Taschenklappe. Die Basistasche ist nicht enthalten.<\/h4>\n<h4><img decoding=\"async\" class=\"alignnone wp-image-2867\" src=\"https:\/\/sylluna.com\/wp-content\/uploads\/2025\/08\/Shipping-General-Webshop-SBDC-300x233.png\" alt=\"\" width=\"100\" height=\"78\" srcset=\"https:\/\/syllunanew.sitework.link\/wp-content\/uploads\/2025\/08\/Shipping-General-Webshop-SBDC-300x233.png 300w, https:\/\/syllunanew.sitework.link\/wp-content\/uploads\/2025\/08\/Shipping-General-Webshop-SBDC.png 757w\" sizes=\"(max-width: 100px) 100vw, 100px\" \/>VERSAND: 3\u20135 Werktage<\/h4>\n<p>&nbsp;<\/p>\n<h4><strong>SPEZIFIKATIONEN:<\/strong><\/h4>\n<ul>\n<li>Marke: Sylluna\u00ae.<\/li>\n<li>Taschenklappe mit Druck einer handgezeichneten Illustration.<\/li>\n<li>Die Taschenklappe ist in verschiedenen Gr\u00f6\u00dfen erh\u00e4ltlich.<\/li>\n<li>Anbringen, abnehmen und austauschen \u00fcber starkes Klettband.<\/li>\n<li>Professioneller Druck mit hochwertigen Drucktechniken.<\/li>\n<li>Der Druck ist wasserfest.<\/li>\n<li>Die Taschenklappe wird in den Niederlanden hergestellt.<\/li>\n<\/ul>\n","protected":false},"featured_media":4620,"comment_status":"open","ping_status":"closed","template":"","meta":{"_acf_changed":false,"_glsr_average":0,"_glsr_ranking":0,"_glsr_reviews":0},"thema":[377,246,385],"product_brand":[156],"product_cat":[591],"product_tag":[431],"class_list":{"0":"post-4606","1":"product","2":"type-product","3":"status-publish","4":"has-post-thumbnail","6":"thema-baum-des-lebens-symbole-themen","7":"thema-erde-elemente-themen","8":"thema-natur","9":"product_brand-sylluna","10":"product_cat-wechselklappen-fur-taschen","11":"product_tag-lebensbaum-illustration","13":"first","14":"instock","15":"shipping-taxable","16":"purchasable","17":"product-type-variable"},"acf":[],"yoast_head":"<!-- This site is optimized with the Yoast SEO plugin v27.4 - https:\/\/yoast.com\/product\/yoast-seo-wordpress\/ -->\n<title>Austauschbare Taschenklappe | Lebensbaum | Sylluna<\/title>\n<meta name=\"description\" content=\"Austauschbare Taschenklappe | Lebensbaum biedt alle informatie en specificaties overzichtelijk. Bestel direct online en profiteer van snelle verzending\" \/>\n<meta name=\"robots\" content=\"index, follow, max-snippet:-1, max-image-preview:large, max-video-preview:-1\" \/>\n<link rel=\"canonical\" href=\"https:\/\/syllunanew.sitework.link\/de\/produkt\/austauschbare-taschenklappe-lebensbaum\/\" \/>\n<meta property=\"og:locale\" content=\"nl_NL\" \/>\n<meta property=\"og:type\" content=\"article\" \/>\n<meta property=\"og:title\" content=\"Austauschbare Taschenklappe | Lebensbaum | Sylluna\" \/>\n<meta property=\"og:description\" content=\"Austauschbare Taschenklappe | Lebensbaum biedt alle informatie en specificaties overzichtelijk. Bestel direct online en profiteer van snelle verzending\" \/>\n<meta property=\"og:url\" content=\"https:\/\/syllunanew.sitework.link\/de\/produkt\/austauschbare-taschenklappe-lebensbaum\/\" \/>\n<meta property=\"og:site_name\" content=\"Sylluna\" \/>\n<meta property=\"article:modified_time\" content=\"2025-12-15T09:02:18+00:00\" \/>\n<meta property=\"og:image\" content=\"https:\/\/syllunanew.sitework.link\/wp-content\/uploads\/2025\/10\/Losse-Tasflap-Vierkant-Klein.-Levensboom.jpg\" \/>\n\t<meta property=\"og:image:width\" content=\"1000\" \/>\n\t<meta property=\"og:image:height\" content=\"1000\" \/>\n\t<meta property=\"og:image:type\" content=\"image\/jpeg\" \/>\n<meta name=\"twitter:card\" content=\"summary_large_image\" \/>\n<meta name=\"twitter:label1\" content=\"Geschatte leestijd\" \/>\n\t<meta name=\"twitter:data1\" content=\"2 minuten\" \/>\n<script type=\"application\/ld+json\" class=\"yoast-schema-graph\">{\"@context\":\"https:\\\/\\\/schema.org\",\"@graph\":[{\"@type\":\"WebPage\",\"@id\":\"https:\\\/\\\/syllunanew.sitework.link\\\/de\\\/produkt\\\/austauschbare-taschenklappe-lebensbaum\\\/\",\"url\":\"https:\\\/\\\/syllunanew.sitework.link\\\/de\\\/produkt\\\/austauschbare-taschenklappe-lebensbaum\\\/\",\"name\":\"Austauschbare Taschenklappe | Lebensbaum | Sylluna\",\"isPartOf\":{\"@id\":\"https:\\\/\\\/syllunanew.sitework.link\\\/de\\\/#website\"},\"primaryImageOfPage\":{\"@id\":\"https:\\\/\\\/syllunanew.sitework.link\\\/de\\\/produkt\\\/austauschbare-taschenklappe-lebensbaum\\\/#primaryimage\"},\"image\":{\"@id\":\"https:\\\/\\\/syllunanew.sitework.link\\\/de\\\/produkt\\\/austauschbare-taschenklappe-lebensbaum\\\/#primaryimage\"},\"thumbnailUrl\":\"https:\\\/\\\/syllunanew.sitework.link\\\/wp-content\\\/uploads\\\/2025\\\/10\\\/Losse-Tasflap-Vierkant-Klein.-Levensboom.jpg\",\"datePublished\":\"2025-10-07T18:35:22+00:00\",\"dateModified\":\"2025-12-15T09:02:18+00:00\",\"description\":\"Austauschbare Taschenklappe | Lebensbaum biedt alle informatie en specificaties overzichtelijk. Bestel direct online en profiteer van snelle verzending\",\"breadcrumb\":{\"@id\":\"https:\\\/\\\/syllunanew.sitework.link\\\/de\\\/produkt\\\/austauschbare-taschenklappe-lebensbaum\\\/#breadcrumb\"},\"inLanguage\":\"nl-NL\",\"potentialAction\":[{\"@type\":\"ReadAction\",\"target\":[\"https:\\\/\\\/syllunanew.sitework.link\\\/de\\\/produkt\\\/austauschbare-taschenklappe-lebensbaum\\\/\"]}]},{\"@type\":\"ImageObject\",\"inLanguage\":\"nl-NL\",\"@id\":\"https:\\\/\\\/syllunanew.sitework.link\\\/de\\\/produkt\\\/austauschbare-taschenklappe-lebensbaum\\\/#primaryimage\",\"url\":\"https:\\\/\\\/syllunanew.sitework.link\\\/wp-content\\\/uploads\\\/2025\\\/10\\\/Losse-Tasflap-Vierkant-Klein.-Levensboom.jpg\",\"contentUrl\":\"https:\\\/\\\/syllunanew.sitework.link\\\/wp-content\\\/uploads\\\/2025\\\/10\\\/Losse-Tasflap-Vierkant-Klein.-Levensboom.jpg\",\"width\":1000,\"height\":1000,\"caption\":\"Kleine Quadratische Austauschbare Taschenklappe \u2013 Lebensbaum\"},{\"@type\":\"BreadcrumbList\",\"@id\":\"https:\\\/\\\/syllunanew.sitework.link\\\/de\\\/produkt\\\/austauschbare-taschenklappe-lebensbaum\\\/#breadcrumb\",\"itemListElement\":[{\"@type\":\"ListItem\",\"position\":1,\"name\":\"Home\",\"item\":\"https:\\\/\\\/syllunanew.sitework.link\\\/de\\\/\"},{\"@type\":\"ListItem\",\"position\":2,\"name\":\"Shop\",\"item\":\"https:\\\/\\\/syllunanew.sitework.link\\\/de\\\/shop\\\/\"},{\"@type\":\"ListItem\",\"position\":3,\"name\":\"Austauschbare Taschenklappe | Lebensbaum\"}]},{\"@type\":\"WebSite\",\"@id\":\"https:\\\/\\\/syllunanew.sitework.link\\\/de\\\/#website\",\"url\":\"https:\\\/\\\/syllunanew.sitework.link\\\/de\\\/\",\"name\":\"Sylluna | Magische Producten van Eigen Ontwerp\",\"description\":\"Uniek. Magisch. Met betekenis.\",\"publisher\":{\"@id\":\"https:\\\/\\\/syllunanew.sitework.link\\\/de\\\/#organization\"},\"alternateName\":\"Sylluna\",\"potentialAction\":[{\"@type\":\"SearchAction\",\"target\":{\"@type\":\"EntryPoint\",\"urlTemplate\":\"https:\\\/\\\/syllunanew.sitework.link\\\/de\\\/?s={search_term_string}\"},\"query-input\":{\"@type\":\"PropertyValueSpecification\",\"valueRequired\":true,\"valueName\":\"search_term_string\"}}],\"inLanguage\":\"nl-NL\"},{\"@type\":\"Organization\",\"@id\":\"https:\\\/\\\/syllunanew.sitework.link\\\/de\\\/#organization\",\"name\":\"Sylluna | Magische Producten van Eigen Ontwerp\",\"url\":\"https:\\\/\\\/syllunanew.sitework.link\\\/de\\\/\",\"logo\":{\"@type\":\"ImageObject\",\"inLanguage\":\"nl-NL\",\"@id\":\"https:\\\/\\\/syllunanew.sitework.link\\\/de\\\/#\\\/schema\\\/logo\\\/image\\\/\",\"url\":\"https:\\\/\\\/sylluna.com\\\/wp-content\\\/uploads\\\/2025\\\/11\\\/Sylluna_dark-scaled.png\",\"contentUrl\":\"https:\\\/\\\/sylluna.com\\\/wp-content\\\/uploads\\\/2025\\\/11\\\/Sylluna_dark-scaled.png\",\"width\":2500,\"height\":1221,\"caption\":\"Sylluna | Magische Producten van Eigen Ontwerp\"},\"image\":{\"@id\":\"https:\\\/\\\/syllunanew.sitework.link\\\/de\\\/#\\\/schema\\\/logo\\\/image\\\/\"}}]}<\/script>\n<!-- \/ Yoast SEO plugin. -->","yoast_head_json":{"title":"Austauschbare Taschenklappe | Lebensbaum | Sylluna","description":"Austauschbare Taschenklappe | Lebensbaum biedt alle informatie en specificaties overzichtelijk. Bestel direct online en profiteer van snelle verzending","robots":{"index":"index","follow":"follow","max-snippet":"max-snippet:-1","max-image-preview":"max-image-preview:large","max-video-preview":"max-video-preview:-1"},"canonical":"https:\/\/syllunanew.sitework.link\/de\/produkt\/austauschbare-taschenklappe-lebensbaum\/","og_locale":"nl_NL","og_type":"article","og_title":"Austauschbare Taschenklappe | Lebensbaum | Sylluna","og_description":"Austauschbare Taschenklappe | Lebensbaum biedt alle informatie en specificaties overzichtelijk. Bestel direct online en profiteer van snelle verzending","og_url":"https:\/\/syllunanew.sitework.link\/de\/produkt\/austauschbare-taschenklappe-lebensbaum\/","og_site_name":"Sylluna","article_modified_time":"2025-12-15T09:02:18+00:00","og_image":[{"width":1000,"height":1000,"url":"https:\/\/syllunanew.sitework.link\/wp-content\/uploads\/2025\/10\/Losse-Tasflap-Vierkant-Klein.-Levensboom.jpg","type":"image\/jpeg"}],"twitter_card":"summary_large_image","twitter_misc":{"Geschatte leestijd":"2 minuten"},"schema":{"@context":"https:\/\/schema.org","@graph":[{"@type":"WebPage","@id":"https:\/\/syllunanew.sitework.link\/de\/produkt\/austauschbare-taschenklappe-lebensbaum\/","url":"https:\/\/syllunanew.sitework.link\/de\/produkt\/austauschbare-taschenklappe-lebensbaum\/","name":"Austauschbare Taschenklappe | Lebensbaum | Sylluna","isPartOf":{"@id":"https:\/\/syllunanew.sitework.link\/de\/#website"},"primaryImageOfPage":{"@id":"https:\/\/syllunanew.sitework.link\/de\/produkt\/austauschbare-taschenklappe-lebensbaum\/#primaryimage"},"image":{"@id":"https:\/\/syllunanew.sitework.link\/de\/produkt\/austauschbare-taschenklappe-lebensbaum\/#primaryimage"},"thumbnailUrl":"https:\/\/syllunanew.sitework.link\/wp-content\/uploads\/2025\/10\/Losse-Tasflap-Vierkant-Klein.-Levensboom.jpg","datePublished":"2025-10-07T18:35:22+00:00","dateModified":"2025-12-15T09:02:18+00:00","description":"Austauschbare Taschenklappe | Lebensbaum biedt alle informatie en specificaties overzichtelijk. Bestel direct online en profiteer van snelle verzending","breadcrumb":{"@id":"https:\/\/syllunanew.sitework.link\/de\/produkt\/austauschbare-taschenklappe-lebensbaum\/#breadcrumb"},"inLanguage":"nl-NL","potentialAction":[{"@type":"ReadAction","target":["https:\/\/syllunanew.sitework.link\/de\/produkt\/austauschbare-taschenklappe-lebensbaum\/"]}]},{"@type":"ImageObject","inLanguage":"nl-NL","@id":"https:\/\/syllunanew.sitework.link\/de\/produkt\/austauschbare-taschenklappe-lebensbaum\/#primaryimage","url":"https:\/\/syllunanew.sitework.link\/wp-content\/uploads\/2025\/10\/Losse-Tasflap-Vierkant-Klein.-Levensboom.jpg","contentUrl":"https:\/\/syllunanew.sitework.link\/wp-content\/uploads\/2025\/10\/Losse-Tasflap-Vierkant-Klein.-Levensboom.jpg","width":1000,"height":1000,"caption":"Kleine Quadratische Austauschbare Taschenklappe \u2013 Lebensbaum"},{"@type":"BreadcrumbList","@id":"https:\/\/syllunanew.sitework.link\/de\/produkt\/austauschbare-taschenklappe-lebensbaum\/#breadcrumb","itemListElement":[{"@type":"ListItem","position":1,"name":"Home","item":"https:\/\/syllunanew.sitework.link\/de\/"},{"@type":"ListItem","position":2,"name":"Shop","item":"https:\/\/syllunanew.sitework.link\/de\/shop\/"},{"@type":"ListItem","position":3,"name":"Austauschbare Taschenklappe | Lebensbaum"}]},{"@type":"WebSite","@id":"https:\/\/syllunanew.sitework.link\/de\/#website","url":"https:\/\/syllunanew.sitework.link\/de\/","name":"Sylluna | Magische Producten van Eigen Ontwerp","description":"Uniek. Magisch. Met betekenis.","publisher":{"@id":"https:\/\/syllunanew.sitework.link\/de\/#organization"},"alternateName":"Sylluna","potentialAction":[{"@type":"SearchAction","target":{"@type":"EntryPoint","urlTemplate":"https:\/\/syllunanew.sitework.link\/de\/?s={search_term_string}"},"query-input":{"@type":"PropertyValueSpecification","valueRequired":true,"valueName":"search_term_string"}}],"inLanguage":"nl-NL"},{"@type":"Organization","@id":"https:\/\/syllunanew.sitework.link\/de\/#organization","name":"Sylluna | Magische Producten van Eigen Ontwerp","url":"https:\/\/syllunanew.sitework.link\/de\/","logo":{"@type":"ImageObject","inLanguage":"nl-NL","@id":"https:\/\/syllunanew.sitework.link\/de\/#\/schema\/logo\/image\/","url":"https:\/\/sylluna.com\/wp-content\/uploads\/2025\/11\/Sylluna_dark-scaled.png","contentUrl":"https:\/\/sylluna.com\/wp-content\/uploads\/2025\/11\/Sylluna_dark-scaled.png","width":2500,"height":1221,"caption":"Sylluna | Magische Producten van Eigen Ontwerp"},"image":{"@id":"https:\/\/syllunanew.sitework.link\/de\/#\/schema\/logo\/image\/"}}]}},"_links":{"self":[{"href":"https:\/\/syllunanew.sitework.link\/de\/wp-json\/wp\/v2\/product\/4606","targetHints":{"allow":["GET"]}}],"collection":[{"href":"https:\/\/syllunanew.sitework.link\/de\/wp-json\/wp\/v2\/product"}],"about":[{"href":"https:\/\/syllunanew.sitework.link\/de\/wp-json\/wp\/v2\/types\/product"}],"replies":[{"embeddable":true,"href":"https:\/\/syllunanew.sitework.link\/de\/wp-json\/wp\/v2\/comments?post=4606"}],"wp:featuredmedia":[{"embeddable":true,"href":"https:\/\/syllunanew.sitework.link\/de\/wp-json\/wp\/v2\/media\/4620"}],"wp:attachment":[{"href":"https:\/\/syllunanew.sitework.link\/de\/wp-json\/wp\/v2\/media?parent=4606"}],"wp:term":[{"taxonomy":"thema","embeddable":true,"href":"https:\/\/syllunanew.sitework.link\/de\/wp-json\/wp\/v2\/thema?post=4606"},{"taxonomy":"product_brand","embeddable":true,"href":"https:\/\/syllunanew.sitework.link\/de\/wp-json\/wp\/v2\/product_brand?post=4606"},{"taxonomy":"product_cat","embeddable":true,"href":"https:\/\/syllunanew.sitework.link\/de\/wp-json\/wp\/v2\/product_cat?post=4606"},{"taxonomy":"product_tag","embeddable":true,"href":"https:\/\/syllunanew.sitework.link\/de\/wp-json\/wp\/v2\/product_tag?post=4606"}],"curies":[{"name":"wp","href":"https:\/\/api.w.org\/{rel}","templated":true}]}}