{"id":45700,"date":"2026-01-28T14:44:56","date_gmt":"2026-01-28T13:44:56","guid":{"rendered":"https:\/\/sylluna.com\/product\/kitsune-transparenter-vinyl-aufkleber\/"},"modified":"2026-01-28T14:44:56","modified_gmt":"2026-01-28T13:44:56","slug":"kitsune-transparenter-vinyl-aufkleber","status":"publish","type":"product","link":"https:\/\/syllunanew.sitework.link\/de\/produkt\/kitsune-transparenter-vinyl-aufkleber\/","title":{"rendered":"Kitsune \u2013 Transparenter Vinyl-Aufkleber"},"content":{"rendered":"<p>Mit der Vinyl-Sticker-Kollektion von Sylluna kannst du alles, was du m\u00f6chtest, bunter und magischer gestalten. Nat\u00fcrlich sind alle Sticker eigene Designs und Illustrationen, die du nirgendwo anders findest. Geeignet f\u00fcr den Innen- und Au\u00dfenbereich sind die Einsatzm\u00f6glichkeiten dieser Vinyl-Sticker nahezu grenzenlos. Qualit\u00e4t steht an erster Stelle. Alle Sticker aus der Kollektion werden professionell auf hochwertigem Vinyl gedruckt und mit einer zus\u00e4tzlichen Schutzbeschichtung versehen, damit sie lange sch\u00f6n bleiben.     <\/p>\n<h3><strong>\u00dcBER DAS DESIGN<\/strong><\/h3>\n<p>Alle Illustrationen von Sylluna sind handgezeichnet und von Fantasy, Natur und Magie inspiriert. Die Illustration wurde zun\u00e4chst skizziert und anschlie\u00dfend digital koloriert. Dabei wurden analoge Texturen verwendet, darunter handgefertigtes Marmorpapier  <\/p>\n<p><strong><img decoding=\"async\" class=\"alignnone wp-image-2870 entered lazyloaded\" src=\"https:\/\/sylluna.com\/wp-content\/uploads\/2025\/08\/Zoek-op-Illustratie-Fantasy-Witchy-Art-SBDC-shop-copy-300x298.png\" sizes=\"auto, (max-width: 100px) 100vw, 100px\" srcset=\"https:\/\/sylluna.com\/wp-content\/uploads\/2025\/08\/Zoek-op-Illustratie-Fantasy-Witchy-Art-SBDC-shop-copy-300x298.png 300w, https:\/\/sylluna.com\/wp-content\/uploads\/2025\/08\/Zoek-op-Illustratie-Fantasy-Witchy-Art-SBDC-shop-copy-100x100.png 100w, https:\/\/sylluna.com\/wp-content\/uploads\/2025\/08\/Zoek-op-Illustratie-Fantasy-Witchy-Art-SBDC-shop-copy-150x150.png 150w, https:\/\/sylluna.com\/wp-content\/uploads\/2025\/08\/Zoek-op-Illustratie-Fantasy-Witchy-Art-SBDC-shop-copy.png 434w\" alt=\"\" width=\"100\" height=\"99\" data-lazy-sizes=\"auto, (max-width: 100px) 100vw, 100px\" data-lazy-srcset=\"https:\/\/sylluna.com\/wp-content\/uploads\/2025\/08\/Zoek-op-Illustratie-Fantasy-Witchy-Art-SBDC-shop-copy-300x298.png 300w, https:\/\/sylluna.com\/wp-content\/uploads\/2025\/08\/Zoek-op-Illustratie-Fantasy-Witchy-Art-SBDC-shop-copy-100x100.png 100w, https:\/\/sylluna.com\/wp-content\/uploads\/2025\/08\/Zoek-op-Illustratie-Fantasy-Witchy-Art-SBDC-shop-copy-150x150.png 150w, https:\/\/sylluna.com\/wp-content\/uploads\/2025\/08\/Zoek-op-Illustratie-Fantasy-Witchy-Art-SBDC-shop-copy.png 434w\" data-lazy-src=\"https:\/\/sylluna.com\/wp-content\/uploads\/2025\/08\/Zoek-op-Illustratie-Fantasy-Witchy-Art-SBDC-shop-copy-300x298.png\" data-ll-status=\"loaded\" loading=\"lazy\"><a href=\"https:\/\/sylluna.com\/de\/produkt-schlagwort\/kitsune-illustration\/\">\u2726 Entdecke weitere magische Produkte mit dieser Illustration<\/a><\/strong><\/p>\n<p><em>Die tats\u00e4chlichen Farben k\u00f6nnen aufgrund unterschiedlicher Bildschirmeinstellungen leicht abweichen.<\/em><\/p>\n<p>Sylluna\u00ae<\/p>\n","protected":false},"excerpt":{"rendered":"<p>Ein Vinyl-Sticker mit einer eigenen illustrierten Gestaltung auf transparentem Vinyl. Eine sch\u00f6ne Deko f\u00fcr Laptops, Planer, Hefte, Blument\u00f6pfe, Schr\u00e4nke, Plastikboxen, dein Buch der Schatten oder Grimoire, deinen Altarbereich oder sogar dein Auto. Deiner Fantasie sind keine Grenzen gesetzt, denn sie haften auf fast allem.  <\/p>\n<h3><img decoding=\"async\" class=\"alignnone wp-image-2867\" src=\"https:\/\/sylluna.com\/wp-content\/uploads\/2025\/08\/Shipping-General-Webshop-SBDC.png\" alt=\"\" width=\"100\" height=\"78\" srcset=\"https:\/\/syllunanew.sitework.link\/wp-content\/uploads\/2025\/08\/Shipping-General-Webshop-SBDC.png 757w, https:\/\/syllunanew.sitework.link\/wp-content\/uploads\/2025\/08\/Shipping-General-Webshop-SBDC-300x233.png 300w\" sizes=\"(max-width: 100px) 100vw, 100px\" \/>VERSAND: 3\u20135 Werktage<\/h3>\n<p>&nbsp;<\/p>\n<h3>Spezifikationen:<\/h3>\n<ul>\n<li>Stickergr\u00f6\u00dfe: die l\u00e4ngste Seite betr\u00e4gt 10 cm.<\/li>\n<li>Vollfarbige Illustration.<\/li>\n<li>Transparenter Hintergrund.<\/li>\n<li>Gl\u00e4nzende Oberfl\u00e4che und zus\u00e4tzliche Schutzbeschichtung.<\/li>\n<li>Professionell gedruckt.<\/li>\n<li>Hochwertiges Vinyl.<\/li>\n<li>Geeignet f\u00fcr den Innen- und Au\u00dfenbereich (bitte vorsichtig bei direkter Sonneneinstrahlung).<\/li>\n<\/ul>\n","protected":false},"featured_media":45698,"comment_status":"open","ping_status":"closed","template":"","meta":{"_acf_changed":false,"_glsr_average":0,"_glsr_ranking":0,"_glsr_reviews":0},"thema":[282,274,258,266],"product_brand":[156],"product_cat":[620,352],"product_tag":[1032],"class_list":{"0":"post-45700","1":"product","2":"type-product","3":"status-publish","4":"has-post-thumbnail","6":"thema-fuchs-krafttiere-totemtiere-themen","7":"thema-kitsune-de","8":"thema-krafttiere-totemtiere","9":"thema-magische-wesen","10":"product_brand-sylluna","11":"product_cat-aufkleber","12":"product_cat-papeterie","13":"product_tag-kitsune-illustration","14":"product_shipping_class-mailbox-package","16":"first","17":"instock","18":"shipping-taxable","19":"purchasable","20":"product-type-simple"},"acf":[],"yoast_head":"<!-- This site is optimized with the Yoast SEO plugin v27.4 - https:\/\/yoast.com\/product\/yoast-seo-wordpress\/ -->\n<title>Kitsune \u2013 Transparenter Vinyl-Aufkleber | Sylluna<\/title>\n<meta name=\"description\" content=\"Kitsune \u2013 Transparenter Vinyl-Aufkleber biedt alle informatie en specificaties overzichtelijk. Bestel direct online en profiteer van snelle verzending\" \/>\n<meta name=\"robots\" content=\"index, follow, max-snippet:-1, max-image-preview:large, max-video-preview:-1\" \/>\n<link rel=\"canonical\" href=\"https:\/\/syllunanew.sitework.link\/de\/produkt\/kitsune-transparenter-vinyl-aufkleber\/\" \/>\n<meta property=\"og:locale\" content=\"nl_NL\" \/>\n<meta property=\"og:type\" content=\"article\" \/>\n<meta property=\"og:title\" content=\"Kitsune \u2013 Transparenter Vinyl-Aufkleber | Sylluna\" \/>\n<meta property=\"og:description\" content=\"Kitsune \u2013 Transparenter Vinyl-Aufkleber biedt alle informatie en specificaties overzichtelijk. Bestel direct online en profiteer van snelle verzending\" \/>\n<meta property=\"og:url\" content=\"https:\/\/syllunanew.sitework.link\/de\/produkt\/kitsune-transparenter-vinyl-aufkleber\/\" \/>\n<meta property=\"og:site_name\" content=\"Sylluna\" \/>\n<meta property=\"og:image\" content=\"https:\/\/syllunanew.sitework.link\/wp-content\/uploads\/2026\/01\/Kitsune-Vos-Wezen-Vinyl-Sticker-Transparant-Sylluna-1.jpg\" \/>\n\t<meta property=\"og:image:width\" content=\"1000\" \/>\n\t<meta property=\"og:image:height\" content=\"1000\" \/>\n\t<meta property=\"og:image:type\" content=\"image\/jpeg\" \/>\n<meta name=\"twitter:card\" content=\"summary_large_image\" \/>\n<meta name=\"twitter:label1\" content=\"Geschatte leestijd\" \/>\n\t<meta name=\"twitter:data1\" content=\"1 minuut\" \/>\n<script type=\"application\/ld+json\" class=\"yoast-schema-graph\">{\"@context\":\"https:\\\/\\\/schema.org\",\"@graph\":[{\"@type\":\"WebPage\",\"@id\":\"https:\\\/\\\/syllunanew.sitework.link\\\/de\\\/produkt\\\/kitsune-transparenter-vinyl-aufkleber\\\/\",\"url\":\"https:\\\/\\\/syllunanew.sitework.link\\\/de\\\/produkt\\\/kitsune-transparenter-vinyl-aufkleber\\\/\",\"name\":\"Kitsune \u2013 Transparenter Vinyl-Aufkleber | Sylluna\",\"isPartOf\":{\"@id\":\"https:\\\/\\\/syllunanew.sitework.link\\\/de\\\/#website\"},\"primaryImageOfPage\":{\"@id\":\"https:\\\/\\\/syllunanew.sitework.link\\\/de\\\/produkt\\\/kitsune-transparenter-vinyl-aufkleber\\\/#primaryimage\"},\"image\":{\"@id\":\"https:\\\/\\\/syllunanew.sitework.link\\\/de\\\/produkt\\\/kitsune-transparenter-vinyl-aufkleber\\\/#primaryimage\"},\"thumbnailUrl\":\"https:\\\/\\\/syllunanew.sitework.link\\\/wp-content\\\/uploads\\\/2026\\\/01\\\/Kitsune-Vos-Wezen-Vinyl-Sticker-Transparant-Sylluna-1.jpg\",\"datePublished\":\"2026-01-28T13:44:56+00:00\",\"description\":\"Kitsune \u2013 Transparenter Vinyl-Aufkleber biedt alle informatie en specificaties overzichtelijk. Bestel direct online en profiteer van snelle verzending\",\"breadcrumb\":{\"@id\":\"https:\\\/\\\/syllunanew.sitework.link\\\/de\\\/produkt\\\/kitsune-transparenter-vinyl-aufkleber\\\/#breadcrumb\"},\"inLanguage\":\"nl-NL\",\"potentialAction\":[{\"@type\":\"ReadAction\",\"target\":[\"https:\\\/\\\/syllunanew.sitework.link\\\/de\\\/produkt\\\/kitsune-transparenter-vinyl-aufkleber\\\/\"]}]},{\"@type\":\"ImageObject\",\"inLanguage\":\"nl-NL\",\"@id\":\"https:\\\/\\\/syllunanew.sitework.link\\\/de\\\/produkt\\\/kitsune-transparenter-vinyl-aufkleber\\\/#primaryimage\",\"url\":\"https:\\\/\\\/syllunanew.sitework.link\\\/wp-content\\\/uploads\\\/2026\\\/01\\\/Kitsune-Vos-Wezen-Vinyl-Sticker-Transparant-Sylluna-1.jpg\",\"contentUrl\":\"https:\\\/\\\/syllunanew.sitework.link\\\/wp-content\\\/uploads\\\/2026\\\/01\\\/Kitsune-Vos-Wezen-Vinyl-Sticker-Transparant-Sylluna-1.jpg\",\"width\":1000,\"height\":1000,\"caption\":\"Kitsune Fuchsgeist \u2013 Transparenter Vinyl-Aufkleber \u2013 Sylluna 1\"},{\"@type\":\"BreadcrumbList\",\"@id\":\"https:\\\/\\\/syllunanew.sitework.link\\\/de\\\/produkt\\\/kitsune-transparenter-vinyl-aufkleber\\\/#breadcrumb\",\"itemListElement\":[{\"@type\":\"ListItem\",\"position\":1,\"name\":\"Home\",\"item\":\"https:\\\/\\\/syllunanew.sitework.link\\\/de\\\/\"},{\"@type\":\"ListItem\",\"position\":2,\"name\":\"Shop\",\"item\":\"https:\\\/\\\/syllunanew.sitework.link\\\/de\\\/shop\\\/\"},{\"@type\":\"ListItem\",\"position\":3,\"name\":\"Kitsune \u2013 Transparenter Vinyl-Aufkleber\"}]},{\"@type\":\"WebSite\",\"@id\":\"https:\\\/\\\/syllunanew.sitework.link\\\/de\\\/#website\",\"url\":\"https:\\\/\\\/syllunanew.sitework.link\\\/de\\\/\",\"name\":\"Sylluna | Magische Producten van Eigen Ontwerp\",\"description\":\"Uniek. Magisch. Met betekenis.\",\"publisher\":{\"@id\":\"https:\\\/\\\/syllunanew.sitework.link\\\/de\\\/#organization\"},\"alternateName\":\"Sylluna\",\"potentialAction\":[{\"@type\":\"SearchAction\",\"target\":{\"@type\":\"EntryPoint\",\"urlTemplate\":\"https:\\\/\\\/syllunanew.sitework.link\\\/de\\\/?s={search_term_string}\"},\"query-input\":{\"@type\":\"PropertyValueSpecification\",\"valueRequired\":true,\"valueName\":\"search_term_string\"}}],\"inLanguage\":\"nl-NL\"},{\"@type\":\"Organization\",\"@id\":\"https:\\\/\\\/syllunanew.sitework.link\\\/de\\\/#organization\",\"name\":\"Sylluna | Magische Producten van Eigen Ontwerp\",\"url\":\"https:\\\/\\\/syllunanew.sitework.link\\\/de\\\/\",\"logo\":{\"@type\":\"ImageObject\",\"inLanguage\":\"nl-NL\",\"@id\":\"https:\\\/\\\/syllunanew.sitework.link\\\/de\\\/#\\\/schema\\\/logo\\\/image\\\/\",\"url\":\"https:\\\/\\\/sylluna.com\\\/wp-content\\\/uploads\\\/2025\\\/11\\\/Sylluna_dark-scaled.png\",\"contentUrl\":\"https:\\\/\\\/sylluna.com\\\/wp-content\\\/uploads\\\/2025\\\/11\\\/Sylluna_dark-scaled.png\",\"width\":2500,\"height\":1221,\"caption\":\"Sylluna | Magische Producten van Eigen Ontwerp\"},\"image\":{\"@id\":\"https:\\\/\\\/syllunanew.sitework.link\\\/de\\\/#\\\/schema\\\/logo\\\/image\\\/\"}}]}<\/script>\n<!-- \/ Yoast SEO plugin. -->","yoast_head_json":{"title":"Kitsune \u2013 Transparenter Vinyl-Aufkleber | Sylluna","description":"Kitsune \u2013 Transparenter Vinyl-Aufkleber biedt alle informatie en specificaties overzichtelijk. Bestel direct online en profiteer van snelle verzending","robots":{"index":"index","follow":"follow","max-snippet":"max-snippet:-1","max-image-preview":"max-image-preview:large","max-video-preview":"max-video-preview:-1"},"canonical":"https:\/\/syllunanew.sitework.link\/de\/produkt\/kitsune-transparenter-vinyl-aufkleber\/","og_locale":"nl_NL","og_type":"article","og_title":"Kitsune \u2013 Transparenter Vinyl-Aufkleber | Sylluna","og_description":"Kitsune \u2013 Transparenter Vinyl-Aufkleber biedt alle informatie en specificaties overzichtelijk. Bestel direct online en profiteer van snelle verzending","og_url":"https:\/\/syllunanew.sitework.link\/de\/produkt\/kitsune-transparenter-vinyl-aufkleber\/","og_site_name":"Sylluna","og_image":[{"width":1000,"height":1000,"url":"https:\/\/syllunanew.sitework.link\/wp-content\/uploads\/2026\/01\/Kitsune-Vos-Wezen-Vinyl-Sticker-Transparant-Sylluna-1.jpg","type":"image\/jpeg"}],"twitter_card":"summary_large_image","twitter_misc":{"Geschatte leestijd":"1 minuut"},"schema":{"@context":"https:\/\/schema.org","@graph":[{"@type":"WebPage","@id":"https:\/\/syllunanew.sitework.link\/de\/produkt\/kitsune-transparenter-vinyl-aufkleber\/","url":"https:\/\/syllunanew.sitework.link\/de\/produkt\/kitsune-transparenter-vinyl-aufkleber\/","name":"Kitsune \u2013 Transparenter Vinyl-Aufkleber | Sylluna","isPartOf":{"@id":"https:\/\/syllunanew.sitework.link\/de\/#website"},"primaryImageOfPage":{"@id":"https:\/\/syllunanew.sitework.link\/de\/produkt\/kitsune-transparenter-vinyl-aufkleber\/#primaryimage"},"image":{"@id":"https:\/\/syllunanew.sitework.link\/de\/produkt\/kitsune-transparenter-vinyl-aufkleber\/#primaryimage"},"thumbnailUrl":"https:\/\/syllunanew.sitework.link\/wp-content\/uploads\/2026\/01\/Kitsune-Vos-Wezen-Vinyl-Sticker-Transparant-Sylluna-1.jpg","datePublished":"2026-01-28T13:44:56+00:00","description":"Kitsune \u2013 Transparenter Vinyl-Aufkleber biedt alle informatie en specificaties overzichtelijk. Bestel direct online en profiteer van snelle verzending","breadcrumb":{"@id":"https:\/\/syllunanew.sitework.link\/de\/produkt\/kitsune-transparenter-vinyl-aufkleber\/#breadcrumb"},"inLanguage":"nl-NL","potentialAction":[{"@type":"ReadAction","target":["https:\/\/syllunanew.sitework.link\/de\/produkt\/kitsune-transparenter-vinyl-aufkleber\/"]}]},{"@type":"ImageObject","inLanguage":"nl-NL","@id":"https:\/\/syllunanew.sitework.link\/de\/produkt\/kitsune-transparenter-vinyl-aufkleber\/#primaryimage","url":"https:\/\/syllunanew.sitework.link\/wp-content\/uploads\/2026\/01\/Kitsune-Vos-Wezen-Vinyl-Sticker-Transparant-Sylluna-1.jpg","contentUrl":"https:\/\/syllunanew.sitework.link\/wp-content\/uploads\/2026\/01\/Kitsune-Vos-Wezen-Vinyl-Sticker-Transparant-Sylluna-1.jpg","width":1000,"height":1000,"caption":"Kitsune Fuchsgeist \u2013 Transparenter Vinyl-Aufkleber \u2013 Sylluna 1"},{"@type":"BreadcrumbList","@id":"https:\/\/syllunanew.sitework.link\/de\/produkt\/kitsune-transparenter-vinyl-aufkleber\/#breadcrumb","itemListElement":[{"@type":"ListItem","position":1,"name":"Home","item":"https:\/\/syllunanew.sitework.link\/de\/"},{"@type":"ListItem","position":2,"name":"Shop","item":"https:\/\/syllunanew.sitework.link\/de\/shop\/"},{"@type":"ListItem","position":3,"name":"Kitsune \u2013 Transparenter Vinyl-Aufkleber"}]},{"@type":"WebSite","@id":"https:\/\/syllunanew.sitework.link\/de\/#website","url":"https:\/\/syllunanew.sitework.link\/de\/","name":"Sylluna | Magische Producten van Eigen Ontwerp","description":"Uniek. Magisch. Met betekenis.","publisher":{"@id":"https:\/\/syllunanew.sitework.link\/de\/#organization"},"alternateName":"Sylluna","potentialAction":[{"@type":"SearchAction","target":{"@type":"EntryPoint","urlTemplate":"https:\/\/syllunanew.sitework.link\/de\/?s={search_term_string}"},"query-input":{"@type":"PropertyValueSpecification","valueRequired":true,"valueName":"search_term_string"}}],"inLanguage":"nl-NL"},{"@type":"Organization","@id":"https:\/\/syllunanew.sitework.link\/de\/#organization","name":"Sylluna | Magische Producten van Eigen Ontwerp","url":"https:\/\/syllunanew.sitework.link\/de\/","logo":{"@type":"ImageObject","inLanguage":"nl-NL","@id":"https:\/\/syllunanew.sitework.link\/de\/#\/schema\/logo\/image\/","url":"https:\/\/sylluna.com\/wp-content\/uploads\/2025\/11\/Sylluna_dark-scaled.png","contentUrl":"https:\/\/sylluna.com\/wp-content\/uploads\/2025\/11\/Sylluna_dark-scaled.png","width":2500,"height":1221,"caption":"Sylluna | Magische Producten van Eigen Ontwerp"},"image":{"@id":"https:\/\/syllunanew.sitework.link\/de\/#\/schema\/logo\/image\/"}}]}},"_links":{"self":[{"href":"https:\/\/syllunanew.sitework.link\/de\/wp-json\/wp\/v2\/product\/45700","targetHints":{"allow":["GET"]}}],"collection":[{"href":"https:\/\/syllunanew.sitework.link\/de\/wp-json\/wp\/v2\/product"}],"about":[{"href":"https:\/\/syllunanew.sitework.link\/de\/wp-json\/wp\/v2\/types\/product"}],"replies":[{"embeddable":true,"href":"https:\/\/syllunanew.sitework.link\/de\/wp-json\/wp\/v2\/comments?post=45700"}],"wp:featuredmedia":[{"embeddable":true,"href":"https:\/\/syllunanew.sitework.link\/de\/wp-json\/wp\/v2\/media\/45698"}],"wp:attachment":[{"href":"https:\/\/syllunanew.sitework.link\/de\/wp-json\/wp\/v2\/media?parent=45700"}],"wp:term":[{"taxonomy":"thema","embeddable":true,"href":"https:\/\/syllunanew.sitework.link\/de\/wp-json\/wp\/v2\/thema?post=45700"},{"taxonomy":"product_brand","embeddable":true,"href":"https:\/\/syllunanew.sitework.link\/de\/wp-json\/wp\/v2\/product_brand?post=45700"},{"taxonomy":"product_cat","embeddable":true,"href":"https:\/\/syllunanew.sitework.link\/de\/wp-json\/wp\/v2\/product_cat?post=45700"},{"taxonomy":"product_tag","embeddable":true,"href":"https:\/\/syllunanew.sitework.link\/de\/wp-json\/wp\/v2\/product_tag?post=45700"}],"curies":[{"name":"wp","href":"https:\/\/api.w.org\/{rel}","templated":true}]}}