{"id":44991,"date":"2026-01-15T16:23:57","date_gmt":"2026-01-15T15:23:57","guid":{"rendered":"https:\/\/sylluna.com\/?post_type=product&#038;p=44991"},"modified":"2026-01-15T16:56:44","modified_gmt":"2026-01-15T15:56:44","slug":"wolf-rabe-krafttier-a6-kunstdruck","status":"publish","type":"product","link":"https:\/\/syllunanew.sitework.link\/de\/produkt\/wolf-rabe-krafttier-a6-kunstdruck\/","title":{"rendered":"Wolf &amp; Rabe Krafttier \u2013 A6 Kunstdruck"},"content":{"rendered":"<p>Die A6-Postkarten und Drucke von Sylluna\u00ae werden in den Niederlanden mit gro\u00dfer Liebe zum Detail und hoher Qualit\u00e4t hergestellt. Unsere Marke steht f\u00fcr originale, handgezeichnete Illustrationen, die f\u00fcr jeden zug\u00e4nglich sind. Mit diesen kleinen Drucken holst du auf erschwingliche Weise einen Hauch von Magie und Fantasy ins Haus und f\u00fcgst deinem Tag ein bisschen Magie und Staunen hinzu.<\/p>\n<h3><strong>\u00dcBER DAS DESIGN<\/strong><\/h3>\n<p>Alle Illustrationen von Sylluna sind handgezeichnet und von Fantasy, Natur und Magie inspiriert. Die Illustration wurde zun\u00e4chst skizziert und anschlie\u00dfend digital koloriert. Dabei wurden analoge Texturen verwendet, darunter handgefertigtes Marmorpapier<\/p>\n<p><strong><img decoding=\"async\" class=\"alignnone wp-image-2870\" src=\"https:\/\/sylluna.com\/wp-content\/uploads\/2025\/08\/Zoek-op-Illustratie-Fantasy-Witchy-Art-SBDC-shop-copy-300x298.png\" sizes=\"auto, (max-width: 100px) 100vw, 100px\" srcset=\"https:\/\/sylluna.com\/wp-content\/uploads\/2025\/08\/Zoek-op-Illustratie-Fantasy-Witchy-Art-SBDC-shop-copy-300x298.png 300w, https:\/\/sylluna.com\/wp-content\/uploads\/2025\/08\/Zoek-op-Illustratie-Fantasy-Witchy-Art-SBDC-shop-copy-100x100.png 100w, https:\/\/sylluna.com\/wp-content\/uploads\/2025\/08\/Zoek-op-Illustratie-Fantasy-Witchy-Art-SBDC-shop-copy-150x150.png 150w, https:\/\/sylluna.com\/wp-content\/uploads\/2025\/08\/Zoek-op-Illustratie-Fantasy-Witchy-Art-SBDC-shop-copy.png 434w\" alt=\"\" width=\"100\" height=\"99\" \/ loading=\"lazy\"><a href=\"https:\/\/sylluna.com\/de\/produkt-schlagwort\/wolf-und-rabe-krafttier-illustration\/\">\u2726 Entdecke weitere magische Produkte mit dieser Illustration<\/a><\/strong><\/p>\n<p><em>Die tats\u00e4chlichen Farben k\u00f6nnen aufgrund unterschiedlicher Bildschirm- und Druckereinstellungen leicht abweichen.<\/em><\/p>\n<p data-start=\"207\" data-end=\"211\">Sylluna\u00ae<\/p>\n","protected":false},"excerpt":{"rendered":"<p>Diese A6-Postkarte zeigt eine magische Illustration von Sylluna und ist perfekt, um liebe Gr\u00fc\u00dfe an Familie, Freunde oder andere geliebte Menschen zu senden. Sie eignet sich auch hervorragend f\u00fcr Postcrossing, um jemandem irgendwo auf der Welt eine \u00dcberraschung zu bereiten. Dar\u00fcber hinaus kannst du die Karte als kleinen Kunstdruck verwenden. Platziere sie auf deinem Altar, in deiner Inspirationsecke oder an der Wand und lasse so einen Hauch von Magie und Fantasy in dein Zuhause flie\u00dfen.<\/p>\n<h4><img decoding=\"async\" class=\"alignnone wp-image-2867\" src=\"https:\/\/sylluna.com\/wp-content\/uploads\/2025\/08\/Shipping-General-Webshop-SBDC-300x233.png\" alt=\"\" width=\"100\" height=\"78\" srcset=\"https:\/\/syllunanew.sitework.link\/wp-content\/uploads\/2025\/08\/Shipping-General-Webshop-SBDC-300x233.png 300w, https:\/\/syllunanew.sitework.link\/wp-content\/uploads\/2025\/08\/Shipping-General-Webshop-SBDC.png 757w\" sizes=\"(max-width: 100px) 100vw, 100px\" \/><strong>VERSAND:<\/strong> 3\u20135 Werktage.<\/h4>\n<p>&nbsp;<\/p>\n<h4><strong>SPEZIFIKATIONEN:<\/strong><\/h4>\n<ul>\n<li>A6-Format: 10,5 \u00d7 14,8 cm (4,1 \u00d7 5,8 Zoll).<\/li>\n<li>Abgerundete Ecken.<\/li>\n<li>Gedruckt auf hochwertigem 300 g\/m\u00b2 Karton.<\/li>\n<li>Seidenmatt-Beschichtung.<\/li>\n<li>R\u00fcckseite mit Platz f\u00fcr Nachricht, Adresse und Briefmarke.<\/li>\n<li>Druck einer original handgezeichneten Illustration von Sylluna\u00ae.<\/li>\n<\/ul>\n","protected":false},"featured_media":44994,"comment_status":"open","ping_status":"closed","template":"","meta":{"_acf_changed":false,"_glsr_average":0,"_glsr_ranking":0,"_glsr_reviews":0},"thema":[445,487,258,235,439],"product_brand":[156],"product_cat":[571,352,622],"product_tag":[528],"class_list":{"0":"post-44991","1":"product","2":"type-product","3":"status-publish","4":"has-post-thumbnail","6":"thema-das-universum-themen","7":"thema-der-mond","8":"thema-krafttiere-totemtiere","9":"thema-rabe","10":"thema-wolf-de-krafttiere-totemtiere-themen","11":"product_brand-sylluna","12":"product_cat-altar-heiliger-raum","13":"product_cat-papeterie","14":"product_cat-postkarten-a6-drucke-briefpapier-produkttyp","15":"product_tag-wolf-und-rabe-krafttier-illustration","16":"product_shipping_class-mailbox-package","18":"first","19":"instock","20":"shipping-taxable","21":"purchasable","22":"product-type-simple"},"acf":[],"yoast_head":"<!-- This site is optimized with the Yoast SEO plugin v27.4 - https:\/\/yoast.com\/product\/yoast-seo-wordpress\/ -->\n<title>Wolf &amp; Rabe Krafttier \u2013 A6 Kunstdruck | Sylluna<\/title>\n<meta name=\"description\" content=\"Wolf &amp; Rabe Krafttier \u2013 A6 Kunstdruck biedt alle informatie en specificaties overzichtelijk. Bestel direct online en profiteer van snelle verzending\" \/>\n<meta name=\"robots\" content=\"index, follow, max-snippet:-1, max-image-preview:large, max-video-preview:-1\" \/>\n<link rel=\"canonical\" href=\"https:\/\/syllunanew.sitework.link\/de\/produkt\/wolf-rabe-krafttier-a6-kunstdruck\/\" \/>\n<meta property=\"og:locale\" content=\"nl_NL\" \/>\n<meta property=\"og:type\" content=\"article\" \/>\n<meta property=\"og:title\" content=\"Wolf &amp; Rabe Krafttier \u2013 A6 Kunstdruck | Sylluna\" \/>\n<meta property=\"og:description\" content=\"Wolf &amp; Rabe Krafttier \u2013 A6 Kunstdruck biedt alle informatie en specificaties overzichtelijk. Bestel direct online en profiteer van snelle verzending\" \/>\n<meta property=\"og:url\" content=\"https:\/\/syllunanew.sitework.link\/de\/produkt\/wolf-rabe-krafttier-a6-kunstdruck\/\" \/>\n<meta property=\"og:site_name\" content=\"Sylluna\" \/>\n<meta property=\"article:modified_time\" content=\"2026-01-15T15:56:44+00:00\" \/>\n<meta property=\"og:image\" content=\"https:\/\/syllunanew.sitework.link\/wp-content\/uploads\/2026\/01\/Ansichtkaart-A6-Print-Wolf-en-Raaf-Sylluna.jpg\" \/>\n\t<meta property=\"og:image:width\" content=\"1000\" \/>\n\t<meta property=\"og:image:height\" content=\"1000\" \/>\n\t<meta property=\"og:image:type\" content=\"image\/jpeg\" \/>\n<meta name=\"twitter:card\" content=\"summary_large_image\" \/>\n<meta name=\"twitter:label1\" content=\"Geschatte leestijd\" \/>\n\t<meta name=\"twitter:data1\" content=\"1 minuut\" \/>\n<script type=\"application\/ld+json\" class=\"yoast-schema-graph\">{\"@context\":\"https:\\\/\\\/schema.org\",\"@graph\":[{\"@type\":\"WebPage\",\"@id\":\"https:\\\/\\\/syllunanew.sitework.link\\\/de\\\/produkt\\\/wolf-rabe-krafttier-a6-kunstdruck\\\/\",\"url\":\"https:\\\/\\\/syllunanew.sitework.link\\\/de\\\/produkt\\\/wolf-rabe-krafttier-a6-kunstdruck\\\/\",\"name\":\"Wolf &amp; Rabe Krafttier \u2013 A6 Kunstdruck | Sylluna\",\"isPartOf\":{\"@id\":\"https:\\\/\\\/syllunanew.sitework.link\\\/de\\\/#website\"},\"primaryImageOfPage\":{\"@id\":\"https:\\\/\\\/syllunanew.sitework.link\\\/de\\\/produkt\\\/wolf-rabe-krafttier-a6-kunstdruck\\\/#primaryimage\"},\"image\":{\"@id\":\"https:\\\/\\\/syllunanew.sitework.link\\\/de\\\/produkt\\\/wolf-rabe-krafttier-a6-kunstdruck\\\/#primaryimage\"},\"thumbnailUrl\":\"https:\\\/\\\/syllunanew.sitework.link\\\/wp-content\\\/uploads\\\/2026\\\/01\\\/Ansichtkaart-A6-Print-Wolf-en-Raaf-Sylluna.jpg\",\"datePublished\":\"2026-01-15T15:23:57+00:00\",\"dateModified\":\"2026-01-15T15:56:44+00:00\",\"description\":\"Wolf &amp; Rabe Krafttier \u2013 A6 Kunstdruck biedt alle informatie en specificaties overzichtelijk. Bestel direct online en profiteer van snelle verzending\",\"breadcrumb\":{\"@id\":\"https:\\\/\\\/syllunanew.sitework.link\\\/de\\\/produkt\\\/wolf-rabe-krafttier-a6-kunstdruck\\\/#breadcrumb\"},\"inLanguage\":\"nl-NL\",\"potentialAction\":[{\"@type\":\"ReadAction\",\"target\":[\"https:\\\/\\\/syllunanew.sitework.link\\\/de\\\/produkt\\\/wolf-rabe-krafttier-a6-kunstdruck\\\/\"]}]},{\"@type\":\"ImageObject\",\"inLanguage\":\"nl-NL\",\"@id\":\"https:\\\/\\\/syllunanew.sitework.link\\\/de\\\/produkt\\\/wolf-rabe-krafttier-a6-kunstdruck\\\/#primaryimage\",\"url\":\"https:\\\/\\\/syllunanew.sitework.link\\\/wp-content\\\/uploads\\\/2026\\\/01\\\/Ansichtkaart-A6-Print-Wolf-en-Raaf-Sylluna.jpg\",\"contentUrl\":\"https:\\\/\\\/syllunanew.sitework.link\\\/wp-content\\\/uploads\\\/2026\\\/01\\\/Ansichtkaart-A6-Print-Wolf-en-Raaf-Sylluna.jpg\",\"width\":1000,\"height\":1000,\"caption\":\"Postkarte \u2013 A6 Druck \u2013 Wolf und Rabe \u2013 Sylluna\"},{\"@type\":\"BreadcrumbList\",\"@id\":\"https:\\\/\\\/syllunanew.sitework.link\\\/de\\\/produkt\\\/wolf-rabe-krafttier-a6-kunstdruck\\\/#breadcrumb\",\"itemListElement\":[{\"@type\":\"ListItem\",\"position\":1,\"name\":\"Home\",\"item\":\"https:\\\/\\\/syllunanew.sitework.link\\\/de\\\/\"},{\"@type\":\"ListItem\",\"position\":2,\"name\":\"Shop\",\"item\":\"https:\\\/\\\/syllunanew.sitework.link\\\/de\\\/shop\\\/\"},{\"@type\":\"ListItem\",\"position\":3,\"name\":\"Wolf &amp; Rabe Krafttier \u2013 A6 Kunstdruck\"}]},{\"@type\":\"WebSite\",\"@id\":\"https:\\\/\\\/syllunanew.sitework.link\\\/de\\\/#website\",\"url\":\"https:\\\/\\\/syllunanew.sitework.link\\\/de\\\/\",\"name\":\"Sylluna | Magische Producten van Eigen Ontwerp\",\"description\":\"Uniek. Magisch. Met betekenis.\",\"publisher\":{\"@id\":\"https:\\\/\\\/syllunanew.sitework.link\\\/de\\\/#organization\"},\"alternateName\":\"Sylluna\",\"potentialAction\":[{\"@type\":\"SearchAction\",\"target\":{\"@type\":\"EntryPoint\",\"urlTemplate\":\"https:\\\/\\\/syllunanew.sitework.link\\\/de\\\/?s={search_term_string}\"},\"query-input\":{\"@type\":\"PropertyValueSpecification\",\"valueRequired\":true,\"valueName\":\"search_term_string\"}}],\"inLanguage\":\"nl-NL\"},{\"@type\":\"Organization\",\"@id\":\"https:\\\/\\\/syllunanew.sitework.link\\\/de\\\/#organization\",\"name\":\"Sylluna | Magische Producten van Eigen Ontwerp\",\"url\":\"https:\\\/\\\/syllunanew.sitework.link\\\/de\\\/\",\"logo\":{\"@type\":\"ImageObject\",\"inLanguage\":\"nl-NL\",\"@id\":\"https:\\\/\\\/syllunanew.sitework.link\\\/de\\\/#\\\/schema\\\/logo\\\/image\\\/\",\"url\":\"https:\\\/\\\/sylluna.com\\\/wp-content\\\/uploads\\\/2025\\\/11\\\/Sylluna_dark-scaled.png\",\"contentUrl\":\"https:\\\/\\\/sylluna.com\\\/wp-content\\\/uploads\\\/2025\\\/11\\\/Sylluna_dark-scaled.png\",\"width\":2500,\"height\":1221,\"caption\":\"Sylluna | Magische Producten van Eigen Ontwerp\"},\"image\":{\"@id\":\"https:\\\/\\\/syllunanew.sitework.link\\\/de\\\/#\\\/schema\\\/logo\\\/image\\\/\"}}]}<\/script>\n<!-- \/ Yoast SEO plugin. -->","yoast_head_json":{"title":"Wolf &amp; Rabe Krafttier \u2013 A6 Kunstdruck | Sylluna","description":"Wolf &amp; Rabe Krafttier \u2013 A6 Kunstdruck biedt alle informatie en specificaties overzichtelijk. Bestel direct online en profiteer van snelle verzending","robots":{"index":"index","follow":"follow","max-snippet":"max-snippet:-1","max-image-preview":"max-image-preview:large","max-video-preview":"max-video-preview:-1"},"canonical":"https:\/\/syllunanew.sitework.link\/de\/produkt\/wolf-rabe-krafttier-a6-kunstdruck\/","og_locale":"nl_NL","og_type":"article","og_title":"Wolf &amp; Rabe Krafttier \u2013 A6 Kunstdruck | Sylluna","og_description":"Wolf &amp; Rabe Krafttier \u2013 A6 Kunstdruck biedt alle informatie en specificaties overzichtelijk. Bestel direct online en profiteer van snelle verzending","og_url":"https:\/\/syllunanew.sitework.link\/de\/produkt\/wolf-rabe-krafttier-a6-kunstdruck\/","og_site_name":"Sylluna","article_modified_time":"2026-01-15T15:56:44+00:00","og_image":[{"width":1000,"height":1000,"url":"https:\/\/syllunanew.sitework.link\/wp-content\/uploads\/2026\/01\/Ansichtkaart-A6-Print-Wolf-en-Raaf-Sylluna.jpg","type":"image\/jpeg"}],"twitter_card":"summary_large_image","twitter_misc":{"Geschatte leestijd":"1 minuut"},"schema":{"@context":"https:\/\/schema.org","@graph":[{"@type":"WebPage","@id":"https:\/\/syllunanew.sitework.link\/de\/produkt\/wolf-rabe-krafttier-a6-kunstdruck\/","url":"https:\/\/syllunanew.sitework.link\/de\/produkt\/wolf-rabe-krafttier-a6-kunstdruck\/","name":"Wolf &amp; Rabe Krafttier \u2013 A6 Kunstdruck | Sylluna","isPartOf":{"@id":"https:\/\/syllunanew.sitework.link\/de\/#website"},"primaryImageOfPage":{"@id":"https:\/\/syllunanew.sitework.link\/de\/produkt\/wolf-rabe-krafttier-a6-kunstdruck\/#primaryimage"},"image":{"@id":"https:\/\/syllunanew.sitework.link\/de\/produkt\/wolf-rabe-krafttier-a6-kunstdruck\/#primaryimage"},"thumbnailUrl":"https:\/\/syllunanew.sitework.link\/wp-content\/uploads\/2026\/01\/Ansichtkaart-A6-Print-Wolf-en-Raaf-Sylluna.jpg","datePublished":"2026-01-15T15:23:57+00:00","dateModified":"2026-01-15T15:56:44+00:00","description":"Wolf &amp; Rabe Krafttier \u2013 A6 Kunstdruck biedt alle informatie en specificaties overzichtelijk. Bestel direct online en profiteer van snelle verzending","breadcrumb":{"@id":"https:\/\/syllunanew.sitework.link\/de\/produkt\/wolf-rabe-krafttier-a6-kunstdruck\/#breadcrumb"},"inLanguage":"nl-NL","potentialAction":[{"@type":"ReadAction","target":["https:\/\/syllunanew.sitework.link\/de\/produkt\/wolf-rabe-krafttier-a6-kunstdruck\/"]}]},{"@type":"ImageObject","inLanguage":"nl-NL","@id":"https:\/\/syllunanew.sitework.link\/de\/produkt\/wolf-rabe-krafttier-a6-kunstdruck\/#primaryimage","url":"https:\/\/syllunanew.sitework.link\/wp-content\/uploads\/2026\/01\/Ansichtkaart-A6-Print-Wolf-en-Raaf-Sylluna.jpg","contentUrl":"https:\/\/syllunanew.sitework.link\/wp-content\/uploads\/2026\/01\/Ansichtkaart-A6-Print-Wolf-en-Raaf-Sylluna.jpg","width":1000,"height":1000,"caption":"Postkarte \u2013 A6 Druck \u2013 Wolf und Rabe \u2013 Sylluna"},{"@type":"BreadcrumbList","@id":"https:\/\/syllunanew.sitework.link\/de\/produkt\/wolf-rabe-krafttier-a6-kunstdruck\/#breadcrumb","itemListElement":[{"@type":"ListItem","position":1,"name":"Home","item":"https:\/\/syllunanew.sitework.link\/de\/"},{"@type":"ListItem","position":2,"name":"Shop","item":"https:\/\/syllunanew.sitework.link\/de\/shop\/"},{"@type":"ListItem","position":3,"name":"Wolf &amp; Rabe Krafttier \u2013 A6 Kunstdruck"}]},{"@type":"WebSite","@id":"https:\/\/syllunanew.sitework.link\/de\/#website","url":"https:\/\/syllunanew.sitework.link\/de\/","name":"Sylluna | Magische Producten van Eigen Ontwerp","description":"Uniek. Magisch. Met betekenis.","publisher":{"@id":"https:\/\/syllunanew.sitework.link\/de\/#organization"},"alternateName":"Sylluna","potentialAction":[{"@type":"SearchAction","target":{"@type":"EntryPoint","urlTemplate":"https:\/\/syllunanew.sitework.link\/de\/?s={search_term_string}"},"query-input":{"@type":"PropertyValueSpecification","valueRequired":true,"valueName":"search_term_string"}}],"inLanguage":"nl-NL"},{"@type":"Organization","@id":"https:\/\/syllunanew.sitework.link\/de\/#organization","name":"Sylluna | Magische Producten van Eigen Ontwerp","url":"https:\/\/syllunanew.sitework.link\/de\/","logo":{"@type":"ImageObject","inLanguage":"nl-NL","@id":"https:\/\/syllunanew.sitework.link\/de\/#\/schema\/logo\/image\/","url":"https:\/\/sylluna.com\/wp-content\/uploads\/2025\/11\/Sylluna_dark-scaled.png","contentUrl":"https:\/\/sylluna.com\/wp-content\/uploads\/2025\/11\/Sylluna_dark-scaled.png","width":2500,"height":1221,"caption":"Sylluna | Magische Producten van Eigen Ontwerp"},"image":{"@id":"https:\/\/syllunanew.sitework.link\/de\/#\/schema\/logo\/image\/"}}]}},"_links":{"self":[{"href":"https:\/\/syllunanew.sitework.link\/de\/wp-json\/wp\/v2\/product\/44991","targetHints":{"allow":["GET"]}}],"collection":[{"href":"https:\/\/syllunanew.sitework.link\/de\/wp-json\/wp\/v2\/product"}],"about":[{"href":"https:\/\/syllunanew.sitework.link\/de\/wp-json\/wp\/v2\/types\/product"}],"replies":[{"embeddable":true,"href":"https:\/\/syllunanew.sitework.link\/de\/wp-json\/wp\/v2\/comments?post=44991"}],"wp:featuredmedia":[{"embeddable":true,"href":"https:\/\/syllunanew.sitework.link\/de\/wp-json\/wp\/v2\/media\/44994"}],"wp:attachment":[{"href":"https:\/\/syllunanew.sitework.link\/de\/wp-json\/wp\/v2\/media?parent=44991"}],"wp:term":[{"taxonomy":"thema","embeddable":true,"href":"https:\/\/syllunanew.sitework.link\/de\/wp-json\/wp\/v2\/thema?post=44991"},{"taxonomy":"product_brand","embeddable":true,"href":"https:\/\/syllunanew.sitework.link\/de\/wp-json\/wp\/v2\/product_brand?post=44991"},{"taxonomy":"product_cat","embeddable":true,"href":"https:\/\/syllunanew.sitework.link\/de\/wp-json\/wp\/v2\/product_cat?post=44991"},{"taxonomy":"product_tag","embeddable":true,"href":"https:\/\/syllunanew.sitework.link\/de\/wp-json\/wp\/v2\/product_tag?post=44991"}],"curies":[{"name":"wp","href":"https:\/\/api.w.org\/{rel}","templated":true}]}}