{"id":4456,"date":"2025-10-03T09:15:46","date_gmt":"2025-10-03T07:15:46","guid":{"rendered":"https:\/\/sylluna.com\/product\/element-luft-journal-ausschneidebilder-druckvorlage\/"},"modified":"2025-10-03T09:15:46","modified_gmt":"2025-10-03T07:15:46","slug":"element-luft-journal-ausschneidebilder-druckvorlage","status":"publish","type":"product","link":"https:\/\/syllunanew.sitework.link\/de\/produkt\/element-luft-journal-ausschneidebilder-druckvorlage\/","title":{"rendered":"Element Luft Journal Ausschneidebilder \u2013 Druckvorlage"},"content":{"rendered":"<p>Du kennst das bestimmt: Du sitzt gem\u00fctlich an deinem Journal oder Planer, und dann beginnt die Suche nach sch\u00f6nem Bildmaterial. Stundenlanges Scrollen, unterschiedliche Stile, unklare Nutzungsrechte \u2013 bis du etwas Passendes findest, ist der kreative Flow schon l\u00e4ngst verschwunden. <\/p>\n<p>Dieses Printable ist die perfekte L\u00f6sung. Kein endloses Suchen mehr und kein Zweifel, ob du etwas \u00fcberhaupt verwenden darfst. Du erh\u00e4ltst sofortigen Zugriff auf ein sorgf\u00e4ltig zusammengestelltes Set stimmungsvoller Motive, die perfekt zu deinen kreativen Projekten passen.  <\/p>\n<p>Egal, ob du gerne journalst, scrapbookst, Snailmail verschickst oder ein Vision Board gestaltest \u2013 mit diesem Printable hast du immer das passende Bildmaterial zur Hand. Die Motive sind in drei verschiedenen Gr\u00f6\u00dfen (klein, mittel und gro\u00df) enthalten, sodass du ganz flexibel variieren kannst. Einfach ausdrucken, ausschneiden und aufkleben \u2013 und dein Projekt erwacht zum Leben.  <\/p>\n<p><strong>Benutzerfreundlichkeit und Stimmung in einem Download<\/strong><br \/>\nDrucke die Seiten auf dem Papier deiner Wahl, arbeite mit Schichten, spiele mit Farben und verleihe deinen Kreationen deinen ganz pers\u00f6nlichen Stil. Keine Sorgen mehr \u00fcber Aufl\u00f6sung oder Gr\u00f6\u00dfen \u2013 alles, was du tun musst, ist kreativ zu werden. G\u00f6nn dir die Ruhe und Inspiration, die du verdienst. Lass die Bilder f\u00fcr dich sprechen und erwecke deine Ideen m\u00fchelos zum Leben.   <\/p>\n<p><em>Die tats\u00e4chlichen Farben k\u00f6nnen aufgrund unterschiedlicher Bildschirm- und Druckereinstellungen leicht abweichen.<\/em><\/p>\n<p data-start=\"207\" data-end=\"211\">Sylluna\u00ae<\/p>\n","protected":false},"excerpt":{"rendered":"<p><strong>*ACHTUNG: DIES IST EIN DIGITALER DOWNLOAD. ES WIRD KEIN FYSISCHES PRODUKT VERSENDET.* <\/strong><\/p>\n<p>Lass deiner Kreativit\u00e4t freien Lauf und verleihe deinen Projekten einen magischen Touch! Gestalte dein magisches Tagebuch, deinen Planer, dein Vision Board oder (Bullet) Journal mit stimmungsvollen Motiven. Nach dem Kauf sofort als Download verf\u00fcgbar \u2013 einfach ausdrucken und direkt kreativ loslegen.  <\/p>\n<p class=\"\" data-start=\"456\" data-end=\"477\"><strong data-start=\"459\" data-end=\"477\">SPEZIFIKATIONEN:<\/strong><\/p>\n<ul>\n<li data-start=\"456\" data-end=\"477\">Hochwertiges Printable<\/li>\n<li data-start=\"456\" data-end=\"477\">Insgesamt 10 Seiten: 3 Seiten mit gro\u00dfen Motiven (A5), 4 Seiten mit mittleren Motiven, 3 Seiten mit kleinen Motiven.<\/li>\n<li data-start=\"456\" data-end=\"477\">Digitales PDF-Dokument (A4-Format), sofort zum Download verf\u00fcgbar.<\/li>\n<li data-start=\"456\" data-end=\"477\">Ideal zum Ausdrucken zu Hause.<\/li>\n<\/ul>\n<p class=\"\" data-start=\"791\" data-end=\"821\"><strong data-start=\"794\" data-end=\"821\">WICHTIG ZU WISSEN:<\/strong><\/p>\n<ul>\n<li>Dies ist ein digitaler Download \u2013 es wird nichts per Post versendet.<\/li>\n<li>Aufgrund des digitalen Charakters dieses Produkts sind R\u00fcckgaben oder Stornierungen leider nicht m\u00f6glich.<\/li>\n<li>Fragen oder Probleme? Kontaktiere uns gerne \u2014 wir helfen dir jederzeit weiter. <\/li>\n<\/ul>\n<p class=\"\" data-start=\"1055\" data-end=\"1085\"><strong data-start=\"1059\" data-end=\"1085\">NUTZUNGSBEDINGUNGEN:<\/strong><\/p>\n<ul>\n<li>Nur f\u00fcr den pers\u00f6nlichen Gebrauch.<\/li>\n<li>Nach dem Download unbegrenzt oft druckbar.<\/li>\n<li>Nicht f\u00fcr kommerzielle Nutzung oder Weiterverkauf bestimmt.<\/li>\n<li>Die Dateien d\u00fcrfen ohne schriftliche Erlaubnis von Sylluna nicht kopiert, ver\u00e4ndert, geteilt oder erneut ver\u00f6ffentlicht werden.<\/li>\n<\/ul>\n","protected":false},"featured_media":4366,"comment_status":"open","ping_status":"closed","template":"","meta":{"_acf_changed":false,"_glsr_average":0,"_glsr_ranking":0,"_glsr_reviews":0},"thema":[244,648,250],"product_brand":[156],"product_cat":[331,335],"product_tag":[],"class_list":{"0":"post-4456","1":"product","2":"type-product","3":"status-publish","4":"has-post-thumbnail","6":"thema-elemente-themen","7":"thema-journaling-de","8":"thema-luft-elemente-themen","9":"product_brand-sylluna","10":"product_cat-digitale-produkte-produkttyp","11":"product_cat-journal-ausschneidebilder-digitale-produkte-produkttyp","13":"first","14":"instock","15":"sale","16":"downloadable","17":"virtual","18":"purchasable","19":"product-type-simple"},"acf":[],"yoast_head":"<!-- This site is optimized with the Yoast SEO plugin v27.4 - https:\/\/yoast.com\/product\/yoast-seo-wordpress\/ -->\n<title>Element Luft Journal Ausschneidebilder \u2013 Druckvorlage | Sylluna<\/title>\n<meta name=\"description\" content=\"Element Luft Journal Ausschneidebilder \u2013 Druckvorlage biedt alle informatie en specificaties overzichtelijk. Bestel direct online en profiteer van snelle verzending\" \/>\n<meta name=\"robots\" content=\"index, follow, max-snippet:-1, max-image-preview:large, max-video-preview:-1\" \/>\n<link rel=\"canonical\" href=\"https:\/\/syllunanew.sitework.link\/de\/produkt\/element-luft-journal-ausschneidebilder-druckvorlage\/\" \/>\n<meta property=\"og:locale\" content=\"nl_NL\" \/>\n<meta property=\"og:type\" content=\"article\" \/>\n<meta property=\"og:title\" content=\"Element Luft Journal Ausschneidebilder \u2013 Druckvorlage | Sylluna\" \/>\n<meta property=\"og:description\" content=\"Element Luft Journal Ausschneidebilder \u2013 Druckvorlage biedt alle informatie en specificaties overzichtelijk. Bestel direct online en profiteer van snelle verzending\" \/>\n<meta property=\"og:url\" content=\"https:\/\/syllunanew.sitework.link\/de\/produkt\/element-luft-journal-ausschneidebilder-druckvorlage\/\" \/>\n<meta property=\"og:site_name\" content=\"Sylluna\" \/>\n<meta property=\"og:image\" content=\"https:\/\/syllunanew.sitework.link\/wp-content\/uploads\/2025\/10\/Element-Lucht-Knipplaatjes-Journal-Plaatjes-Magisch.jpg\" \/>\n\t<meta property=\"og:image:width\" content=\"1500\" \/>\n\t<meta property=\"og:image:height\" content=\"1500\" \/>\n\t<meta property=\"og:image:type\" content=\"image\/jpeg\" \/>\n<meta name=\"twitter:card\" content=\"summary_large_image\" \/>\n<meta name=\"twitter:label1\" content=\"Geschatte leestijd\" \/>\n\t<meta name=\"twitter:data1\" content=\"1 minuut\" \/>\n<script type=\"application\/ld+json\" class=\"yoast-schema-graph\">{\"@context\":\"https:\\\/\\\/schema.org\",\"@graph\":[{\"@type\":\"WebPage\",\"@id\":\"https:\\\/\\\/syllunanew.sitework.link\\\/de\\\/produkt\\\/element-luft-journal-ausschneidebilder-druckvorlage\\\/\",\"url\":\"https:\\\/\\\/syllunanew.sitework.link\\\/de\\\/produkt\\\/element-luft-journal-ausschneidebilder-druckvorlage\\\/\",\"name\":\"Element Luft Journal Ausschneidebilder \u2013 Druckvorlage | Sylluna\",\"isPartOf\":{\"@id\":\"https:\\\/\\\/syllunanew.sitework.link\\\/de\\\/#website\"},\"primaryImageOfPage\":{\"@id\":\"https:\\\/\\\/syllunanew.sitework.link\\\/de\\\/produkt\\\/element-luft-journal-ausschneidebilder-druckvorlage\\\/#primaryimage\"},\"image\":{\"@id\":\"https:\\\/\\\/syllunanew.sitework.link\\\/de\\\/produkt\\\/element-luft-journal-ausschneidebilder-druckvorlage\\\/#primaryimage\"},\"thumbnailUrl\":\"https:\\\/\\\/syllunanew.sitework.link\\\/wp-content\\\/uploads\\\/2025\\\/10\\\/Element-Lucht-Knipplaatjes-Journal-Plaatjes-Magisch.jpg\",\"datePublished\":\"2025-10-03T07:15:46+00:00\",\"description\":\"Element Luft Journal Ausschneidebilder \u2013 Druckvorlage biedt alle informatie en specificaties overzichtelijk. Bestel direct online en profiteer van snelle verzending\",\"breadcrumb\":{\"@id\":\"https:\\\/\\\/syllunanew.sitework.link\\\/de\\\/produkt\\\/element-luft-journal-ausschneidebilder-druckvorlage\\\/#breadcrumb\"},\"inLanguage\":\"nl-NL\",\"potentialAction\":[{\"@type\":\"ReadAction\",\"target\":[\"https:\\\/\\\/syllunanew.sitework.link\\\/de\\\/produkt\\\/element-luft-journal-ausschneidebilder-druckvorlage\\\/\"]}]},{\"@type\":\"ImageObject\",\"inLanguage\":\"nl-NL\",\"@id\":\"https:\\\/\\\/syllunanew.sitework.link\\\/de\\\/produkt\\\/element-luft-journal-ausschneidebilder-druckvorlage\\\/#primaryimage\",\"url\":\"https:\\\/\\\/syllunanew.sitework.link\\\/wp-content\\\/uploads\\\/2025\\\/10\\\/Element-Lucht-Knipplaatjes-Journal-Plaatjes-Magisch.jpg\",\"contentUrl\":\"https:\\\/\\\/syllunanew.sitework.link\\\/wp-content\\\/uploads\\\/2025\\\/10\\\/Element-Lucht-Knipplaatjes-Journal-Plaatjes-Magisch.jpg\",\"width\":1500,\"height\":1500,\"caption\":\"Element Luft Ausschneidebilder \u2013 Magische Journal-Bilder\"},{\"@type\":\"BreadcrumbList\",\"@id\":\"https:\\\/\\\/syllunanew.sitework.link\\\/de\\\/produkt\\\/element-luft-journal-ausschneidebilder-druckvorlage\\\/#breadcrumb\",\"itemListElement\":[{\"@type\":\"ListItem\",\"position\":1,\"name\":\"Home\",\"item\":\"https:\\\/\\\/syllunanew.sitework.link\\\/de\\\/\"},{\"@type\":\"ListItem\",\"position\":2,\"name\":\"Shop\",\"item\":\"https:\\\/\\\/syllunanew.sitework.link\\\/de\\\/shop\\\/\"},{\"@type\":\"ListItem\",\"position\":3,\"name\":\"Element Luft Journal Ausschneidebilder \u2013 Druckvorlage\"}]},{\"@type\":\"WebSite\",\"@id\":\"https:\\\/\\\/syllunanew.sitework.link\\\/de\\\/#website\",\"url\":\"https:\\\/\\\/syllunanew.sitework.link\\\/de\\\/\",\"name\":\"Sylluna | Magische Producten van Eigen Ontwerp\",\"description\":\"Uniek. Magisch. Met betekenis.\",\"publisher\":{\"@id\":\"https:\\\/\\\/syllunanew.sitework.link\\\/de\\\/#organization\"},\"alternateName\":\"Sylluna\",\"potentialAction\":[{\"@type\":\"SearchAction\",\"target\":{\"@type\":\"EntryPoint\",\"urlTemplate\":\"https:\\\/\\\/syllunanew.sitework.link\\\/de\\\/?s={search_term_string}\"},\"query-input\":{\"@type\":\"PropertyValueSpecification\",\"valueRequired\":true,\"valueName\":\"search_term_string\"}}],\"inLanguage\":\"nl-NL\"},{\"@type\":\"Organization\",\"@id\":\"https:\\\/\\\/syllunanew.sitework.link\\\/de\\\/#organization\",\"name\":\"Sylluna | Magische Producten van Eigen Ontwerp\",\"url\":\"https:\\\/\\\/syllunanew.sitework.link\\\/de\\\/\",\"logo\":{\"@type\":\"ImageObject\",\"inLanguage\":\"nl-NL\",\"@id\":\"https:\\\/\\\/syllunanew.sitework.link\\\/de\\\/#\\\/schema\\\/logo\\\/image\\\/\",\"url\":\"https:\\\/\\\/sylluna.com\\\/wp-content\\\/uploads\\\/2025\\\/11\\\/Sylluna_dark-scaled.png\",\"contentUrl\":\"https:\\\/\\\/sylluna.com\\\/wp-content\\\/uploads\\\/2025\\\/11\\\/Sylluna_dark-scaled.png\",\"width\":2500,\"height\":1221,\"caption\":\"Sylluna | Magische Producten van Eigen Ontwerp\"},\"image\":{\"@id\":\"https:\\\/\\\/syllunanew.sitework.link\\\/de\\\/#\\\/schema\\\/logo\\\/image\\\/\"}}]}<\/script>\n<!-- \/ Yoast SEO plugin. -->","yoast_head_json":{"title":"Element Luft Journal Ausschneidebilder \u2013 Druckvorlage | Sylluna","description":"Element Luft Journal Ausschneidebilder \u2013 Druckvorlage biedt alle informatie en specificaties overzichtelijk. Bestel direct online en profiteer van snelle verzending","robots":{"index":"index","follow":"follow","max-snippet":"max-snippet:-1","max-image-preview":"max-image-preview:large","max-video-preview":"max-video-preview:-1"},"canonical":"https:\/\/syllunanew.sitework.link\/de\/produkt\/element-luft-journal-ausschneidebilder-druckvorlage\/","og_locale":"nl_NL","og_type":"article","og_title":"Element Luft Journal Ausschneidebilder \u2013 Druckvorlage | Sylluna","og_description":"Element Luft Journal Ausschneidebilder \u2013 Druckvorlage biedt alle informatie en specificaties overzichtelijk. Bestel direct online en profiteer van snelle verzending","og_url":"https:\/\/syllunanew.sitework.link\/de\/produkt\/element-luft-journal-ausschneidebilder-druckvorlage\/","og_site_name":"Sylluna","og_image":[{"width":1500,"height":1500,"url":"https:\/\/syllunanew.sitework.link\/wp-content\/uploads\/2025\/10\/Element-Lucht-Knipplaatjes-Journal-Plaatjes-Magisch.jpg","type":"image\/jpeg"}],"twitter_card":"summary_large_image","twitter_misc":{"Geschatte leestijd":"1 minuut"},"schema":{"@context":"https:\/\/schema.org","@graph":[{"@type":"WebPage","@id":"https:\/\/syllunanew.sitework.link\/de\/produkt\/element-luft-journal-ausschneidebilder-druckvorlage\/","url":"https:\/\/syllunanew.sitework.link\/de\/produkt\/element-luft-journal-ausschneidebilder-druckvorlage\/","name":"Element Luft Journal Ausschneidebilder \u2013 Druckvorlage | Sylluna","isPartOf":{"@id":"https:\/\/syllunanew.sitework.link\/de\/#website"},"primaryImageOfPage":{"@id":"https:\/\/syllunanew.sitework.link\/de\/produkt\/element-luft-journal-ausschneidebilder-druckvorlage\/#primaryimage"},"image":{"@id":"https:\/\/syllunanew.sitework.link\/de\/produkt\/element-luft-journal-ausschneidebilder-druckvorlage\/#primaryimage"},"thumbnailUrl":"https:\/\/syllunanew.sitework.link\/wp-content\/uploads\/2025\/10\/Element-Lucht-Knipplaatjes-Journal-Plaatjes-Magisch.jpg","datePublished":"2025-10-03T07:15:46+00:00","description":"Element Luft Journal Ausschneidebilder \u2013 Druckvorlage biedt alle informatie en specificaties overzichtelijk. Bestel direct online en profiteer van snelle verzending","breadcrumb":{"@id":"https:\/\/syllunanew.sitework.link\/de\/produkt\/element-luft-journal-ausschneidebilder-druckvorlage\/#breadcrumb"},"inLanguage":"nl-NL","potentialAction":[{"@type":"ReadAction","target":["https:\/\/syllunanew.sitework.link\/de\/produkt\/element-luft-journal-ausschneidebilder-druckvorlage\/"]}]},{"@type":"ImageObject","inLanguage":"nl-NL","@id":"https:\/\/syllunanew.sitework.link\/de\/produkt\/element-luft-journal-ausschneidebilder-druckvorlage\/#primaryimage","url":"https:\/\/syllunanew.sitework.link\/wp-content\/uploads\/2025\/10\/Element-Lucht-Knipplaatjes-Journal-Plaatjes-Magisch.jpg","contentUrl":"https:\/\/syllunanew.sitework.link\/wp-content\/uploads\/2025\/10\/Element-Lucht-Knipplaatjes-Journal-Plaatjes-Magisch.jpg","width":1500,"height":1500,"caption":"Element Luft Ausschneidebilder \u2013 Magische Journal-Bilder"},{"@type":"BreadcrumbList","@id":"https:\/\/syllunanew.sitework.link\/de\/produkt\/element-luft-journal-ausschneidebilder-druckvorlage\/#breadcrumb","itemListElement":[{"@type":"ListItem","position":1,"name":"Home","item":"https:\/\/syllunanew.sitework.link\/de\/"},{"@type":"ListItem","position":2,"name":"Shop","item":"https:\/\/syllunanew.sitework.link\/de\/shop\/"},{"@type":"ListItem","position":3,"name":"Element Luft Journal Ausschneidebilder \u2013 Druckvorlage"}]},{"@type":"WebSite","@id":"https:\/\/syllunanew.sitework.link\/de\/#website","url":"https:\/\/syllunanew.sitework.link\/de\/","name":"Sylluna | Magische Producten van Eigen Ontwerp","description":"Uniek. Magisch. Met betekenis.","publisher":{"@id":"https:\/\/syllunanew.sitework.link\/de\/#organization"},"alternateName":"Sylluna","potentialAction":[{"@type":"SearchAction","target":{"@type":"EntryPoint","urlTemplate":"https:\/\/syllunanew.sitework.link\/de\/?s={search_term_string}"},"query-input":{"@type":"PropertyValueSpecification","valueRequired":true,"valueName":"search_term_string"}}],"inLanguage":"nl-NL"},{"@type":"Organization","@id":"https:\/\/syllunanew.sitework.link\/de\/#organization","name":"Sylluna | Magische Producten van Eigen Ontwerp","url":"https:\/\/syllunanew.sitework.link\/de\/","logo":{"@type":"ImageObject","inLanguage":"nl-NL","@id":"https:\/\/syllunanew.sitework.link\/de\/#\/schema\/logo\/image\/","url":"https:\/\/sylluna.com\/wp-content\/uploads\/2025\/11\/Sylluna_dark-scaled.png","contentUrl":"https:\/\/sylluna.com\/wp-content\/uploads\/2025\/11\/Sylluna_dark-scaled.png","width":2500,"height":1221,"caption":"Sylluna | Magische Producten van Eigen Ontwerp"},"image":{"@id":"https:\/\/syllunanew.sitework.link\/de\/#\/schema\/logo\/image\/"}}]}},"_links":{"self":[{"href":"https:\/\/syllunanew.sitework.link\/de\/wp-json\/wp\/v2\/product\/4456","targetHints":{"allow":["GET"]}}],"collection":[{"href":"https:\/\/syllunanew.sitework.link\/de\/wp-json\/wp\/v2\/product"}],"about":[{"href":"https:\/\/syllunanew.sitework.link\/de\/wp-json\/wp\/v2\/types\/product"}],"replies":[{"embeddable":true,"href":"https:\/\/syllunanew.sitework.link\/de\/wp-json\/wp\/v2\/comments?post=4456"}],"wp:featuredmedia":[{"embeddable":true,"href":"https:\/\/syllunanew.sitework.link\/de\/wp-json\/wp\/v2\/media\/4366"}],"wp:attachment":[{"href":"https:\/\/syllunanew.sitework.link\/de\/wp-json\/wp\/v2\/media?parent=4456"}],"wp:term":[{"taxonomy":"thema","embeddable":true,"href":"https:\/\/syllunanew.sitework.link\/de\/wp-json\/wp\/v2\/thema?post=4456"},{"taxonomy":"product_brand","embeddable":true,"href":"https:\/\/syllunanew.sitework.link\/de\/wp-json\/wp\/v2\/product_brand?post=4456"},{"taxonomy":"product_cat","embeddable":true,"href":"https:\/\/syllunanew.sitework.link\/de\/wp-json\/wp\/v2\/product_cat?post=4456"},{"taxonomy":"product_tag","embeddable":true,"href":"https:\/\/syllunanew.sitework.link\/de\/wp-json\/wp\/v2\/product_tag?post=4456"}],"curies":[{"name":"wp","href":"https:\/\/api.w.org\/{rel}","templated":true}]}}