{"id":43969,"date":"2025-12-22T10:35:57","date_gmt":"2025-12-22T09:35:57","guid":{"rendered":"https:\/\/sylluna.com\/?post_type=product&#038;p=43969"},"modified":"2025-12-22T10:44:58","modified_gmt":"2025-12-22T09:44:58","slug":"sonnenblume-mondphasen-grosse-quadratische-schultertasche","status":"publish","type":"product","link":"https:\/\/syllunanew.sitework.link\/de\/produkt\/sonnenblume-mondphasen-grosse-quadratische-schultertasche\/","title":{"rendered":"Sonnenblume Mondphasen \u2013 Gro\u00dfe quadratische Schultertasche"},"content":{"rendered":"<h4><strong>F\u00e4cheraufteilung<\/strong><\/h4>\n<p>Diese quadratische Tasche bietet gen\u00fcgend Platz f\u00fcr all Ihre t\u00e4glichen Sachen, wie z.\u202fB. Geldb\u00f6rse, Schl\u00fcssel, A5-Notizbuch, Terminplaner und\/oder Tablet und mehr. Die Tasche verf\u00fcgt \u00fcber drei Hauptf\u00e4cher (ein gro\u00dfes Hauptfach, ein kleines Zwischenfach und ein Vorderfach). Alle drei F\u00e4cher lassen sich mit einem Rei\u00dfverschluss schlie\u00dfen. Im gro\u00dfen Fach befindet sich zus\u00e4tzlich ein weiteres Unterfach (mit Rei\u00dfverschluss) sowie ein extra Fach ohne Rei\u00dfverschluss. Es ist eine sehr geeignete Tasche f\u00fcr den t\u00e4glichen Gebrauch. Mit dieser Tasche haben Sie Ihre Sachen sicher bei sich.<\/p>\n<h4><strong>Materialien &amp; Qualit\u00e4t<\/strong><\/h4>\n<p>Die Tasche besteht aus hochwertigen Materialien (es handelt sich um eine robuste Stoff-\/Polyester-Tasche) und die Illustration ist scharf gedruckt. Die Illustration ist tief in den Stoff eingedruckt, wodurch kein Risiko besteht, dass sie sich vom Stoff abl\u00f6st.<\/p>\n<h4><strong>Wechselbare Taschenklappen<\/strong><\/h4>\n<p>Die dekorativen Klappen lassen sich mithilfe von stabilem Klettverschluss befestigen und wieder abnehmen. So k\u00f6nnen Sie im Handumdrehen zwischen verschiedenen Designs wechseln. Dieses Bundle-Produkt enth\u00e4lt sowohl die Basistasche als auch die gezeigte Klappe, sodass Sie ein komplettes Produkt erhalten. Nach Wunsch k\u00f6nnen Sie einzelne Taschendeckel in der passenden Gr\u00f6\u00dfe nachbestellen, um das Design zu wechseln.<\/p>\n<h4><strong>Schulterriemen<\/strong><\/h4>\n<p>Die L\u00e4nge des Schulterriemens ist verstellbar, sodass Sie die Tasche auf eine Tragh\u00f6he einstellen k\u00f6nnen, die zu Ihrer Gr\u00f6\u00dfe passt und f\u00fcr Sie bequem ist.<\/p>\n<h3><strong>\u00dcBER DAS DESIGN<\/strong><\/h3>\n<p>Alle Illustrationen von Sylluna sind handgezeichnet und von Fantasy, Natur und Magie inspiriert. Die Illustration wurde zun\u00e4chst skizziert und anschlie\u00dfend digital koloriert. Dabei wurden analoge Texturen verwendet, darunter handgefertigtes Marmorpapier<\/p>\n<p><strong><img decoding=\"async\" class=\"alignnone wp-image-2870\" src=\"https:\/\/sylluna.com\/wp-content\/uploads\/2025\/08\/Zoek-op-Illustratie-Fantasy-Witchy-Art-SBDC-shop-copy-300x298.png\" sizes=\"auto, (max-width: 100px) 100vw, 100px\" srcset=\"https:\/\/sylluna.com\/wp-content\/uploads\/2025\/08\/Zoek-op-Illustratie-Fantasy-Witchy-Art-SBDC-shop-copy-300x298.png 300w, https:\/\/sylluna.com\/wp-content\/uploads\/2025\/08\/Zoek-op-Illustratie-Fantasy-Witchy-Art-SBDC-shop-copy-100x100.png 100w, https:\/\/sylluna.com\/wp-content\/uploads\/2025\/08\/Zoek-op-Illustratie-Fantasy-Witchy-Art-SBDC-shop-copy-150x150.png 150w, https:\/\/sylluna.com\/wp-content\/uploads\/2025\/08\/Zoek-op-Illustratie-Fantasy-Witchy-Art-SBDC-shop-copy.png 434w\" alt=\"\" width=\"100\" height=\"99\" \/ loading=\"lazy\"><a href=\"https:\/\/sylluna.com\/label\/zonnebloem-maanfasen-illustratie\/\">\u2726 Entdecke weitere magische Produkte mit dieser Illustration<\/a><\/strong><\/p>\n<p><em>Die tats\u00e4chlichen Farben k\u00f6nnen aufgrund unterschiedlicher Bildschirmeinstellungen leicht abweichen.<\/em><\/p>\n<p>Sylluna\u00ae<\/p>\n","protected":false},"excerpt":{"rendered":"<p>Eine quadratische, magische Sylluna-Schultertasche mit einem Druck einer handgezeichneten Illustration. Perfekt f\u00fcr den t\u00e4glichen Gebrauch, wenn Sie all Ihre Essentials mitnehmen m\u00f6chten. Geeignet f\u00fcr Schl\u00fcssel, Geldb\u00f6rse, A5-Journal\/Notizbuch und mehr. Die Tasche ist nicht nur robust, sondern auch praktisch mit verschiedenen F\u00e4chern unterteilt.<\/p>\n<h4><img decoding=\"async\" class=\"alignnone wp-image-2867\" src=\"https:\/\/sylluna.com\/wp-content\/uploads\/2025\/08\/Shipping-General-Webshop-SBDC-300x233.png\" alt=\"\" width=\"100\" height=\"78\" srcset=\"https:\/\/syllunanew.sitework.link\/wp-content\/uploads\/2025\/08\/Shipping-General-Webshop-SBDC-300x233.png 300w, https:\/\/syllunanew.sitework.link\/wp-content\/uploads\/2025\/08\/Shipping-General-Webshop-SBDC.png 757w\" sizes=\"(max-width: 100px) 100vw, 100px\" \/>VERSAND: 3\u20135 Werktage<\/h4>\n<p>&nbsp;<\/p>\n<h4><strong>SPEZIFIKATIONEN:<\/strong><\/h4>\n<ul>\n<li>Marke: Sylluna\u00ae.<\/li>\n<li>Basistasche Gro\u00dfe quadratische Schultertasche<\/li>\n<li>Taschenklappe mit Druck einer handgezeichneten Illustration.<\/li>\n<li>Ma\u00dfe: 25 \u00d7 26 \u00d7 6 cm (9,8 \u00d7 10,2 \u00d7 2,4 Zoll)<\/li>\n<li>Professioneller Druck mit hochwertigen Drucktechniken.<\/li>\n<li>Die illustrierte Klappe ist befestigt und mit Klettverschluss verschlie\u00dfbar.<\/li>\n<li>Die Tasche verf\u00fcgt \u00fcber 3 Hauptf\u00e4cher mit Rei\u00dfverschluss.<\/li>\n<li>Die Tasche ist aus robustem Polyester gefertigt.<\/li>\n<li>Der Schultergurt der Tasche ist in der L\u00e4nge verstellbar.<\/li>\n<li>Die Tasche ist wasserabweisend.<\/li>\n<li>Der Druck ist wasserfest.<\/li>\n<li>Sehr gut geeignete Tasche f\u00fcr den t\u00e4glichen Gebrauch.<\/li>\n<li>Die Tasche wird in den Niederlanden hergestellt.<\/li>\n<\/ul>\n","protected":false},"featured_media":43708,"comment_status":"open","ping_status":"closed","template":"","meta":{"_acf_changed":false,"_glsr_average":0,"_glsr_ranking":0,"_glsr_reviews":0},"thema":[385,634,256],"product_brand":[156],"product_cat":[427,353],"product_tag":[943],"class_list":{"0":"post-43969","1":"product","2":"type-product","3":"status-publish","4":"has-post-thumbnail","6":"thema-natur","7":"thema-sommer","8":"thema-themen","9":"product_brand-sylluna","10":"product_cat-tasche-quadratisch-gross","11":"product_cat-taschen","12":"product_tag-sonnenblume-mondphasen-illustration","13":"product_shipping_class-standardpaket","15":"first","16":"onbackorder","17":"shipping-taxable","18":"purchasable","19":"product-type-yith_bundle"},"acf":[],"yoast_head":"<!-- This site is optimized with the Yoast SEO plugin v27.4 - https:\/\/yoast.com\/product\/yoast-seo-wordpress\/ -->\n<title>Sonnenblume Mondphasen \u2013 Gro\u00dfe quadratische Schultertasche | Sylluna<\/title>\n<meta name=\"description\" content=\"Sonnenblume Mondphasen \u2013 Gro\u00dfe quadratische Schultertasche biedt alle informatie en specificaties overzichtelijk. Bestel direct online en profiteer van snelle verzending\" \/>\n<meta name=\"robots\" content=\"index, follow, max-snippet:-1, max-image-preview:large, max-video-preview:-1\" \/>\n<link rel=\"canonical\" href=\"https:\/\/syllunanew.sitework.link\/de\/produkt\/sonnenblume-mondphasen-grosse-quadratische-schultertasche\/\" \/>\n<meta property=\"og:locale\" content=\"nl_NL\" \/>\n<meta property=\"og:type\" content=\"article\" \/>\n<meta property=\"og:title\" content=\"Sonnenblume Mondphasen \u2013 Gro\u00dfe quadratische Schultertasche | Sylluna\" \/>\n<meta property=\"og:description\" content=\"Sonnenblume Mondphasen \u2013 Gro\u00dfe quadratische Schultertasche biedt alle informatie en specificaties overzichtelijk. Bestel direct online en profiteer van snelle verzending\" \/>\n<meta property=\"og:url\" content=\"https:\/\/syllunanew.sitework.link\/de\/produkt\/sonnenblume-mondphasen-grosse-quadratische-schultertasche\/\" \/>\n<meta property=\"og:site_name\" content=\"Sylluna\" \/>\n<meta property=\"article:modified_time\" content=\"2025-12-22T09:44:58+00:00\" \/>\n<meta property=\"og:image\" content=\"https:\/\/syllunanew.sitework.link\/wp-content\/uploads\/2025\/12\/Zonnebloem-Maanfasen-schoudertas-Nature-Shoulder-Bag-Sunflower.jpg\" \/>\n\t<meta property=\"og:image:width\" content=\"1500\" \/>\n\t<meta property=\"og:image:height\" content=\"1500\" \/>\n\t<meta property=\"og:image:type\" content=\"image\/jpeg\" \/>\n<meta name=\"twitter:card\" content=\"summary_large_image\" \/>\n<meta name=\"twitter:label1\" content=\"Geschatte leestijd\" \/>\n\t<meta name=\"twitter:data1\" content=\"2 minuten\" \/>\n<script type=\"application\/ld+json\" class=\"yoast-schema-graph\">{\"@context\":\"https:\\\/\\\/schema.org\",\"@graph\":[{\"@type\":\"WebPage\",\"@id\":\"https:\\\/\\\/syllunanew.sitework.link\\\/de\\\/produkt\\\/sonnenblume-mondphasen-grosse-quadratische-schultertasche\\\/\",\"url\":\"https:\\\/\\\/syllunanew.sitework.link\\\/de\\\/produkt\\\/sonnenblume-mondphasen-grosse-quadratische-schultertasche\\\/\",\"name\":\"Sonnenblume Mondphasen \u2013 Gro\u00dfe quadratische Schultertasche | Sylluna\",\"isPartOf\":{\"@id\":\"https:\\\/\\\/syllunanew.sitework.link\\\/de\\\/#website\"},\"primaryImageOfPage\":{\"@id\":\"https:\\\/\\\/syllunanew.sitework.link\\\/de\\\/produkt\\\/sonnenblume-mondphasen-grosse-quadratische-schultertasche\\\/#primaryimage\"},\"image\":{\"@id\":\"https:\\\/\\\/syllunanew.sitework.link\\\/de\\\/produkt\\\/sonnenblume-mondphasen-grosse-quadratische-schultertasche\\\/#primaryimage\"},\"thumbnailUrl\":\"https:\\\/\\\/syllunanew.sitework.link\\\/wp-content\\\/uploads\\\/2025\\\/12\\\/Zonnebloem-Maanfasen-schoudertas-Nature-Shoulder-Bag-Sunflower.jpg\",\"datePublished\":\"2025-12-22T09:35:57+00:00\",\"dateModified\":\"2025-12-22T09:44:58+00:00\",\"description\":\"Sonnenblume Mondphasen \u2013 Gro\u00dfe quadratische Schultertasche biedt alle informatie en specificaties overzichtelijk. Bestel direct online en profiteer van snelle verzending\",\"breadcrumb\":{\"@id\":\"https:\\\/\\\/syllunanew.sitework.link\\\/de\\\/produkt\\\/sonnenblume-mondphasen-grosse-quadratische-schultertasche\\\/#breadcrumb\"},\"inLanguage\":\"nl-NL\",\"potentialAction\":[{\"@type\":\"ReadAction\",\"target\":[\"https:\\\/\\\/syllunanew.sitework.link\\\/de\\\/produkt\\\/sonnenblume-mondphasen-grosse-quadratische-schultertasche\\\/\"]}]},{\"@type\":\"ImageObject\",\"inLanguage\":\"nl-NL\",\"@id\":\"https:\\\/\\\/syllunanew.sitework.link\\\/de\\\/produkt\\\/sonnenblume-mondphasen-grosse-quadratische-schultertasche\\\/#primaryimage\",\"url\":\"https:\\\/\\\/syllunanew.sitework.link\\\/wp-content\\\/uploads\\\/2025\\\/12\\\/Zonnebloem-Maanfasen-schoudertas-Nature-Shoulder-Bag-Sunflower.jpg\",\"contentUrl\":\"https:\\\/\\\/syllunanew.sitework.link\\\/wp-content\\\/uploads\\\/2025\\\/12\\\/Zonnebloem-Maanfasen-schoudertas-Nature-Shoulder-Bag-Sunflower.jpg\",\"width\":1500,\"height\":1500,\"caption\":\"Sonnenblume Mondphasen Schultertasche \u2013 Natur-Schultertasche Sonnenblume\"},{\"@type\":\"BreadcrumbList\",\"@id\":\"https:\\\/\\\/syllunanew.sitework.link\\\/de\\\/produkt\\\/sonnenblume-mondphasen-grosse-quadratische-schultertasche\\\/#breadcrumb\",\"itemListElement\":[{\"@type\":\"ListItem\",\"position\":1,\"name\":\"Home\",\"item\":\"https:\\\/\\\/syllunanew.sitework.link\\\/de\\\/\"},{\"@type\":\"ListItem\",\"position\":2,\"name\":\"Shop\",\"item\":\"https:\\\/\\\/syllunanew.sitework.link\\\/de\\\/shop\\\/\"},{\"@type\":\"ListItem\",\"position\":3,\"name\":\"Sonnenblume Mondphasen \u2013 Gro\u00dfe quadratische Schultertasche\"}]},{\"@type\":\"WebSite\",\"@id\":\"https:\\\/\\\/syllunanew.sitework.link\\\/de\\\/#website\",\"url\":\"https:\\\/\\\/syllunanew.sitework.link\\\/de\\\/\",\"name\":\"Sylluna | Magische Producten van Eigen Ontwerp\",\"description\":\"Uniek. Magisch. Met betekenis.\",\"publisher\":{\"@id\":\"https:\\\/\\\/syllunanew.sitework.link\\\/de\\\/#organization\"},\"alternateName\":\"Sylluna\",\"potentialAction\":[{\"@type\":\"SearchAction\",\"target\":{\"@type\":\"EntryPoint\",\"urlTemplate\":\"https:\\\/\\\/syllunanew.sitework.link\\\/de\\\/?s={search_term_string}\"},\"query-input\":{\"@type\":\"PropertyValueSpecification\",\"valueRequired\":true,\"valueName\":\"search_term_string\"}}],\"inLanguage\":\"nl-NL\"},{\"@type\":\"Organization\",\"@id\":\"https:\\\/\\\/syllunanew.sitework.link\\\/de\\\/#organization\",\"name\":\"Sylluna | Magische Producten van Eigen Ontwerp\",\"url\":\"https:\\\/\\\/syllunanew.sitework.link\\\/de\\\/\",\"logo\":{\"@type\":\"ImageObject\",\"inLanguage\":\"nl-NL\",\"@id\":\"https:\\\/\\\/syllunanew.sitework.link\\\/de\\\/#\\\/schema\\\/logo\\\/image\\\/\",\"url\":\"https:\\\/\\\/sylluna.com\\\/wp-content\\\/uploads\\\/2025\\\/11\\\/Sylluna_dark-scaled.png\",\"contentUrl\":\"https:\\\/\\\/sylluna.com\\\/wp-content\\\/uploads\\\/2025\\\/11\\\/Sylluna_dark-scaled.png\",\"width\":2500,\"height\":1221,\"caption\":\"Sylluna | Magische Producten van Eigen Ontwerp\"},\"image\":{\"@id\":\"https:\\\/\\\/syllunanew.sitework.link\\\/de\\\/#\\\/schema\\\/logo\\\/image\\\/\"}}]}<\/script>\n<!-- \/ Yoast SEO plugin. -->","yoast_head_json":{"title":"Sonnenblume Mondphasen \u2013 Gro\u00dfe quadratische Schultertasche | Sylluna","description":"Sonnenblume Mondphasen \u2013 Gro\u00dfe quadratische Schultertasche biedt alle informatie en specificaties overzichtelijk. Bestel direct online en profiteer van snelle verzending","robots":{"index":"index","follow":"follow","max-snippet":"max-snippet:-1","max-image-preview":"max-image-preview:large","max-video-preview":"max-video-preview:-1"},"canonical":"https:\/\/syllunanew.sitework.link\/de\/produkt\/sonnenblume-mondphasen-grosse-quadratische-schultertasche\/","og_locale":"nl_NL","og_type":"article","og_title":"Sonnenblume Mondphasen \u2013 Gro\u00dfe quadratische Schultertasche | Sylluna","og_description":"Sonnenblume Mondphasen \u2013 Gro\u00dfe quadratische Schultertasche biedt alle informatie en specificaties overzichtelijk. Bestel direct online en profiteer van snelle verzending","og_url":"https:\/\/syllunanew.sitework.link\/de\/produkt\/sonnenblume-mondphasen-grosse-quadratische-schultertasche\/","og_site_name":"Sylluna","article_modified_time":"2025-12-22T09:44:58+00:00","og_image":[{"width":1500,"height":1500,"url":"https:\/\/syllunanew.sitework.link\/wp-content\/uploads\/2025\/12\/Zonnebloem-Maanfasen-schoudertas-Nature-Shoulder-Bag-Sunflower.jpg","type":"image\/jpeg"}],"twitter_card":"summary_large_image","twitter_misc":{"Geschatte leestijd":"2 minuten"},"schema":{"@context":"https:\/\/schema.org","@graph":[{"@type":"WebPage","@id":"https:\/\/syllunanew.sitework.link\/de\/produkt\/sonnenblume-mondphasen-grosse-quadratische-schultertasche\/","url":"https:\/\/syllunanew.sitework.link\/de\/produkt\/sonnenblume-mondphasen-grosse-quadratische-schultertasche\/","name":"Sonnenblume Mondphasen \u2013 Gro\u00dfe quadratische Schultertasche | Sylluna","isPartOf":{"@id":"https:\/\/syllunanew.sitework.link\/de\/#website"},"primaryImageOfPage":{"@id":"https:\/\/syllunanew.sitework.link\/de\/produkt\/sonnenblume-mondphasen-grosse-quadratische-schultertasche\/#primaryimage"},"image":{"@id":"https:\/\/syllunanew.sitework.link\/de\/produkt\/sonnenblume-mondphasen-grosse-quadratische-schultertasche\/#primaryimage"},"thumbnailUrl":"https:\/\/syllunanew.sitework.link\/wp-content\/uploads\/2025\/12\/Zonnebloem-Maanfasen-schoudertas-Nature-Shoulder-Bag-Sunflower.jpg","datePublished":"2025-12-22T09:35:57+00:00","dateModified":"2025-12-22T09:44:58+00:00","description":"Sonnenblume Mondphasen \u2013 Gro\u00dfe quadratische Schultertasche biedt alle informatie en specificaties overzichtelijk. Bestel direct online en profiteer van snelle verzending","breadcrumb":{"@id":"https:\/\/syllunanew.sitework.link\/de\/produkt\/sonnenblume-mondphasen-grosse-quadratische-schultertasche\/#breadcrumb"},"inLanguage":"nl-NL","potentialAction":[{"@type":"ReadAction","target":["https:\/\/syllunanew.sitework.link\/de\/produkt\/sonnenblume-mondphasen-grosse-quadratische-schultertasche\/"]}]},{"@type":"ImageObject","inLanguage":"nl-NL","@id":"https:\/\/syllunanew.sitework.link\/de\/produkt\/sonnenblume-mondphasen-grosse-quadratische-schultertasche\/#primaryimage","url":"https:\/\/syllunanew.sitework.link\/wp-content\/uploads\/2025\/12\/Zonnebloem-Maanfasen-schoudertas-Nature-Shoulder-Bag-Sunflower.jpg","contentUrl":"https:\/\/syllunanew.sitework.link\/wp-content\/uploads\/2025\/12\/Zonnebloem-Maanfasen-schoudertas-Nature-Shoulder-Bag-Sunflower.jpg","width":1500,"height":1500,"caption":"Sonnenblume Mondphasen Schultertasche \u2013 Natur-Schultertasche Sonnenblume"},{"@type":"BreadcrumbList","@id":"https:\/\/syllunanew.sitework.link\/de\/produkt\/sonnenblume-mondphasen-grosse-quadratische-schultertasche\/#breadcrumb","itemListElement":[{"@type":"ListItem","position":1,"name":"Home","item":"https:\/\/syllunanew.sitework.link\/de\/"},{"@type":"ListItem","position":2,"name":"Shop","item":"https:\/\/syllunanew.sitework.link\/de\/shop\/"},{"@type":"ListItem","position":3,"name":"Sonnenblume Mondphasen \u2013 Gro\u00dfe quadratische Schultertasche"}]},{"@type":"WebSite","@id":"https:\/\/syllunanew.sitework.link\/de\/#website","url":"https:\/\/syllunanew.sitework.link\/de\/","name":"Sylluna | Magische Producten van Eigen Ontwerp","description":"Uniek. Magisch. Met betekenis.","publisher":{"@id":"https:\/\/syllunanew.sitework.link\/de\/#organization"},"alternateName":"Sylluna","potentialAction":[{"@type":"SearchAction","target":{"@type":"EntryPoint","urlTemplate":"https:\/\/syllunanew.sitework.link\/de\/?s={search_term_string}"},"query-input":{"@type":"PropertyValueSpecification","valueRequired":true,"valueName":"search_term_string"}}],"inLanguage":"nl-NL"},{"@type":"Organization","@id":"https:\/\/syllunanew.sitework.link\/de\/#organization","name":"Sylluna | Magische Producten van Eigen Ontwerp","url":"https:\/\/syllunanew.sitework.link\/de\/","logo":{"@type":"ImageObject","inLanguage":"nl-NL","@id":"https:\/\/syllunanew.sitework.link\/de\/#\/schema\/logo\/image\/","url":"https:\/\/sylluna.com\/wp-content\/uploads\/2025\/11\/Sylluna_dark-scaled.png","contentUrl":"https:\/\/sylluna.com\/wp-content\/uploads\/2025\/11\/Sylluna_dark-scaled.png","width":2500,"height":1221,"caption":"Sylluna | Magische Producten van Eigen Ontwerp"},"image":{"@id":"https:\/\/syllunanew.sitework.link\/de\/#\/schema\/logo\/image\/"}}]}},"_links":{"self":[{"href":"https:\/\/syllunanew.sitework.link\/de\/wp-json\/wp\/v2\/product\/43969","targetHints":{"allow":["GET"]}}],"collection":[{"href":"https:\/\/syllunanew.sitework.link\/de\/wp-json\/wp\/v2\/product"}],"about":[{"href":"https:\/\/syllunanew.sitework.link\/de\/wp-json\/wp\/v2\/types\/product"}],"replies":[{"embeddable":true,"href":"https:\/\/syllunanew.sitework.link\/de\/wp-json\/wp\/v2\/comments?post=43969"}],"wp:featuredmedia":[{"embeddable":true,"href":"https:\/\/syllunanew.sitework.link\/de\/wp-json\/wp\/v2\/media\/43708"}],"wp:attachment":[{"href":"https:\/\/syllunanew.sitework.link\/de\/wp-json\/wp\/v2\/media?parent=43969"}],"wp:term":[{"taxonomy":"thema","embeddable":true,"href":"https:\/\/syllunanew.sitework.link\/de\/wp-json\/wp\/v2\/thema?post=43969"},{"taxonomy":"product_brand","embeddable":true,"href":"https:\/\/syllunanew.sitework.link\/de\/wp-json\/wp\/v2\/product_brand?post=43969"},{"taxonomy":"product_cat","embeddable":true,"href":"https:\/\/syllunanew.sitework.link\/de\/wp-json\/wp\/v2\/product_cat?post=43969"},{"taxonomy":"product_tag","embeddable":true,"href":"https:\/\/syllunanew.sitework.link\/de\/wp-json\/wp\/v2\/product_tag?post=43969"}],"curies":[{"name":"wp","href":"https:\/\/api.w.org\/{rel}","templated":true}]}}