{"id":43789,"date":"2025-12-09T13:48:01","date_gmt":"2025-12-09T12:48:01","guid":{"rendered":"https:\/\/sylluna.com\/?post_type=product&#038;p=43789"},"modified":"2026-02-02T11:12:17","modified_gmt":"2026-02-02T10:12:17","slug":"briefpapier-set-blaue-kuerbisse-printable-set","status":"publish","type":"product","link":"https:\/\/syllunanew.sitework.link\/de\/produkt\/briefpapier-set-blaue-kuerbisse-printable-set\/","title":{"rendered":"Briefpapier-Set \u2013 Blaue K\u00fcrbisse Printable Set"},"content":{"rendered":"<p><strong>NUTZUNGSBEDINGUNGEN:<\/strong><\/p>\n<ul>\n<li>Nur f\u00fcr den pers\u00f6nlichen Gebrauch.<\/li>\n<li>Nach dem Download unbegrenzt oft druckbar.<\/li>\n<li>Nicht f\u00fcr kommerzielle Nutzung oder Weiterverkauf bestimmt.<\/li>\n<li>Die Dateien d\u00fcrfen ohne schriftliche Erlaubnis von Sylluna nicht kopiert, ver\u00e4ndert, geteilt oder erneut ver\u00f6ffentlicht werden.<\/li>\n<\/ul>\n<p data-start=\"1628\" data-end=\"2112\"><strong data-start=\"1628\" data-end=\"1674\">Warum dieses Printable perfekt f\u00fcr dich ist:<\/strong><br data-start=\"1674\" data-end=\"1677\">Kennst du das Gef\u00fchl, wenn du gerne schreiben oder dein Journal f\u00fcllen m\u00f6chtest, aber einfach nicht das perfekte Papier findest? Dieses Set l\u00f6st genau dieses Problem! Du erh\u00e4ltst sofort vier handgezeichnete Designs, die bereit sind zum Ausdrucken und zum Verwenden in Briefen, Journalen, Planern oder kreativen Projekten. Der helle Aquarellhintergrund und die dekorativen R\u00e4nder verleihen einen eleganten und fr\u00f6hlichen Ausdruck ohne deine Kreativit\u00e4t einzuschr\u00e4nken.<\/p>\n<p data-start=\"2114\" data-end=\"2362\">Egal, ob du pers\u00f6nliche Korrespondenz, Journaling, Scrapbooking oder Vision Boards gestaltest \u2013 mit diesem Printable hast du immer sch\u00f6nes Papier zur Hand. Drucke es auf A4 oder A5, nutze blanko oder linierte Seiten und lass deiner Kreativit\u00e4t freien Lauf. <\/p>\n<p data-start=\"2114\" data-end=\"2362\"><em>Die tats\u00e4chlichen Farben k\u00f6nnen aufgrund unterschiedlicher Bildschirm- und Druckereinstellungen leicht abweichen.<\/em><\/p>\n<p data-start=\"2114\" data-end=\"2362\">Sylluna\u00ae<\/p>\n","protected":false},"excerpt":{"rendered":"<p><strong>*ACHTUNG: DIES SIND DIGITALE DOWNLOADS. ES WIRD KEIN PHYSISCHES PRODUKT VERSENDET.* <\/strong><\/p>\n<p>Ein magisches Briefpapier-Set zum Ausdrucken zu Hause. Enth\u00e4lt 3 handgezeichnete Briefpapierdesigns mit blauen K\u00fcrbissen auf Aquarellhintergrund, ein passendes Umschlagdesign und Hintergrundpapier. In A4 und A5, liniert und blanko erh\u00e4ltlich.   <\/p>\n<p>Bringe Magie in deine Briefe, dein Journal oder kreative Projekte mit diesen handgezeichneten Briefpapierdesigns. Nach der Zahlung kannst du die Dateien sofort herunterladen und direkt loslegen! <\/p>\n<p><strong>SPEZIFIKATIONEN:<\/strong><\/p>\n<ul>\n<li>Marke: Sylluna<\/li>\n<li>Briefpapier: 3 handgezeichnete &amp; kolorierte Designs, A4 &amp; A5, blanko &amp; liniert.<\/li>\n<li>Hintergrundpapier: A4 und A5.<\/li>\n<li>Umschlag: 1 Umschlagdesign im A4-Format.<\/li>\n<li>Du erh\u00e4ltst 5 PDF-Dateien: eine mit allen A4-Briefpapierseiten, eine mit allen A5-Briefpapierseiten (jeweils in blanko und linierter Version), eine mit dem Hintergrundpapier in A5, eine mit dem Hintergrundpapier in A4 sowie eine PDF mit dem Umschlagdesign.<\/li>\n<li>Geeignet zum Drucken zu Hause auf Papier deiner Wahl<\/li>\n<\/ul>\n<p><strong>WICHTIG ZU WISSEN:<\/strong><\/p>\n<ul>\n<li>Dies ist ein digitaler Download; es wird nichts per Post versendet.<\/li>\n<li>Aufgrund des digitalen Charakters dieses Produkts sind R\u00fcckgaben oder Stornierungen leider nicht m\u00f6glich.<\/li>\n<li>Fragen oder Probleme? Kontaktiere uns gerne \u2014 wir helfen dir jederzeit weiter. <\/li>\n<\/ul>\n","protected":false},"featured_media":43777,"comment_status":"open","ping_status":"closed","template":"","meta":{"_acf_changed":false,"_glsr_average":0,"_glsr_ranking":0,"_glsr_reviews":0},"thema":[648,349,256],"product_brand":[156],"product_cat":[795],"product_tag":[796,1034],"class_list":{"0":"post-43789","1":"product","2":"type-product","3":"status-publish","4":"has-post-thumbnail","6":"thema-journaling-de","7":"thema-spiritualitat-produkttyp","8":"thema-themen","9":"product_brand-sylluna","10":"product_cat-briefpapier-druckvorlagen","11":"product_tag-buch-der-schatten","12":"product_tag-kurbis","14":"first","15":"instock","16":"downloadable","17":"virtual","18":"purchasable","19":"product-type-simple"},"acf":[],"yoast_head":"<!-- This site is optimized with the Yoast SEO plugin v27.4 - https:\/\/yoast.com\/product\/yoast-seo-wordpress\/ -->\n<title>Briefpapier-Set \u2013 Blaue K\u00fcrbisse Printable Set | Sylluna<\/title>\n<meta name=\"description\" content=\"Bringe Magie in deine Briefe, dein Journal oder kreative Projekte mit diesen handgezeichneten Briefpapierdesigns. Nach der Zahlung kannst du die Dateien sofort herunterladen und direkt loslegen!\" \/>\n<meta name=\"robots\" content=\"index, follow, max-snippet:-1, max-image-preview:large, max-video-preview:-1\" \/>\n<link rel=\"canonical\" href=\"https:\/\/syllunanew.sitework.link\/de\/produkt\/briefpapier-set-blaue-kuerbisse-printable-set\/\" \/>\n<meta property=\"og:locale\" content=\"nl_NL\" \/>\n<meta property=\"og:type\" content=\"article\" \/>\n<meta property=\"og:title\" content=\"Briefpapier-Set \u2013 Blaue K\u00fcrbisse Printable Set | Sylluna\" \/>\n<meta property=\"og:description\" content=\"Bringe Magie in deine Briefe, dein Journal oder kreative Projekte mit diesen handgezeichneten Briefpapierdesigns. Nach der Zahlung kannst du die Dateien sofort herunterladen und direkt loslegen!\" \/>\n<meta property=\"og:url\" content=\"https:\/\/syllunanew.sitework.link\/de\/produkt\/briefpapier-set-blaue-kuerbisse-printable-set\/\" \/>\n<meta property=\"og:site_name\" content=\"Sylluna\" \/>\n<meta property=\"article:modified_time\" content=\"2026-02-02T10:12:17+00:00\" \/>\n<meta property=\"og:image\" content=\"https:\/\/syllunanew.sitework.link\/wp-content\/uploads\/2025\/12\/Briefpapier-en-Journal-Papier-Set-Blauwe-Pompoenen.jpg\" \/>\n\t<meta property=\"og:image:width\" content=\"1000\" \/>\n\t<meta property=\"og:image:height\" content=\"1000\" \/>\n\t<meta property=\"og:image:type\" content=\"image\/jpeg\" \/>\n<meta name=\"twitter:card\" content=\"summary_large_image\" \/>\n<meta name=\"twitter:label1\" content=\"Geschatte leestijd\" \/>\n\t<meta name=\"twitter:data1\" content=\"1 minuut\" \/>\n<script type=\"application\/ld+json\" class=\"yoast-schema-graph\">{\"@context\":\"https:\\\/\\\/schema.org\",\"@graph\":[{\"@type\":\"WebPage\",\"@id\":\"https:\\\/\\\/syllunanew.sitework.link\\\/de\\\/produkt\\\/briefpapier-set-blaue-kuerbisse-printable-set\\\/\",\"url\":\"https:\\\/\\\/syllunanew.sitework.link\\\/de\\\/produkt\\\/briefpapier-set-blaue-kuerbisse-printable-set\\\/\",\"name\":\"Briefpapier-Set \u2013 Blaue K\u00fcrbisse Printable Set | Sylluna\",\"isPartOf\":{\"@id\":\"https:\\\/\\\/syllunanew.sitework.link\\\/de\\\/#website\"},\"primaryImageOfPage\":{\"@id\":\"https:\\\/\\\/syllunanew.sitework.link\\\/de\\\/produkt\\\/briefpapier-set-blaue-kuerbisse-printable-set\\\/#primaryimage\"},\"image\":{\"@id\":\"https:\\\/\\\/syllunanew.sitework.link\\\/de\\\/produkt\\\/briefpapier-set-blaue-kuerbisse-printable-set\\\/#primaryimage\"},\"thumbnailUrl\":\"https:\\\/\\\/syllunanew.sitework.link\\\/wp-content\\\/uploads\\\/2025\\\/12\\\/Briefpapier-en-Journal-Papier-Set-Blauwe-Pompoenen.jpg\",\"datePublished\":\"2025-12-09T12:48:01+00:00\",\"dateModified\":\"2026-02-02T10:12:17+00:00\",\"description\":\"Bringe Magie in deine Briefe, dein Journal oder kreative Projekte mit diesen handgezeichneten Briefpapierdesigns. Nach der Zahlung kannst du die Dateien sofort herunterladen und direkt loslegen!\",\"breadcrumb\":{\"@id\":\"https:\\\/\\\/syllunanew.sitework.link\\\/de\\\/produkt\\\/briefpapier-set-blaue-kuerbisse-printable-set\\\/#breadcrumb\"},\"inLanguage\":\"nl-NL\",\"potentialAction\":[{\"@type\":\"ReadAction\",\"target\":[\"https:\\\/\\\/syllunanew.sitework.link\\\/de\\\/produkt\\\/briefpapier-set-blaue-kuerbisse-printable-set\\\/\"]}]},{\"@type\":\"ImageObject\",\"inLanguage\":\"nl-NL\",\"@id\":\"https:\\\/\\\/syllunanew.sitework.link\\\/de\\\/produkt\\\/briefpapier-set-blaue-kuerbisse-printable-set\\\/#primaryimage\",\"url\":\"https:\\\/\\\/syllunanew.sitework.link\\\/wp-content\\\/uploads\\\/2025\\\/12\\\/Briefpapier-en-Journal-Papier-Set-Blauwe-Pompoenen.jpg\",\"contentUrl\":\"https:\\\/\\\/syllunanew.sitework.link\\\/wp-content\\\/uploads\\\/2025\\\/12\\\/Briefpapier-en-Journal-Papier-Set-Blauwe-Pompoenen.jpg\",\"width\":1000,\"height\":1000,\"caption\":\"Briefpapier- und Journalpapier-Set \u2013 Blaue K\u00fcrbisse\"},{\"@type\":\"BreadcrumbList\",\"@id\":\"https:\\\/\\\/syllunanew.sitework.link\\\/de\\\/produkt\\\/briefpapier-set-blaue-kuerbisse-printable-set\\\/#breadcrumb\",\"itemListElement\":[{\"@type\":\"ListItem\",\"position\":1,\"name\":\"Home\",\"item\":\"https:\\\/\\\/syllunanew.sitework.link\\\/de\\\/\"},{\"@type\":\"ListItem\",\"position\":2,\"name\":\"Shop\",\"item\":\"https:\\\/\\\/syllunanew.sitework.link\\\/de\\\/shop\\\/\"},{\"@type\":\"ListItem\",\"position\":3,\"name\":\"Briefpapier-Set \u2013 Blaue K\u00fcrbisse Printable Set\"}]},{\"@type\":\"WebSite\",\"@id\":\"https:\\\/\\\/syllunanew.sitework.link\\\/de\\\/#website\",\"url\":\"https:\\\/\\\/syllunanew.sitework.link\\\/de\\\/\",\"name\":\"Sylluna | Magische Producten van Eigen Ontwerp\",\"description\":\"Uniek. Magisch. Met betekenis.\",\"publisher\":{\"@id\":\"https:\\\/\\\/syllunanew.sitework.link\\\/de\\\/#organization\"},\"alternateName\":\"Sylluna\",\"potentialAction\":[{\"@type\":\"SearchAction\",\"target\":{\"@type\":\"EntryPoint\",\"urlTemplate\":\"https:\\\/\\\/syllunanew.sitework.link\\\/de\\\/?s={search_term_string}\"},\"query-input\":{\"@type\":\"PropertyValueSpecification\",\"valueRequired\":true,\"valueName\":\"search_term_string\"}}],\"inLanguage\":\"nl-NL\"},{\"@type\":\"Organization\",\"@id\":\"https:\\\/\\\/syllunanew.sitework.link\\\/de\\\/#organization\",\"name\":\"Sylluna | Magische Producten van Eigen Ontwerp\",\"url\":\"https:\\\/\\\/syllunanew.sitework.link\\\/de\\\/\",\"logo\":{\"@type\":\"ImageObject\",\"inLanguage\":\"nl-NL\",\"@id\":\"https:\\\/\\\/syllunanew.sitework.link\\\/de\\\/#\\\/schema\\\/logo\\\/image\\\/\",\"url\":\"https:\\\/\\\/sylluna.com\\\/wp-content\\\/uploads\\\/2025\\\/11\\\/Sylluna_dark-scaled.png\",\"contentUrl\":\"https:\\\/\\\/sylluna.com\\\/wp-content\\\/uploads\\\/2025\\\/11\\\/Sylluna_dark-scaled.png\",\"width\":2500,\"height\":1221,\"caption\":\"Sylluna | Magische Producten van Eigen Ontwerp\"},\"image\":{\"@id\":\"https:\\\/\\\/syllunanew.sitework.link\\\/de\\\/#\\\/schema\\\/logo\\\/image\\\/\"}}]}<\/script>\n<!-- \/ Yoast SEO plugin. -->","yoast_head_json":{"title":"Briefpapier-Set \u2013 Blaue K\u00fcrbisse Printable Set | Sylluna","description":"Bringe Magie in deine Briefe, dein Journal oder kreative Projekte mit diesen handgezeichneten Briefpapierdesigns. Nach der Zahlung kannst du die Dateien sofort herunterladen und direkt loslegen!","robots":{"index":"index","follow":"follow","max-snippet":"max-snippet:-1","max-image-preview":"max-image-preview:large","max-video-preview":"max-video-preview:-1"},"canonical":"https:\/\/syllunanew.sitework.link\/de\/produkt\/briefpapier-set-blaue-kuerbisse-printable-set\/","og_locale":"nl_NL","og_type":"article","og_title":"Briefpapier-Set \u2013 Blaue K\u00fcrbisse Printable Set | Sylluna","og_description":"Bringe Magie in deine Briefe, dein Journal oder kreative Projekte mit diesen handgezeichneten Briefpapierdesigns. Nach der Zahlung kannst du die Dateien sofort herunterladen und direkt loslegen!","og_url":"https:\/\/syllunanew.sitework.link\/de\/produkt\/briefpapier-set-blaue-kuerbisse-printable-set\/","og_site_name":"Sylluna","article_modified_time":"2026-02-02T10:12:17+00:00","og_image":[{"width":1000,"height":1000,"url":"https:\/\/syllunanew.sitework.link\/wp-content\/uploads\/2025\/12\/Briefpapier-en-Journal-Papier-Set-Blauwe-Pompoenen.jpg","type":"image\/jpeg"}],"twitter_card":"summary_large_image","twitter_misc":{"Geschatte leestijd":"1 minuut"},"schema":{"@context":"https:\/\/schema.org","@graph":[{"@type":"WebPage","@id":"https:\/\/syllunanew.sitework.link\/de\/produkt\/briefpapier-set-blaue-kuerbisse-printable-set\/","url":"https:\/\/syllunanew.sitework.link\/de\/produkt\/briefpapier-set-blaue-kuerbisse-printable-set\/","name":"Briefpapier-Set \u2013 Blaue K\u00fcrbisse Printable Set | Sylluna","isPartOf":{"@id":"https:\/\/syllunanew.sitework.link\/de\/#website"},"primaryImageOfPage":{"@id":"https:\/\/syllunanew.sitework.link\/de\/produkt\/briefpapier-set-blaue-kuerbisse-printable-set\/#primaryimage"},"image":{"@id":"https:\/\/syllunanew.sitework.link\/de\/produkt\/briefpapier-set-blaue-kuerbisse-printable-set\/#primaryimage"},"thumbnailUrl":"https:\/\/syllunanew.sitework.link\/wp-content\/uploads\/2025\/12\/Briefpapier-en-Journal-Papier-Set-Blauwe-Pompoenen.jpg","datePublished":"2025-12-09T12:48:01+00:00","dateModified":"2026-02-02T10:12:17+00:00","description":"Bringe Magie in deine Briefe, dein Journal oder kreative Projekte mit diesen handgezeichneten Briefpapierdesigns. Nach der Zahlung kannst du die Dateien sofort herunterladen und direkt loslegen!","breadcrumb":{"@id":"https:\/\/syllunanew.sitework.link\/de\/produkt\/briefpapier-set-blaue-kuerbisse-printable-set\/#breadcrumb"},"inLanguage":"nl-NL","potentialAction":[{"@type":"ReadAction","target":["https:\/\/syllunanew.sitework.link\/de\/produkt\/briefpapier-set-blaue-kuerbisse-printable-set\/"]}]},{"@type":"ImageObject","inLanguage":"nl-NL","@id":"https:\/\/syllunanew.sitework.link\/de\/produkt\/briefpapier-set-blaue-kuerbisse-printable-set\/#primaryimage","url":"https:\/\/syllunanew.sitework.link\/wp-content\/uploads\/2025\/12\/Briefpapier-en-Journal-Papier-Set-Blauwe-Pompoenen.jpg","contentUrl":"https:\/\/syllunanew.sitework.link\/wp-content\/uploads\/2025\/12\/Briefpapier-en-Journal-Papier-Set-Blauwe-Pompoenen.jpg","width":1000,"height":1000,"caption":"Briefpapier- und Journalpapier-Set \u2013 Blaue K\u00fcrbisse"},{"@type":"BreadcrumbList","@id":"https:\/\/syllunanew.sitework.link\/de\/produkt\/briefpapier-set-blaue-kuerbisse-printable-set\/#breadcrumb","itemListElement":[{"@type":"ListItem","position":1,"name":"Home","item":"https:\/\/syllunanew.sitework.link\/de\/"},{"@type":"ListItem","position":2,"name":"Shop","item":"https:\/\/syllunanew.sitework.link\/de\/shop\/"},{"@type":"ListItem","position":3,"name":"Briefpapier-Set \u2013 Blaue K\u00fcrbisse Printable Set"}]},{"@type":"WebSite","@id":"https:\/\/syllunanew.sitework.link\/de\/#website","url":"https:\/\/syllunanew.sitework.link\/de\/","name":"Sylluna | Magische Producten van Eigen Ontwerp","description":"Uniek. Magisch. Met betekenis.","publisher":{"@id":"https:\/\/syllunanew.sitework.link\/de\/#organization"},"alternateName":"Sylluna","potentialAction":[{"@type":"SearchAction","target":{"@type":"EntryPoint","urlTemplate":"https:\/\/syllunanew.sitework.link\/de\/?s={search_term_string}"},"query-input":{"@type":"PropertyValueSpecification","valueRequired":true,"valueName":"search_term_string"}}],"inLanguage":"nl-NL"},{"@type":"Organization","@id":"https:\/\/syllunanew.sitework.link\/de\/#organization","name":"Sylluna | Magische Producten van Eigen Ontwerp","url":"https:\/\/syllunanew.sitework.link\/de\/","logo":{"@type":"ImageObject","inLanguage":"nl-NL","@id":"https:\/\/syllunanew.sitework.link\/de\/#\/schema\/logo\/image\/","url":"https:\/\/sylluna.com\/wp-content\/uploads\/2025\/11\/Sylluna_dark-scaled.png","contentUrl":"https:\/\/sylluna.com\/wp-content\/uploads\/2025\/11\/Sylluna_dark-scaled.png","width":2500,"height":1221,"caption":"Sylluna | Magische Producten van Eigen Ontwerp"},"image":{"@id":"https:\/\/syllunanew.sitework.link\/de\/#\/schema\/logo\/image\/"}}]}},"_links":{"self":[{"href":"https:\/\/syllunanew.sitework.link\/de\/wp-json\/wp\/v2\/product\/43789","targetHints":{"allow":["GET"]}}],"collection":[{"href":"https:\/\/syllunanew.sitework.link\/de\/wp-json\/wp\/v2\/product"}],"about":[{"href":"https:\/\/syllunanew.sitework.link\/de\/wp-json\/wp\/v2\/types\/product"}],"replies":[{"embeddable":true,"href":"https:\/\/syllunanew.sitework.link\/de\/wp-json\/wp\/v2\/comments?post=43789"}],"wp:featuredmedia":[{"embeddable":true,"href":"https:\/\/syllunanew.sitework.link\/de\/wp-json\/wp\/v2\/media\/43777"}],"wp:attachment":[{"href":"https:\/\/syllunanew.sitework.link\/de\/wp-json\/wp\/v2\/media?parent=43789"}],"wp:term":[{"taxonomy":"thema","embeddable":true,"href":"https:\/\/syllunanew.sitework.link\/de\/wp-json\/wp\/v2\/thema?post=43789"},{"taxonomy":"product_brand","embeddable":true,"href":"https:\/\/syllunanew.sitework.link\/de\/wp-json\/wp\/v2\/product_brand?post=43789"},{"taxonomy":"product_cat","embeddable":true,"href":"https:\/\/syllunanew.sitework.link\/de\/wp-json\/wp\/v2\/product_cat?post=43789"},{"taxonomy":"product_tag","embeddable":true,"href":"https:\/\/syllunanew.sitework.link\/de\/wp-json\/wp\/v2\/product_tag?post=43789"}],"curies":[{"name":"wp","href":"https:\/\/api.w.org\/{rel}","templated":true}]}}