{"id":43564,"date":"2025-12-05T14:59:04","date_gmt":"2025-12-05T13:59:04","guid":{"rendered":"https:\/\/sylluna.com\/?post_type=product&#038;p=43564"},"modified":"2025-12-17T14:12:00","modified_gmt":"2025-12-17T13:12:00","slug":"alraune-fruehling-quadratische-schultertasche-klein","status":"publish","type":"product","link":"https:\/\/syllunanew.sitework.link\/de\/produkt\/alraune-fruehling-quadratische-schultertasche-klein\/","title":{"rendered":"Alraune Fr\u00fchling \u2013 Quadratische Schultertasche Klein"},"content":{"rendered":"<h4><strong>F\u00e4cheraufteilung<\/strong><\/h4>\n<p>Diese kleine Schultertasche ist perfekt f\u00fcr einen Abend, an dem du nicht zu viele Dinge mitnehmen m\u00f6chtest. Die Tasche bietet genug Platz f\u00fcr deine Essentials wie Handy, Schl\u00fcssel und Geldb\u00f6rse. Sie verf\u00fcgt \u00fcber ein Hauptfach mit Rei\u00dfverschluss, und innen befindet sich eine doppelte Trennwand (ohne Rei\u00dfverschluss), sodass du deine Schl\u00fcssel von deinem Handy getrennt aufbewahren kannst (gegen Kratzer). Mit dieser Tasche kannst du deine Sachen sicher bei dir tragen.<\/p>\n<h4><strong>Materialien &amp; Qualit\u00e4t<\/strong><\/h4>\n<p>Die Tasche besteht aus hochwertigen Materialien (es handelt sich um eine robuste Stoff-\/Polyester-Tasche) und die Illustration ist scharf gedruckt. Die Illustration ist tief in den Stoff eingedruckt, wodurch kein Risiko besteht, dass sie sich vom Stoff abl\u00f6st.<\/p>\n<h4><strong>Wechselbare Taschenklappen<\/strong><\/h4>\n<p>Die dekorativen Klappen lassen sich mithilfe von stabilem Klettverschluss befestigen und wieder abnehmen. So k\u00f6nnen Sie im Handumdrehen zwischen verschiedenen Designs wechseln. Dieses Bundle-Produkt enth\u00e4lt sowohl die Basistasche als auch die gezeigte Klappe, sodass Sie ein komplettes Produkt erhalten. Nach Wunsch k\u00f6nnen Sie einzelne Taschendeckel in der passenden Gr\u00f6\u00dfe nachbestellen, um das Design zu wechseln.<\/p>\n<h4><strong>Schulterriemen<\/strong><\/h4>\n<p>Die L\u00e4nge des Schulterriemens ist verstellbar, sodass Sie die Tasche auf eine Tragh\u00f6he einstellen k\u00f6nnen, die zu Ihrer Gr\u00f6\u00dfe passt und f\u00fcr Sie bequem ist.<\/p>\n<h3><strong>\u00dcBER DAS DESIGN<\/strong><\/h3>\n<p>Alle Illustrationen von Sylluna sind handgezeichnet und von Fantasy, Natur und Magie inspiriert. Die Illustration wurde zun\u00e4chst skizziert und anschlie\u00dfend digital koloriert. Dabei wurden analoge Texturen verwendet, darunter handgefertigtes Marmorpapier<\/p>\n<p><strong><img decoding=\"async\" class=\"alignnone wp-image-2870\" src=\"https:\/\/sylluna.com\/wp-content\/uploads\/2025\/08\/Zoek-op-Illustratie-Fantasy-Witchy-Art-SBDC-shop-copy-300x298.png\" sizes=\"auto, (max-width: 100px) 100vw, 100px\" srcset=\"https:\/\/sylluna.com\/wp-content\/uploads\/2025\/08\/Zoek-op-Illustratie-Fantasy-Witchy-Art-SBDC-shop-copy-300x298.png 300w, https:\/\/sylluna.com\/wp-content\/uploads\/2025\/08\/Zoek-op-Illustratie-Fantasy-Witchy-Art-SBDC-shop-copy-100x100.png 100w, https:\/\/sylluna.com\/wp-content\/uploads\/2025\/08\/Zoek-op-Illustratie-Fantasy-Witchy-Art-SBDC-shop-copy-150x150.png 150w, https:\/\/sylluna.com\/wp-content\/uploads\/2025\/08\/Zoek-op-Illustratie-Fantasy-Witchy-Art-SBDC-shop-copy.png 434w\" alt=\"\" width=\"100\" height=\"99\" \/ loading=\"lazy\"><a href=\"https:\/\/sylluna.com\/de\/produkt-schlagwort\/mandragora-fruhling-illustration\/\">\u2726 Entdecke weitere magische Produkte mit dieser Illustration<\/a><\/strong><\/p>\n<p><em>Die tats\u00e4chlichen Farben k\u00f6nnen aufgrund unterschiedlicher Bildschirmeinstellungen leicht abweichen.<\/em><\/p>\n<p>Sylluna\u00ae<\/p>\n<p>&nbsp;<\/p>\n","protected":false},"excerpt":{"rendered":"<p>Klein, stilvoll und magisch! Diese Sylluna-Schultertasche ist perfekt f\u00fcr einen Abend oder ein Festival, wenn du wirklich nur die wichtigsten Dinge mitnehmen m\u00f6chtest. Schl\u00fcssel: check. Handy: check. Geldb\u00f6rse: check. Bereit zum Losgehen! Das Artwork ist ein Druck einer handgezeichneten Illustration.<\/p>\n<h4><img decoding=\"async\" class=\"wp-image-2867 alignnone\" src=\"https:\/\/sylluna.com\/wp-content\/uploads\/2025\/08\/Shipping-General-Webshop-SBDC-300x233.png\" alt=\"\" width=\"100\" height=\"78\" srcset=\"https:\/\/syllunanew.sitework.link\/wp-content\/uploads\/2025\/08\/Shipping-General-Webshop-SBDC-300x233.png 300w, https:\/\/syllunanew.sitework.link\/wp-content\/uploads\/2025\/08\/Shipping-General-Webshop-SBDC.png 757w\" sizes=\"(max-width: 100px) 100vw, 100px\" \/><strong>VERSAND:<\/strong> 3\u20135 Werktage<\/h4>\n<p>&nbsp;<\/p>\n<h4><strong>SPEZIFIKATIONEN:<\/strong><\/h4>\n<ul>\n<li>Marke: Sylluna\u00ae.<\/li>\n<li>Kleine Quadratische Basistaschultertasche<\/li>\n<li>Taschenklappe mit Druck einer handgezeichneten Illustration.<\/li>\n<li>Ma\u00dfe: 18 x 19 x 5 cm (7 x 7,5 x 2 in)<\/li>\n<li>Professioneller Druck mit hochwertigen Drucktechniken.<\/li>\n<li>Die illustrierte Klappe ist befestigt und mit Klettverschluss verschlie\u00dfbar.<\/li>\n<li>Die Tasche verf\u00fcgt \u00fcber ein Hauptfach mit Rei\u00dfverschluss.<\/li>\n<li>Die Tasche ist aus robustem Polyester gefertigt.<\/li>\n<li>Der Schultergurt der Tasche ist in der L\u00e4nge verstellbar.<\/li>\n<li>Die Tasche ist wasserabweisend.<\/li>\n<li>Der Druck ist wasserfest.<\/li>\n<li>Sehr geeignete Tasche f\u00fcr einen Abend.<\/li>\n<li>Die Tasche wird in den Niederlanden hergestellt.<\/li>\n<\/ul>\n","protected":false},"featured_media":43481,"comment_status":"open","ping_status":"closed","template":"","meta":{"_acf_changed":false,"_glsr_average":0,"_glsr_ranking":0,"_glsr_reviews":0},"thema":[276,246,630],"product_brand":[156],"product_cat":[429,353],"product_tag":[722],"class_list":{"0":"post-43564","1":"product","2":"type-product","3":"status-publish","4":"has-post-thumbnail","6":"thema-alraune","7":"thema-erde-elemente-themen","8":"thema-fruhling","9":"product_brand-sylluna","10":"product_cat-tasche-quadratisch-klein","11":"product_cat-taschen","12":"product_tag-mandragora-fruhling-illustration","13":"product_shipping_class-mailbox-package","15":"first","16":"onbackorder","17":"shipping-taxable","18":"purchasable","19":"product-type-yith_bundle"},"acf":[],"yoast_head":"<!-- This site is optimized with the Yoast SEO plugin v27.4 - https:\/\/yoast.com\/product\/yoast-seo-wordpress\/ -->\n<title>Alraune Fr\u00fchling \u2013 Quadratische Schultertasche Klein | Sylluna<\/title>\n<meta name=\"description\" content=\"Alraune Fr\u00fchling \u2013 Quadratische Schultertasche Klein biedt alle informatie en specificaties overzichtelijk. Bestel direct online en profiteer van snelle verzending\" \/>\n<meta name=\"robots\" content=\"index, follow, max-snippet:-1, max-image-preview:large, max-video-preview:-1\" \/>\n<link rel=\"canonical\" href=\"https:\/\/syllunanew.sitework.link\/de\/produkt\/alraune-fruehling-quadratische-schultertasche-klein\/\" \/>\n<meta property=\"og:locale\" content=\"nl_NL\" \/>\n<meta property=\"og:type\" content=\"article\" \/>\n<meta property=\"og:title\" content=\"Alraune Fr\u00fchling \u2013 Quadratische Schultertasche Klein | Sylluna\" \/>\n<meta property=\"og:description\" content=\"Alraune Fr\u00fchling \u2013 Quadratische Schultertasche Klein biedt alle informatie en specificaties overzichtelijk. Bestel direct online en profiteer van snelle verzending\" \/>\n<meta property=\"og:url\" content=\"https:\/\/syllunanew.sitework.link\/de\/produkt\/alraune-fruehling-quadratische-schultertasche-klein\/\" \/>\n<meta property=\"og:site_name\" content=\"Sylluna\" \/>\n<meta property=\"article:modified_time\" content=\"2025-12-17T13:12:00+00:00\" \/>\n<meta property=\"og:image\" content=\"https:\/\/syllunanew.sitework.link\/wp-content\/uploads\/2025\/12\/Mandrake-Mandragora-Lente-Wezentje-Vierkant-Klein-Schoudertas-Sylluna.jpg\" \/>\n\t<meta property=\"og:image:width\" content=\"1000\" \/>\n\t<meta property=\"og:image:height\" content=\"1000\" \/>\n\t<meta property=\"og:image:type\" content=\"image\/jpeg\" \/>\n<meta name=\"twitter:card\" content=\"summary_large_image\" \/>\n<meta name=\"twitter:label1\" content=\"Geschatte leestijd\" \/>\n\t<meta name=\"twitter:data1\" content=\"2 minuten\" \/>\n<script type=\"application\/ld+json\" class=\"yoast-schema-graph\">{\"@context\":\"https:\\\/\\\/schema.org\",\"@graph\":[{\"@type\":\"WebPage\",\"@id\":\"https:\\\/\\\/syllunanew.sitework.link\\\/de\\\/produkt\\\/alraune-fruehling-quadratische-schultertasche-klein\\\/\",\"url\":\"https:\\\/\\\/syllunanew.sitework.link\\\/de\\\/produkt\\\/alraune-fruehling-quadratische-schultertasche-klein\\\/\",\"name\":\"Alraune Fr\u00fchling \u2013 Quadratische Schultertasche Klein | Sylluna\",\"isPartOf\":{\"@id\":\"https:\\\/\\\/syllunanew.sitework.link\\\/de\\\/#website\"},\"primaryImageOfPage\":{\"@id\":\"https:\\\/\\\/syllunanew.sitework.link\\\/de\\\/produkt\\\/alraune-fruehling-quadratische-schultertasche-klein\\\/#primaryimage\"},\"image\":{\"@id\":\"https:\\\/\\\/syllunanew.sitework.link\\\/de\\\/produkt\\\/alraune-fruehling-quadratische-schultertasche-klein\\\/#primaryimage\"},\"thumbnailUrl\":\"https:\\\/\\\/syllunanew.sitework.link\\\/wp-content\\\/uploads\\\/2025\\\/12\\\/Mandrake-Mandragora-Lente-Wezentje-Vierkant-Klein-Schoudertas-Sylluna.jpg\",\"datePublished\":\"2025-12-05T13:59:04+00:00\",\"dateModified\":\"2025-12-17T13:12:00+00:00\",\"description\":\"Alraune Fr\u00fchling \u2013 Quadratische Schultertasche Klein biedt alle informatie en specificaties overzichtelijk. Bestel direct online en profiteer van snelle verzending\",\"breadcrumb\":{\"@id\":\"https:\\\/\\\/syllunanew.sitework.link\\\/de\\\/produkt\\\/alraune-fruehling-quadratische-schultertasche-klein\\\/#breadcrumb\"},\"inLanguage\":\"nl-NL\",\"potentialAction\":[{\"@type\":\"ReadAction\",\"target\":[\"https:\\\/\\\/syllunanew.sitework.link\\\/de\\\/produkt\\\/alraune-fruehling-quadratische-schultertasche-klein\\\/\"]}]},{\"@type\":\"ImageObject\",\"inLanguage\":\"nl-NL\",\"@id\":\"https:\\\/\\\/syllunanew.sitework.link\\\/de\\\/produkt\\\/alraune-fruehling-quadratische-schultertasche-klein\\\/#primaryimage\",\"url\":\"https:\\\/\\\/syllunanew.sitework.link\\\/wp-content\\\/uploads\\\/2025\\\/12\\\/Mandrake-Mandragora-Lente-Wezentje-Vierkant-Klein-Schoudertas-Sylluna.jpg\",\"contentUrl\":\"https:\\\/\\\/syllunanew.sitework.link\\\/wp-content\\\/uploads\\\/2025\\\/12\\\/Mandrake-Mandragora-Lente-Wezentje-Vierkant-Klein-Schoudertas-Sylluna.jpg\",\"width\":1000,\"height\":1000},{\"@type\":\"BreadcrumbList\",\"@id\":\"https:\\\/\\\/syllunanew.sitework.link\\\/de\\\/produkt\\\/alraune-fruehling-quadratische-schultertasche-klein\\\/#breadcrumb\",\"itemListElement\":[{\"@type\":\"ListItem\",\"position\":1,\"name\":\"Home\",\"item\":\"https:\\\/\\\/syllunanew.sitework.link\\\/de\\\/\"},{\"@type\":\"ListItem\",\"position\":2,\"name\":\"Shop\",\"item\":\"https:\\\/\\\/syllunanew.sitework.link\\\/de\\\/shop\\\/\"},{\"@type\":\"ListItem\",\"position\":3,\"name\":\"Alraune Fr\u00fchling \u2013 Quadratische Schultertasche Klein\"}]},{\"@type\":\"WebSite\",\"@id\":\"https:\\\/\\\/syllunanew.sitework.link\\\/de\\\/#website\",\"url\":\"https:\\\/\\\/syllunanew.sitework.link\\\/de\\\/\",\"name\":\"Sylluna | Magische Producten van Eigen Ontwerp\",\"description\":\"Uniek. Magisch. Met betekenis.\",\"publisher\":{\"@id\":\"https:\\\/\\\/syllunanew.sitework.link\\\/de\\\/#organization\"},\"alternateName\":\"Sylluna\",\"potentialAction\":[{\"@type\":\"SearchAction\",\"target\":{\"@type\":\"EntryPoint\",\"urlTemplate\":\"https:\\\/\\\/syllunanew.sitework.link\\\/de\\\/?s={search_term_string}\"},\"query-input\":{\"@type\":\"PropertyValueSpecification\",\"valueRequired\":true,\"valueName\":\"search_term_string\"}}],\"inLanguage\":\"nl-NL\"},{\"@type\":\"Organization\",\"@id\":\"https:\\\/\\\/syllunanew.sitework.link\\\/de\\\/#organization\",\"name\":\"Sylluna | Magische Producten van Eigen Ontwerp\",\"url\":\"https:\\\/\\\/syllunanew.sitework.link\\\/de\\\/\",\"logo\":{\"@type\":\"ImageObject\",\"inLanguage\":\"nl-NL\",\"@id\":\"https:\\\/\\\/syllunanew.sitework.link\\\/de\\\/#\\\/schema\\\/logo\\\/image\\\/\",\"url\":\"https:\\\/\\\/sylluna.com\\\/wp-content\\\/uploads\\\/2025\\\/11\\\/Sylluna_dark-scaled.png\",\"contentUrl\":\"https:\\\/\\\/sylluna.com\\\/wp-content\\\/uploads\\\/2025\\\/11\\\/Sylluna_dark-scaled.png\",\"width\":2500,\"height\":1221,\"caption\":\"Sylluna | Magische Producten van Eigen Ontwerp\"},\"image\":{\"@id\":\"https:\\\/\\\/syllunanew.sitework.link\\\/de\\\/#\\\/schema\\\/logo\\\/image\\\/\"}}]}<\/script>\n<!-- \/ Yoast SEO plugin. -->","yoast_head_json":{"title":"Alraune Fr\u00fchling \u2013 Quadratische Schultertasche Klein | Sylluna","description":"Alraune Fr\u00fchling \u2013 Quadratische Schultertasche Klein biedt alle informatie en specificaties overzichtelijk. Bestel direct online en profiteer van snelle verzending","robots":{"index":"index","follow":"follow","max-snippet":"max-snippet:-1","max-image-preview":"max-image-preview:large","max-video-preview":"max-video-preview:-1"},"canonical":"https:\/\/syllunanew.sitework.link\/de\/produkt\/alraune-fruehling-quadratische-schultertasche-klein\/","og_locale":"nl_NL","og_type":"article","og_title":"Alraune Fr\u00fchling \u2013 Quadratische Schultertasche Klein | Sylluna","og_description":"Alraune Fr\u00fchling \u2013 Quadratische Schultertasche Klein biedt alle informatie en specificaties overzichtelijk. Bestel direct online en profiteer van snelle verzending","og_url":"https:\/\/syllunanew.sitework.link\/de\/produkt\/alraune-fruehling-quadratische-schultertasche-klein\/","og_site_name":"Sylluna","article_modified_time":"2025-12-17T13:12:00+00:00","og_image":[{"width":1000,"height":1000,"url":"https:\/\/syllunanew.sitework.link\/wp-content\/uploads\/2025\/12\/Mandrake-Mandragora-Lente-Wezentje-Vierkant-Klein-Schoudertas-Sylluna.jpg","type":"image\/jpeg"}],"twitter_card":"summary_large_image","twitter_misc":{"Geschatte leestijd":"2 minuten"},"schema":{"@context":"https:\/\/schema.org","@graph":[{"@type":"WebPage","@id":"https:\/\/syllunanew.sitework.link\/de\/produkt\/alraune-fruehling-quadratische-schultertasche-klein\/","url":"https:\/\/syllunanew.sitework.link\/de\/produkt\/alraune-fruehling-quadratische-schultertasche-klein\/","name":"Alraune Fr\u00fchling \u2013 Quadratische Schultertasche Klein | Sylluna","isPartOf":{"@id":"https:\/\/syllunanew.sitework.link\/de\/#website"},"primaryImageOfPage":{"@id":"https:\/\/syllunanew.sitework.link\/de\/produkt\/alraune-fruehling-quadratische-schultertasche-klein\/#primaryimage"},"image":{"@id":"https:\/\/syllunanew.sitework.link\/de\/produkt\/alraune-fruehling-quadratische-schultertasche-klein\/#primaryimage"},"thumbnailUrl":"https:\/\/syllunanew.sitework.link\/wp-content\/uploads\/2025\/12\/Mandrake-Mandragora-Lente-Wezentje-Vierkant-Klein-Schoudertas-Sylluna.jpg","datePublished":"2025-12-05T13:59:04+00:00","dateModified":"2025-12-17T13:12:00+00:00","description":"Alraune Fr\u00fchling \u2013 Quadratische Schultertasche Klein biedt alle informatie en specificaties overzichtelijk. Bestel direct online en profiteer van snelle verzending","breadcrumb":{"@id":"https:\/\/syllunanew.sitework.link\/de\/produkt\/alraune-fruehling-quadratische-schultertasche-klein\/#breadcrumb"},"inLanguage":"nl-NL","potentialAction":[{"@type":"ReadAction","target":["https:\/\/syllunanew.sitework.link\/de\/produkt\/alraune-fruehling-quadratische-schultertasche-klein\/"]}]},{"@type":"ImageObject","inLanguage":"nl-NL","@id":"https:\/\/syllunanew.sitework.link\/de\/produkt\/alraune-fruehling-quadratische-schultertasche-klein\/#primaryimage","url":"https:\/\/syllunanew.sitework.link\/wp-content\/uploads\/2025\/12\/Mandrake-Mandragora-Lente-Wezentje-Vierkant-Klein-Schoudertas-Sylluna.jpg","contentUrl":"https:\/\/syllunanew.sitework.link\/wp-content\/uploads\/2025\/12\/Mandrake-Mandragora-Lente-Wezentje-Vierkant-Klein-Schoudertas-Sylluna.jpg","width":1000,"height":1000},{"@type":"BreadcrumbList","@id":"https:\/\/syllunanew.sitework.link\/de\/produkt\/alraune-fruehling-quadratische-schultertasche-klein\/#breadcrumb","itemListElement":[{"@type":"ListItem","position":1,"name":"Home","item":"https:\/\/syllunanew.sitework.link\/de\/"},{"@type":"ListItem","position":2,"name":"Shop","item":"https:\/\/syllunanew.sitework.link\/de\/shop\/"},{"@type":"ListItem","position":3,"name":"Alraune Fr\u00fchling \u2013 Quadratische Schultertasche Klein"}]},{"@type":"WebSite","@id":"https:\/\/syllunanew.sitework.link\/de\/#website","url":"https:\/\/syllunanew.sitework.link\/de\/","name":"Sylluna | Magische Producten van Eigen Ontwerp","description":"Uniek. Magisch. Met betekenis.","publisher":{"@id":"https:\/\/syllunanew.sitework.link\/de\/#organization"},"alternateName":"Sylluna","potentialAction":[{"@type":"SearchAction","target":{"@type":"EntryPoint","urlTemplate":"https:\/\/syllunanew.sitework.link\/de\/?s={search_term_string}"},"query-input":{"@type":"PropertyValueSpecification","valueRequired":true,"valueName":"search_term_string"}}],"inLanguage":"nl-NL"},{"@type":"Organization","@id":"https:\/\/syllunanew.sitework.link\/de\/#organization","name":"Sylluna | Magische Producten van Eigen Ontwerp","url":"https:\/\/syllunanew.sitework.link\/de\/","logo":{"@type":"ImageObject","inLanguage":"nl-NL","@id":"https:\/\/syllunanew.sitework.link\/de\/#\/schema\/logo\/image\/","url":"https:\/\/sylluna.com\/wp-content\/uploads\/2025\/11\/Sylluna_dark-scaled.png","contentUrl":"https:\/\/sylluna.com\/wp-content\/uploads\/2025\/11\/Sylluna_dark-scaled.png","width":2500,"height":1221,"caption":"Sylluna | Magische Producten van Eigen Ontwerp"},"image":{"@id":"https:\/\/syllunanew.sitework.link\/de\/#\/schema\/logo\/image\/"}}]}},"_links":{"self":[{"href":"https:\/\/syllunanew.sitework.link\/de\/wp-json\/wp\/v2\/product\/43564","targetHints":{"allow":["GET"]}}],"collection":[{"href":"https:\/\/syllunanew.sitework.link\/de\/wp-json\/wp\/v2\/product"}],"about":[{"href":"https:\/\/syllunanew.sitework.link\/de\/wp-json\/wp\/v2\/types\/product"}],"replies":[{"embeddable":true,"href":"https:\/\/syllunanew.sitework.link\/de\/wp-json\/wp\/v2\/comments?post=43564"}],"wp:featuredmedia":[{"embeddable":true,"href":"https:\/\/syllunanew.sitework.link\/de\/wp-json\/wp\/v2\/media\/43481"}],"wp:attachment":[{"href":"https:\/\/syllunanew.sitework.link\/de\/wp-json\/wp\/v2\/media?parent=43564"}],"wp:term":[{"taxonomy":"thema","embeddable":true,"href":"https:\/\/syllunanew.sitework.link\/de\/wp-json\/wp\/v2\/thema?post=43564"},{"taxonomy":"product_brand","embeddable":true,"href":"https:\/\/syllunanew.sitework.link\/de\/wp-json\/wp\/v2\/product_brand?post=43564"},{"taxonomy":"product_cat","embeddable":true,"href":"https:\/\/syllunanew.sitework.link\/de\/wp-json\/wp\/v2\/product_cat?post=43564"},{"taxonomy":"product_tag","embeddable":true,"href":"https:\/\/syllunanew.sitework.link\/de\/wp-json\/wp\/v2\/product_tag?post=43564"}],"curies":[{"name":"wp","href":"https:\/\/api.w.org\/{rel}","templated":true}]}}