{"id":43420,"date":"2025-12-04T21:30:49","date_gmt":"2025-12-04T20:30:49","guid":{"rendered":"https:\/\/sylluna.com\/?post_type=product&#038;p=43420"},"modified":"2025-12-16T14:41:40","modified_gmt":"2025-12-16T13:41:40","slug":"wasserdrachen-waechter-rechteckige-schultertasche-gross","status":"publish","type":"product","link":"https:\/\/syllunanew.sitework.link\/de\/produkt\/wasserdrachen-waechter-rechteckige-schultertasche-gross\/","title":{"rendered":"Wasserdrachen-W\u00e4chter \u2013 Rechteckige Schultertasche Gro\u00df"},"content":{"rendered":"<h4><strong>F\u00e4cheraufteilung<\/strong><\/h4>\n<p>Diese gro\u00dfe rechteckige Schultertasche\/Schultasche bietet viel Platz f\u00fcr Ihre Sachen. Zwei mittlere Vorderf\u00e4cher, ein Mittel- und ein gro\u00dfes Hauptfach hinten. Alle F\u00e4cher lassen sich mit einem Rei\u00dfverschluss \u00f6ffnen und schlie\u00dfen. Die Klappe der Tasche wird mit Klettverschluss gesichert. Mit dieser Tasche haben Sie Ihre Besitzt\u00fcmer sicher und griffbereit. Sie ist sehr gut f\u00fcr den t\u00e4glichen Gebrauch geeignet.<\/p>\n<h4><strong>Materialien &amp; Qualit\u00e4t<\/strong><\/h4>\n<p>Die Tasche besteht aus hochwertigen Materialien (es handelt sich um eine robuste Stoff-\/Polyester-Tasche) und die Illustration ist scharf gedruckt. Die Illustration ist tief in den Stoff eingedruckt, wodurch kein Risiko besteht, dass sie sich vom Stoff abl\u00f6st.<\/p>\n<h4><strong>Wechselbare Taschenklappen<\/strong><\/h4>\n<p>Die dekorativen Klappen lassen sich mithilfe von stabilem Klettverschluss befestigen und wieder abnehmen. So k\u00f6nnen Sie im Handumdrehen zwischen verschiedenen Designs wechseln. Dieses Bundle-Produkt enth\u00e4lt sowohl die Basistasche als auch die gezeigte Klappe, sodass Sie ein komplettes Produkt erhalten. Nach Wunsch k\u00f6nnen Sie einzelne Taschendeckel in der passenden Gr\u00f6\u00dfe nachbestellen, um das Design zu wechseln.<\/p>\n<h4><strong>Schulterriemen<\/strong><\/h4>\n<p>Die L\u00e4nge des Schulterriemens ist verstellbar, sodass Sie die Tasche auf eine Tragh\u00f6he einstellen k\u00f6nnen, die zu Ihrer Gr\u00f6\u00dfe passt und f\u00fcr Sie bequem ist.<\/p>\n<h3><strong>\u00dcBER DAS DESIGN<\/strong><\/h3>\n<p>Alle Illustrationen von Sylluna sind handgezeichnet und von Fantasy, Natur und Magie inspiriert. Die Illustration wurde zun\u00e4chst skizziert und anschlie\u00dfend digital koloriert. Dabei wurden analoge Texturen verwendet, darunter handgefertigtes Marmorpapier<\/p>\n<p><strong><img decoding=\"async\" class=\"alignnone wp-image-2870\" src=\"https:\/\/sylluna.com\/wp-content\/uploads\/2025\/08\/Zoek-op-Illustratie-Fantasy-Witchy-Art-SBDC-shop-copy-300x298.png\" sizes=\"auto, (max-width: 100px) 100vw, 100px\" srcset=\"https:\/\/sylluna.com\/wp-content\/uploads\/2025\/08\/Zoek-op-Illustratie-Fantasy-Witchy-Art-SBDC-shop-copy-300x298.png 300w, https:\/\/sylluna.com\/wp-content\/uploads\/2025\/08\/Zoek-op-Illustratie-Fantasy-Witchy-Art-SBDC-shop-copy-100x100.png 100w, https:\/\/sylluna.com\/wp-content\/uploads\/2025\/08\/Zoek-op-Illustratie-Fantasy-Witchy-Art-SBDC-shop-copy-150x150.png 150w, https:\/\/sylluna.com\/wp-content\/uploads\/2025\/08\/Zoek-op-Illustratie-Fantasy-Witchy-Art-SBDC-shop-copy.png 434w\" alt=\"\" width=\"100\" height=\"99\" \/ loading=\"lazy\"><a href=\"https:\/\/sylluna.com\/de\/produkt-schlagwort\/wasserdrachen-illustration\/\">\u2726 Entdecke weitere magische Produkte mit dieser Illustration<\/a><\/strong><\/p>\n<p><em>Die tats\u00e4chlichen Farben k\u00f6nnen aufgrund unterschiedlicher Bildschirmeinstellungen leicht abweichen.<\/em><\/p>\n<p>Sylluna\u00ae<\/p>\n","protected":false},"excerpt":{"rendered":"<p>Eine rechteckige, magische Sylluna-Schulter-\/Messenger-Tasche mit einem Druck einer handgezeichneten Illustration. Perfekt f\u00fcr den t\u00e4glichen Gebrauch, wenn Sie viele Dinge mitnehmen m\u00f6chten. Geeignet f\u00fcr Schl\u00fcssel, Geldb\u00f6rse, A4-Journal\/Notizbuch, (kleinen) Laptop und mehr. Die Tasche ist nicht nur robust, sondern auch praktisch mit mehreren F\u00e4chern unterteilt.<\/p>\n<h4><img decoding=\"async\" class=\"alignnone wp-image-2867\" src=\"https:\/\/sylluna.com\/wp-content\/uploads\/2025\/08\/Shipping-General-Webshop-SBDC-300x233.png\" alt=\"\" width=\"100\" height=\"78\" srcset=\"https:\/\/syllunanew.sitework.link\/wp-content\/uploads\/2025\/08\/Shipping-General-Webshop-SBDC-300x233.png 300w, https:\/\/syllunanew.sitework.link\/wp-content\/uploads\/2025\/08\/Shipping-General-Webshop-SBDC.png 757w\" sizes=\"(max-width: 100px) 100vw, 100px\" \/>VERSAND: 3\u20135 Werktage<\/h4>\n<p>&nbsp;<\/p>\n<div class=\"product-excerpt text-white mb-6 [&amp;_p]:mb-2 [&amp;_img]:mb-2 [&amp;_a]:!underline [&amp;_ul]:!list-disc [&amp;_ul]:!pl-6 [&amp;_ul]:!mb-2 [&amp;_ol]:!list-decimal [&amp;_ol]:!pl-6 [&amp;_ol]:!mb-2\">\n<h4><strong>SPEZIFIKATIONEN:<\/strong><\/h4>\n<ul>\n<li>Marke: Sylluna\u00ae.<\/li>\n<li>Basistasche Gro\u00dfe rechteckige Schulter-\/Messenger-Tasche<\/li>\n<li>Taschenklappe mit Druck einer handgezeichneten Illustration.<\/li>\n<li>Ma\u00dfe: 40 \u00d7 28 \u00d7 10 cm (15,7 \u00d7 11,0 \u00d7 3,9 Zoll)<\/li>\n<li>Professioneller Druck mit hochwertigen Drucktechniken.<\/li>\n<li>Die illustrierte Klappe ist befestigt und mit Klettverschluss verschlie\u00dfbar.<\/li>\n<li>Die Tasche verf\u00fcgt \u00fcber 4 Hauptf\u00e4cher mit Rei\u00dfverschl\u00fcssen.<\/li>\n<li>Die Tasche ist aus robustem Polyester gefertigt.<\/li>\n<li>Der Schultergurt der Tasche ist in der L\u00e4nge verstellbar.<\/li>\n<li>Die Tasche ist wasserabweisend.<\/li>\n<li>Der Druck ist wasserfest.<\/li>\n<li>Sehr gut geeignete Tasche f\u00fcr den t\u00e4glichen Gebrauch.<\/li>\n<li>Die Tasche wird in den Niederlanden hergestellt.<\/li>\n<\/ul>\n<\/div>\n","protected":false},"featured_media":43424,"comment_status":"open","ping_status":"closed","template":"","meta":{"_acf_changed":false,"_glsr_average":0,"_glsr_ranking":0,"_glsr_reviews":0},"thema":[268,266,254],"product_brand":[156],"product_cat":[423,353],"product_tag":[760],"class_list":{"0":"post-43420","1":"product","2":"type-product","3":"status-publish","4":"has-post-thumbnail","6":"thema-drache","7":"thema-magische-wesen","8":"thema-wasser-elemente-themen","9":"product_brand-sylluna","10":"product_cat-tasche-rechteck-gross","11":"product_cat-taschen","12":"product_tag-wasserdrachen-illustration","13":"product_shipping_class-standardpaket","15":"first","16":"onbackorder","17":"shipping-taxable","18":"purchasable","19":"product-type-yith_bundle"},"acf":[],"yoast_head":"<!-- This site is optimized with the Yoast SEO plugin v27.4 - https:\/\/yoast.com\/product\/yoast-seo-wordpress\/ -->\n<title>Wasserdrachen-W\u00e4chter \u2013 Rechteckige Schultertasche Gro\u00df | Sylluna<\/title>\n<meta name=\"description\" content=\"Wasserdrachen-W\u00e4chter \u2013 Rechteckige Schultertasche Gro\u00df biedt alle informatie en specificaties overzichtelijk. Bestel direct online en profiteer van snelle verzending\" \/>\n<meta name=\"robots\" content=\"index, follow, max-snippet:-1, max-image-preview:large, max-video-preview:-1\" \/>\n<link rel=\"canonical\" href=\"https:\/\/syllunanew.sitework.link\/de\/produkt\/wasserdrachen-waechter-rechteckige-schultertasche-gross\/\" \/>\n<meta property=\"og:locale\" content=\"nl_NL\" \/>\n<meta property=\"og:type\" content=\"article\" \/>\n<meta property=\"og:title\" content=\"Wasserdrachen-W\u00e4chter \u2013 Rechteckige Schultertasche Gro\u00df | Sylluna\" \/>\n<meta property=\"og:description\" content=\"Wasserdrachen-W\u00e4chter \u2013 Rechteckige Schultertasche Gro\u00df biedt alle informatie en specificaties overzichtelijk. Bestel direct online en profiteer van snelle verzending\" \/>\n<meta property=\"og:url\" content=\"https:\/\/syllunanew.sitework.link\/de\/produkt\/wasserdrachen-waechter-rechteckige-schultertasche-gross\/\" \/>\n<meta property=\"og:site_name\" content=\"Sylluna\" \/>\n<meta property=\"article:modified_time\" content=\"2025-12-16T13:41:40+00:00\" \/>\n<meta property=\"og:image\" content=\"https:\/\/syllunanew.sitework.link\/wp-content\/uploads\/2025\/12\/Water-Dragon-Guardians-Water-Draken-Dragon-Love-Schoudertas-Rechthoek-Groot-Fantasy.jpg\" \/>\n\t<meta property=\"og:image:width\" content=\"1000\" \/>\n\t<meta property=\"og:image:height\" content=\"1000\" \/>\n\t<meta property=\"og:image:type\" content=\"image\/jpeg\" \/>\n<meta name=\"twitter:card\" content=\"summary_large_image\" \/>\n<meta name=\"twitter:label1\" content=\"Geschatte leestijd\" \/>\n\t<meta name=\"twitter:data1\" content=\"2 minuten\" \/>\n<script type=\"application\/ld+json\" class=\"yoast-schema-graph\">{\"@context\":\"https:\\\/\\\/schema.org\",\"@graph\":[{\"@type\":\"WebPage\",\"@id\":\"https:\\\/\\\/syllunanew.sitework.link\\\/de\\\/produkt\\\/wasserdrachen-waechter-rechteckige-schultertasche-gross\\\/\",\"url\":\"https:\\\/\\\/syllunanew.sitework.link\\\/de\\\/produkt\\\/wasserdrachen-waechter-rechteckige-schultertasche-gross\\\/\",\"name\":\"Wasserdrachen-W\u00e4chter \u2013 Rechteckige Schultertasche Gro\u00df | Sylluna\",\"isPartOf\":{\"@id\":\"https:\\\/\\\/syllunanew.sitework.link\\\/de\\\/#website\"},\"primaryImageOfPage\":{\"@id\":\"https:\\\/\\\/syllunanew.sitework.link\\\/de\\\/produkt\\\/wasserdrachen-waechter-rechteckige-schultertasche-gross\\\/#primaryimage\"},\"image\":{\"@id\":\"https:\\\/\\\/syllunanew.sitework.link\\\/de\\\/produkt\\\/wasserdrachen-waechter-rechteckige-schultertasche-gross\\\/#primaryimage\"},\"thumbnailUrl\":\"https:\\\/\\\/syllunanew.sitework.link\\\/wp-content\\\/uploads\\\/2025\\\/12\\\/Water-Dragon-Guardians-Water-Draken-Dragon-Love-Schoudertas-Rechthoek-Groot-Fantasy.jpg\",\"datePublished\":\"2025-12-04T20:30:49+00:00\",\"dateModified\":\"2025-12-16T13:41:40+00:00\",\"description\":\"Wasserdrachen-W\u00e4chter \u2013 Rechteckige Schultertasche Gro\u00df biedt alle informatie en specificaties overzichtelijk. Bestel direct online en profiteer van snelle verzending\",\"breadcrumb\":{\"@id\":\"https:\\\/\\\/syllunanew.sitework.link\\\/de\\\/produkt\\\/wasserdrachen-waechter-rechteckige-schultertasche-gross\\\/#breadcrumb\"},\"inLanguage\":\"nl-NL\",\"potentialAction\":[{\"@type\":\"ReadAction\",\"target\":[\"https:\\\/\\\/syllunanew.sitework.link\\\/de\\\/produkt\\\/wasserdrachen-waechter-rechteckige-schultertasche-gross\\\/\"]}]},{\"@type\":\"ImageObject\",\"inLanguage\":\"nl-NL\",\"@id\":\"https:\\\/\\\/syllunanew.sitework.link\\\/de\\\/produkt\\\/wasserdrachen-waechter-rechteckige-schultertasche-gross\\\/#primaryimage\",\"url\":\"https:\\\/\\\/syllunanew.sitework.link\\\/wp-content\\\/uploads\\\/2025\\\/12\\\/Water-Dragon-Guardians-Water-Draken-Dragon-Love-Schoudertas-Rechthoek-Groot-Fantasy.jpg\",\"contentUrl\":\"https:\\\/\\\/syllunanew.sitework.link\\\/wp-content\\\/uploads\\\/2025\\\/12\\\/Water-Dragon-Guardians-Water-Draken-Dragon-Love-Schoudertas-Rechthoek-Groot-Fantasy.jpg\",\"width\":1000,\"height\":1000,\"caption\":\"Wasserdrachen-W\u00e4chter \u2013 Wasserdrachen \u2013 Drachenliebe \u2013 Rechteckige Schultertasche Gro\u00df \u2013 Fantasy\"},{\"@type\":\"BreadcrumbList\",\"@id\":\"https:\\\/\\\/syllunanew.sitework.link\\\/de\\\/produkt\\\/wasserdrachen-waechter-rechteckige-schultertasche-gross\\\/#breadcrumb\",\"itemListElement\":[{\"@type\":\"ListItem\",\"position\":1,\"name\":\"Home\",\"item\":\"https:\\\/\\\/syllunanew.sitework.link\\\/de\\\/\"},{\"@type\":\"ListItem\",\"position\":2,\"name\":\"Shop\",\"item\":\"https:\\\/\\\/syllunanew.sitework.link\\\/de\\\/shop\\\/\"},{\"@type\":\"ListItem\",\"position\":3,\"name\":\"Wasserdrachen-W\u00e4chter \u2013 Rechteckige Schultertasche Gro\u00df\"}]},{\"@type\":\"WebSite\",\"@id\":\"https:\\\/\\\/syllunanew.sitework.link\\\/de\\\/#website\",\"url\":\"https:\\\/\\\/syllunanew.sitework.link\\\/de\\\/\",\"name\":\"Sylluna | Magische Producten van Eigen Ontwerp\",\"description\":\"Uniek. Magisch. Met betekenis.\",\"publisher\":{\"@id\":\"https:\\\/\\\/syllunanew.sitework.link\\\/de\\\/#organization\"},\"alternateName\":\"Sylluna\",\"potentialAction\":[{\"@type\":\"SearchAction\",\"target\":{\"@type\":\"EntryPoint\",\"urlTemplate\":\"https:\\\/\\\/syllunanew.sitework.link\\\/de\\\/?s={search_term_string}\"},\"query-input\":{\"@type\":\"PropertyValueSpecification\",\"valueRequired\":true,\"valueName\":\"search_term_string\"}}],\"inLanguage\":\"nl-NL\"},{\"@type\":\"Organization\",\"@id\":\"https:\\\/\\\/syllunanew.sitework.link\\\/de\\\/#organization\",\"name\":\"Sylluna | Magische Producten van Eigen Ontwerp\",\"url\":\"https:\\\/\\\/syllunanew.sitework.link\\\/de\\\/\",\"logo\":{\"@type\":\"ImageObject\",\"inLanguage\":\"nl-NL\",\"@id\":\"https:\\\/\\\/syllunanew.sitework.link\\\/de\\\/#\\\/schema\\\/logo\\\/image\\\/\",\"url\":\"https:\\\/\\\/sylluna.com\\\/wp-content\\\/uploads\\\/2025\\\/11\\\/Sylluna_dark-scaled.png\",\"contentUrl\":\"https:\\\/\\\/sylluna.com\\\/wp-content\\\/uploads\\\/2025\\\/11\\\/Sylluna_dark-scaled.png\",\"width\":2500,\"height\":1221,\"caption\":\"Sylluna | Magische Producten van Eigen Ontwerp\"},\"image\":{\"@id\":\"https:\\\/\\\/syllunanew.sitework.link\\\/de\\\/#\\\/schema\\\/logo\\\/image\\\/\"}}]}<\/script>\n<!-- \/ Yoast SEO plugin. -->","yoast_head_json":{"title":"Wasserdrachen-W\u00e4chter \u2013 Rechteckige Schultertasche Gro\u00df | Sylluna","description":"Wasserdrachen-W\u00e4chter \u2013 Rechteckige Schultertasche Gro\u00df biedt alle informatie en specificaties overzichtelijk. Bestel direct online en profiteer van snelle verzending","robots":{"index":"index","follow":"follow","max-snippet":"max-snippet:-1","max-image-preview":"max-image-preview:large","max-video-preview":"max-video-preview:-1"},"canonical":"https:\/\/syllunanew.sitework.link\/de\/produkt\/wasserdrachen-waechter-rechteckige-schultertasche-gross\/","og_locale":"nl_NL","og_type":"article","og_title":"Wasserdrachen-W\u00e4chter \u2013 Rechteckige Schultertasche Gro\u00df | Sylluna","og_description":"Wasserdrachen-W\u00e4chter \u2013 Rechteckige Schultertasche Gro\u00df biedt alle informatie en specificaties overzichtelijk. Bestel direct online en profiteer van snelle verzending","og_url":"https:\/\/syllunanew.sitework.link\/de\/produkt\/wasserdrachen-waechter-rechteckige-schultertasche-gross\/","og_site_name":"Sylluna","article_modified_time":"2025-12-16T13:41:40+00:00","og_image":[{"width":1000,"height":1000,"url":"https:\/\/syllunanew.sitework.link\/wp-content\/uploads\/2025\/12\/Water-Dragon-Guardians-Water-Draken-Dragon-Love-Schoudertas-Rechthoek-Groot-Fantasy.jpg","type":"image\/jpeg"}],"twitter_card":"summary_large_image","twitter_misc":{"Geschatte leestijd":"2 minuten"},"schema":{"@context":"https:\/\/schema.org","@graph":[{"@type":"WebPage","@id":"https:\/\/syllunanew.sitework.link\/de\/produkt\/wasserdrachen-waechter-rechteckige-schultertasche-gross\/","url":"https:\/\/syllunanew.sitework.link\/de\/produkt\/wasserdrachen-waechter-rechteckige-schultertasche-gross\/","name":"Wasserdrachen-W\u00e4chter \u2013 Rechteckige Schultertasche Gro\u00df | Sylluna","isPartOf":{"@id":"https:\/\/syllunanew.sitework.link\/de\/#website"},"primaryImageOfPage":{"@id":"https:\/\/syllunanew.sitework.link\/de\/produkt\/wasserdrachen-waechter-rechteckige-schultertasche-gross\/#primaryimage"},"image":{"@id":"https:\/\/syllunanew.sitework.link\/de\/produkt\/wasserdrachen-waechter-rechteckige-schultertasche-gross\/#primaryimage"},"thumbnailUrl":"https:\/\/syllunanew.sitework.link\/wp-content\/uploads\/2025\/12\/Water-Dragon-Guardians-Water-Draken-Dragon-Love-Schoudertas-Rechthoek-Groot-Fantasy.jpg","datePublished":"2025-12-04T20:30:49+00:00","dateModified":"2025-12-16T13:41:40+00:00","description":"Wasserdrachen-W\u00e4chter \u2013 Rechteckige Schultertasche Gro\u00df biedt alle informatie en specificaties overzichtelijk. Bestel direct online en profiteer van snelle verzending","breadcrumb":{"@id":"https:\/\/syllunanew.sitework.link\/de\/produkt\/wasserdrachen-waechter-rechteckige-schultertasche-gross\/#breadcrumb"},"inLanguage":"nl-NL","potentialAction":[{"@type":"ReadAction","target":["https:\/\/syllunanew.sitework.link\/de\/produkt\/wasserdrachen-waechter-rechteckige-schultertasche-gross\/"]}]},{"@type":"ImageObject","inLanguage":"nl-NL","@id":"https:\/\/syllunanew.sitework.link\/de\/produkt\/wasserdrachen-waechter-rechteckige-schultertasche-gross\/#primaryimage","url":"https:\/\/syllunanew.sitework.link\/wp-content\/uploads\/2025\/12\/Water-Dragon-Guardians-Water-Draken-Dragon-Love-Schoudertas-Rechthoek-Groot-Fantasy.jpg","contentUrl":"https:\/\/syllunanew.sitework.link\/wp-content\/uploads\/2025\/12\/Water-Dragon-Guardians-Water-Draken-Dragon-Love-Schoudertas-Rechthoek-Groot-Fantasy.jpg","width":1000,"height":1000,"caption":"Wasserdrachen-W\u00e4chter \u2013 Wasserdrachen \u2013 Drachenliebe \u2013 Rechteckige Schultertasche Gro\u00df \u2013 Fantasy"},{"@type":"BreadcrumbList","@id":"https:\/\/syllunanew.sitework.link\/de\/produkt\/wasserdrachen-waechter-rechteckige-schultertasche-gross\/#breadcrumb","itemListElement":[{"@type":"ListItem","position":1,"name":"Home","item":"https:\/\/syllunanew.sitework.link\/de\/"},{"@type":"ListItem","position":2,"name":"Shop","item":"https:\/\/syllunanew.sitework.link\/de\/shop\/"},{"@type":"ListItem","position":3,"name":"Wasserdrachen-W\u00e4chter \u2013 Rechteckige Schultertasche Gro\u00df"}]},{"@type":"WebSite","@id":"https:\/\/syllunanew.sitework.link\/de\/#website","url":"https:\/\/syllunanew.sitework.link\/de\/","name":"Sylluna | Magische Producten van Eigen Ontwerp","description":"Uniek. Magisch. Met betekenis.","publisher":{"@id":"https:\/\/syllunanew.sitework.link\/de\/#organization"},"alternateName":"Sylluna","potentialAction":[{"@type":"SearchAction","target":{"@type":"EntryPoint","urlTemplate":"https:\/\/syllunanew.sitework.link\/de\/?s={search_term_string}"},"query-input":{"@type":"PropertyValueSpecification","valueRequired":true,"valueName":"search_term_string"}}],"inLanguage":"nl-NL"},{"@type":"Organization","@id":"https:\/\/syllunanew.sitework.link\/de\/#organization","name":"Sylluna | Magische Producten van Eigen Ontwerp","url":"https:\/\/syllunanew.sitework.link\/de\/","logo":{"@type":"ImageObject","inLanguage":"nl-NL","@id":"https:\/\/syllunanew.sitework.link\/de\/#\/schema\/logo\/image\/","url":"https:\/\/sylluna.com\/wp-content\/uploads\/2025\/11\/Sylluna_dark-scaled.png","contentUrl":"https:\/\/sylluna.com\/wp-content\/uploads\/2025\/11\/Sylluna_dark-scaled.png","width":2500,"height":1221,"caption":"Sylluna | Magische Producten van Eigen Ontwerp"},"image":{"@id":"https:\/\/syllunanew.sitework.link\/de\/#\/schema\/logo\/image\/"}}]}},"_links":{"self":[{"href":"https:\/\/syllunanew.sitework.link\/de\/wp-json\/wp\/v2\/product\/43420","targetHints":{"allow":["GET"]}}],"collection":[{"href":"https:\/\/syllunanew.sitework.link\/de\/wp-json\/wp\/v2\/product"}],"about":[{"href":"https:\/\/syllunanew.sitework.link\/de\/wp-json\/wp\/v2\/types\/product"}],"replies":[{"embeddable":true,"href":"https:\/\/syllunanew.sitework.link\/de\/wp-json\/wp\/v2\/comments?post=43420"}],"wp:featuredmedia":[{"embeddable":true,"href":"https:\/\/syllunanew.sitework.link\/de\/wp-json\/wp\/v2\/media\/43424"}],"wp:attachment":[{"href":"https:\/\/syllunanew.sitework.link\/de\/wp-json\/wp\/v2\/media?parent=43420"}],"wp:term":[{"taxonomy":"thema","embeddable":true,"href":"https:\/\/syllunanew.sitework.link\/de\/wp-json\/wp\/v2\/thema?post=43420"},{"taxonomy":"product_brand","embeddable":true,"href":"https:\/\/syllunanew.sitework.link\/de\/wp-json\/wp\/v2\/product_brand?post=43420"},{"taxonomy":"product_cat","embeddable":true,"href":"https:\/\/syllunanew.sitework.link\/de\/wp-json\/wp\/v2\/product_cat?post=43420"},{"taxonomy":"product_tag","embeddable":true,"href":"https:\/\/syllunanew.sitework.link\/de\/wp-json\/wp\/v2\/product_tag?post=43420"}],"curies":[{"name":"wp","href":"https:\/\/api.w.org\/{rel}","templated":true}]}}