{"id":10205,"date":"2025-12-02T14:21:21","date_gmt":"2025-12-02T13:21:21","guid":{"rendered":"https:\/\/sylluna.com\/product\/rauhnaechte-traumfaenger-halskette\/"},"modified":"2025-12-02T14:21:21","modified_gmt":"2025-12-02T13:21:21","slug":"rauhnaechte-traumfaenger-halskette","status":"publish","type":"product","link":"https:\/\/syllunanew.sitework.link\/de\/produkt\/rauhnaechte-traumfaenger-halskette\/","title":{"rendered":"Rauhn\u00e4chte Traumf\u00e4nger-Halskette"},"content":{"rendered":"<p>The jewelry collection by Sylluna features pieces of original design that are assembled by hand. The handmade elements, such as textured glass stones, give the jewelry a unique character. <\/p>\n","protected":false},"excerpt":{"rendered":"<p>Die Rauhn\u00e4chte, auch \u201eRaue N\u00e4chte\u201c genannt, sind eine besondere Zeit im Dezember. Fr\u00fcher wurden die Monate nach dem Mondzyklus berechnet, der k\u00fcrzer ist als der Sonnenzyklus. Um ein vollst\u00e4ndiges Sonnenjahr zu erreichen, blieben etwa 12 zus\u00e4tzliche Tage \u00fcbrig, die \u201eZeit au\u00dferhalb der Zeit\u201c. Eine Periode f\u00fcr Introspektion und Schattenarbeit, ideal, um sich selbst besser kennenzulernen und spirituell zu wachsen. Diese Halskette ist von den Rauhn\u00e4chten inspiriert und spiegelt die Symbolik dieser magischen Zeit wider.       <\/p>\n<h4><strong>HANDGEFERTIGTES PRODUKT:<\/strong> Einzigartiges St\u00fcck mit handgefertigten Elementen. Sie erhalten den Schmuck, der auf den Fotos abgebildet ist. Solange der Vorrat reicht. (Diese Halskette ist 2x verf\u00fcgbar und wird zuf\u00e4llig versendet.)   <\/h4>\n<h4><b><img decoding=\"async\" class=\"alignnone wp-image-2867\" src=\"https:\/\/sylluna.com\/wp-content\/uploads\/2025\/08\/Shipping-General-Webshop-SBDC-300x233.png\" alt=\"\" width=\"100\" height=\"78\" srcset=\"https:\/\/syllunanew.sitework.link\/wp-content\/uploads\/2025\/08\/Shipping-General-Webshop-SBDC-300x233.png 300w, https:\/\/syllunanew.sitework.link\/wp-content\/uploads\/2025\/08\/Shipping-General-Webshop-SBDC.png 757w\" sizes=\"(max-width: 100px) 100vw, 100px\" \/><\/b><b>VERSAND: 2\u20135 Werktage.<\/b><\/h4>\n<p>&nbsp;<\/p>\n<h4><strong>SPEZIFIKATIONEN &amp; MATERIAL:<\/strong><\/h4>\n<ul>\n<li>Marke: Sylluna\u00ae<\/li>\n<li>Material: Edelstahl<\/li>\n<li>Verschluss der Kette: Karabinerverschluss<\/li>\n<li>Kettenl\u00e4nge: 40\u201345 cm<\/li>\n<li>Glasstein: Handgefertigte Marmor-Glassteine<\/li>\n<li>Perle: Edelstein (Amethyst und Rauchquarz)<\/li>\n<li>Handgefertigtes Produkt<\/li>\n<li>Inklusive Geschenkverpackung (Handwerk-Schmuckk\u00e4stchen mit Deckel)<\/li>\n<\/ul>\n","protected":false},"featured_media":9980,"comment_status":"open","ping_status":"closed","template":"","meta":{"_acf_changed":false,"_glsr_average":0,"_glsr_ranking":0,"_glsr_reviews":0},"thema":[596,433,614],"product_brand":[156],"product_cat":[586,348],"product_tag":[],"class_list":{"0":"post-10205","1":"product","2":"type-product","3":"status-publish","4":"has-post-thumbnail","6":"thema-rauhnachte","7":"thema-traumfanger-symbole-themen","8":"thema-yule-de","9":"product_brand-sylluna","10":"product_cat-halsketten","11":"product_cat-schmuck-produkttyp","12":"product_shipping_class-mailbox-package","14":"first","15":"instock","16":"shipping-taxable","17":"purchasable","18":"product-type-simple"},"acf":[],"yoast_head":"<!-- This site is optimized with the Yoast SEO plugin v27.4 - https:\/\/yoast.com\/product\/yoast-seo-wordpress\/ -->\n<title>Rauhn\u00e4chte Traumf\u00e4nger-Halskette | Sylluna<\/title>\n<meta name=\"description\" content=\"Rauhn\u00e4chte Traumf\u00e4nger-Halskette biedt alle informatie en specificaties overzichtelijk. Bestel direct online en profiteer van snelle verzending\" \/>\n<meta name=\"robots\" content=\"index, follow, max-snippet:-1, max-image-preview:large, max-video-preview:-1\" \/>\n<link rel=\"canonical\" href=\"https:\/\/syllunanew.sitework.link\/de\/produkt\/rauhnaechte-traumfaenger-halskette\/\" \/>\n<meta property=\"og:locale\" content=\"nl_NL\" \/>\n<meta property=\"og:type\" content=\"article\" \/>\n<meta property=\"og:title\" content=\"Rauhn\u00e4chte Traumf\u00e4nger-Halskette | Sylluna\" \/>\n<meta property=\"og:description\" content=\"Rauhn\u00e4chte Traumf\u00e4nger-Halskette biedt alle informatie en specificaties overzichtelijk. Bestel direct online en profiteer van snelle verzending\" \/>\n<meta property=\"og:url\" content=\"https:\/\/syllunanew.sitework.link\/de\/produkt\/rauhnaechte-traumfaenger-halskette\/\" \/>\n<meta property=\"og:site_name\" content=\"Sylluna\" \/>\n<meta property=\"og:image\" content=\"https:\/\/syllunanew.sitework.link\/wp-content\/uploads\/2025\/12\/Rauhnachten-Sieraden-Dromenvanger-Sylluna-1.jpg\" \/>\n\t<meta property=\"og:image:width\" content=\"1000\" \/>\n\t<meta property=\"og:image:height\" content=\"1000\" \/>\n\t<meta property=\"og:image:type\" content=\"image\/jpeg\" \/>\n<meta name=\"twitter:card\" content=\"summary_large_image\" \/>\n<script type=\"application\/ld+json\" class=\"yoast-schema-graph\">{\"@context\":\"https:\\\/\\\/schema.org\",\"@graph\":[{\"@type\":\"WebPage\",\"@id\":\"https:\\\/\\\/syllunanew.sitework.link\\\/de\\\/produkt\\\/rauhnaechte-traumfaenger-halskette\\\/\",\"url\":\"https:\\\/\\\/syllunanew.sitework.link\\\/de\\\/produkt\\\/rauhnaechte-traumfaenger-halskette\\\/\",\"name\":\"Rauhn\u00e4chte Traumf\u00e4nger-Halskette | Sylluna\",\"isPartOf\":{\"@id\":\"https:\\\/\\\/syllunanew.sitework.link\\\/de\\\/#website\"},\"primaryImageOfPage\":{\"@id\":\"https:\\\/\\\/syllunanew.sitework.link\\\/de\\\/produkt\\\/rauhnaechte-traumfaenger-halskette\\\/#primaryimage\"},\"image\":{\"@id\":\"https:\\\/\\\/syllunanew.sitework.link\\\/de\\\/produkt\\\/rauhnaechte-traumfaenger-halskette\\\/#primaryimage\"},\"thumbnailUrl\":\"https:\\\/\\\/syllunanew.sitework.link\\\/wp-content\\\/uploads\\\/2025\\\/12\\\/Rauhnachten-Sieraden-Dromenvanger-Sylluna-1.jpg\",\"datePublished\":\"2025-12-02T13:21:21+00:00\",\"description\":\"Rauhn\u00e4chte Traumf\u00e4nger-Halskette biedt alle informatie en specificaties overzichtelijk. Bestel direct online en profiteer van snelle verzending\",\"breadcrumb\":{\"@id\":\"https:\\\/\\\/syllunanew.sitework.link\\\/de\\\/produkt\\\/rauhnaechte-traumfaenger-halskette\\\/#breadcrumb\"},\"inLanguage\":\"nl-NL\",\"potentialAction\":[{\"@type\":\"ReadAction\",\"target\":[\"https:\\\/\\\/syllunanew.sitework.link\\\/de\\\/produkt\\\/rauhnaechte-traumfaenger-halskette\\\/\"]}]},{\"@type\":\"ImageObject\",\"inLanguage\":\"nl-NL\",\"@id\":\"https:\\\/\\\/syllunanew.sitework.link\\\/de\\\/produkt\\\/rauhnaechte-traumfaenger-halskette\\\/#primaryimage\",\"url\":\"https:\\\/\\\/syllunanew.sitework.link\\\/wp-content\\\/uploads\\\/2025\\\/12\\\/Rauhnachten-Sieraden-Dromenvanger-Sylluna-1.jpg\",\"contentUrl\":\"https:\\\/\\\/syllunanew.sitework.link\\\/wp-content\\\/uploads\\\/2025\\\/12\\\/Rauhnachten-Sieraden-Dromenvanger-Sylluna-1.jpg\",\"width\":1000,\"height\":1000,\"caption\":\"Rauhn\u00e4chte Schmuck \u2013 Traumf\u00e4nger \u2013 Sylluna 1\"},{\"@type\":\"BreadcrumbList\",\"@id\":\"https:\\\/\\\/syllunanew.sitework.link\\\/de\\\/produkt\\\/rauhnaechte-traumfaenger-halskette\\\/#breadcrumb\",\"itemListElement\":[{\"@type\":\"ListItem\",\"position\":1,\"name\":\"Home\",\"item\":\"https:\\\/\\\/syllunanew.sitework.link\\\/de\\\/\"},{\"@type\":\"ListItem\",\"position\":2,\"name\":\"Shop\",\"item\":\"https:\\\/\\\/syllunanew.sitework.link\\\/de\\\/shop\\\/\"},{\"@type\":\"ListItem\",\"position\":3,\"name\":\"Rauhn\u00e4chte Traumf\u00e4nger-Halskette\"}]},{\"@type\":\"WebSite\",\"@id\":\"https:\\\/\\\/syllunanew.sitework.link\\\/de\\\/#website\",\"url\":\"https:\\\/\\\/syllunanew.sitework.link\\\/de\\\/\",\"name\":\"Sylluna | Magische Producten van Eigen Ontwerp\",\"description\":\"Uniek. Magisch. Met betekenis.\",\"publisher\":{\"@id\":\"https:\\\/\\\/syllunanew.sitework.link\\\/de\\\/#organization\"},\"alternateName\":\"Sylluna\",\"potentialAction\":[{\"@type\":\"SearchAction\",\"target\":{\"@type\":\"EntryPoint\",\"urlTemplate\":\"https:\\\/\\\/syllunanew.sitework.link\\\/de\\\/?s={search_term_string}\"},\"query-input\":{\"@type\":\"PropertyValueSpecification\",\"valueRequired\":true,\"valueName\":\"search_term_string\"}}],\"inLanguage\":\"nl-NL\"},{\"@type\":\"Organization\",\"@id\":\"https:\\\/\\\/syllunanew.sitework.link\\\/de\\\/#organization\",\"name\":\"Sylluna | Magische Producten van Eigen Ontwerp\",\"url\":\"https:\\\/\\\/syllunanew.sitework.link\\\/de\\\/\",\"logo\":{\"@type\":\"ImageObject\",\"inLanguage\":\"nl-NL\",\"@id\":\"https:\\\/\\\/syllunanew.sitework.link\\\/de\\\/#\\\/schema\\\/logo\\\/image\\\/\",\"url\":\"https:\\\/\\\/sylluna.com\\\/wp-content\\\/uploads\\\/2025\\\/11\\\/Sylluna_dark-scaled.png\",\"contentUrl\":\"https:\\\/\\\/sylluna.com\\\/wp-content\\\/uploads\\\/2025\\\/11\\\/Sylluna_dark-scaled.png\",\"width\":2500,\"height\":1221,\"caption\":\"Sylluna | Magische Producten van Eigen Ontwerp\"},\"image\":{\"@id\":\"https:\\\/\\\/syllunanew.sitework.link\\\/de\\\/#\\\/schema\\\/logo\\\/image\\\/\"}}]}<\/script>\n<!-- \/ Yoast SEO plugin. -->","yoast_head_json":{"title":"Rauhn\u00e4chte Traumf\u00e4nger-Halskette | Sylluna","description":"Rauhn\u00e4chte Traumf\u00e4nger-Halskette biedt alle informatie en specificaties overzichtelijk. Bestel direct online en profiteer van snelle verzending","robots":{"index":"index","follow":"follow","max-snippet":"max-snippet:-1","max-image-preview":"max-image-preview:large","max-video-preview":"max-video-preview:-1"},"canonical":"https:\/\/syllunanew.sitework.link\/de\/produkt\/rauhnaechte-traumfaenger-halskette\/","og_locale":"nl_NL","og_type":"article","og_title":"Rauhn\u00e4chte Traumf\u00e4nger-Halskette | Sylluna","og_description":"Rauhn\u00e4chte Traumf\u00e4nger-Halskette biedt alle informatie en specificaties overzichtelijk. Bestel direct online en profiteer van snelle verzending","og_url":"https:\/\/syllunanew.sitework.link\/de\/produkt\/rauhnaechte-traumfaenger-halskette\/","og_site_name":"Sylluna","og_image":[{"width":1000,"height":1000,"url":"https:\/\/syllunanew.sitework.link\/wp-content\/uploads\/2025\/12\/Rauhnachten-Sieraden-Dromenvanger-Sylluna-1.jpg","type":"image\/jpeg"}],"twitter_card":"summary_large_image","schema":{"@context":"https:\/\/schema.org","@graph":[{"@type":"WebPage","@id":"https:\/\/syllunanew.sitework.link\/de\/produkt\/rauhnaechte-traumfaenger-halskette\/","url":"https:\/\/syllunanew.sitework.link\/de\/produkt\/rauhnaechte-traumfaenger-halskette\/","name":"Rauhn\u00e4chte Traumf\u00e4nger-Halskette | Sylluna","isPartOf":{"@id":"https:\/\/syllunanew.sitework.link\/de\/#website"},"primaryImageOfPage":{"@id":"https:\/\/syllunanew.sitework.link\/de\/produkt\/rauhnaechte-traumfaenger-halskette\/#primaryimage"},"image":{"@id":"https:\/\/syllunanew.sitework.link\/de\/produkt\/rauhnaechte-traumfaenger-halskette\/#primaryimage"},"thumbnailUrl":"https:\/\/syllunanew.sitework.link\/wp-content\/uploads\/2025\/12\/Rauhnachten-Sieraden-Dromenvanger-Sylluna-1.jpg","datePublished":"2025-12-02T13:21:21+00:00","description":"Rauhn\u00e4chte Traumf\u00e4nger-Halskette biedt alle informatie en specificaties overzichtelijk. Bestel direct online en profiteer van snelle verzending","breadcrumb":{"@id":"https:\/\/syllunanew.sitework.link\/de\/produkt\/rauhnaechte-traumfaenger-halskette\/#breadcrumb"},"inLanguage":"nl-NL","potentialAction":[{"@type":"ReadAction","target":["https:\/\/syllunanew.sitework.link\/de\/produkt\/rauhnaechte-traumfaenger-halskette\/"]}]},{"@type":"ImageObject","inLanguage":"nl-NL","@id":"https:\/\/syllunanew.sitework.link\/de\/produkt\/rauhnaechte-traumfaenger-halskette\/#primaryimage","url":"https:\/\/syllunanew.sitework.link\/wp-content\/uploads\/2025\/12\/Rauhnachten-Sieraden-Dromenvanger-Sylluna-1.jpg","contentUrl":"https:\/\/syllunanew.sitework.link\/wp-content\/uploads\/2025\/12\/Rauhnachten-Sieraden-Dromenvanger-Sylluna-1.jpg","width":1000,"height":1000,"caption":"Rauhn\u00e4chte Schmuck \u2013 Traumf\u00e4nger \u2013 Sylluna 1"},{"@type":"BreadcrumbList","@id":"https:\/\/syllunanew.sitework.link\/de\/produkt\/rauhnaechte-traumfaenger-halskette\/#breadcrumb","itemListElement":[{"@type":"ListItem","position":1,"name":"Home","item":"https:\/\/syllunanew.sitework.link\/de\/"},{"@type":"ListItem","position":2,"name":"Shop","item":"https:\/\/syllunanew.sitework.link\/de\/shop\/"},{"@type":"ListItem","position":3,"name":"Rauhn\u00e4chte Traumf\u00e4nger-Halskette"}]},{"@type":"WebSite","@id":"https:\/\/syllunanew.sitework.link\/de\/#website","url":"https:\/\/syllunanew.sitework.link\/de\/","name":"Sylluna | Magische Producten van Eigen Ontwerp","description":"Uniek. Magisch. Met betekenis.","publisher":{"@id":"https:\/\/syllunanew.sitework.link\/de\/#organization"},"alternateName":"Sylluna","potentialAction":[{"@type":"SearchAction","target":{"@type":"EntryPoint","urlTemplate":"https:\/\/syllunanew.sitework.link\/de\/?s={search_term_string}"},"query-input":{"@type":"PropertyValueSpecification","valueRequired":true,"valueName":"search_term_string"}}],"inLanguage":"nl-NL"},{"@type":"Organization","@id":"https:\/\/syllunanew.sitework.link\/de\/#organization","name":"Sylluna | Magische Producten van Eigen Ontwerp","url":"https:\/\/syllunanew.sitework.link\/de\/","logo":{"@type":"ImageObject","inLanguage":"nl-NL","@id":"https:\/\/syllunanew.sitework.link\/de\/#\/schema\/logo\/image\/","url":"https:\/\/sylluna.com\/wp-content\/uploads\/2025\/11\/Sylluna_dark-scaled.png","contentUrl":"https:\/\/sylluna.com\/wp-content\/uploads\/2025\/11\/Sylluna_dark-scaled.png","width":2500,"height":1221,"caption":"Sylluna | Magische Producten van Eigen Ontwerp"},"image":{"@id":"https:\/\/syllunanew.sitework.link\/de\/#\/schema\/logo\/image\/"}}]}},"_links":{"self":[{"href":"https:\/\/syllunanew.sitework.link\/de\/wp-json\/wp\/v2\/product\/10205","targetHints":{"allow":["GET"]}}],"collection":[{"href":"https:\/\/syllunanew.sitework.link\/de\/wp-json\/wp\/v2\/product"}],"about":[{"href":"https:\/\/syllunanew.sitework.link\/de\/wp-json\/wp\/v2\/types\/product"}],"replies":[{"embeddable":true,"href":"https:\/\/syllunanew.sitework.link\/de\/wp-json\/wp\/v2\/comments?post=10205"}],"wp:featuredmedia":[{"embeddable":true,"href":"https:\/\/syllunanew.sitework.link\/de\/wp-json\/wp\/v2\/media\/9980"}],"wp:attachment":[{"href":"https:\/\/syllunanew.sitework.link\/de\/wp-json\/wp\/v2\/media?parent=10205"}],"wp:term":[{"taxonomy":"thema","embeddable":true,"href":"https:\/\/syllunanew.sitework.link\/de\/wp-json\/wp\/v2\/thema?post=10205"},{"taxonomy":"product_brand","embeddable":true,"href":"https:\/\/syllunanew.sitework.link\/de\/wp-json\/wp\/v2\/product_brand?post=10205"},{"taxonomy":"product_cat","embeddable":true,"href":"https:\/\/syllunanew.sitework.link\/de\/wp-json\/wp\/v2\/product_cat?post=10205"},{"taxonomy":"product_tag","embeddable":true,"href":"https:\/\/syllunanew.sitework.link\/de\/wp-json\/wp\/v2\/product_tag?post=10205"}],"curies":[{"name":"wp","href":"https:\/\/api.w.org\/{rel}","templated":true}]}}