{"id":10142,"date":"2025-12-02T19:36:23","date_gmt":"2025-12-02T18:36:23","guid":{"rendered":"https:\/\/sylluna.com\/?post_type=product&#038;p=10142"},"modified":"2026-02-20T10:19:17","modified_gmt":"2026-02-20T09:19:17","slug":"elemente-affirmationskarten-englisch-oder-niederlaendisch","status":"publish","type":"product","link":"https:\/\/syllunanew.sitework.link\/de\/produkt\/elemente-affirmationskarten-englisch-oder-niederlaendisch\/","title":{"rendered":"Element-Affirmationskarten \u2013 Englisch oder Niederl\u00e4ndisch"},"content":{"rendered":"<h4><strong>deen f\u00fcr die Verwendung dieser Karten:<\/strong><\/h4>\n<ul>\n<li>Lies die Affirmationen laut vor \u2013 Worte haben Kraft.<\/li>\n<li>Verwende sie als Fokuspunkt w\u00e4hrend der Meditation.<\/li>\n<li>Steckst du in einer bestimmten Situation fest oder hast ein spezielles Problem? Ziehe blind eine Element-Affirmationskarte und schaue, inwieweit du die Situation aus der Energie dieses Elements heraus angehen kannst. <\/li>\n<li>Verwende sie auf einem Altar oder in einem heiligen Raum als Darstellung der Elemente.<\/li>\n<\/ul>\n<h3>\u00dcber das Design | \u263d Elementmagie \u263e<\/h3>\n<p>Jedes Element wird durch sein passendes Symbol\/Zei\u00adchen dargestellt und mit verschiedenen illustrativen Symbolen verziert. Jede Karte ist so gestaltet, dass sie zur Energie dieses Elements passt. <\/p>\n<p>Die Illustrationen wurden zun\u00e4chst auf Papier skizziert und anschlie\u00dfend digital ausgearbeitet. Dabei wurden analoge Materialien und Texturen verwendet, wie z.\u202fB. Farbtexturen und selbst hergestelltes Marmorpapier. <\/p>\n<p><em>Die tats\u00e4chlichen Farben k\u00f6nnen aufgrund unterschiedlicher Bildschirm- und Druckereinstellungen leicht abweichen.<\/em><\/p>\n<p data-start=\"207\" data-end=\"211\">Sylluna\u00ae<\/p>\n","protected":false},"excerpt":{"rendered":"<p>Dieses Kartenset hilft dir, dich mit der Energie der Elemente Erde, Luft, Feuer, Wasser und Geist zu verbinden. Jedes Element besitzt seine eigene Energie, mit der du dich verbinden kannst, um deine pers\u00f6nliche Kraft zu st\u00e4rken und Balance sowie Harmonie zu schaffen. Jede Karte enth\u00e4lt Informationen \u00fcber das jeweilige Element und eine sch\u00f6ne Affirmation. Stelle sie auf deinen Altar (oder in deine Inspirations-Ecke) zur Darstellung der Elemente oder w\u00e4hle die Karte, die gerade am besten zu dir passt.   <\/p>\n<p>Dies ist ein eigenes Designprodukt: Text, Illustrationen und Gestaltung von Sylluna.<\/p>\n<h4><img decoding=\"async\" class=\"alignnone wp-image-2867\" src=\"https:\/\/sylluna.com\/wp-content\/uploads\/2025\/08\/Shipping-General-Webshop-SBDC-300x233.png\" alt=\"\" width=\"100\" height=\"78\" srcset=\"https:\/\/syllunanew.sitework.link\/wp-content\/uploads\/2025\/08\/Shipping-General-Webshop-SBDC-300x233.png 300w, https:\/\/syllunanew.sitework.link\/wp-content\/uploads\/2025\/08\/Shipping-General-Webshop-SBDC.png 757w\" sizes=\"(max-width: 100px) 100vw, 100px\" \/><b>VERSAND<\/b>: 2\u20135 Werktage.<\/h4>\n<p>&nbsp;<\/p>\n<h4><strong>SPEZIFIKATIONEN &amp; MATERIAL:<\/strong><\/h4>\n<ul>\n<li>Marke: Sylluna\u00ae<\/li>\n<li>Kartenset mit 6 Affirmationskarten: 5 Element-Affirmationen und 1 \u00fcbergreifende Affirmation f\u00fcr Elementmagie.<\/li>\n<li>Vorderseite mit einer Illustration und Schl\u00fcsselw\u00f6rtern, R\u00fcckseite mit der Affirmation und Informationen.<\/li>\n<li>Sprache: Wahlweise Englisch oder Niederl\u00e4ndisch.<\/li>\n<li>Die Karten sind auf hochwertigem Karton mit 350 Gramm gedruckt.<\/li>\n<li>Die Karten sind beschichtet und haben abgerundete Ecken.<\/li>\n<li>Kartengr\u00f6\u00dfe: zwischen A6 und A7.<\/li>\n<li>Wird in einem passenden Aufbewahrungss\u00e4ckchen geliefert, sodass die Karten zusammen organisiert bleiben.<\/li>\n<li><em>Ohne sonstige auf den Fotos gezeigten Gegenst\u00e4nde.<\/em><\/li>\n<\/ul>\n","protected":false},"featured_media":10225,"comment_status":"open","ping_status":"closed","template":"","meta":{"_acf_changed":false,"_glsr_average":0,"_glsr_ranking":0,"_glsr_reviews":0},"thema":[589,244,246,251,248,250,349,254],"product_brand":[156],"product_cat":[569,330,624],"product_tag":[],"class_list":{"0":"post-10142","1":"product","2":"type-product","3":"status-publish","4":"has-post-thumbnail","6":"thema-affirmationskarten","7":"thema-elemente-themen","8":"thema-erde-elemente-themen","9":"thema-feuer-elemente-themen","10":"thema-geist-ather-elemente-themen","11":"thema-luft-elemente-themen","12":"thema-spiritualitat-produkttyp","13":"thema-wasser-elemente-themen","14":"product_brand-sylluna","15":"product_cat-altar-karten","16":"product_cat-bucher-und-mehr","17":"product_cat-kartensets","18":"product_shipping_class-mailbox-package","20":"first","21":"instock","22":"shipping-taxable","23":"purchasable","24":"product-type-variable"},"acf":[],"yoast_head":"<!-- This site is optimized with the Yoast SEO plugin v27.4 - https:\/\/yoast.com\/product\/yoast-seo-wordpress\/ -->\n<title>Elemente Affirmationskarten | Englisch oder Niederl\u00e4ndisch \u2013 Sylluna\u00ae<\/title>\n<meta name=\"description\" content=\"Verbinde dich mit Erde, Luft, Feuer, Wasser und Geist mit diesen 6 Affirmationskarten. Beidseitig bedruckt mit Illustrationen und Erkl\u00e4rungen. Erh\u00e4ltlich auf Niederl\u00e4ndisch oder Englisch.\" \/>\n<meta name=\"robots\" content=\"index, follow, max-snippet:-1, max-image-preview:large, max-video-preview:-1\" \/>\n<link rel=\"canonical\" href=\"https:\/\/syllunanew.sitework.link\/de\/produkt\/elemente-affirmationskarten-englisch-oder-niederlaendisch\/\" \/>\n<meta property=\"og:locale\" content=\"nl_NL\" \/>\n<meta property=\"og:type\" content=\"article\" \/>\n<meta property=\"og:title\" content=\"Elemente Affirmationskarten | Englisch oder Niederl\u00e4ndisch \u2013 Sylluna\u00ae\" \/>\n<meta property=\"og:description\" content=\"Verbinde dich mit Erde, Luft, Feuer, Wasser und Geist mit diesen 6 Affirmationskarten. Beidseitig bedruckt mit Illustrationen und Erkl\u00e4rungen. Erh\u00e4ltlich auf Niederl\u00e4ndisch oder Englisch.\" \/>\n<meta property=\"og:url\" content=\"https:\/\/syllunanew.sitework.link\/de\/produkt\/elemente-affirmationskarten-englisch-oder-niederlaendisch\/\" \/>\n<meta property=\"og:site_name\" content=\"Sylluna\" \/>\n<meta property=\"article:modified_time\" content=\"2026-02-20T09:19:17+00:00\" \/>\n<meta property=\"og:image\" content=\"https:\/\/syllunanew.sitework.link\/wp-content\/uploads\/2025\/12\/Elementen-Affirmatiekaarten-Elementenmagie-Sylluna-1.jpg\" \/>\n\t<meta property=\"og:image:width\" content=\"1000\" \/>\n\t<meta property=\"og:image:height\" content=\"1000\" \/>\n\t<meta property=\"og:image:type\" content=\"image\/jpeg\" \/>\n<meta name=\"twitter:card\" content=\"summary_large_image\" \/>\n<meta name=\"twitter:label1\" content=\"Geschatte leestijd\" \/>\n\t<meta name=\"twitter:data1\" content=\"1 minuut\" \/>\n<script type=\"application\/ld+json\" class=\"yoast-schema-graph\">{\"@context\":\"https:\\\/\\\/schema.org\",\"@graph\":[{\"@type\":\"WebPage\",\"@id\":\"https:\\\/\\\/syllunanew.sitework.link\\\/de\\\/produkt\\\/elemente-affirmationskarten-englisch-oder-niederlaendisch\\\/\",\"url\":\"https:\\\/\\\/syllunanew.sitework.link\\\/de\\\/produkt\\\/elemente-affirmationskarten-englisch-oder-niederlaendisch\\\/\",\"name\":\"Elemente Affirmationskarten | Englisch oder Niederl\u00e4ndisch \u2013 Sylluna\u00ae\",\"isPartOf\":{\"@id\":\"https:\\\/\\\/syllunanew.sitework.link\\\/de\\\/#website\"},\"primaryImageOfPage\":{\"@id\":\"https:\\\/\\\/syllunanew.sitework.link\\\/de\\\/produkt\\\/elemente-affirmationskarten-englisch-oder-niederlaendisch\\\/#primaryimage\"},\"image\":{\"@id\":\"https:\\\/\\\/syllunanew.sitework.link\\\/de\\\/produkt\\\/elemente-affirmationskarten-englisch-oder-niederlaendisch\\\/#primaryimage\"},\"thumbnailUrl\":\"https:\\\/\\\/syllunanew.sitework.link\\\/wp-content\\\/uploads\\\/2025\\\/12\\\/Elementen-Affirmatiekaarten-Elementenmagie-Sylluna-1.jpg\",\"datePublished\":\"2025-12-02T18:36:23+00:00\",\"dateModified\":\"2026-02-20T09:19:17+00:00\",\"description\":\"Verbinde dich mit Erde, Luft, Feuer, Wasser und Geist mit diesen 6 Affirmationskarten. Beidseitig bedruckt mit Illustrationen und Erkl\u00e4rungen. Erh\u00e4ltlich auf Niederl\u00e4ndisch oder Englisch.\",\"breadcrumb\":{\"@id\":\"https:\\\/\\\/syllunanew.sitework.link\\\/de\\\/produkt\\\/elemente-affirmationskarten-englisch-oder-niederlaendisch\\\/#breadcrumb\"},\"inLanguage\":\"nl-NL\",\"potentialAction\":[{\"@type\":\"ReadAction\",\"target\":[\"https:\\\/\\\/syllunanew.sitework.link\\\/de\\\/produkt\\\/elemente-affirmationskarten-englisch-oder-niederlaendisch\\\/\"]}]},{\"@type\":\"ImageObject\",\"inLanguage\":\"nl-NL\",\"@id\":\"https:\\\/\\\/syllunanew.sitework.link\\\/de\\\/produkt\\\/elemente-affirmationskarten-englisch-oder-niederlaendisch\\\/#primaryimage\",\"url\":\"https:\\\/\\\/syllunanew.sitework.link\\\/wp-content\\\/uploads\\\/2025\\\/12\\\/Elementen-Affirmatiekaarten-Elementenmagie-Sylluna-1.jpg\",\"contentUrl\":\"https:\\\/\\\/syllunanew.sitework.link\\\/wp-content\\\/uploads\\\/2025\\\/12\\\/Elementen-Affirmatiekaarten-Elementenmagie-Sylluna-1.jpg\",\"width\":1000,\"height\":1000,\"caption\":\"Element-Affirmationskarten \u2013 Elementmagie \u2013 Sylluna 1\"},{\"@type\":\"BreadcrumbList\",\"@id\":\"https:\\\/\\\/syllunanew.sitework.link\\\/de\\\/produkt\\\/elemente-affirmationskarten-englisch-oder-niederlaendisch\\\/#breadcrumb\",\"itemListElement\":[{\"@type\":\"ListItem\",\"position\":1,\"name\":\"Home\",\"item\":\"https:\\\/\\\/syllunanew.sitework.link\\\/de\\\/\"},{\"@type\":\"ListItem\",\"position\":2,\"name\":\"Shop\",\"item\":\"https:\\\/\\\/syllunanew.sitework.link\\\/de\\\/shop\\\/\"},{\"@type\":\"ListItem\",\"position\":3,\"name\":\"Element-Affirmationskarten \u2013 Englisch oder Niederl\u00e4ndisch\"}]},{\"@type\":\"WebSite\",\"@id\":\"https:\\\/\\\/syllunanew.sitework.link\\\/de\\\/#website\",\"url\":\"https:\\\/\\\/syllunanew.sitework.link\\\/de\\\/\",\"name\":\"Sylluna | Magische Producten van Eigen Ontwerp\",\"description\":\"Uniek. Magisch. Met betekenis.\",\"publisher\":{\"@id\":\"https:\\\/\\\/syllunanew.sitework.link\\\/de\\\/#organization\"},\"alternateName\":\"Sylluna\",\"potentialAction\":[{\"@type\":\"SearchAction\",\"target\":{\"@type\":\"EntryPoint\",\"urlTemplate\":\"https:\\\/\\\/syllunanew.sitework.link\\\/de\\\/?s={search_term_string}\"},\"query-input\":{\"@type\":\"PropertyValueSpecification\",\"valueRequired\":true,\"valueName\":\"search_term_string\"}}],\"inLanguage\":\"nl-NL\"},{\"@type\":\"Organization\",\"@id\":\"https:\\\/\\\/syllunanew.sitework.link\\\/de\\\/#organization\",\"name\":\"Sylluna | Magische Producten van Eigen Ontwerp\",\"url\":\"https:\\\/\\\/syllunanew.sitework.link\\\/de\\\/\",\"logo\":{\"@type\":\"ImageObject\",\"inLanguage\":\"nl-NL\",\"@id\":\"https:\\\/\\\/syllunanew.sitework.link\\\/de\\\/#\\\/schema\\\/logo\\\/image\\\/\",\"url\":\"https:\\\/\\\/sylluna.com\\\/wp-content\\\/uploads\\\/2025\\\/11\\\/Sylluna_dark-scaled.png\",\"contentUrl\":\"https:\\\/\\\/sylluna.com\\\/wp-content\\\/uploads\\\/2025\\\/11\\\/Sylluna_dark-scaled.png\",\"width\":2500,\"height\":1221,\"caption\":\"Sylluna | Magische Producten van Eigen Ontwerp\"},\"image\":{\"@id\":\"https:\\\/\\\/syllunanew.sitework.link\\\/de\\\/#\\\/schema\\\/logo\\\/image\\\/\"}}]}<\/script>\n<!-- \/ Yoast SEO plugin. -->","yoast_head_json":{"title":"Elemente Affirmationskarten | Englisch oder Niederl\u00e4ndisch \u2013 Sylluna\u00ae","description":"Verbinde dich mit Erde, Luft, Feuer, Wasser und Geist mit diesen 6 Affirmationskarten. Beidseitig bedruckt mit Illustrationen und Erkl\u00e4rungen. Erh\u00e4ltlich auf Niederl\u00e4ndisch oder Englisch.","robots":{"index":"index","follow":"follow","max-snippet":"max-snippet:-1","max-image-preview":"max-image-preview:large","max-video-preview":"max-video-preview:-1"},"canonical":"https:\/\/syllunanew.sitework.link\/de\/produkt\/elemente-affirmationskarten-englisch-oder-niederlaendisch\/","og_locale":"nl_NL","og_type":"article","og_title":"Elemente Affirmationskarten | Englisch oder Niederl\u00e4ndisch \u2013 Sylluna\u00ae","og_description":"Verbinde dich mit Erde, Luft, Feuer, Wasser und Geist mit diesen 6 Affirmationskarten. Beidseitig bedruckt mit Illustrationen und Erkl\u00e4rungen. Erh\u00e4ltlich auf Niederl\u00e4ndisch oder Englisch.","og_url":"https:\/\/syllunanew.sitework.link\/de\/produkt\/elemente-affirmationskarten-englisch-oder-niederlaendisch\/","og_site_name":"Sylluna","article_modified_time":"2026-02-20T09:19:17+00:00","og_image":[{"width":1000,"height":1000,"url":"https:\/\/syllunanew.sitework.link\/wp-content\/uploads\/2025\/12\/Elementen-Affirmatiekaarten-Elementenmagie-Sylluna-1.jpg","type":"image\/jpeg"}],"twitter_card":"summary_large_image","twitter_misc":{"Geschatte leestijd":"1 minuut"},"schema":{"@context":"https:\/\/schema.org","@graph":[{"@type":"WebPage","@id":"https:\/\/syllunanew.sitework.link\/de\/produkt\/elemente-affirmationskarten-englisch-oder-niederlaendisch\/","url":"https:\/\/syllunanew.sitework.link\/de\/produkt\/elemente-affirmationskarten-englisch-oder-niederlaendisch\/","name":"Elemente Affirmationskarten | Englisch oder Niederl\u00e4ndisch \u2013 Sylluna\u00ae","isPartOf":{"@id":"https:\/\/syllunanew.sitework.link\/de\/#website"},"primaryImageOfPage":{"@id":"https:\/\/syllunanew.sitework.link\/de\/produkt\/elemente-affirmationskarten-englisch-oder-niederlaendisch\/#primaryimage"},"image":{"@id":"https:\/\/syllunanew.sitework.link\/de\/produkt\/elemente-affirmationskarten-englisch-oder-niederlaendisch\/#primaryimage"},"thumbnailUrl":"https:\/\/syllunanew.sitework.link\/wp-content\/uploads\/2025\/12\/Elementen-Affirmatiekaarten-Elementenmagie-Sylluna-1.jpg","datePublished":"2025-12-02T18:36:23+00:00","dateModified":"2026-02-20T09:19:17+00:00","description":"Verbinde dich mit Erde, Luft, Feuer, Wasser und Geist mit diesen 6 Affirmationskarten. Beidseitig bedruckt mit Illustrationen und Erkl\u00e4rungen. Erh\u00e4ltlich auf Niederl\u00e4ndisch oder Englisch.","breadcrumb":{"@id":"https:\/\/syllunanew.sitework.link\/de\/produkt\/elemente-affirmationskarten-englisch-oder-niederlaendisch\/#breadcrumb"},"inLanguage":"nl-NL","potentialAction":[{"@type":"ReadAction","target":["https:\/\/syllunanew.sitework.link\/de\/produkt\/elemente-affirmationskarten-englisch-oder-niederlaendisch\/"]}]},{"@type":"ImageObject","inLanguage":"nl-NL","@id":"https:\/\/syllunanew.sitework.link\/de\/produkt\/elemente-affirmationskarten-englisch-oder-niederlaendisch\/#primaryimage","url":"https:\/\/syllunanew.sitework.link\/wp-content\/uploads\/2025\/12\/Elementen-Affirmatiekaarten-Elementenmagie-Sylluna-1.jpg","contentUrl":"https:\/\/syllunanew.sitework.link\/wp-content\/uploads\/2025\/12\/Elementen-Affirmatiekaarten-Elementenmagie-Sylluna-1.jpg","width":1000,"height":1000,"caption":"Element-Affirmationskarten \u2013 Elementmagie \u2013 Sylluna 1"},{"@type":"BreadcrumbList","@id":"https:\/\/syllunanew.sitework.link\/de\/produkt\/elemente-affirmationskarten-englisch-oder-niederlaendisch\/#breadcrumb","itemListElement":[{"@type":"ListItem","position":1,"name":"Home","item":"https:\/\/syllunanew.sitework.link\/de\/"},{"@type":"ListItem","position":2,"name":"Shop","item":"https:\/\/syllunanew.sitework.link\/de\/shop\/"},{"@type":"ListItem","position":3,"name":"Element-Affirmationskarten \u2013 Englisch oder Niederl\u00e4ndisch"}]},{"@type":"WebSite","@id":"https:\/\/syllunanew.sitework.link\/de\/#website","url":"https:\/\/syllunanew.sitework.link\/de\/","name":"Sylluna | Magische Producten van Eigen Ontwerp","description":"Uniek. Magisch. Met betekenis.","publisher":{"@id":"https:\/\/syllunanew.sitework.link\/de\/#organization"},"alternateName":"Sylluna","potentialAction":[{"@type":"SearchAction","target":{"@type":"EntryPoint","urlTemplate":"https:\/\/syllunanew.sitework.link\/de\/?s={search_term_string}"},"query-input":{"@type":"PropertyValueSpecification","valueRequired":true,"valueName":"search_term_string"}}],"inLanguage":"nl-NL"},{"@type":"Organization","@id":"https:\/\/syllunanew.sitework.link\/de\/#organization","name":"Sylluna | Magische Producten van Eigen Ontwerp","url":"https:\/\/syllunanew.sitework.link\/de\/","logo":{"@type":"ImageObject","inLanguage":"nl-NL","@id":"https:\/\/syllunanew.sitework.link\/de\/#\/schema\/logo\/image\/","url":"https:\/\/sylluna.com\/wp-content\/uploads\/2025\/11\/Sylluna_dark-scaled.png","contentUrl":"https:\/\/sylluna.com\/wp-content\/uploads\/2025\/11\/Sylluna_dark-scaled.png","width":2500,"height":1221,"caption":"Sylluna | Magische Producten van Eigen Ontwerp"},"image":{"@id":"https:\/\/syllunanew.sitework.link\/de\/#\/schema\/logo\/image\/"}}]}},"_links":{"self":[{"href":"https:\/\/syllunanew.sitework.link\/de\/wp-json\/wp\/v2\/product\/10142","targetHints":{"allow":["GET"]}}],"collection":[{"href":"https:\/\/syllunanew.sitework.link\/de\/wp-json\/wp\/v2\/product"}],"about":[{"href":"https:\/\/syllunanew.sitework.link\/de\/wp-json\/wp\/v2\/types\/product"}],"replies":[{"embeddable":true,"href":"https:\/\/syllunanew.sitework.link\/de\/wp-json\/wp\/v2\/comments?post=10142"}],"wp:featuredmedia":[{"embeddable":true,"href":"https:\/\/syllunanew.sitework.link\/de\/wp-json\/wp\/v2\/media\/10225"}],"wp:attachment":[{"href":"https:\/\/syllunanew.sitework.link\/de\/wp-json\/wp\/v2\/media?parent=10142"}],"wp:term":[{"taxonomy":"thema","embeddable":true,"href":"https:\/\/syllunanew.sitework.link\/de\/wp-json\/wp\/v2\/thema?post=10142"},{"taxonomy":"product_brand","embeddable":true,"href":"https:\/\/syllunanew.sitework.link\/de\/wp-json\/wp\/v2\/product_brand?post=10142"},{"taxonomy":"product_cat","embeddable":true,"href":"https:\/\/syllunanew.sitework.link\/de\/wp-json\/wp\/v2\/product_cat?post=10142"},{"taxonomy":"product_tag","embeddable":true,"href":"https:\/\/syllunanew.sitework.link\/de\/wp-json\/wp\/v2\/product_tag?post=10142"}],"curies":[{"name":"wp","href":"https:\/\/api.w.org\/{rel}","templated":true}]}}