{"id":9813,"date":"2025-07-23T16:22:12","date_gmt":"2025-07-23T14:22:12","guid":{"rendered":"https:\/\/sylluna.com\/datenschutzerklaerung\/"},"modified":"2025-12-02T11:25:05","modified_gmt":"2025-12-02T10:25:05","slug":"datenschutzerklaerung","status":"publish","type":"page","link":"https:\/\/syllunanew.sitework.link\/de\/datenschutzerklaerung\/","title":{"rendered":"Datenschutzerkl\u00e4rung"},"content":{"rendered":"\n\n<section class=\"text-smoelen blokken\">\n    <div class=\"container mx-auto\">\n                    <div class=\"grid grid-cols-1 md:grid-cols-3 gap-8  lg:w-5\/6 mx-auto\">\n                                    <div class=\"standaard-content md:col-span-3\">\n                    <h2>Privacy Verklaring<\/h2>\n<p>Diese Datenschutz- und Cookie-Erkl\u00e4rung stammt von Sylluna (eine Marke von SB Designs) und gilt f\u00fcr diese Website.<\/p>\n<h3>\u263d Daten, die Sylluna sammelt \u263e<\/h3>\n<p>Sylluna ben\u00f6tigt personenbezogene Daten, unter anderem wenn du eine Bestellung im Webshop aufgibst. Die folgenden personenbezogenen Daten k\u00f6nnen verarbeitet werden: <\/p>\n<ul>\n<li>Dein Firmenname (falls zutreffend)<\/li>\n<li>Dein Vor- und Nachname \/ Angaben der angegebenen Kontaktperson<\/li>\n<li>Adressdaten<\/li>\n<li>Kontaktdaten wie E-Mail und Telefonnummer<\/li>\n<li>IP-Adresse<\/li>\n<\/ul>\n<h3>\u263d Warum Sylluna diese Daten ben\u00f6tigt \u263e<\/h3>\n<p>Diese Daten sind notwendig, um Bestellungen bearbeiten zu k\u00f6nnen, dich \u00fcber den Status deiner Bestellung zu informieren und\/oder um dir eine Antwort geben zu k\u00f6nnen (beim Ausf\u00fcllen des Kontaktformulars).<\/p>\n<h3>\u263d Rechtsgrundlagen der Datenverarbeitung \u263e<\/h3>\n<p>Personenbezogene Daten werden nur f\u00fcr die Zwecke verwendet, f\u00fcr die sie bereitgestellt werden. Sylluna verarbeitet und speichert personenbezogene Daten auf Grundlage der Rechtsgrundlagen \u201eVertragserf\u00fcllung\u201c und \u201egesetzliche Verpflichtung\u201c. F\u00fcr etwaige Marketingaktivit\u00e4ten gilt die Rechtsgrundlage \u201eEinwilligung\u201c. Sylluna wird Daten niemals ohne ausdr\u00fcckliche Zustimmung f\u00fcr andere Zwecke verwenden.  <\/p>\n<h3>\u263d Wie lange Sylluna diese Daten speichert \u263e<\/h3>\n<p>Daten werden nicht l\u00e4nger als unbedingt erforderlich gespeichert. Wenn nach einem Kontakt keine Bestellung oder kein Auftrag erfolgt, werden deine Daten maximal 1 Jahr aufbewahrt. Nach Abschluss einer Bestellung oder eines Auftrags werden personenbezogene Daten nicht l\u00e4nger als 6 Monate gespeichert. Nur die Daten, die f\u00fcr Steuerzwecke ben\u00f6tigt werden (gesetzliche Verpflichtung), werden 7 Jahre lang aufbewahrt.   <\/p>\n<h3>\u263d Weitergabe an Dritte \u263e<\/h3>\n<p>Personenbezogene Daten werden nicht ohne Grund an Dritte weitergegeben. Deine Daten werden nur an Dritte weitergegeben, wenn dies f\u00fcr die Durchf\u00fchrung des Vertrags\/der Bestellung oder zur Erf\u00fcllung gesetzlicher Verpflichtungen erforderlich ist.  Parteien, mit denen deine Daten geteilt werden k\u00f6nnen (falls zutreffend):<\/p>\n<p><strong>Etsy<\/strong> \u2013 (Nur wenn du deine Bestellung im Etsy-Shop aufgibst, anstatt in diesem Webshop). Daten werden bei Bedarf mit Etsy geteilt, um unsere Dienstleistungen zu erbringen und allen Verpflichtungen nachzukommen, wie im Etsy-Verkaufsrichtlinien beschrieben. Dies gilt nur, wenn du eine Bestellung \u00fcber unseren Etsy-Webshop aufgibst, nicht bei Direktbestellungen \u00fcber diesen Webshop.  <\/p>\n<p><strong>Lieferanten<\/strong> \u2013 F\u00fcr bestimmte Produkte und Dienstleistungen arbeiten wir mit anderen Unternehmen zusammen. In einigen F\u00e4llen ist es notwendig, personenbezogene Daten mit diesen Dienstleistern zu teilen. Dies geschieht nur, wenn es f\u00fcr die Durchf\u00fchrung des Vertrags erforderlich ist.  <\/p>\n<p><strong>Finanzamt<\/strong> \u2013 Um gesetzliche Verpflichtungen zu erf\u00fcllen, ist es notwendig, personenbezogene Daten mit dem Finanzamt zu teilen. Sie k\u00f6nnen Einsicht in unsere Verwaltung verlangen, der wir gesetzlich nachkommen m\u00fcssen. <\/p>\n<p><strong>Transportunternehmen<\/strong> \u2013 Zur Lieferung von Bestellungen nutzen wir Transportunternehmen, darunter PostNL &amp; DHL. F\u00fcr internationale Sendungen k\u00f6nnen Pakete an von diesen Transportunternehmen beauftragte Zusteller \u00fcbergeben werden. Es ist erforderlich, deinen Namen und deine Adressdaten mit diesen Parteien zu teilen. Deine Daten werden nicht f\u00fcr andere Zwecke als die Lieferung von Bestellungen verwendet.   <\/p>\n<h3>\u263d Deine Rechte \u263e<\/h3>\n<p>Wenn du in bestimmten Regionen, einschlie\u00dflich der EU, wohnst, hast du mehrere Rechte in Bezug auf deine personenbezogenen Daten. Diese Rechte werden im Folgenden beschrieben: <\/p>\n<p><strong>Einblick<\/strong> \u2013 Du hast das Recht, Einsicht in die personenbezogenen Daten zu erhalten, die wir von dir gespeichert haben. Dies kannst du tun, indem du uns eine Nachricht sendest. <\/p>\n<p><strong>\u00c4ndern, Einschr\u00e4nken oder L\u00f6schen <\/strong>\u2013 Du hast m\u00f6glicherweise das Recht, deine personenbezogenen Daten zu \u00e4ndern, die Nutzung durch uns einzuschr\u00e4nken oder die Daten l\u00f6schen zu lassen. Wenn keine anderen Rechtsgrundlagen gelten (z.\u202fB. Aufbewahrungspflichten), werden wir deine personenbezogenen Daten auf Anfrage in der Regel l\u00f6schen. <\/p>\n<p>Widerspruch \u2013 Du kannst der Verarbeitung und Speicherung (von Teilen) deiner Daten widersprechen. In solchen F\u00e4llen werden wir deine personenbezogenen Daten l\u00f6schen, es sei denn, wir sind gesetzlich verpflichtet, sie weiterhin zu speichern (z.\u202fB. aufgrund gesetzlicher Verpflichtungen).  Beschwerden \u2013 Wenn du in der EU wohnst und der Meinung bist, dass wir deine personenbezogenen Daten nicht korrekt behandeln, hast du das Recht, eine Beschwerde bei der zust\u00e4ndigen Datenschutzbeh\u00f6rde einzureichen. Alle Anfragen bez\u00fcglich Einsicht, \u00c4nderung, Einschr\u00e4nkung, L\u00f6schung oder Widerspruch zu deinen personenbezogenen Daten werden innerhalb von maximal 4 Wochen beantwortet.<\/p>\n<h3>\u263d Sicherheit \u263e<\/h3>\n<p>Wir haben geeignete Ma\u00dfnahmen ergriffen, um deine personenbezogenen Daten zu sch\u00fctzen. Wir verwenden stets starke Passw\u00f6rter f\u00fcr alle unsere Konten und aktualisieren diese regelm\u00e4\u00dfig. Arbeitscomputer sind mit den erforderlichen Sicherheitsma\u00dfnahmen und Zugangscodes ausgestattet, und alle Software wird stets auf dem neuesten Stand gehalten, um unbefugten Zugriff und Datenlecks zu verhindern.  <\/p>\n<h3>\u263d Unternehmensinformationen \u263e<\/h3>\n<p>Diese Datenschutzerkl\u00e4rung stammt von Sylluna, einer Marke von SB Designs (auch bekannt als SB Designs Creations). Ich, Susanne Boer, bin Eigent\u00fcmerin dieses Unternehmens und Verwalterin deiner personenbezogenen Daten. Das Unternehmen ist bei der Handelskammer unter der Handelsregisternummer 62049046 eingetragen.   Bei Fragen und\/oder Anmerkungen kannst du uns jederzeit per E-Mail unter info@sylluna.com kontaktieren. Du kannst uns auch telefonisch unter 06-18372533 erreichen. <\/p>\n<p>&nbsp;<\/p>\n                    <\/div>\n                            <\/div>   \n            <\/div>    \n<\/section>\n","protected":false},"excerpt":{"rendered":"","protected":false},"author":1,"featured_media":0,"parent":0,"menu_order":0,"comment_status":"closed","ping_status":"closed","template":"","meta":{"_acf_changed":false,"_glsr_average":0,"_glsr_ranking":0,"_glsr_reviews":0,"footnotes":""},"categories":[],"class_list":["post-9813","page","type-page","status-publish","hentry"],"acf":[],"yoast_head":"<!-- This site is optimized with the Yoast SEO plugin v27.4 - https:\/\/yoast.com\/product\/yoast-seo-wordpress\/ -->\n<title>Datenschutzerkl\u00e4rung | Sylluna<\/title>\n<meta name=\"description\" content=\"Die Datenschutzerkl\u00e4rung von Sylluna, SB Designs. Alle Rechte und Pflichten in Bezug auf Datenschutz und Datensicherheit.\" \/>\n<meta name=\"robots\" content=\"index, follow, max-snippet:-1, max-image-preview:large, max-video-preview:-1\" \/>\n<link rel=\"canonical\" href=\"https:\/\/syllunanew.sitework.link\/de\/datenschutzerklaerung\/\" \/>\n<meta property=\"og:locale\" content=\"nl_NL\" \/>\n<meta property=\"og:type\" content=\"article\" \/>\n<meta property=\"og:title\" content=\"Datenschutzerkl\u00e4rung | Sylluna\" \/>\n<meta property=\"og:description\" content=\"Die Datenschutzerkl\u00e4rung von Sylluna, SB Designs. Alle Rechte und Pflichten in Bezug auf Datenschutz und Datensicherheit.\" \/>\n<meta property=\"og:url\" content=\"https:\/\/syllunanew.sitework.link\/de\/datenschutzerklaerung\/\" \/>\n<meta property=\"og:site_name\" content=\"Sylluna\" \/>\n<meta property=\"article:modified_time\" content=\"2025-12-02T10:25:05+00:00\" \/>\n<meta property=\"og:image\" content=\"https:\/\/syllunanew.sitework.link\/wp-content\/uploads\/2025\/11\/Sylluna_dark-scaled.png\" \/>\n\t<meta property=\"og:image:width\" content=\"2500\" \/>\n\t<meta property=\"og:image:height\" content=\"1221\" \/>\n\t<meta property=\"og:image:type\" content=\"image\/png\" \/>\n<meta name=\"twitter:card\" content=\"summary_large_image\" \/>\n<script type=\"application\/ld+json\" class=\"yoast-schema-graph\">{\"@context\":\"https:\\\/\\\/schema.org\",\"@graph\":[{\"@type\":\"WebPage\",\"@id\":\"https:\\\/\\\/syllunanew.sitework.link\\\/de\\\/datenschutzerklaerung\\\/\",\"url\":\"https:\\\/\\\/syllunanew.sitework.link\\\/de\\\/datenschutzerklaerung\\\/\",\"name\":\"Datenschutzerkl\u00e4rung | Sylluna\",\"isPartOf\":{\"@id\":\"https:\\\/\\\/syllunanew.sitework.link\\\/de\\\/#website\"},\"datePublished\":\"2025-07-23T14:22:12+00:00\",\"dateModified\":\"2025-12-02T10:25:05+00:00\",\"description\":\"Die Datenschutzerkl\u00e4rung von Sylluna, SB Designs. Alle Rechte und Pflichten in Bezug auf Datenschutz und Datensicherheit.\",\"breadcrumb\":{\"@id\":\"https:\\\/\\\/syllunanew.sitework.link\\\/de\\\/datenschutzerklaerung\\\/#breadcrumb\"},\"inLanguage\":\"nl-NL\",\"potentialAction\":[{\"@type\":\"ReadAction\",\"target\":[\"https:\\\/\\\/syllunanew.sitework.link\\\/de\\\/datenschutzerklaerung\\\/\"]}]},{\"@type\":\"BreadcrumbList\",\"@id\":\"https:\\\/\\\/syllunanew.sitework.link\\\/de\\\/datenschutzerklaerung\\\/#breadcrumb\",\"itemListElement\":[{\"@type\":\"ListItem\",\"position\":1,\"name\":\"Home\",\"item\":\"https:\\\/\\\/syllunanew.sitework.link\\\/de\\\/\"},{\"@type\":\"ListItem\",\"position\":2,\"name\":\"Datenschutzerkl\u00e4rung\"}]},{\"@type\":\"WebSite\",\"@id\":\"https:\\\/\\\/syllunanew.sitework.link\\\/de\\\/#website\",\"url\":\"https:\\\/\\\/syllunanew.sitework.link\\\/de\\\/\",\"name\":\"Sylluna | Magische Producten van Eigen Ontwerp\",\"description\":\"Uniek. Magisch. Met betekenis.\",\"publisher\":{\"@id\":\"https:\\\/\\\/syllunanew.sitework.link\\\/de\\\/#organization\"},\"alternateName\":\"Sylluna\",\"potentialAction\":[{\"@type\":\"SearchAction\",\"target\":{\"@type\":\"EntryPoint\",\"urlTemplate\":\"https:\\\/\\\/syllunanew.sitework.link\\\/de\\\/?s={search_term_string}\"},\"query-input\":{\"@type\":\"PropertyValueSpecification\",\"valueRequired\":true,\"valueName\":\"search_term_string\"}}],\"inLanguage\":\"nl-NL\"},{\"@type\":\"Organization\",\"@id\":\"https:\\\/\\\/syllunanew.sitework.link\\\/de\\\/#organization\",\"name\":\"Sylluna | Magische Producten van Eigen Ontwerp\",\"url\":\"https:\\\/\\\/syllunanew.sitework.link\\\/de\\\/\",\"logo\":{\"@type\":\"ImageObject\",\"inLanguage\":\"nl-NL\",\"@id\":\"https:\\\/\\\/syllunanew.sitework.link\\\/de\\\/#\\\/schema\\\/logo\\\/image\\\/\",\"url\":\"https:\\\/\\\/sylluna.com\\\/wp-content\\\/uploads\\\/2025\\\/11\\\/Sylluna_dark-scaled.png\",\"contentUrl\":\"https:\\\/\\\/sylluna.com\\\/wp-content\\\/uploads\\\/2025\\\/11\\\/Sylluna_dark-scaled.png\",\"width\":2500,\"height\":1221,\"caption\":\"Sylluna | Magische Producten van Eigen Ontwerp\"},\"image\":{\"@id\":\"https:\\\/\\\/syllunanew.sitework.link\\\/de\\\/#\\\/schema\\\/logo\\\/image\\\/\"}}]}<\/script>\n<!-- \/ Yoast SEO plugin. -->","yoast_head_json":{"title":"Datenschutzerkl\u00e4rung | Sylluna","description":"Die Datenschutzerkl\u00e4rung von Sylluna, SB Designs. Alle Rechte und Pflichten in Bezug auf Datenschutz und Datensicherheit.","robots":{"index":"index","follow":"follow","max-snippet":"max-snippet:-1","max-image-preview":"max-image-preview:large","max-video-preview":"max-video-preview:-1"},"canonical":"https:\/\/syllunanew.sitework.link\/de\/datenschutzerklaerung\/","og_locale":"nl_NL","og_type":"article","og_title":"Datenschutzerkl\u00e4rung | Sylluna","og_description":"Die Datenschutzerkl\u00e4rung von Sylluna, SB Designs. Alle Rechte und Pflichten in Bezug auf Datenschutz und Datensicherheit.","og_url":"https:\/\/syllunanew.sitework.link\/de\/datenschutzerklaerung\/","og_site_name":"Sylluna","article_modified_time":"2025-12-02T10:25:05+00:00","og_image":[{"width":2500,"height":1221,"url":"https:\/\/syllunanew.sitework.link\/wp-content\/uploads\/2025\/11\/Sylluna_dark-scaled.png","type":"image\/png"}],"twitter_card":"summary_large_image","schema":{"@context":"https:\/\/schema.org","@graph":[{"@type":"WebPage","@id":"https:\/\/syllunanew.sitework.link\/de\/datenschutzerklaerung\/","url":"https:\/\/syllunanew.sitework.link\/de\/datenschutzerklaerung\/","name":"Datenschutzerkl\u00e4rung | Sylluna","isPartOf":{"@id":"https:\/\/syllunanew.sitework.link\/de\/#website"},"datePublished":"2025-07-23T14:22:12+00:00","dateModified":"2025-12-02T10:25:05+00:00","description":"Die Datenschutzerkl\u00e4rung von Sylluna, SB Designs. Alle Rechte und Pflichten in Bezug auf Datenschutz und Datensicherheit.","breadcrumb":{"@id":"https:\/\/syllunanew.sitework.link\/de\/datenschutzerklaerung\/#breadcrumb"},"inLanguage":"nl-NL","potentialAction":[{"@type":"ReadAction","target":["https:\/\/syllunanew.sitework.link\/de\/datenschutzerklaerung\/"]}]},{"@type":"BreadcrumbList","@id":"https:\/\/syllunanew.sitework.link\/de\/datenschutzerklaerung\/#breadcrumb","itemListElement":[{"@type":"ListItem","position":1,"name":"Home","item":"https:\/\/syllunanew.sitework.link\/de\/"},{"@type":"ListItem","position":2,"name":"Datenschutzerkl\u00e4rung"}]},{"@type":"WebSite","@id":"https:\/\/syllunanew.sitework.link\/de\/#website","url":"https:\/\/syllunanew.sitework.link\/de\/","name":"Sylluna | Magische Producten van Eigen Ontwerp","description":"Uniek. Magisch. Met betekenis.","publisher":{"@id":"https:\/\/syllunanew.sitework.link\/de\/#organization"},"alternateName":"Sylluna","potentialAction":[{"@type":"SearchAction","target":{"@type":"EntryPoint","urlTemplate":"https:\/\/syllunanew.sitework.link\/de\/?s={search_term_string}"},"query-input":{"@type":"PropertyValueSpecification","valueRequired":true,"valueName":"search_term_string"}}],"inLanguage":"nl-NL"},{"@type":"Organization","@id":"https:\/\/syllunanew.sitework.link\/de\/#organization","name":"Sylluna | Magische Producten van Eigen Ontwerp","url":"https:\/\/syllunanew.sitework.link\/de\/","logo":{"@type":"ImageObject","inLanguage":"nl-NL","@id":"https:\/\/syllunanew.sitework.link\/de\/#\/schema\/logo\/image\/","url":"https:\/\/sylluna.com\/wp-content\/uploads\/2025\/11\/Sylluna_dark-scaled.png","contentUrl":"https:\/\/sylluna.com\/wp-content\/uploads\/2025\/11\/Sylluna_dark-scaled.png","width":2500,"height":1221,"caption":"Sylluna | Magische Producten van Eigen Ontwerp"},"image":{"@id":"https:\/\/syllunanew.sitework.link\/de\/#\/schema\/logo\/image\/"}}]}},"_links":{"self":[{"href":"https:\/\/syllunanew.sitework.link\/de\/wp-json\/wp\/v2\/pages\/9813","targetHints":{"allow":["GET"]}}],"collection":[{"href":"https:\/\/syllunanew.sitework.link\/de\/wp-json\/wp\/v2\/pages"}],"about":[{"href":"https:\/\/syllunanew.sitework.link\/de\/wp-json\/wp\/v2\/types\/page"}],"author":[{"embeddable":true,"href":"https:\/\/syllunanew.sitework.link\/de\/wp-json\/wp\/v2\/users\/1"}],"replies":[{"embeddable":true,"href":"https:\/\/syllunanew.sitework.link\/de\/wp-json\/wp\/v2\/comments?post=9813"}],"version-history":[{"count":0,"href":"https:\/\/syllunanew.sitework.link\/de\/wp-json\/wp\/v2\/pages\/9813\/revisions"}],"wp:attachment":[{"href":"https:\/\/syllunanew.sitework.link\/de\/wp-json\/wp\/v2\/media?parent=9813"}],"wp:term":[{"taxonomy":"category","embeddable":true,"href":"https:\/\/syllunanew.sitework.link\/de\/wp-json\/wp\/v2\/categories?post=9813"}],"curies":[{"name":"wp","href":"https:\/\/api.w.org\/{rel}","templated":true}]}}