{"id":8957,"date":"2025-10-23T12:29:00","date_gmt":"2025-10-23T10:29:00","guid":{"rendered":"https:\/\/sylluna.com\/das-unternehmen\/"},"modified":"2025-11-17T13:38:40","modified_gmt":"2025-11-17T12:38:40","slug":"das-unternehmen","status":"publish","type":"page","link":"https:\/\/syllunanew.sitework.link\/de\/ueber-sylluna\/das-unternehmen\/","title":{"rendered":"Das Unternehmen"},"content":{"rendered":"<section class=\"hero-slider relative overflow-hidden\"><div class=\"hero-slick w-full\"><div class=\"swiper-wrapper\"><div class=\"swiper-slide hero-slick__img-wrapper\"><img decoding=\"async\" width=\"2053\" height=\"381\" src=\"https:\/\/syllunanew.sitework.link\/wp-content\/uploads\/2025\/10\/Sylluna-Magische-Producten-Handgetekend-Eigen-Ontwerp.jpg\" class=\"w-full h-full object-cover\" alt=\"Sylluna Magische Producten- Handgetekend-Eigen Ontwerp\" srcset=\"https:\/\/syllunanew.sitework.link\/wp-content\/uploads\/2025\/10\/Sylluna-Magische-Producten-Handgetekend-Eigen-Ontwerp.jpg 2053w, https:\/\/syllunanew.sitework.link\/wp-content\/uploads\/2025\/10\/Sylluna-Magische-Producten-Handgetekend-Eigen-Ontwerp-300x56.jpg 300w, https:\/\/syllunanew.sitework.link\/wp-content\/uploads\/2025\/10\/Sylluna-Magische-Producten-Handgetekend-Eigen-Ontwerp-1024x190.jpg 1024w, https:\/\/syllunanew.sitework.link\/wp-content\/uploads\/2025\/10\/Sylluna-Magische-Producten-Handgetekend-Eigen-Ontwerp-768x143.jpg 768w, https:\/\/syllunanew.sitework.link\/wp-content\/uploads\/2025\/10\/Sylluna-Magische-Producten-Handgetekend-Eigen-Ontwerp-1536x285.jpg 1536w, https:\/\/syllunanew.sitework.link\/wp-content\/uploads\/2025\/10\/Sylluna-Magische-Producten-Handgetekend-Eigen-Ontwerp-2048x380.jpg 2048w\" sizes=\"auto, (max-width: 2053px) 100vw, 2053px\" \/ loading=\"lazy\"><\/div><\/div><\/div><\/section>\n\n<section class=\"text-smoelen blokken\">\n    <div class=\"container mx-auto\">\n                    <div class=\"grid grid-cols-1 md:grid-cols-3 gap-8  lg:w-5\/6 mx-auto\">\n                                    <div class=\"standaard-content md:col-span-3\">\n                    <h2><strong>Das Unternehmen<\/strong><\/h2>\n<p>Sylluna wurde als Marke unter dem Dach von SB Designs Creations \/ SB Designs geboren. Auf dieser Seite teilen wir unser Markenversprechen und ein wenig \u00fcber die Geschichte des Unternehmens. Neugierig auf die pers\u00f6nliche Unternehmergeschichte und das Gesicht hinter Sylluna? Dann schau dir die Seite \u201e<a href=\"https:\/\/sylluna.com\/de\/meet-the-artist\/\">Meet the Artist<\/a>\u201c an.   <\/p>\n<p><img decoding=\"async\" class=\"alignnone size-full wp-image-8394\" src=\"https:\/\/sylluna.com\/wp-content\/uploads\/2025\/11\/Ivy-Leaves-Design-3-Divider-copy.png\" alt=\"\" width=\"1255\" height=\"81\" srcset=\"https:\/\/syllunanew.sitework.link\/wp-content\/uploads\/2025\/11\/Ivy-Leaves-Design-3-Divider-copy.png 1255w, https:\/\/syllunanew.sitework.link\/wp-content\/uploads\/2025\/11\/Ivy-Leaves-Design-3-Divider-copy-300x19.png 300w, https:\/\/syllunanew.sitework.link\/wp-content\/uploads\/2025\/11\/Ivy-Leaves-Design-3-Divider-copy-1024x66.png 1024w, https:\/\/syllunanew.sitework.link\/wp-content\/uploads\/2025\/11\/Ivy-Leaves-Design-3-Divider-copy-768x50.png 768w\" sizes=\"auto, (max-width: 1255px) 100vw, 1255px\" \/ loading=\"lazy\"><\/p>\n<h3><strong>Das Versprechen von Sylluna<\/strong><\/h3>\n<p>Alles, was wir bei Sylluna erschaffen und entwickeln, entspringt einer tiefen Intention. Diese Intention geht \u00fcber das blo\u00dfe \u201eSch\u00f6ne Produkte herstellen\u201c hinaus. Es ist ein Traum, eine Vision. Mit allem, was wir tun, tragen wir dieses Versprechen:   <\/p>\n<p>&nbsp;<\/p>\n<h3 style=\"text-align: center;\">\u201eDurch unsere selbst gestalteten Magischen Produkte, die aus Herz &amp; Seele erschaffen und mit Intention &amp; Symbolik versehen sind, machen wir Magie sichtbar und verbinden dich mit der Magie in dir und um dich herum. Um dich zu inspirieren &amp; zu motivieren, mehr Magie in deinem Leben zu erfahren. Um das Gef\u00fchl von Verwunderung im Alltag zu umarmen und die Verbindung zum gr\u00f6\u00dferen Ganzen zu st\u00e4rken.\u201c<\/h3>\n<p>&nbsp;<\/p>\n<h3 style=\"text-align: center;\">\u201eEinzigartig, Magisch und Bedeutungsvol\u201c<\/h3>\n<p><img decoding=\"async\" class=\"alignnone size-full wp-image-8394\" src=\"https:\/\/sylluna.com\/wp-content\/uploads\/2025\/11\/Ivy-Leaves-Design-3-Divider-copy.png\" alt=\"\" width=\"1255\" height=\"81\" srcset=\"https:\/\/syllunanew.sitework.link\/wp-content\/uploads\/2025\/11\/Ivy-Leaves-Design-3-Divider-copy.png 1255w, https:\/\/syllunanew.sitework.link\/wp-content\/uploads\/2025\/11\/Ivy-Leaves-Design-3-Divider-copy-300x19.png 300w, https:\/\/syllunanew.sitework.link\/wp-content\/uploads\/2025\/11\/Ivy-Leaves-Design-3-Divider-copy-1024x66.png 1024w, https:\/\/syllunanew.sitework.link\/wp-content\/uploads\/2025\/11\/Ivy-Leaves-Design-3-Divider-copy-768x50.png 768w\" sizes=\"auto, (max-width: 1255px) 100vw, 1255px\" \/ loading=\"lazy\"><\/p>\n<h3><strong>Geschichte von SB Designs \/ SB Designs Creations<\/strong><\/h3>\n<p>2014 wurde SB Designs von Susanne Boer gegr\u00fcndet. Zu dieser Zeit war das Unternehmen in der Grafikdesign-Branche t\u00e4tig, mit Schwerpunkt auf Firmenlogos, Corporate Designs und Werbematerialien. Der illustrative Zweig begann im Hintergrund und r\u00fcckte nach und nach st\u00e4rker in den Vordergrund.  <\/p>\n<p>Dies f\u00fchrte 2016 zur Einf\u00fchrung eines zweiten Firmennamens, SB Designs Creations, um eine klare Trennung zwischen der Gesch\u00e4ftst\u00e4tigkeit und dem illustrativen Zweig zu schaffen (der sich zunehmend in Richtung Fantasy, Natur &amp; Spiritualit\u00e4t entwickelte).<\/p>\n<p>\u00dcber Jahre hinweg war SB Designs Creations der vordergr\u00fcndige Firmenname. Doch dieser Name entstand aus der Not heraus und dem Bed\u00fcrfnis, \u201eschnell etwas zu haben\u201c. Es fehlte an Magie, es fehlte an Bedeutung. W\u00e4hrend das Corporate Design und die visuelle Pr\u00e4sentation zu einem magischen Ganzen ausgearbeitet waren, f\u00fchlte sich der Name selbst alles andere als magisch an. Das untergrub die Vision des Unternehmens, was sehr schade war!    <\/p>\n<p>So begann die Suche nach einem neuen, perfekten, magischen Markennamen.<\/p>\n<p>&nbsp;<\/p>\n<h3>Willkommen bei Sylluna<\/h3>\n<p>Der magische Markenname, der daraufhin eingef\u00fchrt wurde, lautet Sylluna (<i>Aussprache: sil-lu-na<\/i>).<\/p>\n<p>Diese Ver\u00e4nderung ist mehr als nur ein neuer Name. Sie spiegelt das Wachstum wider, das wir durchgemacht haben, und die Richtung, die wir mit Herz und Seele einschlagen m\u00f6chten. <\/p>\n<p>Sylluna entstand aus dem tiefen Wunsch, die magische Essenz unserer Kreationen noch kraftvoller zum Ausdruck zu bringen, und diese Magie beginnt bereits beim Namen selbst. Sylluna beh\u00e4lt die Markenwerte von SB Designs Creations bei, erm\u00f6glicht aber zugleich weiteres Wachstum und breitere Kooperationen. <\/p>\n<p>Sylluna steht f\u00fcr Magie, und Magie ist \u00fcberall. In der Natur, in der Kraft deiner Vorstellungskraft und in den kleinen Momenten des Alltags. Es ist die Kraft von Tr\u00e4umen und Geschichten, die zum Leben erwachen. Der magische Markenname Sylluna unterstreicht unser Versprechen.   <\/p>\n<p>&nbsp;<\/p>\n<h3>Woher kommt Sylluna?<\/h3>\n<p>Sylluna ist eine Verschmelzung von zwei kraftvollen lateinischen W\u00f6rtern:<\/p>\n<ul>\n<li><strong>\u201eSyl\u201c <\/strong>basiert auf einer alternativen Schreibweise von <em>Silva<\/em>, dem lateinischen Wort f\u00fcr Wald. Ein Ort, an dem Magie sp\u00fcrbar ist und an dem die Geschichten der Natur zum Leben erwachen. <\/li>\n<li><strong>\u201eLuna\u201c <\/strong>stammt ebenfalls aus dem Lateinischen und bedeutet Mond, ein Symbol f\u00fcr Intuition, zyklisches Wachstum und den magischen Rhythmus der Natur. Wenn du den Mond betrachtest, sp\u00fcrst du dieses Staunen, dieses Gef\u00fchl der Verbindung mit etwas Gr\u00f6\u00dferem. <\/li>\n<\/ul>\n<p>Das <strong>S<\/strong> in Sylluna ist zudem eine subtile Anspielung auf den Namen der Magical Artist und Gr\u00fcnderin: Susanne Boer. Genau wie bei SB Designs Creations, ein kleines St\u00fcck Wiedererkennung in einem neuen, magischen Gewand. <\/p>\n<p>&nbsp;<\/p>\n<hr>\n<p><em>Sylluna\u00ae<\/em><\/p>\n                    <\/div>\n                            <\/div>   \n            <\/div>    \n<\/section>\n","protected":false},"excerpt":{"rendered":"","protected":false},"author":11,"featured_media":6936,"parent":2604,"menu_order":0,"comment_status":"closed","ping_status":"closed","template":"","meta":{"_acf_changed":false,"_glsr_average":0,"_glsr_ranking":0,"_glsr_reviews":0,"footnotes":""},"categories":[],"class_list":["post-8957","page","type-page","status-publish","has-post-thumbnail","hentry"],"acf":[],"yoast_head":"<!-- This site is optimized with the Yoast SEO plugin v27.4 - https:\/\/yoast.com\/product\/yoast-seo-wordpress\/ -->\n<title>Das Unternehmen | Sylluna<\/title>\n<meta name=\"robots\" content=\"index, follow, max-snippet:-1, max-image-preview:large, max-video-preview:-1\" \/>\n<link rel=\"canonical\" href=\"https:\/\/syllunanew.sitework.link\/de\/ueber-sylluna\/das-unternehmen\/\" \/>\n<meta property=\"og:locale\" content=\"de_DE\" \/>\n<meta property=\"og:type\" content=\"article\" \/>\n<meta property=\"og:title\" content=\"Das Unternehmen | Sylluna\" \/>\n<meta property=\"og:url\" content=\"https:\/\/syllunanew.sitework.link\/de\/ueber-sylluna\/das-unternehmen\/\" \/>\n<meta property=\"og:site_name\" content=\"Sylluna\" \/>\n<meta property=\"article:modified_time\" content=\"2025-11-17T12:38:40+00:00\" \/>\n<meta property=\"og:image\" content=\"https:\/\/syllunanew.sitework.link\/wp-content\/uploads\/2025\/10\/Zwart-Kleurenmagie-Kleursymboliek-De-Betekenis-van-Zwart-Sylluna.jpg\" \/>\n\t<meta property=\"og:image:width\" content=\"2000\" \/>\n\t<meta property=\"og:image:height\" content=\"2000\" \/>\n\t<meta property=\"og:image:type\" content=\"image\/jpeg\" \/>\n<meta name=\"twitter:card\" content=\"summary_large_image\" \/>\n<script type=\"application\/ld+json\" class=\"yoast-schema-graph\">{\"@context\":\"https:\\\/\\\/schema.org\",\"@graph\":[{\"@type\":\"WebPage\",\"@id\":\"https:\\\/\\\/syllunanew.sitework.link\\\/de\\\/ueber-sylluna\\\/das-unternehmen\\\/\",\"url\":\"https:\\\/\\\/syllunanew.sitework.link\\\/de\\\/ueber-sylluna\\\/das-unternehmen\\\/\",\"name\":\"Das Unternehmen | Sylluna\",\"isPartOf\":{\"@id\":\"https:\\\/\\\/syllunanew.sitework.link\\\/de\\\/#website\"},\"primaryImageOfPage\":{\"@id\":\"https:\\\/\\\/syllunanew.sitework.link\\\/de\\\/ueber-sylluna\\\/das-unternehmen\\\/#primaryimage\"},\"image\":{\"@id\":\"https:\\\/\\\/syllunanew.sitework.link\\\/de\\\/ueber-sylluna\\\/das-unternehmen\\\/#primaryimage\"},\"thumbnailUrl\":\"https:\\\/\\\/syllunanew.sitework.link\\\/wp-content\\\/uploads\\\/2025\\\/10\\\/Zwart-Kleurenmagie-Kleursymboliek-De-Betekenis-van-Zwart-Sylluna.jpg\",\"datePublished\":\"2025-10-23T10:29:00+00:00\",\"dateModified\":\"2025-11-17T12:38:40+00:00\",\"breadcrumb\":{\"@id\":\"https:\\\/\\\/syllunanew.sitework.link\\\/de\\\/ueber-sylluna\\\/das-unternehmen\\\/#breadcrumb\"},\"inLanguage\":\"de\",\"potentialAction\":[{\"@type\":\"ReadAction\",\"target\":[\"https:\\\/\\\/syllunanew.sitework.link\\\/de\\\/ueber-sylluna\\\/das-unternehmen\\\/\"]}]},{\"@type\":\"ImageObject\",\"inLanguage\":\"de\",\"@id\":\"https:\\\/\\\/syllunanew.sitework.link\\\/de\\\/ueber-sylluna\\\/das-unternehmen\\\/#primaryimage\",\"url\":\"https:\\\/\\\/syllunanew.sitework.link\\\/wp-content\\\/uploads\\\/2025\\\/10\\\/Zwart-Kleurenmagie-Kleursymboliek-De-Betekenis-van-Zwart-Sylluna.jpg\",\"contentUrl\":\"https:\\\/\\\/syllunanew.sitework.link\\\/wp-content\\\/uploads\\\/2025\\\/10\\\/Zwart-Kleurenmagie-Kleursymboliek-De-Betekenis-van-Zwart-Sylluna.jpg\",\"width\":2000,\"height\":2000,\"caption\":\"Zwart-Kleurenmagie-Kleursymboliek-De-Betekenis-van-Zwart-Sylluna\"},{\"@type\":\"BreadcrumbList\",\"@id\":\"https:\\\/\\\/syllunanew.sitework.link\\\/de\\\/ueber-sylluna\\\/das-unternehmen\\\/#breadcrumb\",\"itemListElement\":[{\"@type\":\"ListItem\",\"position\":1,\"name\":\"Home\",\"item\":\"https:\\\/\\\/syllunanew.sitework.link\\\/de\\\/\"},{\"@type\":\"ListItem\",\"position\":2,\"name\":\"\u00dcber Sylluna\",\"item\":\"https:\\\/\\\/syllunanew.sitework.link\\\/de\\\/ueber-sylluna\\\/\"},{\"@type\":\"ListItem\",\"position\":3,\"name\":\"Das Unternehmen\"}]},{\"@type\":\"WebSite\",\"@id\":\"https:\\\/\\\/syllunanew.sitework.link\\\/de\\\/#website\",\"url\":\"https:\\\/\\\/syllunanew.sitework.link\\\/de\\\/\",\"name\":\"Sylluna | Magische Producten van Eigen Ontwerp\",\"description\":\"Uniek. Magisch. Met betekenis.\",\"publisher\":{\"@id\":\"https:\\\/\\\/syllunanew.sitework.link\\\/de\\\/#organization\"},\"alternateName\":\"Sylluna\",\"potentialAction\":[{\"@type\":\"SearchAction\",\"target\":{\"@type\":\"EntryPoint\",\"urlTemplate\":\"https:\\\/\\\/syllunanew.sitework.link\\\/de\\\/?s={search_term_string}\"},\"query-input\":{\"@type\":\"PropertyValueSpecification\",\"valueRequired\":true,\"valueName\":\"search_term_string\"}}],\"inLanguage\":\"de\"},{\"@type\":\"Organization\",\"@id\":\"https:\\\/\\\/syllunanew.sitework.link\\\/de\\\/#organization\",\"name\":\"Sylluna | Magische Producten van Eigen Ontwerp\",\"url\":\"https:\\\/\\\/syllunanew.sitework.link\\\/de\\\/\",\"logo\":{\"@type\":\"ImageObject\",\"inLanguage\":\"de\",\"@id\":\"https:\\\/\\\/syllunanew.sitework.link\\\/de\\\/#\\\/schema\\\/logo\\\/image\\\/\",\"url\":\"https:\\\/\\\/sylluna.com\\\/wp-content\\\/uploads\\\/2025\\\/11\\\/Sylluna_dark-scaled.png\",\"contentUrl\":\"https:\\\/\\\/sylluna.com\\\/wp-content\\\/uploads\\\/2025\\\/11\\\/Sylluna_dark-scaled.png\",\"width\":2500,\"height\":1221,\"caption\":\"Sylluna | Magische Producten van Eigen Ontwerp\"},\"image\":{\"@id\":\"https:\\\/\\\/syllunanew.sitework.link\\\/de\\\/#\\\/schema\\\/logo\\\/image\\\/\"}}]}<\/script>\n<!-- \/ Yoast SEO plugin. -->","yoast_head_json":{"title":"Das Unternehmen | Sylluna","robots":{"index":"index","follow":"follow","max-snippet":"max-snippet:-1","max-image-preview":"max-image-preview:large","max-video-preview":"max-video-preview:-1"},"canonical":"https:\/\/syllunanew.sitework.link\/de\/ueber-sylluna\/das-unternehmen\/","og_locale":"de_DE","og_type":"article","og_title":"Das Unternehmen | Sylluna","og_url":"https:\/\/syllunanew.sitework.link\/de\/ueber-sylluna\/das-unternehmen\/","og_site_name":"Sylluna","article_modified_time":"2025-11-17T12:38:40+00:00","og_image":[{"width":2000,"height":2000,"url":"https:\/\/syllunanew.sitework.link\/wp-content\/uploads\/2025\/10\/Zwart-Kleurenmagie-Kleursymboliek-De-Betekenis-van-Zwart-Sylluna.jpg","type":"image\/jpeg"}],"twitter_card":"summary_large_image","schema":{"@context":"https:\/\/schema.org","@graph":[{"@type":"WebPage","@id":"https:\/\/syllunanew.sitework.link\/de\/ueber-sylluna\/das-unternehmen\/","url":"https:\/\/syllunanew.sitework.link\/de\/ueber-sylluna\/das-unternehmen\/","name":"Das Unternehmen | Sylluna","isPartOf":{"@id":"https:\/\/syllunanew.sitework.link\/de\/#website"},"primaryImageOfPage":{"@id":"https:\/\/syllunanew.sitework.link\/de\/ueber-sylluna\/das-unternehmen\/#primaryimage"},"image":{"@id":"https:\/\/syllunanew.sitework.link\/de\/ueber-sylluna\/das-unternehmen\/#primaryimage"},"thumbnailUrl":"https:\/\/syllunanew.sitework.link\/wp-content\/uploads\/2025\/10\/Zwart-Kleurenmagie-Kleursymboliek-De-Betekenis-van-Zwart-Sylluna.jpg","datePublished":"2025-10-23T10:29:00+00:00","dateModified":"2025-11-17T12:38:40+00:00","breadcrumb":{"@id":"https:\/\/syllunanew.sitework.link\/de\/ueber-sylluna\/das-unternehmen\/#breadcrumb"},"inLanguage":"de","potentialAction":[{"@type":"ReadAction","target":["https:\/\/syllunanew.sitework.link\/de\/ueber-sylluna\/das-unternehmen\/"]}]},{"@type":"ImageObject","inLanguage":"de","@id":"https:\/\/syllunanew.sitework.link\/de\/ueber-sylluna\/das-unternehmen\/#primaryimage","url":"https:\/\/syllunanew.sitework.link\/wp-content\/uploads\/2025\/10\/Zwart-Kleurenmagie-Kleursymboliek-De-Betekenis-van-Zwart-Sylluna.jpg","contentUrl":"https:\/\/syllunanew.sitework.link\/wp-content\/uploads\/2025\/10\/Zwart-Kleurenmagie-Kleursymboliek-De-Betekenis-van-Zwart-Sylluna.jpg","width":2000,"height":2000,"caption":"Zwart-Kleurenmagie-Kleursymboliek-De-Betekenis-van-Zwart-Sylluna"},{"@type":"BreadcrumbList","@id":"https:\/\/syllunanew.sitework.link\/de\/ueber-sylluna\/das-unternehmen\/#breadcrumb","itemListElement":[{"@type":"ListItem","position":1,"name":"Home","item":"https:\/\/syllunanew.sitework.link\/de\/"},{"@type":"ListItem","position":2,"name":"\u00dcber Sylluna","item":"https:\/\/syllunanew.sitework.link\/de\/ueber-sylluna\/"},{"@type":"ListItem","position":3,"name":"Das Unternehmen"}]},{"@type":"WebSite","@id":"https:\/\/syllunanew.sitework.link\/de\/#website","url":"https:\/\/syllunanew.sitework.link\/de\/","name":"Sylluna | Magische Producten van Eigen Ontwerp","description":"Uniek. Magisch. Met betekenis.","publisher":{"@id":"https:\/\/syllunanew.sitework.link\/de\/#organization"},"alternateName":"Sylluna","potentialAction":[{"@type":"SearchAction","target":{"@type":"EntryPoint","urlTemplate":"https:\/\/syllunanew.sitework.link\/de\/?s={search_term_string}"},"query-input":{"@type":"PropertyValueSpecification","valueRequired":true,"valueName":"search_term_string"}}],"inLanguage":"de"},{"@type":"Organization","@id":"https:\/\/syllunanew.sitework.link\/de\/#organization","name":"Sylluna | Magische Producten van Eigen Ontwerp","url":"https:\/\/syllunanew.sitework.link\/de\/","logo":{"@type":"ImageObject","inLanguage":"de","@id":"https:\/\/syllunanew.sitework.link\/de\/#\/schema\/logo\/image\/","url":"https:\/\/sylluna.com\/wp-content\/uploads\/2025\/11\/Sylluna_dark-scaled.png","contentUrl":"https:\/\/sylluna.com\/wp-content\/uploads\/2025\/11\/Sylluna_dark-scaled.png","width":2500,"height":1221,"caption":"Sylluna | Magische Producten van Eigen Ontwerp"},"image":{"@id":"https:\/\/syllunanew.sitework.link\/de\/#\/schema\/logo\/image\/"}}]}},"_links":{"self":[{"href":"https:\/\/syllunanew.sitework.link\/de\/wp-json\/wp\/v2\/pages\/8957","targetHints":{"allow":["GET"]}}],"collection":[{"href":"https:\/\/syllunanew.sitework.link\/de\/wp-json\/wp\/v2\/pages"}],"about":[{"href":"https:\/\/syllunanew.sitework.link\/de\/wp-json\/wp\/v2\/types\/page"}],"author":[{"embeddable":true,"href":"https:\/\/syllunanew.sitework.link\/de\/wp-json\/wp\/v2\/users\/11"}],"replies":[{"embeddable":true,"href":"https:\/\/syllunanew.sitework.link\/de\/wp-json\/wp\/v2\/comments?post=8957"}],"version-history":[{"count":0,"href":"https:\/\/syllunanew.sitework.link\/de\/wp-json\/wp\/v2\/pages\/8957\/revisions"}],"up":[{"embeddable":true,"href":"https:\/\/syllunanew.sitework.link\/de\/wp-json\/wp\/v2\/pages\/2604"}],"wp:featuredmedia":[{"embeddable":true,"href":"https:\/\/syllunanew.sitework.link\/de\/wp-json\/wp\/v2\/media\/6936"}],"wp:attachment":[{"href":"https:\/\/syllunanew.sitework.link\/de\/wp-json\/wp\/v2\/media?parent=8957"}],"wp:term":[{"taxonomy":"category","embeddable":true,"href":"https:\/\/syllunanew.sitework.link\/de\/wp-json\/wp\/v2\/categories?post=8957"}],"curies":[{"name":"wp","href":"https:\/\/api.w.org\/{rel}","templated":true}]}}