{"id":8922,"date":"2025-10-20T10:21:20","date_gmt":"2025-10-20T08:21:20","guid":{"rendered":"https:\/\/sylluna.com\/meet-the-artist\/"},"modified":"2025-11-17T14:03:35","modified_gmt":"2025-11-17T13:03:35","slug":"meet-the-artist","status":"publish","type":"page","link":"https:\/\/syllunanew.sitework.link\/de\/ueber-sylluna\/meet-the-artist\/","title":{"rendered":"Meet the Artist"},"content":{"rendered":"<section class=\"tekst-afbeelding blokken\">\n    <img decoding=\"async\" src=\"https:\/\/syllunanew.sitework.link\/wp-content\/themes\/sitework\/images\/tak-nieuw.png\" alt=\"illustratie\" fetchpriority=\"high\" class=\"tak rechts scale-x-[-1] h-[50vh] md:h-[70vh] rotate-12 -top-40\" loading=\"lazy\">    <div class=\"relative container mx-auto gap-8 grid grid-cols-1 lg:grid-cols-2  gap-12 md:gap-16\">\n        <div class=\"relative flex items-center \">\n            <div class=\"text-wrapper py-0 lg:py-12 standaard-content\"><h2><strong>Meet the Magical Artist<\/strong><\/h2>\n<p>Hi! Mein Name ist Susanne.  Ich bin ein Magical Artist aus den Niederlanden, inspiriert von der Magie in und um uns herum. Von fallenden Bl\u00e4ttern im Wald bis zur tanzenden Flamme einer Kerze im Wohnzimmer \u2013 die Welt ist voller Wunder! Man muss nur genau hinschauen, um es im Alltag zu finden. In meiner Arbeit m\u00f6chte ich diese Magie sichtbar und sp\u00fcrbar machen. Ich m\u00f6chte dich gerne in eine Haltung des Staunens begleiten: eine Kombination aus Verbindung mit der Natur, einem Hauch von Spiritualit\u00e4t und dem lebendig Werden von Mythologie und Geschichten.<\/p>\n<p>Mein ganzes Leben habe ich gesp\u00fcrt, dass ich etwas damit machen wollte, aber lange Zeit wusste ich nicht wie. Es war eine Suche, doch ich habe meinen Weg gefunden \u2013 einen Weg im kreativen Bereich. \u201eSch\u00f6pferische Energie\u201c ist ein Wort und Antrieb, der genau zu mir passt. Mit einer Leidenschaft f\u00fcr Illustration und Design habe ich mich selbst den Titel \u201eMagical Artist\u201c gegeben. Eigene entworfene magische Produkte, direkt aus meinem Herzen geschaffen, voller Intention und Symbolik, speziell f\u00fcr dich.     <\/p>\n<p>&nbsp;<\/p>\n<h3 style=\"text-align: center;\">&#8220;Ich m\u00f6chte dich mit deinem wahren Selbst verbinden, die Magie in dir und um dich herum verst\u00e4rken und dich motivieren und inspirieren, mehr Magie in deinem Leben zu erfahren.&#8221;<\/h3>\n<\/div>        <\/div>\n        <div class=\"relative row-start-1 md:row-start-auto w-full h-full flex items-center \">\n            <div class=\"img-wrapper h-auto w-auto min-w-full relative\"><img decoding=\"async\" width=\"1875\" height=\"2500\" src=\"https:\/\/syllunanew.sitework.link\/wp-content\/uploads\/2025\/10\/Susanne-Boer-Magical-Artist-Sylluna.jpg\" class=\"w-full h-full object-cover\" alt=\"Susanne Boer Magical Artist Sylluna\" srcset=\"https:\/\/syllunanew.sitework.link\/wp-content\/uploads\/2025\/10\/Susanne-Boer-Magical-Artist-Sylluna.jpg 1875w, https:\/\/syllunanew.sitework.link\/wp-content\/uploads\/2025\/10\/Susanne-Boer-Magical-Artist-Sylluna-225x300.jpg 225w, https:\/\/syllunanew.sitework.link\/wp-content\/uploads\/2025\/10\/Susanne-Boer-Magical-Artist-Sylluna-768x1024.jpg 768w, https:\/\/syllunanew.sitework.link\/wp-content\/uploads\/2025\/10\/Susanne-Boer-Magical-Artist-Sylluna-1152x1536.jpg 1152w, https:\/\/syllunanew.sitework.link\/wp-content\/uploads\/2025\/10\/Susanne-Boer-Magical-Artist-Sylluna-1536x2048.jpg 1536w, https:\/\/syllunanew.sitework.link\/wp-content\/uploads\/2025\/10\/Susanne-Boer-Magical-Artist-Sylluna-300x400.jpg 300w\" sizes=\"auto, (max-width: 1875px) 100vw, 1875px\" \/ loading=\"lazy\"><\/div>        <\/div>\n    <\/div>\n<\/section>\n\n\n\n<section class=\"text-smoelen blokken\">\n    <div class=\"container mx-auto\">\n                    <div class=\"grid grid-cols-1 md:grid-cols-3 gap-8  lg:w-5\/6 mx-auto\">\n                                    <div class=\"standaard-content md:col-span-3\">\n                    <h2><strong>Meine Unternehmerreise<\/strong><\/h2>\n<p>F\u00fcr alle, die es interessiert, teile ich gerne meine Geschichte mit dir.<\/p>\n<h3>er Anfang: Kreativit\u00e4t aus Herz und Seele<\/h3>\n<p>Mit Kreativit\u00e4t und aus Herz und Seele m\u00f6chte ich einen Hauch Magie in die Welt bringen. Doch bevor ich dieses Ziel verfolgen konnte, habe ich einen langen Weg zur\u00fcckgelegt. Als ich mich 2014 unter dem Namen SB Designs bei der Handelskammer anmeldete, dachte ich (weil ich glaubte, im Bereich Fantasy\/Spirituelle Kunst keine Chance zu haben), dass ich mich auf den Grafik- und Gesch\u00e4ftsbereich konzentrieren sollte. Mein inneres Feuer f\u00fcr Illustration, Fantasy und Spiritualit\u00e4t war jedoch viel zu stark. Ich konnte es nicht vollst\u00e4ndig loslassen, und mein Unternehmen geriet in eine Zwickm\u00fchle. Einerseits die gesch\u00e4ftliche Seite, andererseits die Seite, zu der mein Herz geh\u00f6rte (aber von der ich bef\u00fcrchtete, dass ich davon nicht leben k\u00f6nnte).     <\/p>\n<p>&nbsp;<\/p>\n<h3>Die Trennung: Ein Zweiter Handelsname<\/h3>\n<p>Diese Zwickm\u00fchle f\u00fchrte im Mai 2016 zu einem zweiten Handelsnamen: SB Designs Creations. Damals hatte ich nicht lange \u00fcber diesen Namen nachgedacht, aber ich brauchte einfach einen anderen Handelsnamen, um eine Trennung zwischen meiner Arbeit f\u00fcr Gesch\u00e4ftskunden und meinen eigenen Kreationen zu schaffen. Pl\u00f6tzlich gab es Raum f\u00fcr all meine pers\u00f6nlichen Illustrationen und die Suche nach Wegen, diese in Produkte zu \u00fcbersetzen. Ich war nicht mehr in gesch\u00e4ftliche Rahmen gebunden, sondern erlebte ein Meer an Freiheit. Es war ein Schritt, den ich furchteinfl\u00f6\u00dfend fand, aber ein Schritt, der notwendig war, um meinem Herzen zu folgen.    <\/p>\n<p>&nbsp;<\/p>\n<h3>Suchen, Ausprobieren und Wachsen (2016\u20132018)<\/h3>\n<p>Ich habe viel Zeit damit verbracht, die visuelle Erscheinung von SB Designs Creations zu entwickeln und habe durch Versuch und Irrtum Entscheidungen \u00fcber Produkte und das Sortiment getroffen.<\/p>\n<p>Die Jahre 2016, 2017 und ein Teil von 2018 waren Zeiten, in denen ich wirklich auf der Suche war, wie ich die Richtung f\u00fcr Illustration, Fantasy, Spiritualit\u00e4t und meine eigenen entworfenen Produkte gestalten konnte. Ich habe alles M\u00f6gliche ausprobiert. Manche Dinge passten gut, andere lie\u00df ich wieder los. Auch tauchten bestimmte Dinge einfach auf meinem Weg auf. Die Kraft des Universums und Manifestation, so wie ich sie empfinde. Es war eine sehr unsichere Zeit, aber auch eine Herausforderung! Freiheit kann be\u00e4ngstigend sein! Doch die Begeisterung und das innere Feuer, das ich f\u00fchlte, best\u00e4tigten gleichzeitig, dass dies wirklich der richtige Weg f\u00fcr mich war. Gleichzeitig hatte ich viele pers\u00f6nliche Blockaden zu \u00fcberwinden (darunter offener \u00fcber Spiritualit\u00e4t zu sein), und meine Illustrationsf\u00e4higkeiten waren noch nicht auf dem Niveau, das ich mir w\u00fcnschte. Der Mut verlie\u00df mich mehr als einmal, besonders wenn ich R\u00fcckschl\u00e4ge erlebte.         <\/p>\n<p>&nbsp;<\/p>\n<h3>Die Ersten Webshops: Etsy und Eigene Website<\/h3>\n<p>Mit diesem zweiten Handelsnamen sp\u00fcrte ich auch die Freiheit, meinen eigenen Webshop zu er\u00f6ffnen. Es begann mit einem Etsy-Shop im Mai 2016. Anfangs gab es nur ein bis zwei Bestellungen pro Monat, doch das wuchs schnell. Au\u00dferdem hatte ich den Wunsch nach einem eigenen Webshop. Mit ein wenig Ausprobieren und etwas Hilfe von Freunden und Bekannten entstand 2018 mein eigener Webshop.    <\/p>\n<p>&nbsp;<\/p>\n<h3>Jahre der Veranstaltungen<\/h3>\n<p>In den folgenden Jahren habe ich mich eine Zeit lang auf die Eventbranche konzentriert. In dieser Zeit besuchte ich viele Veranstaltungen (Fantasy-, spirituelle und Comic-Con-Events), auf denen ich meine Produkte an einem Stand verkaufte. Von kleinen Veranstaltungen bis hin zu gr\u00f6\u00dferen Namen wie Heroes Dutch Comic Con in Utrecht. Obwohl es mir sehr viel Freude bereitete, diese Veranstaltungen mit einem Stand zu betreiben, f\u00fchrte es auch dazu, dass ich eigentlich zu wenig Zeit hatte, meinen Webshop mit all meinen Produkten richtig zu f\u00fcllen (und zu pflegen). Vorerst habe ich die Veranstaltungen der Pflege meines Webshops vorgezogen.    <\/p>\n<p>&nbsp;<\/p>\n<h3>Eine Anspruchsvolle Pers\u00f6nliche Phase<\/h3>\n<p>Danach durchlebte ich pers\u00f6nlich eine ziemlich heftige Phase. W\u00e4hrend es beruflich ganz gut lief, lief es privat deutlich schlechter. Mein ganzes Leben stand Kopf. Eine 13,5-j\u00e4hrige Beziehung ging zu Ende, ich hatte keine Ahnung, was die Zukunft bringen w\u00fcrde, ich hatte vor\u00fcbergehend weder ein Zuhause noch einen Arbeitsplatz (gl\u00fccklicherweise konnte ich bei Freunden unterkommen), und als ob das nicht genug w\u00e4re, \u00e4nderte Etsy etwas, wodurch meine Verk\u00e4ufe um 50 % einbrachen (damals war Etsy noch mein gr\u00f6\u00dfter Vertriebskanal). Es gibt viele Nuancen und tiefere Schichten in dieser Geschichte, aber dies ist die Kurzversion. Wenn es etwas gibt, das ich aus dieser intensiven Phase gelernt habe, dann dies:     <\/p>\n<p>&nbsp;<\/p>\n<h3 style=\"text-align: center;\">&#8220;Egal wie schwer oder unangenehm es auch ist,<\/h3>\n<h3 style=\"text-align: center;\">bleibe immer deinem eigenen inneren Gef\u00fchl treu.<\/h3>\n<h3 style=\"text-align: center;\">Denn wenn du es ignorierst,<\/h3>\n<h3 style=\"text-align: center;\">zahlst du sp\u00e4ter den Preis daf\u00fcr.&#8221;<\/h3>\n<p>&nbsp;<\/p>\n<p>Egal wie schwierig es ist und wen du damit entt\u00e4uschen k\u00f6nntest, dein inneres Gef\u00fchl m\u00f6chte geh\u00f6rt werden. Das bedeutet nicht, dass du deine Gef\u00fchle grob oder r\u00fccksichtslos ausdr\u00fccken sollst, aber wenn du etwas tief in dir f\u00fchlst, ist es etwas, dem du Aufmerksamkeit schenken solltest. Dann liegt es an dir herauszufinden, woher dieses Gef\u00fchl kommt und was es dir sagen m\u00f6chte. Du kannst es eine Zeit lang ignorieren, aber letztendlich wird dich das Gef\u00fchl einholen, und du kannst dich nicht mehr hinter einer Maske verstecken.   <\/p>\n<p>Ver\u00e4nderung kann sich sehr unangenehm anf\u00fchlen \u2013 glaub mir, ich wei\u00df wirklich, wovon ich spreche. Aber gerade in diesen Momenten k\u00f6nnen wir als Menschen wirklich wachsen. Und es ist furchteinfl\u00f6\u00dfend, ich wei\u00df! Ich habe mich oft an dieses Zitat gehalten: \u201eFear can have two meanings: Forget Everything And Run or Face Everything And Rise.\u201c Mein Rat: Stell dich ihm!    <\/p>\n<p>&nbsp;<\/p>\n<h3>Eine Neue Grundlage: Vom \u00dcberleben zum Wachsen<\/h3>\n<p>Die intensive Phase in meinem Privatleben f\u00fchrte dazu, dass ich beruflich nur noch am \u00dcberleben war. Keine Entwicklungen, keine Strategie, kein Wachstum, keine Zukunftspl\u00e4ne\u2014nur \u00dcberleben. Als wieder Ruhe in mein Privatleben einkehrte, mit einem lieben Partner, einem sch\u00f6nen Zuhause und einer angenehmen Umgebung, entstand auch wieder Raum f\u00fcr mein Unternehmen. Meine Begeisterung kehrte zur\u00fcck, mein inneres Feuer kam zur\u00fcck, und ich wollte mich wieder voll und ganz engagieren.   <\/p>\n<p>Von diesem Moment an tauchte ich tiefer in mein Unternehmen ein als je zuvor. Was wollte ich wirklich? Wohin wollte ich wirklich gehen? Und welchen Herausforderungen stand ich wirklich gegen\u00fcber? Veranstaltungen machten Spa\u00df, waren aber auch intensiv. Als ich schwanger wurde mit Kleiner Drache (unserer lieben Tochter), kam eine neue Priorit\u00e4t hinzu.     <\/p>\n<p>Erst dann wagte ich es wirklich, meinen eigenen Webshop auszubauen. Es hatte bereits eine Verschiebung gegeben, bei der mein Webshop zu meiner Hauptverkaufsplattform geworden war, und diese wollte ich fortsetzen. Mein aktueller Webshop hatte eine 10 Jahre alte Vorlage. Hier und da tauchten st\u00e4ndig Fehlermeldungen auf, ganz zu schweigen von der Mehrsprachigkeitsfunktion, die es schaffte, meinen gesamten Shop bei Aktivierung lahmzulegen. So konnte es nicht weitergehen.    <\/p>\n<p>Und dann stellte sich die Frage: Was will ich wirklich? Ich m\u00f6chte unbedingt kreieren und sch\u00f6ne Produkte herstellen, aber ich m\u00f6chte auch die Sicherheit einer soliden und zuverl\u00e4ssigen Plattform sp\u00fcren. Und die hatte ich einfach nicht. Immer wenn ich neue Produkte hinzuf\u00fcgte, war die Frage, ob alles funktionieren w\u00fcrde und ob mein Shop online bleiben w\u00fcrde. Diese Unsicherheit ist unglaublich demotivierend, kann ich dir sagen.    <\/p>\n<p>Die Schlussfolgerung: Ich m\u00f6chte einen zuverl\u00e4ssigen magischen Webshop, in dem ich all meine Produkte anbieten kann und der eine solide Grundlage f\u00fcr mein Unternehmen bietet. Von dort aus machte ich mich an die Arbeit und begann die Suche nach einem Partner, um diese Website erstellen zu lassen. <\/p>\n<p>&nbsp;<\/p>\n<h3>Von SB Designs Creations zu Sylluna<\/h3>\n<p>Und w\u00e4hrend die ersten Rahmen f\u00fcr den neuen Webshop gebaut wurden, kam zum gef\u00fchlt x-ten Mal ein Bauchgef\u00fchl bez\u00fcglich meines Firmennamens auf. SB Designs Creations war aus der Not heraus geboren, ohne dass ich viel \u00fcber den Namen nachgedacht hatte. Ich hatte schnell einen zweiten Firmennamen gebraucht. Aber wirklich magisch oder besonders klang dieser Name nicht. Ich hatte schon \u00f6fter dar\u00fcber nachgedacht, den Namen zu \u00e4ndern, aber ich sah viel zu viele Hindernisse. Mein Logo war auf allen Produkten, der Name wurde \u00fcberall verwendet. Ich hatte nicht die Energie, ihn zu \u00e4ndern.<br \/>Und jetzt? Jetzt hatte ich pl\u00f6tzlich das Feuer, die Energie und Motivation, es zu tun. Meine Logik war ebenfalls: Jetzt, da ein komplett neuer Webshop entsteht, ist dies wirklich die perfekte Gelegenheit. WENN ich das will, ist der Moment JETZT. Und so entschied ich mich f\u00fcr den magischen Markennamen Sylluna. Ein Markenname, der aus der Kombination zweier lateinischer W\u00f6rter besteht: Syl, eine alternative Schreibweise von Sil\u2013Silva, was Wald\/B\u00e4ume bedeutet, und Luna, was Mond bedeutet.               <\/p>\n<p>Und mit diesem perfekten neuen Markennamen hat ein neues Kapitel begonnen! Sylluna gibt mir den Raum, dieses Unternehmen in v\u00f6lliger Freiheit weiter auszubauen, mehr Magie in die Welt zu bringen und das Staunen am Leben im Alltag zu zeigen.  <\/p>\n<p>&nbsp;<\/p>\n<h3 style=\"text-align: center;\">&#8220;DO THE UNIVERSE A FAVOR, DON&#8217;T HIDE YOUR MAGICK.&#8221;<\/h3>\n<p>Magische Gr\u00fc\u00dfe,<\/p>\n<p>Susanne<\/p>\n<p><em>Magical Artist bei Sylluna<\/em><\/p>\n                    <\/div>\n                            <\/div>   \n            <\/div>    \n<\/section>\n","protected":false},"excerpt":{"rendered":"","protected":false},"author":11,"featured_media":7217,"parent":2604,"menu_order":0,"comment_status":"closed","ping_status":"closed","template":"","meta":{"_acf_changed":false,"_glsr_average":0,"_glsr_ranking":0,"_glsr_reviews":0,"footnotes":""},"categories":[],"class_list":["post-8922","page","type-page","status-publish","has-post-thumbnail","hentry"],"acf":[],"yoast_head":"<!-- This site is optimized with the Yoast SEO plugin v27.4 - https:\/\/yoast.com\/product\/yoast-seo-wordpress\/ -->\n<title>Meet the Artist | Sylluna<\/title>\n<meta name=\"robots\" content=\"index, follow, max-snippet:-1, max-image-preview:large, max-video-preview:-1\" \/>\n<link rel=\"canonical\" href=\"https:\/\/syllunanew.sitework.link\/de\/ueber-sylluna\/meet-the-artist\/\" \/>\n<meta property=\"og:locale\" content=\"nl_NL\" \/>\n<meta property=\"og:type\" content=\"article\" \/>\n<meta property=\"og:title\" content=\"Meet the Artist | Sylluna\" \/>\n<meta property=\"og:url\" content=\"https:\/\/syllunanew.sitework.link\/de\/ueber-sylluna\/meet-the-artist\/\" \/>\n<meta property=\"og:site_name\" content=\"Sylluna\" \/>\n<meta property=\"article:modified_time\" content=\"2025-11-17T13:03:35+00:00\" \/>\n<meta property=\"og:image\" content=\"https:\/\/syllunanew.sitework.link\/wp-content\/uploads\/2025\/11\/De-Zon-Thema-Producten-Sylluna.jpg\" \/>\n\t<meta property=\"og:image:width\" content=\"2000\" \/>\n\t<meta property=\"og:image:height\" content=\"2000\" \/>\n\t<meta property=\"og:image:type\" content=\"image\/jpeg\" \/>\n<meta name=\"twitter:card\" content=\"summary_large_image\" \/>\n<script type=\"application\/ld+json\" class=\"yoast-schema-graph\">{\"@context\":\"https:\\\/\\\/schema.org\",\"@graph\":[{\"@type\":\"WebPage\",\"@id\":\"https:\\\/\\\/syllunanew.sitework.link\\\/de\\\/ueber-sylluna\\\/meet-the-artist\\\/\",\"url\":\"https:\\\/\\\/syllunanew.sitework.link\\\/de\\\/ueber-sylluna\\\/meet-the-artist\\\/\",\"name\":\"Meet the Artist | Sylluna\",\"isPartOf\":{\"@id\":\"https:\\\/\\\/syllunanew.sitework.link\\\/de\\\/#website\"},\"primaryImageOfPage\":{\"@id\":\"https:\\\/\\\/syllunanew.sitework.link\\\/de\\\/ueber-sylluna\\\/meet-the-artist\\\/#primaryimage\"},\"image\":{\"@id\":\"https:\\\/\\\/syllunanew.sitework.link\\\/de\\\/ueber-sylluna\\\/meet-the-artist\\\/#primaryimage\"},\"thumbnailUrl\":\"https:\\\/\\\/syllunanew.sitework.link\\\/wp-content\\\/uploads\\\/2025\\\/11\\\/De-Zon-Thema-Producten-Sylluna.jpg\",\"datePublished\":\"2025-10-20T08:21:20+00:00\",\"dateModified\":\"2025-11-17T13:03:35+00:00\",\"breadcrumb\":{\"@id\":\"https:\\\/\\\/syllunanew.sitework.link\\\/de\\\/ueber-sylluna\\\/meet-the-artist\\\/#breadcrumb\"},\"inLanguage\":\"nl-NL\",\"potentialAction\":[{\"@type\":\"ReadAction\",\"target\":[\"https:\\\/\\\/syllunanew.sitework.link\\\/de\\\/ueber-sylluna\\\/meet-the-artist\\\/\"]}]},{\"@type\":\"ImageObject\",\"inLanguage\":\"nl-NL\",\"@id\":\"https:\\\/\\\/syllunanew.sitework.link\\\/de\\\/ueber-sylluna\\\/meet-the-artist\\\/#primaryimage\",\"url\":\"https:\\\/\\\/syllunanew.sitework.link\\\/wp-content\\\/uploads\\\/2025\\\/11\\\/De-Zon-Thema-Producten-Sylluna.jpg\",\"contentUrl\":\"https:\\\/\\\/syllunanew.sitework.link\\\/wp-content\\\/uploads\\\/2025\\\/11\\\/De-Zon-Thema-Producten-Sylluna.jpg\",\"width\":2000,\"height\":2000,\"caption\":\"De Zon Thema Producten Sylluna\"},{\"@type\":\"BreadcrumbList\",\"@id\":\"https:\\\/\\\/syllunanew.sitework.link\\\/de\\\/ueber-sylluna\\\/meet-the-artist\\\/#breadcrumb\",\"itemListElement\":[{\"@type\":\"ListItem\",\"position\":1,\"name\":\"Home\",\"item\":\"https:\\\/\\\/syllunanew.sitework.link\\\/de\\\/\"},{\"@type\":\"ListItem\",\"position\":2,\"name\":\"\u00dcber Sylluna\",\"item\":\"https:\\\/\\\/syllunanew.sitework.link\\\/de\\\/ueber-sylluna\\\/\"},{\"@type\":\"ListItem\",\"position\":3,\"name\":\"Meet the Artist\"}]},{\"@type\":\"WebSite\",\"@id\":\"https:\\\/\\\/syllunanew.sitework.link\\\/de\\\/#website\",\"url\":\"https:\\\/\\\/syllunanew.sitework.link\\\/de\\\/\",\"name\":\"Sylluna | Magische Producten van Eigen Ontwerp\",\"description\":\"Uniek. Magisch. Met betekenis.\",\"publisher\":{\"@id\":\"https:\\\/\\\/syllunanew.sitework.link\\\/de\\\/#organization\"},\"alternateName\":\"Sylluna\",\"potentialAction\":[{\"@type\":\"SearchAction\",\"target\":{\"@type\":\"EntryPoint\",\"urlTemplate\":\"https:\\\/\\\/syllunanew.sitework.link\\\/de\\\/?s={search_term_string}\"},\"query-input\":{\"@type\":\"PropertyValueSpecification\",\"valueRequired\":true,\"valueName\":\"search_term_string\"}}],\"inLanguage\":\"nl-NL\"},{\"@type\":\"Organization\",\"@id\":\"https:\\\/\\\/syllunanew.sitework.link\\\/de\\\/#organization\",\"name\":\"Sylluna | Magische Producten van Eigen Ontwerp\",\"url\":\"https:\\\/\\\/syllunanew.sitework.link\\\/de\\\/\",\"logo\":{\"@type\":\"ImageObject\",\"inLanguage\":\"nl-NL\",\"@id\":\"https:\\\/\\\/syllunanew.sitework.link\\\/de\\\/#\\\/schema\\\/logo\\\/image\\\/\",\"url\":\"https:\\\/\\\/sylluna.com\\\/wp-content\\\/uploads\\\/2025\\\/11\\\/Sylluna_dark-scaled.png\",\"contentUrl\":\"https:\\\/\\\/sylluna.com\\\/wp-content\\\/uploads\\\/2025\\\/11\\\/Sylluna_dark-scaled.png\",\"width\":2500,\"height\":1221,\"caption\":\"Sylluna | Magische Producten van Eigen Ontwerp\"},\"image\":{\"@id\":\"https:\\\/\\\/syllunanew.sitework.link\\\/de\\\/#\\\/schema\\\/logo\\\/image\\\/\"}}]}<\/script>\n<!-- \/ Yoast SEO plugin. -->","yoast_head_json":{"title":"Meet the Artist | Sylluna","robots":{"index":"index","follow":"follow","max-snippet":"max-snippet:-1","max-image-preview":"max-image-preview:large","max-video-preview":"max-video-preview:-1"},"canonical":"https:\/\/syllunanew.sitework.link\/de\/ueber-sylluna\/meet-the-artist\/","og_locale":"nl_NL","og_type":"article","og_title":"Meet the Artist | Sylluna","og_url":"https:\/\/syllunanew.sitework.link\/de\/ueber-sylluna\/meet-the-artist\/","og_site_name":"Sylluna","article_modified_time":"2025-11-17T13:03:35+00:00","og_image":[{"width":2000,"height":2000,"url":"https:\/\/syllunanew.sitework.link\/wp-content\/uploads\/2025\/11\/De-Zon-Thema-Producten-Sylluna.jpg","type":"image\/jpeg"}],"twitter_card":"summary_large_image","schema":{"@context":"https:\/\/schema.org","@graph":[{"@type":"WebPage","@id":"https:\/\/syllunanew.sitework.link\/de\/ueber-sylluna\/meet-the-artist\/","url":"https:\/\/syllunanew.sitework.link\/de\/ueber-sylluna\/meet-the-artist\/","name":"Meet the Artist | Sylluna","isPartOf":{"@id":"https:\/\/syllunanew.sitework.link\/de\/#website"},"primaryImageOfPage":{"@id":"https:\/\/syllunanew.sitework.link\/de\/ueber-sylluna\/meet-the-artist\/#primaryimage"},"image":{"@id":"https:\/\/syllunanew.sitework.link\/de\/ueber-sylluna\/meet-the-artist\/#primaryimage"},"thumbnailUrl":"https:\/\/syllunanew.sitework.link\/wp-content\/uploads\/2025\/11\/De-Zon-Thema-Producten-Sylluna.jpg","datePublished":"2025-10-20T08:21:20+00:00","dateModified":"2025-11-17T13:03:35+00:00","breadcrumb":{"@id":"https:\/\/syllunanew.sitework.link\/de\/ueber-sylluna\/meet-the-artist\/#breadcrumb"},"inLanguage":"nl-NL","potentialAction":[{"@type":"ReadAction","target":["https:\/\/syllunanew.sitework.link\/de\/ueber-sylluna\/meet-the-artist\/"]}]},{"@type":"ImageObject","inLanguage":"nl-NL","@id":"https:\/\/syllunanew.sitework.link\/de\/ueber-sylluna\/meet-the-artist\/#primaryimage","url":"https:\/\/syllunanew.sitework.link\/wp-content\/uploads\/2025\/11\/De-Zon-Thema-Producten-Sylluna.jpg","contentUrl":"https:\/\/syllunanew.sitework.link\/wp-content\/uploads\/2025\/11\/De-Zon-Thema-Producten-Sylluna.jpg","width":2000,"height":2000,"caption":"De Zon Thema Producten Sylluna"},{"@type":"BreadcrumbList","@id":"https:\/\/syllunanew.sitework.link\/de\/ueber-sylluna\/meet-the-artist\/#breadcrumb","itemListElement":[{"@type":"ListItem","position":1,"name":"Home","item":"https:\/\/syllunanew.sitework.link\/de\/"},{"@type":"ListItem","position":2,"name":"\u00dcber Sylluna","item":"https:\/\/syllunanew.sitework.link\/de\/ueber-sylluna\/"},{"@type":"ListItem","position":3,"name":"Meet the Artist"}]},{"@type":"WebSite","@id":"https:\/\/syllunanew.sitework.link\/de\/#website","url":"https:\/\/syllunanew.sitework.link\/de\/","name":"Sylluna | Magische Producten van Eigen Ontwerp","description":"Uniek. Magisch. Met betekenis.","publisher":{"@id":"https:\/\/syllunanew.sitework.link\/de\/#organization"},"alternateName":"Sylluna","potentialAction":[{"@type":"SearchAction","target":{"@type":"EntryPoint","urlTemplate":"https:\/\/syllunanew.sitework.link\/de\/?s={search_term_string}"},"query-input":{"@type":"PropertyValueSpecification","valueRequired":true,"valueName":"search_term_string"}}],"inLanguage":"nl-NL"},{"@type":"Organization","@id":"https:\/\/syllunanew.sitework.link\/de\/#organization","name":"Sylluna | Magische Producten van Eigen Ontwerp","url":"https:\/\/syllunanew.sitework.link\/de\/","logo":{"@type":"ImageObject","inLanguage":"nl-NL","@id":"https:\/\/syllunanew.sitework.link\/de\/#\/schema\/logo\/image\/","url":"https:\/\/sylluna.com\/wp-content\/uploads\/2025\/11\/Sylluna_dark-scaled.png","contentUrl":"https:\/\/sylluna.com\/wp-content\/uploads\/2025\/11\/Sylluna_dark-scaled.png","width":2500,"height":1221,"caption":"Sylluna | Magische Producten van Eigen Ontwerp"},"image":{"@id":"https:\/\/syllunanew.sitework.link\/de\/#\/schema\/logo\/image\/"}}]}},"_links":{"self":[{"href":"https:\/\/syllunanew.sitework.link\/de\/wp-json\/wp\/v2\/pages\/8922","targetHints":{"allow":["GET"]}}],"collection":[{"href":"https:\/\/syllunanew.sitework.link\/de\/wp-json\/wp\/v2\/pages"}],"about":[{"href":"https:\/\/syllunanew.sitework.link\/de\/wp-json\/wp\/v2\/types\/page"}],"author":[{"embeddable":true,"href":"https:\/\/syllunanew.sitework.link\/de\/wp-json\/wp\/v2\/users\/11"}],"replies":[{"embeddable":true,"href":"https:\/\/syllunanew.sitework.link\/de\/wp-json\/wp\/v2\/comments?post=8922"}],"version-history":[{"count":0,"href":"https:\/\/syllunanew.sitework.link\/de\/wp-json\/wp\/v2\/pages\/8922\/revisions"}],"up":[{"embeddable":true,"href":"https:\/\/syllunanew.sitework.link\/de\/wp-json\/wp\/v2\/pages\/2604"}],"wp:featuredmedia":[{"embeddable":true,"href":"https:\/\/syllunanew.sitework.link\/de\/wp-json\/wp\/v2\/media\/7217"}],"wp:attachment":[{"href":"https:\/\/syllunanew.sitework.link\/de\/wp-json\/wp\/v2\/media?parent=8922"}],"wp:term":[{"taxonomy":"category","embeddable":true,"href":"https:\/\/syllunanew.sitework.link\/de\/wp-json\/wp\/v2\/categories?post=8922"}],"curies":[{"name":"wp","href":"https:\/\/api.w.org\/{rel}","templated":true}]}}