{"id":3423,"date":"2025-07-02T16:34:29","date_gmt":"2025-07-02T14:34:29","guid":{"rendered":"https:\/\/sylluna.com\/informationen-zum-produkt\/"},"modified":"2026-02-11T14:45:36","modified_gmt":"2026-02-11T13:45:36","slug":"produktinformationen","status":"publish","type":"page","link":"https:\/\/syllunanew.sitework.link\/de\/produktinformationen\/","title":{"rendered":"Informationen zum Produkt"},"content":{"rendered":"<script>console.log(\"https:\\\/\\\/sylluna.com\\\/productinformatie\\\/geboortekaartjes-collectie-informatie\\\/\");<\/script><section class=\"tekst-afbeelding blokken\">\n    <img decoding=\"async\" src=\"https:\/\/syllunanew.sitework.link\/wp-content\/themes\/sitework\/images\/tak-nieuw.png\" alt=\"illustratie\" fetchpriority=\"high\" class=\"tak rechts scale-x-[-1] h-[50vh] md:h-[70vh] rotate-12 -top-40\" loading=\"lazy\">    <div class=\"relative container mx-auto gap-8 grid grid-cols-1 lg:grid-cols-3 gap-12 md:gap-16\">\n        <div class=\"relative flex items-center lg:col-span-2\">\n            <div class=\"text-wrapper py-0 lg:py-12 standaard-content\"><h3>Geburtskarten Kollektion Information &amp; Inspiration<\/h3>\n<p>Zus\u00e4tzliche Informationen &amp; Inspiration f\u00fcr die Geburtskartenkollektion von Sylluna.<\/p>\n<div class=\"buttons flex flex-row flex-wrap gap-4\"><a href=\"https:\/\/sylluna.com\/productinformatie\/geboortekaartjes-collectie-informatie\/\" class=\"btn flex w-fit self-start mt-4\" target=\"_self\">Geboortekaartjes Collectie Informatie<\/a><\/div><\/div>        <\/div>\n        <div class=\"relative row-start-1 md:row-start-auto w-full h-full flex items-center \">\n            <div class=\"img-wrapper h-auto w-auto min-w-full relative\"><img decoding=\"async\" width=\"2000\" height=\"2000\" src=\"https:\/\/syllunanew.sitework.link\/wp-content\/uploads\/2025\/11\/Geboortekaartjes-Thema-Dieren-Sylluna.jpg\" class=\"w-full h-full object-cover\" alt=\"Geboortekaartjes-Thema-Dieren-Sylluna\" srcset=\"https:\/\/syllunanew.sitework.link\/wp-content\/uploads\/2025\/11\/Geboortekaartjes-Thema-Dieren-Sylluna.jpg 2000w, https:\/\/syllunanew.sitework.link\/wp-content\/uploads\/2025\/11\/Geboortekaartjes-Thema-Dieren-Sylluna-300x300.jpg 300w, https:\/\/syllunanew.sitework.link\/wp-content\/uploads\/2025\/11\/Geboortekaartjes-Thema-Dieren-Sylluna-1024x1024.jpg 1024w, https:\/\/syllunanew.sitework.link\/wp-content\/uploads\/2025\/11\/Geboortekaartjes-Thema-Dieren-Sylluna-150x150.jpg 150w, https:\/\/syllunanew.sitework.link\/wp-content\/uploads\/2025\/11\/Geboortekaartjes-Thema-Dieren-Sylluna-768x768.jpg 768w, https:\/\/syllunanew.sitework.link\/wp-content\/uploads\/2025\/11\/Geboortekaartjes-Thema-Dieren-Sylluna-1536x1536.jpg 1536w, https:\/\/syllunanew.sitework.link\/wp-content\/uploads\/2025\/11\/Geboortekaartjes-Thema-Dieren-Sylluna-600x600.jpg 600w, https:\/\/syllunanew.sitework.link\/wp-content\/uploads\/2025\/11\/Geboortekaartjes-Thema-Dieren-Sylluna-100x100.jpg 100w\" sizes=\"auto, (max-width: 2000px) 100vw, 2000px\" \/ loading=\"lazy\"><\/div>        <\/div>\n    <\/div>\n<\/section>\n\n<script>console.log(\"https:\\\/\\\/sylluna.com\\\/productinformatie\\\/sieraden-informatie\\\/\");<\/script><section class=\"tekst-afbeelding blokken\">\n    <img decoding=\"async\" src=\"https:\/\/syllunanew.sitework.link\/wp-content\/themes\/sitework\/images\/tak-nieuw.png\" alt=\"illustratie\" fetchpriority=\"high\" class=\"tak rechts scale-x-[-1] h-[50vh] md:h-[70vh] rotate-12 -top-40\" loading=\"lazy\">    <div class=\"relative container mx-auto gap-8 grid grid-cols-1 lg:grid-cols-3 gap-12 md:gap-16\">\n        <div class=\"relative flex items-center lg:col-span-2\">\n            <div class=\"text-wrapper py-0 lg:py-12 standaard-content\"><h3>Schmuckinformationen<\/h3>\n<p>Zus\u00e4tzliche Informationen \u00fcber die Schmuckkollektion von Sylluna.<\/p>\n<div class=\"buttons flex flex-row flex-wrap gap-4\"><a href=\"https:\/\/sylluna.com\/productinformatie\/sieraden-informatie\/\" class=\"btn flex w-fit self-start mt-4\" target=\"_self\">Geboortekaartjes Collectie Informatie<\/a><\/div><\/div>        <\/div>\n        <div class=\"relative row-start-1 md:row-start-auto w-full h-full flex items-center \">\n            <div class=\"img-wrapper h-auto w-auto min-w-full relative\"><img decoding=\"async\" width=\"1500\" height=\"1500\" src=\"https:\/\/syllunanew.sitework.link\/wp-content\/uploads\/2025\/08\/Kettingen-Fantasy-sieraden-Pagan-sieraden-SB-Designs-Creations.jpg\" class=\"w-full h-full object-cover\" alt=\"Kettingen - Fantasy sieraden - Pagan sieraden - SB Designs Creations\" srcset=\"https:\/\/syllunanew.sitework.link\/wp-content\/uploads\/2025\/08\/Kettingen-Fantasy-sieraden-Pagan-sieraden-SB-Designs-Creations.jpg 1500w, https:\/\/syllunanew.sitework.link\/wp-content\/uploads\/2025\/08\/Kettingen-Fantasy-sieraden-Pagan-sieraden-SB-Designs-Creations-300x300.jpg 300w, https:\/\/syllunanew.sitework.link\/wp-content\/uploads\/2025\/08\/Kettingen-Fantasy-sieraden-Pagan-sieraden-SB-Designs-Creations-1024x1024.jpg 1024w, https:\/\/syllunanew.sitework.link\/wp-content\/uploads\/2025\/08\/Kettingen-Fantasy-sieraden-Pagan-sieraden-SB-Designs-Creations-150x150.jpg 150w, https:\/\/syllunanew.sitework.link\/wp-content\/uploads\/2025\/08\/Kettingen-Fantasy-sieraden-Pagan-sieraden-SB-Designs-Creations-768x768.jpg 768w, https:\/\/syllunanew.sitework.link\/wp-content\/uploads\/2025\/08\/Kettingen-Fantasy-sieraden-Pagan-sieraden-SB-Designs-Creations-600x600.jpg 600w, https:\/\/syllunanew.sitework.link\/wp-content\/uploads\/2025\/08\/Kettingen-Fantasy-sieraden-Pagan-sieraden-SB-Designs-Creations-100x100.jpg 100w\" sizes=\"auto, (max-width: 1500px) 100vw, 1500px\" \/ loading=\"lazy\"><\/div>        <\/div>\n    <\/div>\n<\/section>\n\n<script>console.log(\"https:\\\/\\\/sylluna.com\\\/productinformatie\\\/alles-over-de-magische-tassen-van-sylluna\\\/\");<\/script><section class=\"tekst-afbeelding blokken\">\n    <img decoding=\"async\" src=\"https:\/\/syllunanew.sitework.link\/wp-content\/themes\/sitework\/images\/tak-nieuw.png\" alt=\"illustratie\" fetchpriority=\"high\" class=\"tak rechts scale-x-[-1] h-[50vh] md:h-[70vh] rotate-12 -top-40\" loading=\"lazy\">    <div class=\"relative container mx-auto gap-8 grid grid-cols-1 lg:grid-cols-3 gap-12 md:gap-16\">\n        <div class=\"relative flex items-center lg:col-span-2\">\n            <div class=\"text-wrapper py-0 lg:py-12 standaard-content\"><h3>Tascheninformationen<\/h3>\n<p>Alles \u00fcber die magische Taschenkollektion von Sylluna. Informationen zu Gr\u00f6\u00dfen, Materialien, Pflege und dem austauschbaren Klappensystem. <\/p>\n<div class=\"buttons flex flex-row flex-wrap gap-4\"><a href=\"https:\/\/sylluna.com\/productinformatie\/alles-over-de-magische-tassen-van-sylluna\/\" class=\"btn flex w-fit self-start mt-4\" target=\"_self\">Tassen Informatie<\/a><\/div><\/div>        <\/div>\n        <div class=\"relative row-start-1 md:row-start-auto w-full h-full flex items-center \">\n            <div class=\"img-wrapper h-auto w-auto min-w-full relative\"><img decoding=\"async\" width=\"1000\" height=\"1000\" src=\"https:\/\/syllunanew.sitework.link\/wp-content\/uploads\/2026\/02\/Jaarwiel-Groen-Magische-Schoudertas-Vierkant-Groot.jpg\" class=\"w-full h-full object-cover\" alt=\"Gr\u00fcner Jahreskreis \u2013 Magische gro\u00dfe quadratische Schultertasche\" srcset=\"https:\/\/syllunanew.sitework.link\/wp-content\/uploads\/2026\/02\/Jaarwiel-Groen-Magische-Schoudertas-Vierkant-Groot.jpg 1000w, https:\/\/syllunanew.sitework.link\/wp-content\/uploads\/2026\/02\/Jaarwiel-Groen-Magische-Schoudertas-Vierkant-Groot-300x300.jpg 300w, https:\/\/syllunanew.sitework.link\/wp-content\/uploads\/2026\/02\/Jaarwiel-Groen-Magische-Schoudertas-Vierkant-Groot-150x150.jpg 150w, https:\/\/syllunanew.sitework.link\/wp-content\/uploads\/2026\/02\/Jaarwiel-Groen-Magische-Schoudertas-Vierkant-Groot-768x768.jpg 768w, https:\/\/syllunanew.sitework.link\/wp-content\/uploads\/2026\/02\/Jaarwiel-Groen-Magische-Schoudertas-Vierkant-Groot-600x600.jpg 600w, https:\/\/syllunanew.sitework.link\/wp-content\/uploads\/2026\/02\/Jaarwiel-Groen-Magische-Schoudertas-Vierkant-Groot-100x100.jpg 100w\" sizes=\"auto, (max-width: 1000px) 100vw, 1000px\" \/ loading=\"lazy\"><\/div>        <\/div>\n    <\/div>\n<\/section>\n\n","protected":false},"excerpt":{"rendered":"","protected":false},"author":1,"featured_media":0,"parent":0,"menu_order":0,"comment_status":"closed","ping_status":"closed","template":"","meta":{"_acf_changed":false,"_glsr_average":0,"_glsr_ranking":0,"_glsr_reviews":0,"footnotes":""},"categories":[],"class_list":["post-3423","page","type-page","status-publish","hentry"],"acf":[],"yoast_head":"<!-- This site is optimized with the Yoast SEO plugin v27.4 - https:\/\/yoast.com\/product\/yoast-seo-wordpress\/ -->\n<title>Informationen zum Produkt | Sylluna<\/title>\n<meta name=\"robots\" content=\"index, follow, max-snippet:-1, max-image-preview:large, max-video-preview:-1\" \/>\n<link rel=\"canonical\" href=\"https:\/\/syllunanew.sitework.link\/de\/produktinformationen\/\" \/>\n<meta property=\"og:locale\" content=\"de_DE\" \/>\n<meta property=\"og:type\" content=\"article\" \/>\n<meta property=\"og:title\" content=\"Informationen zum Produkt | Sylluna\" \/>\n<meta property=\"og:url\" content=\"https:\/\/syllunanew.sitework.link\/de\/produktinformationen\/\" \/>\n<meta property=\"og:site_name\" content=\"Sylluna\" \/>\n<meta property=\"article:modified_time\" content=\"2026-02-11T13:45:36+00:00\" \/>\n<meta property=\"og:image\" content=\"https:\/\/syllunanew.sitework.link\/wp-content\/uploads\/2025\/11\/Sylluna_dark-scaled.png\" \/>\n\t<meta property=\"og:image:width\" content=\"2500\" \/>\n\t<meta property=\"og:image:height\" content=\"1221\" \/>\n\t<meta property=\"og:image:type\" content=\"image\/png\" \/>\n<meta name=\"twitter:card\" content=\"summary_large_image\" \/>\n<script type=\"application\/ld+json\" class=\"yoast-schema-graph\">{\"@context\":\"https:\\\/\\\/schema.org\",\"@graph\":[{\"@type\":\"WebPage\",\"@id\":\"https:\\\/\\\/syllunanew.sitework.link\\\/de\\\/produktinformationen\\\/\",\"url\":\"https:\\\/\\\/syllunanew.sitework.link\\\/de\\\/produktinformationen\\\/\",\"name\":\"Informationen zum Produkt | Sylluna\",\"isPartOf\":{\"@id\":\"https:\\\/\\\/syllunanew.sitework.link\\\/de\\\/#website\"},\"datePublished\":\"2025-07-02T14:34:29+00:00\",\"dateModified\":\"2026-02-11T13:45:36+00:00\",\"breadcrumb\":{\"@id\":\"https:\\\/\\\/syllunanew.sitework.link\\\/de\\\/produktinformationen\\\/#breadcrumb\"},\"inLanguage\":\"de\",\"potentialAction\":[{\"@type\":\"ReadAction\",\"target\":[\"https:\\\/\\\/syllunanew.sitework.link\\\/de\\\/produktinformationen\\\/\"]}]},{\"@type\":\"BreadcrumbList\",\"@id\":\"https:\\\/\\\/syllunanew.sitework.link\\\/de\\\/produktinformationen\\\/#breadcrumb\",\"itemListElement\":[{\"@type\":\"ListItem\",\"position\":1,\"name\":\"Home\",\"item\":\"https:\\\/\\\/syllunanew.sitework.link\\\/de\\\/\"},{\"@type\":\"ListItem\",\"position\":2,\"name\":\"Informationen zum Produkt\"}]},{\"@type\":\"WebSite\",\"@id\":\"https:\\\/\\\/syllunanew.sitework.link\\\/de\\\/#website\",\"url\":\"https:\\\/\\\/syllunanew.sitework.link\\\/de\\\/\",\"name\":\"Sylluna | Magische Producten van Eigen Ontwerp\",\"description\":\"Uniek. Magisch. Met betekenis.\",\"publisher\":{\"@id\":\"https:\\\/\\\/syllunanew.sitework.link\\\/de\\\/#organization\"},\"alternateName\":\"Sylluna\",\"potentialAction\":[{\"@type\":\"SearchAction\",\"target\":{\"@type\":\"EntryPoint\",\"urlTemplate\":\"https:\\\/\\\/syllunanew.sitework.link\\\/de\\\/?s={search_term_string}\"},\"query-input\":{\"@type\":\"PropertyValueSpecification\",\"valueRequired\":true,\"valueName\":\"search_term_string\"}}],\"inLanguage\":\"de\"},{\"@type\":\"Organization\",\"@id\":\"https:\\\/\\\/syllunanew.sitework.link\\\/de\\\/#organization\",\"name\":\"Sylluna | Magische Producten van Eigen Ontwerp\",\"url\":\"https:\\\/\\\/syllunanew.sitework.link\\\/de\\\/\",\"logo\":{\"@type\":\"ImageObject\",\"inLanguage\":\"de\",\"@id\":\"https:\\\/\\\/syllunanew.sitework.link\\\/de\\\/#\\\/schema\\\/logo\\\/image\\\/\",\"url\":\"https:\\\/\\\/sylluna.com\\\/wp-content\\\/uploads\\\/2025\\\/11\\\/Sylluna_dark-scaled.png\",\"contentUrl\":\"https:\\\/\\\/sylluna.com\\\/wp-content\\\/uploads\\\/2025\\\/11\\\/Sylluna_dark-scaled.png\",\"width\":2500,\"height\":1221,\"caption\":\"Sylluna | Magische Producten van Eigen Ontwerp\"},\"image\":{\"@id\":\"https:\\\/\\\/syllunanew.sitework.link\\\/de\\\/#\\\/schema\\\/logo\\\/image\\\/\"}}]}<\/script>\n<!-- \/ Yoast SEO plugin. -->","yoast_head_json":{"title":"Informationen zum Produkt | Sylluna","robots":{"index":"index","follow":"follow","max-snippet":"max-snippet:-1","max-image-preview":"max-image-preview:large","max-video-preview":"max-video-preview:-1"},"canonical":"https:\/\/syllunanew.sitework.link\/de\/produktinformationen\/","og_locale":"de_DE","og_type":"article","og_title":"Informationen zum Produkt | Sylluna","og_url":"https:\/\/syllunanew.sitework.link\/de\/produktinformationen\/","og_site_name":"Sylluna","article_modified_time":"2026-02-11T13:45:36+00:00","og_image":[{"width":2500,"height":1221,"url":"https:\/\/syllunanew.sitework.link\/wp-content\/uploads\/2025\/11\/Sylluna_dark-scaled.png","type":"image\/png"}],"twitter_card":"summary_large_image","schema":{"@context":"https:\/\/schema.org","@graph":[{"@type":"WebPage","@id":"https:\/\/syllunanew.sitework.link\/de\/produktinformationen\/","url":"https:\/\/syllunanew.sitework.link\/de\/produktinformationen\/","name":"Informationen zum Produkt | Sylluna","isPartOf":{"@id":"https:\/\/syllunanew.sitework.link\/de\/#website"},"datePublished":"2025-07-02T14:34:29+00:00","dateModified":"2026-02-11T13:45:36+00:00","breadcrumb":{"@id":"https:\/\/syllunanew.sitework.link\/de\/produktinformationen\/#breadcrumb"},"inLanguage":"de","potentialAction":[{"@type":"ReadAction","target":["https:\/\/syllunanew.sitework.link\/de\/produktinformationen\/"]}]},{"@type":"BreadcrumbList","@id":"https:\/\/syllunanew.sitework.link\/de\/produktinformationen\/#breadcrumb","itemListElement":[{"@type":"ListItem","position":1,"name":"Home","item":"https:\/\/syllunanew.sitework.link\/de\/"},{"@type":"ListItem","position":2,"name":"Informationen zum Produkt"}]},{"@type":"WebSite","@id":"https:\/\/syllunanew.sitework.link\/de\/#website","url":"https:\/\/syllunanew.sitework.link\/de\/","name":"Sylluna | Magische Producten van Eigen Ontwerp","description":"Uniek. Magisch. Met betekenis.","publisher":{"@id":"https:\/\/syllunanew.sitework.link\/de\/#organization"},"alternateName":"Sylluna","potentialAction":[{"@type":"SearchAction","target":{"@type":"EntryPoint","urlTemplate":"https:\/\/syllunanew.sitework.link\/de\/?s={search_term_string}"},"query-input":{"@type":"PropertyValueSpecification","valueRequired":true,"valueName":"search_term_string"}}],"inLanguage":"de"},{"@type":"Organization","@id":"https:\/\/syllunanew.sitework.link\/de\/#organization","name":"Sylluna | Magische Producten van Eigen Ontwerp","url":"https:\/\/syllunanew.sitework.link\/de\/","logo":{"@type":"ImageObject","inLanguage":"de","@id":"https:\/\/syllunanew.sitework.link\/de\/#\/schema\/logo\/image\/","url":"https:\/\/sylluna.com\/wp-content\/uploads\/2025\/11\/Sylluna_dark-scaled.png","contentUrl":"https:\/\/sylluna.com\/wp-content\/uploads\/2025\/11\/Sylluna_dark-scaled.png","width":2500,"height":1221,"caption":"Sylluna | Magische Producten van Eigen Ontwerp"},"image":{"@id":"https:\/\/syllunanew.sitework.link\/de\/#\/schema\/logo\/image\/"}}]}},"_links":{"self":[{"href":"https:\/\/syllunanew.sitework.link\/de\/wp-json\/wp\/v2\/pages\/3423","targetHints":{"allow":["GET"]}}],"collection":[{"href":"https:\/\/syllunanew.sitework.link\/de\/wp-json\/wp\/v2\/pages"}],"about":[{"href":"https:\/\/syllunanew.sitework.link\/de\/wp-json\/wp\/v2\/types\/page"}],"author":[{"embeddable":true,"href":"https:\/\/syllunanew.sitework.link\/de\/wp-json\/wp\/v2\/users\/1"}],"replies":[{"embeddable":true,"href":"https:\/\/syllunanew.sitework.link\/de\/wp-json\/wp\/v2\/comments?post=3423"}],"version-history":[{"count":2,"href":"https:\/\/syllunanew.sitework.link\/de\/wp-json\/wp\/v2\/pages\/3423\/revisions"}],"predecessor-version":[{"id":46106,"href":"https:\/\/syllunanew.sitework.link\/de\/wp-json\/wp\/v2\/pages\/3423\/revisions\/46106"}],"wp:attachment":[{"href":"https:\/\/syllunanew.sitework.link\/de\/wp-json\/wp\/v2\/media?parent=3423"}],"wp:term":[{"taxonomy":"category","embeddable":true,"href":"https:\/\/syllunanew.sitework.link\/de\/wp-json\/wp\/v2\/categories?post=3423"}],"curies":[{"name":"wp","href":"https:\/\/api.w.org\/{rel}","templated":true}]}}